{"id":2391,"date":"2020-12-22T13:49:33","date_gmt":"2020-12-22T19:49:33","guid":{"rendered":"https:\/\/home.agrian.com\/empresa\/blog\/"},"modified":"2020-12-22T13:49:35","modified_gmt":"2020-12-22T19:49:35","slug":"blog","status":"publish","type":"page","link":"https:\/\/home.agrian.com\/pt-br\/company\/blog\/","title":{"rendered":"Blog"},"content":{"rendered":"[vc_row remove_bottom_col_margin=&#8221;true&#8221; css=&#8221;.vc_custom_1600714372989{margin-bottom: 45px !important;}&#8221;][vc_column]<div class=\"vcex-shortcode wpex-clr\"><div class=\"vc_row wpb_row vc_row-fluid featured-post vc_row-o-content-middle vc_row-flex wpex-vc_row-has-fill wpex-vc-reset-negative-margin\"><div class=\"wpb_column vc_column_container vc_col-sm-7 featured-image\"><a href=\"https:\/\/home.agrian.com\/pt-br\/?post_type=post&p=6767\" target=\"_self\"><img loading=\"lazy\" decoding=\"async\" width=\"2560\" height=\"1920\" src=\"https:\/\/home.agrian.com\/wp-content\/uploads\/2022\/05\/20220406_141043-scaled.jpg\" class=\"attachment-post-thumbnail size-post-thumbnail wp-post-image\" alt=\"\" srcset=\"https:\/\/home.agrian.com\/wp-content\/uploads\/2022\/05\/20220406_141043-scaled.jpg 2560w, https:\/\/home.agrian.com\/wp-content\/uploads\/2022\/05\/20220406_141043-300x225.jpg 300w, https:\/\/home.agrian.com\/wp-content\/uploads\/2022\/05\/20220406_141043-1024x768.jpg 1024w, https:\/\/home.agrian.com\/wp-content\/uploads\/2022\/05\/20220406_141043-768x576.jpg 768w, https:\/\/home.agrian.com\/wp-content\/uploads\/2022\/05\/20220406_141043-1536x1152.jpg 1536w, https:\/\/home.agrian.com\/wp-content\/uploads\/2022\/05\/20220406_141043-2048x1536.jpg 2048w\" sizes=\"(max-width: 2560px) 100vw, 2560px\" \/><\/a><\/div><div class=\"wpb_column vc_column_container vc_col-sm-12 featured-content\"><div class=\"vc_column-inner\"><div class=\"wpb_wrapper\"><a href=\"https:\/\/home.agrian.com\/pt-br\/?post_type=post&p=6767\" target=\"_self\"><div class=\"vc_row wpb_row vc_inner vc_row-fluid\"><div class=\"wpb_column vc_column_container vc_col-sm-7 vc_col-sm-offset-5 typography-white featured-banner\"><h4>Featured Post:<\/h4><h2>Fueling the Future with Agrian in the Classroom<\/h2><\/div><\/div><\/a><div class=\"vc_row wpb_row vc_inner vc_row-fluid\"><div class=\"wpb_column vc_column_container vc_col-sm-5 vc_col-sm-offset-7 featured-more\"><div class=\"wpb_text_column wpb_content_element\"><div class=\"wpb_wrapper\">Fueling the Future with Agrian in the Classroom Inspiring and equipping the next generation of agriculturalists is fundamental to the missions of both Agrian and TELUS Agriculture. Supporting sustainable practices begins at the educational level, and the Agrian in the&hellip;<\/div><\/div><\/div><\/div><\/div><\/div><\/div><\/div><\/div>[\/vc_column][\/vc_row][vc_row remove_bottom_col_margin=&#8221;true&#8221;][vc_column]<div class=\"vcex-spacing wpex-w-100 wpex-clear\" style=\"height:40px\"><\/div>[vc_column_text]\n<h3>Mantenha-se atualizado com as tend\u00eancias e os t\u00f3picos relevantes no cen\u00e1rio atual da ind\u00fastria.<\/h3>\n<p>Por qu\u00ea? Porque novas perspectivas podem ser o que voc\u00ea precisa para criar uma mudan\u00e7a real em seu neg\u00f3cio.[\/vc_column_text]<div class=\"vcex-spacing wpex-w-100 wpex-clear\" style=\"height:40px\"><\/div><div class=\"vcex-shortcode wpex-clr\"><div class=\"agcategories\"><a href=\"\/company\/blog\/all\/\" class=\"vcex-button theme-button inline small-button reverse-button animate-on-hover\"><span class=\"theme-button-inner\">View All<\/span><\/a><\/div><\/div>[\/vc_column][\/vc_row][vc_row content_placement=&#8221;middle&#8221; column_spacing=&#8221;0px&#8221; remove_bottom_col_margin=&#8221;true&#8221; css=&#8221;.vc_custom_1600958271388{padding-top: 40px !important;padding-bottom: 40px !important;}&#8221;][vc_column width=&#8221;2\/3&#8243;]<div class=\"wpex-post-cards wpex-post-cards-my-cards_1\"><div class=\"wpex-post-cards-grid wpex-row wpex-clr gap-60\"><div class=\"wpex-post-cards-entry post-6894 type-post col col-1 span_1_of_2 cat-120 translation_priority-123\"><div class=\"wpex-card-my-cards_1\"><div class=\"wpex-card-details wpex-flex wpex-flex-wrap wpex-justify-between agstorycard\"><div class=\"cardbg\" style=\"background-image:url(https:\/\/home.agrian.com\/wp-content\/uploads\/2023\/07\/20190702_TELUS_Agriculture_Lifestyle_8508.jpg)\"><div class=\"wpex-card-excerpt wpex-last-mb-0\"><p>Empowering agronomists: How digital platforms enhance decision-making through real-time crop scouting In the dynamic realm of modern agriculture, agronomists play&hellip;<\/p><\/div><\/div><div class=\"wpex-card-date\">07.13.23<\/div><div class=\"vc_clearfix\"><\/div><div class=\"cardtitle\"><h2><a href=\"https:\/\/home.agrian.com\/pt-br\/2023\/07\/empowering-agronomists-how-digital-platforms-enhance-decision-making-through-real-time-crop-scouting\/\" class=\"stretched-link\">Empowering agronomists: How digital platforms enhance decision-making through real-time crop scouting<\/a><\/h2><\/div><\/div><\/div><\/div><div class=\"wpex-post-cards-entry post-6868 type-post col col-2 span_1_of_2 cat-120 translation_priority-123\"><div class=\"wpex-card-my-cards_1\"><div class=\"wpex-card-details wpex-flex wpex-flex-wrap wpex-justify-between agstorycard\"><div class=\"cardbg\" style=\"background-image:url(https:\/\/home.agrian.com\/wp-content\/uploads\/2023\/02\/20190702_TELUS_Agriculture_Lifestyle_8139.jpg)\"><div class=\"wpex-card-excerpt wpex-last-mb-0\"><p>Introducing our newest integration with Dispatch Pro As an agronomist, writing strong, data-driven recommendations is your bread and butter. Identifying&hellip;<\/p><\/div><\/div><div class=\"wpex-card-date\">02.23.23<\/div><div class=\"vc_clearfix\"><\/div><div class=\"cardtitle\"><h2><a href=\"https:\/\/home.agrian.com\/pt-br\/2023\/02\/introducing-our-newest-integration-with-dispatch-pro\/\" class=\"stretched-link\">Introducing our newest integration with Dispatch Pro<\/a><\/h2><\/div><\/div><\/div><\/div><\/div><\/div>[\/vc_column][vc_column width=&#8221;1\/3&#8243; css=&#8221;.vc_custom_1594060673005{border-top-width: 4px !important;border-right-width: 4px !important;border-bottom-width: 4px !important;border-left-width: 4px !important;padding-top: 20px !important;padding-right: 20px !important;padding-bottom: 20px !important;padding-left: 20px !important;border-left-color: #65869c !important;border-left-style: solid !important;border-right-color: #65869c !important;border-right-style: solid !important;border-top-color: #65869c !important;border-top-style: solid !important;border-bottom-color: #65869c !important;border-bottom-style: solid !important;}&#8221; el_class=&#8221;more-blogs&#8221;][vc_column_text text_align=&#8221;center&#8221; css=&#8221;.vc_custom_1600113777460{margin-bottom: 20px !important;}&#8221; el_class=&#8221;blue-header&#8221;]\n<h3>Quero receber por e-mail<br \/>\nnovas postagens do Blog<\/h3>\n[\/vc_column_text]<div class=\"textcenter theme-button-wrap wpex-clr\"><a href=\"#enewssignup\" class=\"vcex-button theme-button align-center inline reverse-button wpex-lightbox\" data-show_title=\"false\"><span class=\"theme-button-inner\">Fique por dentro<\/span><\/a><\/div> [\/vc_column][\/vc_row][vc_row][vc_column]<div class=\"wpex-post-cards wpex-post-cards-my-cards_1\"><div class=\"wpex-post-cards-grid wpex-row wpex-clr gap-60\"><div class=\"wpex-post-cards-entry post-6830 type-post col col-1 span_1_of_3 cat-120 translation_priority-123\"><div class=\"wpex-card-my-cards_1\"><div class=\"wpex-card-details wpex-flex wpex-flex-wrap wpex-justify-between agstorycard\"><div class=\"cardbg\" style=\"background-image:url(https:\/\/home.agrian.com\/wp-content\/uploads\/2023\/01\/iStock-1317777715-scaled.jpg)\"><div class=\"wpex-card-excerpt wpex-last-mb-0\"><p>Webinar recap: Digitizing grower and supplier management The agri-food industry is faced each day with the growing challenge of producing&hellip;<\/p><\/div><\/div><div class=\"wpex-card-date\">01.23.23<\/div><div class=\"vc_clearfix\"><\/div><div class=\"cardtitle\"><h2><a href=\"https:\/\/home.agrian.com\/pt-br\/2023\/01\/webinar-recap-digitizing-grower-and-supplier-management\/\" class=\"stretched-link\">Webinar recap: Digitizing grower and supplier management<\/a><\/h2><\/div><\/div><\/div><\/div><div class=\"wpex-post-cards-entry post-6811 type-post col col-2 span_1_of_3 cat-214 cat-348 translation_priority-123\"><div class=\"wpex-card-my-cards_1\"><div class=\"wpex-card-details wpex-flex wpex-flex-wrap wpex-justify-between agstorycard\"><div class=\"cardbg\" style=\"background-image:url(https:\/\/home.agrian.com\/wp-content\/uploads\/2020\/09\/Retailer-Perspective.png)\"><div class=\"wpex-card-excerpt wpex-last-mb-0\"><p>When your business is powered by the relationships that you are able to build and maintain, there is a newfound&hellip;<\/p><\/div><\/div><div class=\"wpex-card-date\">09.02.22<\/div><div class=\"vc_clearfix\"><\/div><div class=\"cardtitle\"><h2><a href=\"https:\/\/home.agrian.com\/pt-br\/2022\/09\/customer-spotlight-a-retailerss-perspective\/\" class=\"stretched-link\">Customer Spotlight: A Retailer&#8217;s Perspective<\/a><\/h2><\/div><\/div><\/div><\/div><div class=\"wpex-post-cards-entry post-6767 type-post col col-3 span_1_of_3 cat-158 translation_priority-123\"><div class=\"wpex-card-my-cards_1\"><div class=\"wpex-card-details wpex-flex wpex-flex-wrap wpex-justify-between agstorycard\"><div class=\"cardbg\" style=\"background-image:url(https:\/\/home.agrian.com\/wp-content\/uploads\/2022\/05\/20220406_141043-scaled.jpg)\"><div class=\"wpex-card-excerpt wpex-last-mb-0\"><p>Fueling the Future with Agrian in the Classroom Inspiring and equipping the next generation of agriculturalists is fundamental to the&hellip;<\/p><\/div><\/div><div class=\"wpex-card-date\">06.01.22<\/div><div class=\"vc_clearfix\"><\/div><div class=\"cardtitle\"><h2><a href=\"https:\/\/home.agrian.com\/pt-br\/2022\/06\/fueling-the-future-with-agrian-in-the-classroom\/\" class=\"stretched-link\">Fueling the Future with Agrian in the Classroom<\/a><\/h2><\/div><\/div><\/div><\/div><\/div><\/div><a href=\"\/company\/blog\/all\/\" class=\"vcex-button theme-button align-right inline small-button\"><span class=\"theme-button-inner\">Ver todas<\/span><\/a> [\/vc_column][\/vc_row]\n","protected":false},"excerpt":{"rendered":"<p>[vc_row remove_bottom_col_margin=&#8221;true&#8221; css=&#8221;.vc_custom_1600714372989{margin-bottom: 45px !important;}&#8221;][vc_column][\/vc_column][\/vc_row][vc_row remove_bottom_col_margin=&#8221;true&#8221;][vc_column][vc_column_text] Mantenha-se atualizado com as tend\u00eancias e os t\u00f3picos relevantes no cen\u00e1rio atual da ind\u00fastria. Por qu\u00ea? Porque novas perspectivas podem ser o que voc\u00ea precisa para criar uma mudan\u00e7a real em seu neg\u00f3cio.[\/vc_column_text][\/vc_column][\/vc_row][vc_row content_placement=&#8221;middle&#8221;&hellip;<\/p>\n","protected":false},"author":7,"featured_media":0,"parent":2183,"menu_order":0,"comment_status":"closed","ping_status":"closed","template":"","meta":{"footnotes":""},"yoast_head":"<!-- This site is optimized with the Yoast SEO plugin v15.6.2 - https:\/\/yoast.com\/wordpress\/plugins\/seo\/ -->\n<title>Blog - TELUS Agronomy<\/title>\n<meta name=\"robots\" content=\"index, follow, max-snippet:-1, max-image-preview:large, max-video-preview:-1\" \/>\n<link rel=\"canonical\" href=\"https:\/\/home.agrian.com\/pt-br\/company\/blog\/\" \/>\n<meta property=\"og:locale\" content=\"pt_BR\" \/>\n<meta property=\"og:type\" content=\"article\" \/>\n<meta property=\"og:title\" content=\"Blog - TELUS Agronomy\" \/>\n<meta property=\"og:description\" content=\"[vc_row remove_bottom_col_margin=&#8221;true&#8221; css=&#8221;.vc_custom_1600714372989{margin-bottom: 45px !important;}&#8221;][vc_column][\/vc_column][\/vc_row][vc_row remove_bottom_col_margin=&#8221;true&#8221;][vc_column][vc_column_text] Mantenha-se atualizado com as tend\u00eancias e os t\u00f3picos relevantes no cen\u00e1rio atual da ind\u00fastria. Por qu\u00ea? Porque novas perspectivas podem ser o que voc\u00ea precisa para criar uma mudan\u00e7a real em seu neg\u00f3cio.[\/vc_column_text][\/vc_column][\/vc_row][vc_row content_placement=&#8221;middle&#8221;&hellip;\" \/>\n<meta property=\"og:url\" content=\"https:\/\/home.agrian.com\/pt-br\/company\/blog\/\" \/>\n<meta property=\"og:site_name\" content=\"TELUS Agronomy\" \/>\n<meta property=\"article:modified_time\" content=\"2020-12-22T19:49:35+00:00\" \/>\n<meta name=\"twitter:card\" content=\"summary\" \/>\n<meta name=\"twitter:label1\" content=\"Est. reading time\">\n\t<meta name=\"twitter:data1\" content=\"1 minuto\">\n<script type=\"application\/ld+json\" class=\"yoast-schema-graph\">{\"@context\":\"https:\/\/schema.org\",\"@graph\":[{\"@type\":\"WebSite\",\"@id\":\"http:\/\/home.agrian.com\/#website\",\"url\":\"http:\/\/home.agrian.com\/\",\"name\":\"TELUS Agronomy\",\"description\":\"\",\"potentialAction\":[{\"@type\":\"SearchAction\",\"target\":\"http:\/\/home.agrian.com\/?s={search_term_string}\",\"query-input\":\"required name=search_term_string\"}],\"inLanguage\":\"pt-BR\"},{\"@type\":\"WebPage\",\"@id\":\"https:\/\/home.agrian.com\/pt-br\/company\/blog\/#webpage\",\"url\":\"https:\/\/home.agrian.com\/pt-br\/company\/blog\/\",\"name\":\"Blog - TELUS Agronomy\",\"isPartOf\":{\"@id\":\"http:\/\/home.agrian.com\/#website\"},\"datePublished\":\"2020-12-22T19:49:33+00:00\",\"dateModified\":\"2020-12-22T19:49:35+00:00\",\"breadcrumb\":{\"@id\":\"https:\/\/home.agrian.com\/pt-br\/company\/blog\/#breadcrumb\"},\"inLanguage\":\"pt-BR\",\"potentialAction\":[{\"@type\":\"ReadAction\",\"target\":[\"https:\/\/home.agrian.com\/pt-br\/company\/blog\/\"]}]},{\"@type\":\"BreadcrumbList\",\"@id\":\"https:\/\/home.agrian.com\/pt-br\/company\/blog\/#breadcrumb\",\"itemListElement\":[{\"@type\":\"ListItem\",\"position\":1,\"item\":{\"@type\":\"WebPage\",\"@id\":\"https:\/\/home.agrian.com\/pt-br\/company\/\",\"url\":\"https:\/\/home.agrian.com\/pt-br\/company\/\",\"name\":\"Empresa\"}},{\"@type\":\"ListItem\",\"position\":2,\"item\":{\"@type\":\"WebPage\",\"@id\":\"https:\/\/home.agrian.com\/pt-br\/company\/blog\/\",\"url\":\"https:\/\/home.agrian.com\/pt-br\/company\/blog\/\",\"name\":\"Blog\"}}]}]}<\/script>\n<!-- \/ Yoast SEO plugin. -->","_links":{"self":[{"href":"https:\/\/home.agrian.com\/pt-br\/wp-json\/wp\/v2\/pages\/2391"}],"collection":[{"href":"https:\/\/home.agrian.com\/pt-br\/wp-json\/wp\/v2\/pages"}],"about":[{"href":"https:\/\/home.agrian.com\/pt-br\/wp-json\/wp\/v2\/types\/page"}],"author":[{"embeddable":true,"href":"https:\/\/home.agrian.com\/pt-br\/wp-json\/wp\/v2\/users\/7"}],"replies":[{"embeddable":true,"href":"https:\/\/home.agrian.com\/pt-br\/wp-json\/wp\/v2\/comments?post=2391"}],"version-history":[{"count":2,"href":"https:\/\/home.agrian.com\/pt-br\/wp-json\/wp\/v2\/pages\/2391\/revisions"}],"predecessor-version":[{"id":2393,"href":"https:\/\/home.agrian.com\/pt-br\/wp-json\/wp\/v2\/pages\/2391\/revisions\/2393"}],"up":[{"embeddable":true,"href":"https:\/\/home.agrian.com\/pt-br\/wp-json\/wp\/v2\/pages\/2183"}],"wp:attachment":[{"href":"https:\/\/home.agrian.com\/pt-br\/wp-json\/wp\/v2\/media?parent=2391"}],"curies":[{"name":"wp","href":"https:\/\/api.w.org\/{rel}","templated":true}]}}