{"id":2150,"date":"2020-12-22T13:46:57","date_gmt":"2020-12-22T19:46:57","guid":{"rendered":"https:\/\/home.agrian.com\/aplicativo-movel\/"},"modified":"2021-03-23T16:52:32","modified_gmt":"2021-03-23T21:52:32","slug":"mobile-app","status":"publish","type":"page","link":"https:\/\/home.agrian.com\/pt-br\/mobile-app\/","title":{"rendered":"Aplicativo M\u00f3vel"},"content":{"rendered":"[vc_row visibility=&#8221;hidden-phone&#8221;][vc_column][\/vc_column][\/vc_row][vc_row css=&#8221;.vc_custom_1600268844872{margin-top: 40px !important;margin-bottom: 30px !important;}&#8221;][vc_column width=&#8221;1\/3&#8243;]<figure class=\"vcex-image vcex-module wpex-clr textright hidden-phone text-sm-center\"><div class=\"vcex-image-inner wpex-inline-block wpex-relative\" style=\"max-width:200px;\"><img decoding=\"async\" loading=\"lazy\" class=\"wpex-w-100 wpex-align-middle\" src=\"https:\/\/home.agrian.com\/wp-content\/uploads\/2020\/08\/Group-225@2x-2.png\" alt=\"\" width=\"401\" height=\"787\" \/><\/div><\/figure><figure class=\"vcex-image vcex-module wpex-clr textright visible-phone text-sm-center\"><div class=\"vcex-image-inner wpex-inline-block wpex-relative\" style=\"max-width:125px;\"><img decoding=\"async\" loading=\"lazy\" class=\"wpex-w-100 wpex-align-middle\" src=\"https:\/\/home.agrian.com\/wp-content\/uploads\/2020\/08\/Group-225@2x-2.png\" alt=\"\" width=\"401\" height=\"787\" \/><\/div><\/figure>[\/vc_column][vc_column width=&#8221;7\/12&#8243; offset=&#8221;vc_col-sm-offset-1&#8243;][vc_row_inner remove_bottom_col_margin=&#8221;true&#8221; css=&#8221;.vc_custom_1598032848727{margin-bottom: 10px !important;}&#8221;][vc_column_inner width=&#8221;3\/4&#8243;][vc_column_text]\n<h4>Agrian Mobile<\/h4>\n<h2>Com nosso <strong>App Gratuito<\/strong> voc\u00ea pode:<\/h2>\n[\/vc_column_text][\/vc_column_inner][\/vc_row_inner][vc_column_text css=&#8221;.vc_custom_1598032960798{margin-bottom: 15px !important;}&#8221;]\n<ul>\n<li>Buscar produtos em nossa base de dados com mais de 12.000 bulas indenizadas<\/li>\n<li>Visualizar bulas de produtos com um \u00fanico clique<\/li>\n<li>Acessar bulas de fabricantes, fichas de informa\u00e7\u00e3o de seguran\u00e7a e outras documenta\u00e7\u00f5es<\/li>\n<li>Buscar e compartilhar recomenda\u00e7\u00f5es, usar relat\u00f3rios e outros tipos de registros<\/li>\n<li>Guardar e organizar produtos e registros para acesso offline<\/li>\n<li>E muito mais!<\/li>\n<\/ul>\n[\/vc_column_text][vc_row_inner remove_bottom_col_margin=&#8221;true&#8221;][vc_column_inner el_class=&#8221;inline-images text-sm-center&#8221;]<figure class=\"vcex-image vcex-module wpex-clr\"><div class=\"vcex-image-inner wpex-inline-block wpex-relative\" style=\"max-width:134px;\"><a href=\"https:\/\/apps.apple.com\/us\/app\/agrian-mobile\/id409704374\" rel=\"noopener noreferrer\" target=\"_blank\"><img decoding=\"async\" loading=\"lazy\" class=\"wpex-w-100 wpex-align-middle\" src=\"https:\/\/home.agrian.com\/wp-content\/uploads\/2020\/08\/google-play-app-store-mobile-phones-google@2x.jpg\" alt=\"\" width=\"268\" height=\"79\" \/><\/a><\/div><\/figure><figure class=\"vcex-image vcex-module wpex-clr\"><div class=\"vcex-image-inner wpex-inline-block wpex-relative\" style=\"max-width:134px;\"><a href=\"https:\/\/play.google.com\/store\/apps\/details?id=com.agrian.AgrianMobile\" rel=\"noopener noreferrer\" target=\"_blank\"><img decoding=\"async\" loading=\"lazy\" class=\"wpex-w-100 wpex-align-middle\" src=\"https:\/\/home.agrian.com\/wp-content\/uploads\/2020\/08\/2google-play-app-store-mobile-phones-google@2x.jpg\" alt=\"\" width=\"268\" height=\"79\" \/><\/a><\/div><\/figure>[\/vc_column_inner][\/vc_row_inner][\/vc_column][\/vc_row][vc_section css=&#8221;.vc_custom_1598033256192{border-top-width: 1px !important;padding-top: 70px !important;border-top-color: #707070 !important;border-top-style: solid !important;}&#8221;][vc_row columns_right=&#8221;yes&#8221; css=&#8221;.vc_custom_1598034179416{margin-bottom: 20px !important;}&#8221;][vc_column width=&#8221;1\/2&#8243;]<figure class=\"vcex-image vcex-module wpex-clr textcenter\"><div class=\"vcex-image-inner wpex-inline-block wpex-relative\"><img decoding=\"async\" loading=\"lazy\" class=\"wpex-w-100 wpex-align-middle\" src=\"https:\/\/home.agrian.com\/wp-content\/uploads\/2020\/09\/Vern_Grower_Vineyard@2x.jpg\" alt=\"\" width=\"962\" height=\"630\" \/><\/div><\/figure>[\/vc_column][vc_column width=&#8221;1\/2&#8243;][vc_column_text css=&#8221;.vc_custom_1598033672624{margin-bottom: 16px !important;}&#8221;]\n<h4>Agrian NextGen Mobile<\/h4>\n<h2>Vamos <strong>aonde voc\u00ea vai. <\/strong><\/h2>\n<h3>Inscreva-se e tenha acesso a recursos poderosos na palma da sua m\u00e3o.<\/h3>\n[\/vc_column_text][vc_column_text css=&#8221;.vc_custom_1598033724733{margin-bottom: 20px !important;}&#8221;]Em um mundo veloz, voc\u00ea precisa sempre ter acesso a informa\u00e7\u00f5es para tomar decis\u00f5es em tempo real. E para isso voc\u00ea precisa das ferramentas certas.<\/p>\n<p>Para saber mais sobre como come\u00e7ar a usar o Agrian NextGen Mobile, escreva um e-mail para seu representante de sucesso do cliente: <a href=\"mailto:cs@agrian.com\">cs@agrian.com<\/a> ou <a href=\"mailto:sales@agrian.com\">sales@agrian.com<\/a>.[\/vc_column_text]<figure class=\"vcex-image vcex-module wpex-clr\"><div class=\"vcex-image-inner wpex-inline-block wpex-relative\" style=\"max-width:134px;\"><a href=\"https:\/\/apps.apple.com\/us\/app\/agrian\/id1003507680\" rel=\"noopener noreferrer\" target=\"_blank\"><img decoding=\"async\" loading=\"lazy\" class=\"wpex-w-100 wpex-align-middle\" src=\"https:\/\/home.agrian.com\/wp-content\/uploads\/2020\/08\/google-play-app-store-mobile-phones-google@2x.jpg\" alt=\"\" width=\"268\" height=\"79\" \/><\/a><\/div><\/figure>[\/vc_column][\/vc_row][vc_row content_placement=&#8221;middle&#8221; remove_bottom_col_margin=&#8221;true&#8221; css=&#8221;.vc_custom_1598034124859{margin-bottom: 20px !important;}&#8221;][vc_column width=&#8221;1\/3&#8243;]<figure class=\"vcex-image vcex-module wpex-clr circle-image\"><div class=\"vcex-image-inner wpex-inline-block wpex-relative\"><img decoding=\"async\" loading=\"lazy\" class=\"wpex-w-100 wpex-align-middle\" src=\"https:\/\/home.agrian.com\/wp-content\/uploads\/2020\/08\/Mask-Group-9@2x.png\" alt=\"\" width=\"634\" height=\"634\" \/><\/div><\/figure><div class=\"vcex-spacing wpex-w-100 wpex-clear visible-phone\" style=\"height:20px\"><\/div>[\/vc_column][vc_column width=&#8221;7\/12&#8243; offset=&#8221;vc_col-sm-offset-1&#8243;][vc_column_text css=&#8221;.vc_custom_1598034035024{margin-bottom: 30px !important;}&#8221;]\n<h3>Monitoramento &amp;\u00a0 armadilhas<\/h3>\n[\/vc_column_text][vc_column_text]Reconheceu a presen\u00e7a de uma praga? Insira o tipo, o n\u00famero observado, a porcentagem da colheita afetada, o grau de severidade, quaisquer a\u00e7\u00f5es necess\u00e1rias, outras notas desejadas, ou at\u00e9 mesmo envie fotos. Tudo isso pode ser visto em \u00edcones f\u00e1ceis de reconhecer, diretamente em seu painel de atividades e dispon\u00edvel para voc\u00ea, seu cliente e outros membros escolhidos da sua equipe.[\/vc_column_text]<div class=\"vcex-spacing wpex-w-100 wpex-clear visible-phone\" style=\"height:20px\"><\/div>[\/vc_column][\/vc_row][vc_row content_placement=&#8221;middle&#8221; remove_bottom_col_margin=&#8221;true&#8221; columns_right=&#8221;yes&#8221; css=&#8221;.vc_custom_1598034137535{margin-bottom: 20px !important;}&#8221;][vc_column width=&#8221;1\/3&#8243; offset=&#8221;vc_col-sm-offset-1&#8243;]<figure class=\"vcex-image vcex-module wpex-clr circle-image\"><div class=\"vcex-image-inner wpex-inline-block wpex-relative\"><img decoding=\"async\" loading=\"lazy\" class=\"wpex-w-100 wpex-align-middle\" src=\"https:\/\/home.agrian.com\/wp-content\/uploads\/2020\/08\/Mask-Group-10@2x.png\" alt=\"\" width=\"634\" height=\"634\" \/><\/div><\/figure><div class=\"vcex-spacing wpex-w-100 wpex-clear visible-phone\" style=\"height:20px\"><\/div>[\/vc_column][vc_column width=&#8221;7\/12&#8243; offset=&#8221;vc_col-sm-offset-0&#8243;][vc_column_text css=&#8221;.vc_custom_1598034257631{margin-bottom: 30px !important;}&#8221;]\n<h3>Imagens<\/h3>\n[\/vc_column_text][vc_column_text]Agrian oferece imagens para que voc\u00ea tenha a seu alcance uma vista a\u00e9rea e de anos anteriores. Imagens podem ser usadas para criar zonas alvo para monitoramento de pragas, zonas de gerenciamento e eventos alvo.[\/vc_column_text]<div class=\"vcex-spacing wpex-w-100 wpex-clear visible-phone\" style=\"height:20px\"><\/div>[\/vc_column][\/vc_row][vc_row content_placement=&#8221;middle&#8221; remove_bottom_col_margin=&#8221;true&#8221; css=&#8221;.vc_custom_1598034124859{margin-bottom: 20px !important;}&#8221;][vc_column width=&#8221;1\/3&#8243;]<figure class=\"vcex-image vcex-module wpex-clr circle-image\"><div class=\"vcex-image-inner wpex-inline-block wpex-relative\"><img decoding=\"async\" loading=\"lazy\" class=\"wpex-w-100 wpex-align-middle\" src=\"https:\/\/home.agrian.com\/wp-content\/uploads\/2020\/08\/Mask-Group-11@2x.png\" alt=\"\" width=\"634\" height=\"634\" \/><\/div><\/figure><div class=\"vcex-spacing wpex-w-100 wpex-clear visible-phone\" style=\"height:20px\"><\/div>[\/vc_column][vc_column width=&#8221;7\/12&#8243; offset=&#8221;vc_col-sm-offset-1&#8243;][vc_column_text css=&#8221;.vc_custom_1598034371686{margin-bottom: 30px !important;}&#8221;]\n<h3>Solo &amp; Amostras de tecido<\/h3>\n[\/vc_column_text][vc_column_text]Colete amostras de solo, tecidos e nematoides de maneira f\u00e1cil no painel de atividades, vinculado por GPS \u00e0 lavoura. \u00c9 preciso apenas deixar pontos no mapa onde amostras foram coletadas e inserir detalhes como a profundidade da coluna e o que voc\u00ea deseja descobrir com a an\u00e1lise. Acesse a grade no seu iPad no campo, e indique as etiquetas correspondentes para o laborat\u00f3rio.[\/vc_column_text]<div class=\"vcex-spacing wpex-w-100 wpex-clear visible-phone\" style=\"height:20px\"><\/div>[\/vc_column][\/vc_row][vc_row content_placement=&#8221;middle&#8221; remove_bottom_col_margin=&#8221;true&#8221; columns_right=&#8221;yes&#8221; css=&#8221;.vc_custom_1598034137535{margin-bottom: 20px !important;}&#8221;][vc_column width=&#8221;1\/3&#8243; offset=&#8221;vc_col-sm-offset-1&#8243;]<figure class=\"vcex-image vcex-module wpex-clr circle-image\"><div class=\"vcex-image-inner wpex-inline-block wpex-relative\"><img decoding=\"async\" loading=\"lazy\" class=\"wpex-w-100 wpex-align-middle\" src=\"https:\/\/home.agrian.com\/wp-content\/uploads\/2020\/08\/Mask-Group-12@2x.png\" alt=\"\" width=\"634\" height=\"634\" \/><\/div><\/figure><div class=\"vcex-spacing wpex-w-100 wpex-clear visible-phone\" style=\"height:20px\"><\/div>[\/vc_column][vc_column width=&#8221;7\/12&#8243; offset=&#8221;vc_col-sm-offset-0&#8243;][vc_column_text css=&#8221;.vc_custom_1598034406884{margin-bottom: 30px !important;}&#8221;]\n<h3>Criar, mapear e gerenciar<\/h3>\n[\/vc_column_text][vc_column_text]Crie e mapeie na hora com nossa ferramenta de mapeamento. Sua lavoura precisa de monitoramento, mas voc\u00ea est\u00e1 sem tempo para voltar ao escrit\u00f3rio. Mapeie o campo e comece a monitorar imediatamente. Mapeie usando pontos ou por GPS.[\/vc_column_text]<div class=\"vcex-spacing wpex-w-100 wpex-clear visible-phone\" style=\"height:20px\"><\/div>[\/vc_column][\/vc_row][vc_row content_placement=&#8221;middle&#8221; remove_bottom_col_margin=&#8221;true&#8221; css=&#8221;.vc_custom_1598034124859{margin-bottom: 20px !important;}&#8221;][vc_column width=&#8221;1\/3&#8243;]<figure class=\"vcex-image vcex-module wpex-clr circle-image\"><div class=\"vcex-image-inner wpex-inline-block wpex-relative\"><img decoding=\"async\" loading=\"lazy\" class=\"wpex-w-100 wpex-align-middle\" src=\"https:\/\/home.agrian.com\/wp-content\/uploads\/2020\/08\/Mask-Group-13@2x.png\" alt=\"\" width=\"634\" height=\"634\" \/><\/div><\/figure><div class=\"vcex-spacing wpex-w-100 wpex-clear visible-phone\" style=\"height:20px\"><\/div>[\/vc_column][vc_column width=&#8221;7\/12&#8243; offset=&#8221;vc_col-sm-offset-1&#8243;][vc_column_text css=&#8221;.vc_custom_1598034452693{margin-bottom: 30px !important;}&#8221;]\n<h3>Visualize camadas<\/h3>\n[\/vc_column_text][vc_column_text]Visualize imagens de sat\u00e9lite e eventos de campo, como plantio, colheita e dados de aplica\u00e7\u00e3o e Veris. Crie uma camada sobre seu campo como um guia durante o monitoramento de pragas.[\/vc_column_text]<div class=\"vcex-spacing wpex-w-100 wpex-clear visible-phone\" style=\"height:20px\"><\/div>[\/vc_column][\/vc_row][vc_row content_placement=&#8221;middle&#8221; remove_bottom_col_margin=&#8221;true&#8221; columns_right=&#8221;yes&#8221; css=&#8221;.vc_custom_1598034550497{margin-bottom: 90px !important;}&#8221;][vc_column width=&#8221;1\/3&#8243; offset=&#8221;vc_col-sm-offset-1&#8243; el_class=&#8221;interlay-images&#8221;]<figure class=\"vcex-image vcex-module wpex-clr textcenter interlay-image first-overlay placeholder\"><div class=\"vcex-image-inner wpex-inline-block wpex-relative\"><img decoding=\"async\" loading=\"lazy\" class=\"wpex-w-100 wpex-align-middle\" src=\"https:\/\/home.agrian.com\/wp-content\/uploads\/2020\/08\/Group-244.svg\" alt=\"\" \/><\/div><\/figure><figure class=\"vcex-image vcex-module wpex-clr textcenter interlay-image second-overlay\"><div class=\"vcex-image-inner wpex-inline-block wpex-relative\"><img decoding=\"async\" loading=\"lazy\" class=\"wpex-w-100 wpex-align-middle\" src=\"https:\/\/home.agrian.com\/wp-content\/uploads\/2020\/08\/Group-244.svg\" alt=\"\" \/><\/div><\/figure><div class=\"vcex-spacing wpex-w-100 wpex-clear visible-phone\" style=\"height:20px\"><\/div>[\/vc_column][vc_column width=&#8221;7\/12&#8243; offset=&#8221;vc_col-sm-offset-0&#8243;][vc_column_text css=&#8221;.vc_custom_1598034516197{margin-bottom: 30px !important;}&#8221;]\n<h3>Envie dados agron\u00f4micos de m\u00e1quina<\/h3>\n[\/vc_column_text][vc_column_text]Leve todos os seu dados brutos de plantio, aplica\u00e7\u00e3o e colheita diretamente da m\u00e1quina at\u00e9 a plataforma Agrian, onde eles se tornam conhecimento f\u00e1cil de visualizar.[\/vc_column_text]<div class=\"vcex-spacing wpex-w-100 wpex-clear visible-phone\" style=\"height:20px\"><\/div>[\/vc_column][\/vc_row][vc_row css=&#8221;.vc_custom_1598035965489{margin-bottom: 50px !important;}&#8221;][vc_column][vc_column_text text_align=&#8221;center&#8221; font_family=&#8221;adelle&#8221; font_weight=&#8221;semibold&#8221; font_size=&#8221;d:22px|tp:20px&#8221;]Para come\u00e7ar, escreva um e-mail para o seu representante de sucesso do cliente: <a href=\"mailto:cs@agrian.com\">cs@agrian.com<\/a> ou <a href=\"mailto:sales@agrian.com\">sales@agrian.com<\/a>.[\/vc_column_text][\/vc_column][\/vc_row][\/vc_section][vc_row css=&#8221;.vc_custom_1598036584068{margin-bottom: 60px !important;padding-top: 65px !important;padding-bottom: 10px !important;background-color: #f0f0f0 !important;}&#8221;][vc_column width=&#8221;1\/2&#8243; offset=&#8221;vc_col-sm-offset-1&#8243;][vc_column_text color=&#8221;#adadad&#8221; css=&#8221;.vc_custom_1614355829740{margin-bottom: 5px !important;}&#8221; el_class=&#8221;text-sm-center&#8221;]\n<h4>Suporte via telefone<\/h4>\n[\/vc_column_text][vc_column_text color=&#8221;#505257&#8243; el_class=&#8221;text-sm-center&#8221;]\n<h2>D\u00favidas?<br \/>\n<strong>Contate nosso suporte<\/strong><\/h2>\n[\/vc_column_text][\/vc_column][vc_column width=&#8221;5\/12&#8243; el_class=&#8221;text-sm-center&#8221;][vc_column_text font_family=&#8221;adelle&#8221; font_size=&#8221;18px&#8221; font_weight=&#8221;semibold&#8221; css=&#8221;.vc_custom_1600280407376{margin-bottom: 20px !important;}&#8221; el_class=&#8221;text-sm-center&#8221;]Segunda &#8211; Sexta<br \/>\n6h \u00e0s 17h30 (PST)<\/p>\n<p>S\u00e1bado<br \/>\n8h \u00e0s 12h (PST)[\/vc_column_text]<div class=\"theme-button-block-wrap wpex-block wpex-clear theme-button-wrap wpex-clr\"><a href=\"#\" class=\"vcex-button theme-button block\"><span class=\"theme-button-inner\">Contate o suporte<\/span><\/a><\/div> [\/vc_column][\/vc_row]\n","protected":false},"excerpt":{"rendered":"<p>[vc_row visibility=&#8221;hidden-phone&#8221;][vc_column][\/vc_column][\/vc_row][vc_row css=&#8221;.vc_custom_1600268844872{margin-top: 40px !important;margin-bottom: 30px !important;}&#8221;][vc_column width=&#8221;1\/3&#8243;][\/vc_column][vc_column width=&#8221;7\/12&#8243; offset=&#8221;vc_col-sm-offset-1&#8243;][vc_row_inner remove_bottom_col_margin=&#8221;true&#8221; css=&#8221;.vc_custom_1598032848727{margin-bottom: 10px !important;}&#8221;][vc_column_inner width=&#8221;3\/4&#8243;][vc_column_text] Agrian Mobile Com nosso App Gratuito voc\u00ea pode: [\/vc_column_text][\/vc_column_inner][\/vc_row_inner][vc_column_text css=&#8221;.vc_custom_1598032960798{margin-bottom: 15px !important;}&#8221;] Buscar produtos em nossa base de dados com mais de 12.000 bulas indenizadas&hellip;<\/p>\n","protected":false},"author":7,"featured_media":0,"parent":0,"menu_order":0,"comment_status":"closed","ping_status":"closed","template":"","meta":{"footnotes":""},"yoast_head":"<!-- This site is optimized with the Yoast SEO plugin v15.6.2 - https:\/\/yoast.com\/wordpress\/plugins\/seo\/ -->\n<title>Aplicativo M\u00f3vel - TELUS Agronomy<\/title>\n<meta name=\"robots\" content=\"index, follow, max-snippet:-1, max-image-preview:large, max-video-preview:-1\" \/>\n<link rel=\"canonical\" href=\"https:\/\/home.agrian.com\/pt-br\/mobile-app\/\" \/>\n<meta property=\"og:locale\" content=\"pt_BR\" \/>\n<meta property=\"og:type\" content=\"article\" \/>\n<meta property=\"og:title\" content=\"Aplicativo M\u00f3vel - TELUS Agronomy\" \/>\n<meta property=\"og:description\" content=\"[vc_row visibility=&#8221;hidden-phone&#8221;][vc_column][\/vc_column][\/vc_row][vc_row css=&#8221;.vc_custom_1600268844872{margin-top: 40px !important;margin-bottom: 30px !important;}&#8221;][vc_column width=&#8221;1\/3&#8243;][\/vc_column][vc_column width=&#8221;7\/12&#8243; offset=&#8221;vc_col-sm-offset-1&#8243;][vc_row_inner remove_bottom_col_margin=&#8221;true&#8221; css=&#8221;.vc_custom_1598032848727{margin-bottom: 10px !important;}&#8221;][vc_column_inner width=&#8221;3\/4&#8243;][vc_column_text] Agrian Mobile Com nosso App Gratuito voc\u00ea pode: [\/vc_column_text][\/vc_column_inner][\/vc_row_inner][vc_column_text css=&#8221;.vc_custom_1598032960798{margin-bottom: 15px !important;}&#8221;] Buscar produtos em nossa base de dados com mais de 12.000 bulas indenizadas&hellip;\" \/>\n<meta property=\"og:url\" content=\"https:\/\/home.agrian.com\/pt-br\/mobile-app\/\" \/>\n<meta property=\"og:site_name\" content=\"TELUS Agronomy\" \/>\n<meta property=\"article:modified_time\" content=\"2021-03-23T21:52:32+00:00\" \/>\n<meta name=\"twitter:card\" content=\"summary\" \/>\n<meta name=\"twitter:label1\" content=\"Est. reading time\">\n\t<meta name=\"twitter:data1\" content=\"3 minutos\">\n<script type=\"application\/ld+json\" class=\"yoast-schema-graph\">{\"@context\":\"https:\/\/schema.org\",\"@graph\":[{\"@type\":\"WebSite\",\"@id\":\"http:\/\/home.agrian.com\/#website\",\"url\":\"http:\/\/home.agrian.com\/\",\"name\":\"TELUS Agronomy\",\"description\":\"\",\"potentialAction\":[{\"@type\":\"SearchAction\",\"target\":\"http:\/\/home.agrian.com\/?s={search_term_string}\",\"query-input\":\"required name=search_term_string\"}],\"inLanguage\":\"pt-BR\"},{\"@type\":\"WebPage\",\"@id\":\"https:\/\/home.agrian.com\/pt-br\/mobile-app\/#webpage\",\"url\":\"https:\/\/home.agrian.com\/pt-br\/mobile-app\/\",\"name\":\"Aplicativo M\\u00f3vel - TELUS Agronomy\",\"isPartOf\":{\"@id\":\"http:\/\/home.agrian.com\/#website\"},\"datePublished\":\"2020-12-22T19:46:57+00:00\",\"dateModified\":\"2021-03-23T21:52:32+00:00\",\"breadcrumb\":{\"@id\":\"https:\/\/home.agrian.com\/pt-br\/mobile-app\/#breadcrumb\"},\"inLanguage\":\"pt-BR\",\"potentialAction\":[{\"@type\":\"ReadAction\",\"target\":[\"https:\/\/home.agrian.com\/pt-br\/mobile-app\/\"]}]},{\"@type\":\"BreadcrumbList\",\"@id\":\"https:\/\/home.agrian.com\/pt-br\/mobile-app\/#breadcrumb\",\"itemListElement\":[{\"@type\":\"ListItem\",\"position\":1,\"item\":{\"@type\":\"WebPage\",\"@id\":\"https:\/\/home.agrian.com\/pt-br\/mobile-app\/\",\"url\":\"https:\/\/home.agrian.com\/pt-br\/mobile-app\/\",\"name\":\"Aplicativo M\\u00f3vel\"}}]}]}<\/script>\n<!-- \/ Yoast SEO plugin. -->","_links":{"self":[{"href":"https:\/\/home.agrian.com\/pt-br\/wp-json\/wp\/v2\/pages\/2150"}],"collection":[{"href":"https:\/\/home.agrian.com\/pt-br\/wp-json\/wp\/v2\/pages"}],"about":[{"href":"https:\/\/home.agrian.com\/pt-br\/wp-json\/wp\/v2\/types\/page"}],"author":[{"embeddable":true,"href":"https:\/\/home.agrian.com\/pt-br\/wp-json\/wp\/v2\/users\/7"}],"replies":[{"embeddable":true,"href":"https:\/\/home.agrian.com\/pt-br\/wp-json\/wp\/v2\/comments?post=2150"}],"version-history":[{"count":9,"href":"https:\/\/home.agrian.com\/pt-br\/wp-json\/wp\/v2\/pages\/2150\/revisions"}],"predecessor-version":[{"id":6062,"href":"https:\/\/home.agrian.com\/pt-br\/wp-json\/wp\/v2\/pages\/2150\/revisions\/6062"}],"wp:attachment":[{"href":"https:\/\/home.agrian.com\/pt-br\/wp-json\/wp\/v2\/media?parent=2150"}],"curies":[{"name":"wp","href":"https:\/\/api.w.org\/{rel}","templated":true}]}}