{"id":2138,"date":"2020-12-22T13:46:37","date_gmt":"2020-12-22T19:46:37","guid":{"rendered":"https:\/\/home.agrian.com\/suporte-e-treinamento\/"},"modified":"2021-03-23T16:53:03","modified_gmt":"2021-03-23T21:53:03","slug":"support-training","status":"publish","type":"page","link":"https:\/\/home.agrian.com\/pt-br\/support-training\/","title":{"rendered":"Suporte e Treinamento"},"content":{"rendered":"[vc_row][vc_column][vc_column_text text_align=&#8221;center&#8221;]\n<h2>Como podemos <strong>ajudar?<\/strong><\/h2>\n[\/vc_column_text][\/vc_column][\/vc_row][vc_row el_class=&#8221;support-icons&#8221;][vc_column][vc_single_image image=&#8221;2144&#8243; onclick=&#8221;custom_link&#8221; img_link_target=&#8221;local&#8221; el_class=&#8221;image-link text-sm-center&#8221; link=&#8221;#learning&#8221; img_caption=&#8221;Cursos on-line&#8221;][vc_single_image image=&#8221;2147&#8243; onclick=&#8221;custom_link&#8221; img_link_target=&#8221;local&#8221; el_class=&#8221;image-link text-sm-center&#8221; link=&#8221;#phone-support&#8221; img_caption=&#8221;Suporte via telefone&#8221; css=&#8221;.vc_custom_1612539484424{padding-top: 5px !important;}&#8221;][vc_single_image image=&#8221;2141&#8243; onclick=&#8221;custom_link&#8221; img_link_target=&#8221;local&#8221; el_class=&#8221;image-link text-sm-center&#8221; link=&#8221;#phone-support&#8221; img_caption=&#8221;Suporte via e-mail&#8221; css=&#8221;.vc_custom_1612539601718{padding-top: 5px !important;}&#8221;][\/vc_column][\/vc_row][vc_section local_scroll_id=&#8221;learning&#8221; css=&#8221;.vc_custom_1598042946515{margin-bottom: 55px !important;border-top-width: 1px !important;padding-top: 50px !important;border-top-color: #707070 !important;border-top-style: solid !important;}&#8221;][vc_row css=&#8221;.vc_custom_1598037788791{margin-bottom: 15px !important;}&#8221;][vc_column width=&#8221;2\/3&#8243;][vc_column_text]\n<h4>Cursos on-line<\/h4>\n<h2>Oferecemos cursos de treinamento on-line que tornam f\u00e1cil aprender a usar <strong>a Agrian como um expert. <\/strong><\/h2>\n[\/vc_column_text][\/vc_column][\/vc_row][vc_row wpex_zindex=&#8221;3&#8243;][vc_column width=&#8221;7\/12&#8243; offset=&#8221;vc_col-md-offset-1 vc_col-md-7 vc_col-sm-offset-0&#8243;][vc_row_inner remove_bottom_col_margin=&#8221;true&#8221; css=&#8221;.vc_custom_1598039560534{margin-bottom: 25px !important;border-top-width: 4px !important;border-right-width: 4px !important;border-bottom-width: 4px !important;border-left-width: 4px !important;padding-top: 30px !important;padding-bottom: 20px !important;border-left-color: #214b2a !important;border-left-style: solid !important;border-right-color: #214b2a !important;border-right-style: solid !important;border-top-color: #214b2a !important;border-top-style: solid !important;border-bottom-color: #214b2a !important;border-bottom-style: solid !important;}&#8221; el_class=&#8221;course-list&#8221;][vc_column_inner][vc_column_text el_class=&#8221;e-course&#8221;]\n<h4>Curso 1<\/h4>\n<h3>Introdu\u00e7\u00e3o e navega\u00e7\u00e3o b\u00e1sica<\/h3>\n[\/vc_column_text][vc_column_text el_class=&#8221;e-course&#8221;]\n<h4>Curso 2<\/h4>\n<h3>Adicionar produtor, agricultor e campo<\/h3>\n[\/vc_column_text][vc_column_text el_class=&#8221;e-course&#8221;]\n<h4>Curso 3<\/h4>\n<h3>Criar e editar zonas de manejo<\/h3>\n[\/vc_column_text][vc_column_text el_class=&#8221;e-course&#8221;]\n<h4>Curso 4<\/h4>\n<h3>Criar eventos alvo<\/h3>\n[\/vc_column_text][vc_column_text el_class=&#8221;e-course&#8221;]\n<h4>Curso 5<\/h4>\n<h3>Enviar eventos de amostra<\/h3>\n[\/vc_column_text][vc_column_text el_class=&#8221;e-course&#8221;]\n<h4>Curso 6<\/h4>\n<h3>Vis\u00e3o geral do aplicativo m\u00f3vel<\/h3>\n[\/vc_column_text][\/vc_column_inner][\/vc_row_inner][vc_row_inner remove_bottom_col_margin=&#8221;true&#8221; el_class=&#8221;cal-toggle&#8221; css=&#8221;.vc_custom_1598040679903{background-color: #38291e !important;}&#8221;][vc_column_inner][vc_column_text el_class=&#8221;toggle-title&#8221; color=&#8221;#ffffff&#8221; css=&#8221;.vc_custom_1598040007454{padding-top: 35px !important;padding-right: 60px !important;padding-bottom: 30px !important;padding-left: 20px !important;}&#8221;]\n<h3>Usu\u00e1rios na Calif\u00f3rnia:<\/h3>\n<p>oferecemos aulas para aprendizado cont\u00ednuo[\/vc_column_text][vc_column_text color=&#8221;#ffffff&#8221; css=&#8221;.vc_custom_1614354710805{background-color: #38291e !important;}&#8221; el_class=&#8221;toggle-content&#8221;]<strong>Import\u00e2ncia das abelhas e estrat\u00e9gias de mitiga\u00e7\u00e3o para proteg\u00ea-las de pesticidas<\/strong><br \/>\n<em>(1 hora de legisla\u00e7\u00e3o)<\/em><\/p>\n<p><strong>Agrian 101: CA B\u00e1sico. Escrever uma recomenda\u00e7\u00e3o em meio eletr\u00f4nico<\/strong><br \/>\n<em>(0,5 horas de legisla\u00e7\u00e3o, 0,5 horas de outros)<\/em><\/p>\n<p><strong>Agrian 102: Avan\u00e7ado. Escrever uma recomenda\u00e7\u00e3o em meio eletr\u00f4nico<\/strong><br \/>\n<em>(0,5 horas de legisla\u00e7\u00e3o, 0,5 horas de outros)<\/em><\/p>\n<p><strong>Agrian 103: Aplicadores agr\u00edcolas &amp; Growers Basic Electronic Report Writing &amp; Preencher registros de conclus\u00e3o<\/strong><br \/>\n<em>(0,5 horas de legisla\u00e7\u00e3o, 0,5 horas de outros)<\/em>[\/vc_column_text][\/vc_column_inner][\/vc_row_inner][\/vc_column][vc_column width=&#8221;5\/12&#8243; offset=&#8221;vc_col-md-4&#8243;]<div class=\"vcex-spacing wpex-w-100 wpex-clear hidden-phone\" style=\"height:40px\"><\/div>[vc_row_inner remove_bottom_col_margin=&#8221;true&#8221; css=&#8221;.vc_custom_1598038574255{margin-bottom: 30px !important;padding-top: 24px !important;padding-right: 10px !important;padding-bottom: 20px !important;padding-left: 27px !important;background-color: #65869c !important;}&#8221; el_class=&#8221;course-overflow&#8221;][vc_column_inner][vc_column_text color=&#8221;#ffffff&#8221;]\n<h3>Ao solicitar acesso, voc\u00ea pode visualizar e explorar nossos m\u00f3dulos de treinamento.<\/h3>\n[\/vc_column_text][\/vc_column_inner][\/vc_row_inner]<div class=\"vc_custom_1600791567771 wpex-clr\"><div class=\"theme-button-block-wrap wpex-block wpex-clear theme-button-wrap wpex-clr\"><a href=\"https:\/\/agrian.lpages.co\/agrian-training-request\/\" class=\"vcex-button theme-button block\" target=\"_blank\" rel=\"noopener noreferrer\"><span class=\"theme-button-inner\">Solicitar acesso aos treinamentos<\/span><\/a><\/div><\/div> [vc_column_text]Em caso de d\u00favida,<br \/>\nescreva um e-mail para nossos especialistas:<br \/>\n<a href=\"mailto:training@agrian.com\">training@agrian.com<\/a>[\/vc_column_text][\/vc_column][\/vc_row][\/vc_section][vc_section local_scroll_id=&#8221;phone-support&#8221;][vc_row content_placement=&#8221;middle&#8221; typography_style=&#8221;white&#8221; css=&#8221;.vc_custom_1600111392311{margin-bottom: 70px !important;padding-top: 40px !important;background-color: #505257 !important;}&#8221;][vc_column width=&#8221;1\/2&#8243; offset=&#8221;vc_col-sm-offset-1&#8243;][vc_column_text color=&#8221;#adadad&#8221; css=&#8221;.vc_custom_1598041672104{margin-bottom: 5px !important;}&#8221;]\n<h4>Telefone &amp; E-mail do Suporte<\/h4>\n[\/vc_column_text][vc_column_text]\n<h2>D\u00favida?<br \/>\n<strong>Ligue ou escreva um e-mail!<\/strong><\/h2>\n[\/vc_column_text][\/vc_column][vc_column width=&#8221;5\/12&#8243;][vc_column_text font_family=&#8221;adelle&#8221; font_size=&#8221;18px&#8221; font_weight=&#8221;semibold&#8221; el_class=&#8221;no-link&#8221; line_height=&#8221;1.389&#8243;]<a href=\"tel:18882872137\">1-888-287-2137<\/a><br \/>\nN\u00e3o est\u00e1 nos EUA? Ligue: <a href=\"tel:15594375700\">1-559-437-5700<\/a><br \/>\n<a href=\"mailto:support@agrian.com\">support@agrian.com<\/a>[\/vc_column_text][\/vc_column][\/vc_row][\/vc_section]\n","protected":false},"excerpt":{"rendered":"<p>[vc_row][vc_column][vc_column_text text_align=&#8221;center&#8221;] Como podemos ajudar? [\/vc_column_text][\/vc_column][\/vc_row][vc_row el_class=&#8221;support-icons&#8221;][vc_column][vc_single_image image=&#8221;2144&#8243; onclick=&#8221;custom_link&#8221; img_link_target=&#8221;local&#8221; el_class=&#8221;image-link text-sm-center&#8221; link=&#8221;#learning&#8221; img_caption=&#8221;Cursos on-line&#8221;][vc_single_image image=&#8221;2147&#8243; onclick=&#8221;custom_link&#8221; img_link_target=&#8221;local&#8221; el_class=&#8221;image-link text-sm-center&#8221; link=&#8221;#phone-support&#8221; img_caption=&#8221;Suporte via telefone&#8221; css=&#8221;.vc_custom_1612539484424{padding-top: 5px !important;}&#8221;][vc_single_image image=&#8221;2141&#8243; onclick=&#8221;custom_link&#8221; img_link_target=&#8221;local&#8221; el_class=&#8221;image-link text-sm-center&#8221; link=&#8221;#phone-support&#8221; img_caption=&#8221;Suporte via e-mail&#8221; css=&#8221;.vc_custom_1612539601718{padding-top: 5px !important;}&#8221;][\/vc_column][\/vc_row][vc_section local_scroll_id=&#8221;learning&#8221;&hellip;<\/p>\n","protected":false},"author":7,"featured_media":0,"parent":0,"menu_order":0,"comment_status":"closed","ping_status":"closed","template":"","meta":{"footnotes":""},"yoast_head":"<!-- This site is optimized with the Yoast SEO plugin v15.6.2 - https:\/\/yoast.com\/wordpress\/plugins\/seo\/ -->\n<title>Suporte e Treinamento - TELUS Agronomy<\/title>\n<meta name=\"robots\" content=\"index, follow, max-snippet:-1, max-image-preview:large, max-video-preview:-1\" \/>\n<link rel=\"canonical\" href=\"https:\/\/home.agrian.com\/pt-br\/support-training\/\" \/>\n<meta property=\"og:locale\" content=\"pt_BR\" \/>\n<meta property=\"og:type\" content=\"article\" \/>\n<meta property=\"og:title\" content=\"Suporte e Treinamento - TELUS Agronomy\" \/>\n<meta property=\"og:description\" content=\"[vc_row][vc_column][vc_column_text text_align=&#8221;center&#8221;] Como podemos ajudar? [\/vc_column_text][\/vc_column][\/vc_row][vc_row el_class=&#8221;support-icons&#8221;][vc_column][vc_single_image image=&#8221;2144&#8243; onclick=&#8221;custom_link&#8221; img_link_target=&#8221;local&#8221; el_class=&#8221;image-link text-sm-center&#8221; link=&#8221;#learning&#8221; img_caption=&#8221;Cursos on-line&#8221;][vc_single_image image=&#8221;2147&#8243; onclick=&#8221;custom_link&#8221; img_link_target=&#8221;local&#8221; el_class=&#8221;image-link text-sm-center&#8221; link=&#8221;#phone-support&#8221; img_caption=&#8221;Suporte via telefone&#8221; css=&#8221;.vc_custom_1612539484424{padding-top: 5px !important;}&#8221;][vc_single_image image=&#8221;2141&#8243; onclick=&#8221;custom_link&#8221; img_link_target=&#8221;local&#8221; el_class=&#8221;image-link text-sm-center&#8221; link=&#8221;#phone-support&#8221; img_caption=&#8221;Suporte via e-mail&#8221; css=&#8221;.vc_custom_1612539601718{padding-top: 5px !important;}&#8221;][\/vc_column][\/vc_row][vc_section local_scroll_id=&#8221;learning&#8221;&hellip;\" \/>\n<meta property=\"og:url\" content=\"https:\/\/home.agrian.com\/pt-br\/support-training\/\" \/>\n<meta property=\"og:site_name\" content=\"TELUS Agronomy\" \/>\n<meta property=\"article:modified_time\" content=\"2021-03-23T21:53:03+00:00\" \/>\n<meta name=\"twitter:card\" content=\"summary\" \/>\n<meta name=\"twitter:label1\" content=\"Est. reading time\">\n\t<meta name=\"twitter:data1\" content=\"2 minutos\">\n<script type=\"application\/ld+json\" class=\"yoast-schema-graph\">{\"@context\":\"https:\/\/schema.org\",\"@graph\":[{\"@type\":\"WebSite\",\"@id\":\"http:\/\/home.agrian.com\/#website\",\"url\":\"http:\/\/home.agrian.com\/\",\"name\":\"TELUS Agronomy\",\"description\":\"\",\"potentialAction\":[{\"@type\":\"SearchAction\",\"target\":\"http:\/\/home.agrian.com\/?s={search_term_string}\",\"query-input\":\"required name=search_term_string\"}],\"inLanguage\":\"pt-BR\"},{\"@type\":\"WebPage\",\"@id\":\"https:\/\/home.agrian.com\/pt-br\/support-training\/#webpage\",\"url\":\"https:\/\/home.agrian.com\/pt-br\/support-training\/\",\"name\":\"Suporte e Treinamento - TELUS Agronomy\",\"isPartOf\":{\"@id\":\"http:\/\/home.agrian.com\/#website\"},\"datePublished\":\"2020-12-22T19:46:37+00:00\",\"dateModified\":\"2021-03-23T21:53:03+00:00\",\"breadcrumb\":{\"@id\":\"https:\/\/home.agrian.com\/pt-br\/support-training\/#breadcrumb\"},\"inLanguage\":\"pt-BR\",\"potentialAction\":[{\"@type\":\"ReadAction\",\"target\":[\"https:\/\/home.agrian.com\/pt-br\/support-training\/\"]}]},{\"@type\":\"BreadcrumbList\",\"@id\":\"https:\/\/home.agrian.com\/pt-br\/support-training\/#breadcrumb\",\"itemListElement\":[{\"@type\":\"ListItem\",\"position\":1,\"item\":{\"@type\":\"WebPage\",\"@id\":\"https:\/\/home.agrian.com\/pt-br\/support-training\/\",\"url\":\"https:\/\/home.agrian.com\/pt-br\/support-training\/\",\"name\":\"Suporte e Treinamento\"}}]}]}<\/script>\n<!-- \/ Yoast SEO plugin. -->","_links":{"self":[{"href":"https:\/\/home.agrian.com\/pt-br\/wp-json\/wp\/v2\/pages\/2138"}],"collection":[{"href":"https:\/\/home.agrian.com\/pt-br\/wp-json\/wp\/v2\/pages"}],"about":[{"href":"https:\/\/home.agrian.com\/pt-br\/wp-json\/wp\/v2\/types\/page"}],"author":[{"embeddable":true,"href":"https:\/\/home.agrian.com\/pt-br\/wp-json\/wp\/v2\/users\/7"}],"replies":[{"embeddable":true,"href":"https:\/\/home.agrian.com\/pt-br\/wp-json\/wp\/v2\/comments?post=2138"}],"version-history":[{"count":7,"href":"https:\/\/home.agrian.com\/pt-br\/wp-json\/wp\/v2\/pages\/2138\/revisions"}],"predecessor-version":[{"id":6064,"href":"https:\/\/home.agrian.com\/pt-br\/wp-json\/wp\/v2\/pages\/2138\/revisions\/6064"}],"wp:attachment":[{"href":"https:\/\/home.agrian.com\/pt-br\/wp-json\/wp\/v2\/media?parent=2138"}],"curies":[{"name":"wp","href":"https:\/\/api.w.org\/{rel}","templated":true}]}}