{"id":2102,"date":"2020-12-22T13:46:20","date_gmt":"2020-12-22T19:46:20","guid":{"rendered":"https:\/\/home.agrian.com\/integracoes-e-parceiros\/"},"modified":"2021-03-23T16:53:15","modified_gmt":"2021-03-23T21:53:15","slug":"integrations-partners","status":"publish","type":"page","link":"https:\/\/home.agrian.com\/pt-br\/integrations-partners\/","title":{"rendered":"Integra\u00e7\u00f5es e Parceiros"},"content":{"rendered":"[vc_row parallax=&#8221;content-moving&#8221; tablet_fullwidth_cols=&#8221;yes&#8221; css=&#8221;.vc_custom_1600739219690{padding-top: 100px !important;padding-bottom: 50px !important;background-image: url(https:\/\/home.agrian.com\/wp-content\/uploads\/2020\/08\/iStock-835934784@2x.jpg?id=540) !important;background-position: center;background-repeat: no-repeat;background-size: cover !important;}&#8221; min_height=&#8221;256px&#8221;][vc_column width=&#8221;1\/2&#8243;][vc_column_text el_class=&#8221;text-ticker textright text-smd-center center-mobile&#8221;]\n<h2>Voc\u00ea cultiva<\/h2>\n<ul style=\"width: 208px;\">\n<li>\n<h2><strong>a sua colheita.<\/strong><\/h2>\n<\/li>\n<li>\n<h2><strong>os seus clientes.<\/strong><\/h2>\n<\/li>\n<li>\n<h2><strong>a sua marca.<\/strong><\/h2>\n<\/li>\n<li>\n<h2><strong>as suas vendas.<\/strong><\/h2>\n<\/li>\n<li>\n<h2><strong>a sua efici\u00eancia.<\/strong><\/h2>\n<\/li>\n<li>\n<h2><strong>os seus recursos.<\/strong><\/h2>\n<\/li>\n<li>\n<h2><strong>a sua efic\u00e1cia.<\/strong><\/h2>\n<\/li>\n<li>\n<h2><strong>o seu neg\u00f3cio.<\/strong><\/h2>\n<\/li>\n<\/ul>\n[\/vc_column_text][\/vc_column][vc_column width=&#8221;1\/2&#8243;][vc_column_text el_class=&#8221;text-ticker textcenter text-smd-center center-mobile&#8221;]\n<h2>N\u00f3s conectamos<\/h2>\n<ul style=\"width: 150px;\">\n<li>\n<h2><strong>os scripts.<\/strong><\/h2>\n<\/li>\n<li>\n<h2><strong>as APIs.<\/strong><\/h2>\n<\/li>\n<li>\n<h2><strong>os \u00edndices.<\/strong><\/h2>\n<\/li>\n<li>\n<h2><strong>a nuvem.<\/strong><\/h2>\n<\/li>\n<li>\n<h2><strong>as vers\u00f5es.<\/strong><\/h2>\n<\/li>\n<li>\n<h2><strong>as fontes.<\/strong><\/h2>\n<\/li>\n<li>\n<h2><strong>o fluxo de trabalho.<\/strong><\/h2>\n<\/li>\n<li>\n<h2><strong>os pontos.<\/strong><\/h2>\n<\/li>\n<\/ul>\n[\/vc_column_text][\/vc_column][\/vc_row][vc_row css=&#8221;.vc_custom_1600270540640{margin-bottom: 30px !important;}&#8221;][vc_column]<div class=\"vcex-spacing wpex-w-100 wpex-clear\" style=\"height:80px\"><\/div>[vc_column_text]\n<h2>Integrada com a tecnologia que voc\u00ea quiser usar.<\/h2>\n[\/vc_column_text][vc_row_inner css=&#8221;.vc_custom_1597084848779{margin-bottom: 14px !important;}&#8221;][vc_column_inner width=&#8221;7\/12&#8243;][vc_column_text]A Agrian n\u00e3o cria problemas com outras tecnologias. O poder \u00e9 seu, de integrar com a tecnologia que voc\u00ea decidir ser a melhor para o seu neg\u00f3cio.[\/vc_column_text][\/vc_column_inner][\/vc_row_inner]<div class=\"vcex-module wpex-carousel wpex-carousel-images wpex-clr owl-carousel visible-phone\" data-wpex-carousel=\"{&quot;nav&quot;:false,&quot;dots&quot;:false,&quot;autoplay&quot;:true,&quot;loop&quot;:true,&quot;center&quot;:false,&quot;smartSpeed&quot;:1800,&quot;items&quot;:4,&quot;slideBy&quot;:1,&quot;autoplayTimeout&quot;:1800,&quot;margin&quot;:20,&quot;itemsTablet&quot;:4,&quot;itemsMobileLandscape&quot;:2,&quot;itemsMobilePortrait&quot;:2,&quot;autoWidth&quot;:false,&quot;autoHeight&quot;:false}\"><div class=\"wpex-carousel-slide\"><figure class=\"wpex-carousel-entry-media entry-media\"><img loading=\"lazy\" decoding=\"async\" data-no-lazy=\"1\" class=\"wpex-align-middle skip-lazy\" src=\"https:\/\/home.agrian.com\/wp-content\/uploads\/2020\/09\/EqPartners_AgOtter@2x.jpg\" alt=\"\" width=\"302\" height=\"208\" \/><\/figure><\/div><div class=\"wpex-carousel-slide\"><figure class=\"wpex-carousel-entry-media entry-media\"><img loading=\"lazy\" decoding=\"async\" data-no-lazy=\"1\" class=\"wpex-align-middle skip-lazy\" src=\"https:\/\/home.agrian.com\/wp-content\/uploads\/2020\/09\/EqPartners_slingshot@2x.jpg\" alt=\"\" width=\"302\" height=\"208\" \/><\/figure><\/div><div class=\"wpex-carousel-slide\"><figure class=\"wpex-carousel-entry-media entry-media\"><img loading=\"lazy\" decoding=\"async\" data-no-lazy=\"1\" class=\"wpex-align-middle skip-lazy\" src=\"https:\/\/home.agrian.com\/wp-content\/uploads\/2020\/09\/EqPartners_ClimateFieldview@2x.jpg\" alt=\"\" width=\"302\" height=\"208\" \/><\/figure><\/div><div class=\"wpex-carousel-slide\"><figure class=\"wpex-carousel-entry-media entry-media\"><img loading=\"lazy\" decoding=\"async\" data-no-lazy=\"1\" class=\"wpex-align-middle skip-lazy\" src=\"https:\/\/home.agrian.com\/wp-content\/uploads\/2020\/09\/EqPartners_JohnDeere@2x.jpg\" alt=\"\" width=\"302\" height=\"208\" \/><\/figure><\/div><\/div><div class=\"vcex-module wpex-carousel wpex-carousel-images wpex-clr owl-carousel hidden-phone\" data-wpex-carousel=\"{&quot;nav&quot;:false,&quot;dots&quot;:false,&quot;autoplay&quot;:false,&quot;loop&quot;:false,&quot;center&quot;:false,&quot;smartSpeed&quot;:1800,&quot;items&quot;:4,&quot;slideBy&quot;:1,&quot;autoplayTimeout&quot;:5000,&quot;margin&quot;:20,&quot;itemsTablet&quot;:4,&quot;itemsMobileLandscape&quot;:2,&quot;itemsMobilePortrait&quot;:2,&quot;autoWidth&quot;:false,&quot;autoHeight&quot;:false}\"><div class=\"wpex-carousel-slide\"><figure class=\"wpex-carousel-entry-media entry-media\"><img loading=\"lazy\" decoding=\"async\" data-no-lazy=\"1\" class=\"wpex-align-middle skip-lazy\" src=\"https:\/\/home.agrian.com\/wp-content\/uploads\/2020\/09\/EqPartners_ClimateFieldview@2x.jpg\" alt=\"\" width=\"302\" height=\"208\" \/><\/figure><\/div><div class=\"wpex-carousel-slide\"><figure class=\"wpex-carousel-entry-media entry-media\"><img loading=\"lazy\" decoding=\"async\" data-no-lazy=\"1\" class=\"wpex-align-middle skip-lazy\" src=\"https:\/\/home.agrian.com\/wp-content\/uploads\/2020\/09\/EqPartners_JohnDeere@2x.jpg\" alt=\"\" width=\"302\" height=\"208\" \/><\/figure><\/div><div class=\"wpex-carousel-slide\"><figure class=\"wpex-carousel-entry-media entry-media\"><img loading=\"lazy\" decoding=\"async\" data-no-lazy=\"1\" class=\"wpex-align-middle skip-lazy\" src=\"https:\/\/home.agrian.com\/wp-content\/uploads\/2020\/09\/EqPartners_AgOtter@2x.jpg\" alt=\"\" width=\"302\" height=\"208\" \/><\/figure><\/div><div class=\"wpex-carousel-slide\"><figure class=\"wpex-carousel-entry-media entry-media\"><img loading=\"lazy\" decoding=\"async\" data-no-lazy=\"1\" class=\"wpex-align-middle skip-lazy\" src=\"https:\/\/home.agrian.com\/wp-content\/uploads\/2020\/09\/EqPartners_slingshot@2x.jpg\" alt=\"\" width=\"302\" height=\"208\" \/><\/figure><\/div><\/div>[\/vc_column][\/vc_row][vc_row css=&#8221;.vc_custom_1597085160937{margin-bottom: 60px !important;}&#8221;][vc_column width=&#8221;5\/12&#8243; offset=&#8221;vc_col-sm-offset-1&#8243;][vc_row_inner remove_bottom_col_margin=&#8221;true&#8221;][vc_column_inner width=&#8221;4\/5&#8243;][vc_single_image image=&#8221;2129&#8243; alignment=&#8221;center&#8221; onclick=&#8221;custom_link&#8221; img_caption=&#8221;Precision Ag is all about recognizing efficiencies. Whether it\u2019s recognizing optimal irrigation to maximize water usage or ensuring crops get the perfect amount of fertilizer\u2026.&#8221; el_class=&#8221;hover-image&#8221; link=&#8221;#&#8221;][\/vc_column_inner][\/vc_row_inner][vc_column_text css=&#8221;.vc_custom_1597776748448{margin-top: 20px !important;margin-bottom: 5px !important;}&#8221;]\n<h3><span class=\"blue-text\">Imagens inclusas.<\/span><\/h3>\n[\/vc_column_text][vc_column_text css=&#8221;.vc_custom_1597776757977{margin-bottom: 15px !important;}&#8221;]Usu\u00e1rios da Agrian se beneficiam com recursos avan\u00e7ados de imagens.[\/vc_column_text]<a href=\"https:\/\/home.agrian.com\/2020\/09\/empower-field-insights-with-enhanced-imagery\/\" class=\"vcex-button theme-button inline\"><span class=\"theme-button-inner\">Leia Mais<\/span><\/a> [\/vc_column][vc_column width=&#8221;5\/12&#8243; offset=&#8221;vc_col-sm-offset-1&#8243;][vc_row_inner remove_bottom_col_margin=&#8221;true&#8221;][vc_column_inner width=&#8221;4\/5&#8243;][vc_single_image image=&#8221;2126&#8243; alignment=&#8221;center&#8221; onclick=&#8221;custom_link&#8221; img_caption=&#8221;With committed focus, Agrian\u2019s Next Generation Machine Data Platform makes good on the promise of seamless connectivity, once and for all\u2026&#8221; el_class=&#8221;hover-image&#8221; link=&#8221;#&#8221;][\/vc_column_inner][\/vc_row_inner][vc_column_text css=&#8221;.vc_custom_1597776837570{margin-top: 20px !important;margin-bottom: 5px !important;}&#8221;]\n<h3><span class=\"blue-text\">Da colheita para a nuvem.<\/span><\/h3>\n[\/vc_column_text][vc_column_text css=&#8221;.vc_custom_1597776826595{margin-bottom: 15px !important;}&#8221;]M\u00e1quina de dados sem fio e cont\u00ednua.[\/vc_column_text]<a href=\"https:\/\/home.agrian.com\/2020\/09\/simple-seamless-machine-data\/\" class=\"vcex-button theme-button inline\"><span class=\"theme-button-inner\">Leia Mais<\/span><\/a> [\/vc_column][\/vc_row][vc_row css=&#8221;.vc_custom_1597085244401{margin-bottom: 20px !important;}&#8221;][vc_column width=&#8221;5\/6&#8243; offset=&#8221;vc_col-sm-offset-1&#8243; css=&#8221;.vc_custom_1597779057784{margin-bottom: 0px !important;}&#8221;][vc_row_inner content_placement=&#8221;middle&#8221;][vc_column_inner el_class=&#8221;text-smd-center&#8221; width=&#8221;1\/2&#8243;]<figure class=\"vcex-image vcex-module wpex-clr\"><div class=\"vcex-image-inner wpex-inline-block wpex-relative\" style=\"max-width:234px;\"><img decoding=\"async\" loading=\"lazy\" class=\"wpex-w-100 wpex-align-middle\" src=\"https:\/\/home.agrian.com\/wp-content\/uploads\/2020\/08\/Group-187@2x.png\" alt=\"\" width=\"468\" height=\"417\" \/><\/div><\/figure>[\/vc_column_inner][vc_column_inner width=&#8221;1\/2&#8243;][vc_column_text css=&#8221;.vc_custom_1597085349722{margin-bottom: 30px !important;}&#8221;]\n<h3>Controle seus dados. Possua seus dados.<\/h3>\n[\/vc_column_text][vc_column_text]Com a propriedade sobre seus dados, v\u00eam o controle e a privacidade. Determine permiss\u00f5es e decida quem pode acessar e quais dados agr\u00edcolas. Do jeito que deve ser.[\/vc_column_text][\/vc_column_inner][\/vc_row_inner]<div class=\"vcex-spacing wpex-w-100 wpex-clear hidden-phone\" style=\"height:40px\"><\/div>[\/vc_column][\/vc_row][vc_row css=&#8221;.vc_custom_1597779128838{margin-bottom: 20px !important;}&#8221;][vc_column width=&#8221;5\/6&#8243; offset=&#8221;vc_col-sm-offset-1&#8243; css=&#8221;.vc_custom_1597779159159{margin-bottom: 0px !important;}&#8221;][vc_row_inner content_placement=&#8221;middle&#8221; columns_right=&#8221;yes&#8221;][vc_column_inner el_class=&#8221;interlay-images interlay-single text-smd-center text-right&#8221; width=&#8221;1\/2&#8243;]<figure class=\"vcex-image vcex-module wpex-clr textright interlay-image first-overlay placeholder text-sm-center\"><div class=\"vcex-image-inner wpex-inline-block wpex-relative\" style=\"max-width:248px;\"><img decoding=\"async\" loading=\"lazy\" class=\"wpex-w-100 wpex-align-middle\" src=\"https:\/\/home.agrian.com\/wp-content\/uploads\/2020\/08\/Group-184@2x.png\" alt=\"\" width=\"497\" height=\"458\" \/><\/div><\/figure><figure class=\"vcex-image vcex-module wpex-clr textright interlay-image second-overlay text-sm-center\"><div class=\"vcex-image-inner wpex-inline-block wpex-relative\" style=\"max-width:248px;\"><img decoding=\"async\" loading=\"lazy\" class=\"wpex-w-100 wpex-align-middle\" src=\"https:\/\/home.agrian.com\/wp-content\/uploads\/2020\/08\/Group-184@2x.png\" alt=\"\" width=\"497\" height=\"458\" \/><\/div><\/figure>[\/vc_column_inner][vc_column_inner width=&#8221;1\/2&#8243;][vc_column_text css=&#8221;.vc_custom_1597085503344{margin-bottom: 30px !important;}&#8221;]\n<h3>Conecte seus dados e incremente em efici\u00eancia como voc\u00ea nunca viu<\/h3>\n[\/vc_column_text][vc_column_text]A agricultura \u00e9 movida a dados confi\u00e1veis, e a efici\u00eancia de seu neg\u00f3cio depende da habilidade de us\u00e1-los. Com a automa\u00e7\u00e3o MODUS, dezenas de laborat\u00f3rios est\u00e3o conectados diretamente ao sistema. Usando o formato padr\u00e3o MODUS, os laborat\u00f3rios podem enviar resultados diretamente ao software.<br \/>\n<span class=\"small-gray\"><a href=\"#\">Leia mais&gt;&gt;<\/a><\/span>[\/vc_column_text][\/vc_column_inner][\/vc_row_inner]<div class=\"vcex-spacing wpex-w-100 wpex-clear hidden-phone\" style=\"height:70px\"><\/div>[\/vc_column][\/vc_row][vc_row content_placement=&#8221;middle&#8221; typography_style=&#8221;white&#8221; remove_bottom_col_margin=&#8221;true&#8221; css=&#8221;.vc_custom_1597086080547{margin-bottom: 80px !important;padding-top: 40px !important;padding-right: 5px !important;padding-bottom: 30px !important;padding-left: 5px !important;background-color: #505257 !important;}&#8221;][vc_column width=&#8221;2\/3&#8243;][vc_column_text css=&#8221;.vc_custom_1594219012312{margin-bottom: 10px !important;}&#8221; text_align=&#8221;center&#8221;]\n<h2>Procurando <strong>oportunidades para parceria?<\/strong><\/h2>\n[\/vc_column_text]<div class=\"vcex-spacing wpex-w-100 wpex-clear visible-phone\" style=\"height:10px\"><\/div>[\/vc_column][vc_column width=&#8221;1\/3&#8243; offset=&#8221;vc_col-md-4&#8243;][vc_row_inner][vc_column_inner width=&#8221;11\/12&#8243; offset=&#8221;vc_col-md-4\/5 vc_col-sm-offset-1 vc_col-xs-12&#8243;][vc_column_text css=&#8221;.vc_custom_1594219240426{margin-bottom: 20px !important;}&#8221; el_class=&#8221;text-sm-center&#8221;]Empresas de tecnologia agr\u00edcola querendo saber mais sobre parcerias com a Agrian, entrem em contato conosco![\/vc_column_text]<a href=\"\/pt-br\/contact\/?ref=other\" class=\"vcex-button theme-button inline reverse-button text-sd-center\"><span class=\"theme-button-inner\">Contato<\/span><\/a> [\/vc_column_inner][\/vc_row_inner][\/vc_column][\/vc_row]\n","protected":false},"excerpt":{"rendered":"<p>[vc_row parallax=&#8221;content-moving&#8221; tablet_fullwidth_cols=&#8221;yes&#8221; css=&#8221;.vc_custom_1600739219690{padding-top: 100px !important;padding-bottom: 50px !important;background-image: url(https:\/\/home.agrian.com\/wp-content\/uploads\/2020\/08\/iStock-835934784@2x.jpg?id=540) !important;background-position: center;background-repeat: no-repeat;background-size: cover !important;}&#8221; min_height=&#8221;256px&#8221;][vc_column width=&#8221;1\/2&#8243;][vc_column_text el_class=&#8221;text-ticker textright text-smd-center center-mobile&#8221;] Voc\u00ea cultiva a sua colheita. os seus clientes. a sua marca. as suas vendas. a sua efici\u00eancia. os seus recursos.&hellip;<\/p>\n","protected":false},"author":7,"featured_media":0,"parent":0,"menu_order":0,"comment_status":"closed","ping_status":"closed","template":"","meta":{"footnotes":""},"yoast_head":"<!-- This site is optimized with the Yoast SEO plugin v15.6.2 - https:\/\/yoast.com\/wordpress\/plugins\/seo\/ -->\n<title>Integra\u00e7\u00f5es e Parceiros - TELUS Agronomy<\/title>\n<meta name=\"robots\" content=\"index, follow, max-snippet:-1, max-image-preview:large, max-video-preview:-1\" \/>\n<link rel=\"canonical\" href=\"https:\/\/home.agrian.com\/pt-br\/integrations-partners\/\" \/>\n<meta property=\"og:locale\" content=\"pt_BR\" \/>\n<meta property=\"og:type\" content=\"article\" \/>\n<meta property=\"og:title\" content=\"Integra\u00e7\u00f5es e Parceiros - TELUS Agronomy\" \/>\n<meta property=\"og:description\" content=\"[vc_row parallax=&#8221;content-moving&#8221; tablet_fullwidth_cols=&#8221;yes&#8221; css=&#8221;.vc_custom_1600739219690{padding-top: 100px !important;padding-bottom: 50px !important;background-image: url(https:\/\/home.agrian.com\/wp-content\/uploads\/2020\/08\/iStock-835934784@2x.jpg?id=540) !important;background-position: center;background-repeat: no-repeat;background-size: cover !important;}&#8221; min_height=&#8221;256px&#8221;][vc_column width=&#8221;1\/2&#8243;][vc_column_text el_class=&#8221;text-ticker textright text-smd-center center-mobile&#8221;] Voc\u00ea cultiva a sua colheita. os seus clientes. a sua marca. as suas vendas. a sua efici\u00eancia. os seus recursos.&hellip;\" \/>\n<meta property=\"og:url\" content=\"https:\/\/home.agrian.com\/pt-br\/integrations-partners\/\" \/>\n<meta property=\"og:site_name\" content=\"TELUS Agronomy\" \/>\n<meta property=\"article:modified_time\" content=\"2021-03-23T21:53:15+00:00\" \/>\n<meta name=\"twitter:card\" content=\"summary\" \/>\n<meta name=\"twitter:label1\" content=\"Est. reading time\">\n\t<meta name=\"twitter:data1\" content=\"5 minutos\">\n<script type=\"application\/ld+json\" class=\"yoast-schema-graph\">{\"@context\":\"https:\/\/schema.org\",\"@graph\":[{\"@type\":\"WebSite\",\"@id\":\"http:\/\/home.agrian.com\/#website\",\"url\":\"http:\/\/home.agrian.com\/\",\"name\":\"TELUS Agronomy\",\"description\":\"\",\"potentialAction\":[{\"@type\":\"SearchAction\",\"target\":\"http:\/\/home.agrian.com\/?s={search_term_string}\",\"query-input\":\"required name=search_term_string\"}],\"inLanguage\":\"pt-BR\"},{\"@type\":\"WebPage\",\"@id\":\"https:\/\/home.agrian.com\/pt-br\/integrations-partners\/#webpage\",\"url\":\"https:\/\/home.agrian.com\/pt-br\/integrations-partners\/\",\"name\":\"Integra\\u00e7\\u00f5es e Parceiros - TELUS Agronomy\",\"isPartOf\":{\"@id\":\"http:\/\/home.agrian.com\/#website\"},\"datePublished\":\"2020-12-22T19:46:20+00:00\",\"dateModified\":\"2021-03-23T21:53:15+00:00\",\"breadcrumb\":{\"@id\":\"https:\/\/home.agrian.com\/pt-br\/integrations-partners\/#breadcrumb\"},\"inLanguage\":\"pt-BR\",\"potentialAction\":[{\"@type\":\"ReadAction\",\"target\":[\"https:\/\/home.agrian.com\/pt-br\/integrations-partners\/\"]}]},{\"@type\":\"BreadcrumbList\",\"@id\":\"https:\/\/home.agrian.com\/pt-br\/integrations-partners\/#breadcrumb\",\"itemListElement\":[{\"@type\":\"ListItem\",\"position\":1,\"item\":{\"@type\":\"WebPage\",\"@id\":\"https:\/\/home.agrian.com\/pt-br\/integrations-partners\/\",\"url\":\"https:\/\/home.agrian.com\/pt-br\/integrations-partners\/\",\"name\":\"Integra\\u00e7\\u00f5es e Parceiros\"}}]}]}<\/script>\n<!-- \/ Yoast SEO plugin. -->","_links":{"self":[{"href":"https:\/\/home.agrian.com\/pt-br\/wp-json\/wp\/v2\/pages\/2102"}],"collection":[{"href":"https:\/\/home.agrian.com\/pt-br\/wp-json\/wp\/v2\/pages"}],"about":[{"href":"https:\/\/home.agrian.com\/pt-br\/wp-json\/wp\/v2\/types\/page"}],"author":[{"embeddable":true,"href":"https:\/\/home.agrian.com\/pt-br\/wp-json\/wp\/v2\/users\/7"}],"replies":[{"embeddable":true,"href":"https:\/\/home.agrian.com\/pt-br\/wp-json\/wp\/v2\/comments?post=2102"}],"version-history":[{"count":6,"href":"https:\/\/home.agrian.com\/pt-br\/wp-json\/wp\/v2\/pages\/2102\/revisions"}],"predecessor-version":[{"id":6065,"href":"https:\/\/home.agrian.com\/pt-br\/wp-json\/wp\/v2\/pages\/2102\/revisions\/6065"}],"wp:attachment":[{"href":"https:\/\/home.agrian.com\/pt-br\/wp-json\/wp\/v2\/media?parent=2102"}],"curies":[{"name":"wp","href":"https:\/\/api.w.org\/{rel}","templated":true}]}}