{"id":2096,"date":"2020-12-22T13:46:05","date_gmt":"2020-12-22T19:46:05","guid":{"rendered":"https:\/\/home.agrian.com\/fornecedores-de-produtos\/"},"modified":"2021-03-23T16:53:43","modified_gmt":"2021-03-23T21:53:43","slug":"product-provider","status":"publish","type":"page","link":"https:\/\/home.agrian.com\/pt-br\/product-provider\/","title":{"rendered":"Fornecedores de produtos"},"content":{"rendered":"[vc_row remove_bottom_col_margin=&#8221;true&#8221;][vc_column width=&#8221;1\/2&#8243; el_class=&#8221;parallax-column&#8221; min_height=&#8221;247px&#8221;]<figure class=\"vcex-image vcex-module wpex-clr background-parallax\"><div class=\"vcex-image-inner wpex-inline-block wpex-relative\"><img decoding=\"async\" loading=\"lazy\" class=\"wpex-w-100 wpex-align-middle\" src=\"https:\/\/home.agrian.com\/wp-content\/uploads\/2020\/08\/Background@2x@2x.jpg\" alt=\"\" width=\"1168\" height=\"464\" \/><\/div><\/figure>[\/vc_column][vc_column width=&#8221;1\/2&#8243;]<figure class=\"vcex-image vcex-module wpex-clr\"><div class=\"vcex-image-inner wpex-inline-block wpex-relative vc_custom_1596822977762\"><img decoding=\"async\" loading=\"lazy\" class=\"wpex-w-100 wpex-align-middle\" src=\"https:\/\/home.agrian.com\/wp-content\/uploads\/2020\/08\/Group-120.svg\" alt=\"\" \/><\/div><\/figure>[vc_column_text]\n<h2>A agroind\u00fastria demanda consist\u00eancia. E \u00e9 isso que estamos determinados a entregar, <strong>juntos. <\/strong><\/h2>\n<p>Clientes n\u00e3o querem saber o que faz um produto funcionar. Eles s\u00f3 querem que ele funcione, e esperam uma funcionalidade confi\u00e1vel e cont\u00ednua. Juntos, a Agrian e seus provedores de produtos parceiros entregam essa promessa. Seus clientes se beneficiar\u00e3o do recurso de dados mais completo do setor agr\u00edcola, com o suporte da melhor base de dados de bulas da ind\u00fastria.[\/vc_column_text][\/vc_column][\/vc_row][vc_row css=&#8221;.vc_custom_1597083247623{margin-top: 30px !important;margin-bottom: 20px !important;}&#8221;][vc_column]<div class=\"vcex-spacing wpex-w-100 wpex-clear visible-phone\" style=\"height:40px\"><\/div>[vc_row_inner][vc_column_inner width=&#8221;5\/6&#8243;][vc_column_text]\n<h2>Sem a necessidade de baixar outros softwares e com uma funcionalidade intuitiva, a plataforma da Agrian trabalha inteiramente para os seus clientes, criando relacionamentos duradouros e significativos.<\/h2>\n[\/vc_column_text][\/vc_column_inner][\/vc_row_inner][vc_tour interval=&#8221;0&#8243;][vc_tab title=&#8221;Busca de bulas da Agrian&#8221; tab_id=&#8221;35d6958f-91df-415966675617691596821631484&#8243;][vc_column_text]As melhores pr\u00e1ticas come\u00e7am com a busca de bulas da Agrian. R\u00e1pida, precisa e gr\u00e1tis para todos, inclusive os fabricantes, a busca de bulas \u00e9 um recurso importante da ind\u00fastria. \u00c9 a maior e mais completa na ind\u00fastria, com o suporte de mais de 500 fabricantes, garantindo que os clientes usem seus produtos com seguran\u00e7a, efici\u00eancia e efic\u00e1cia. Cada entrada inclui a bula do fabricante e documentos auxiliares, como FISPQ, as se\u00e7\u00f5es 24c e 2ee da FIFRA e certificados org\u00e2nicos. Tamb\u00e9m \u00e9 poss\u00edvel anunciar ou incorporar gratuitamente a busca de bulas em seu website.[\/vc_column_text][\/vc_tab][vc_tab title=&#8221;Plataforma modular&#8221; tab_id=&#8221;109125ea-a291-815966675617691596821631484&#8243;][vc_column_text]Estamos sempre prontos para integrar e formar parcerias. Um dos valores essenciais da Agrian \u00e9 atuar como um parceiro de excel\u00eancia. Esse \u00e9 um compromisso essencial. Compreendemos a import\u00e2ncia de formar parcerias com terceiros para preencher o espa\u00e7o entre a agronomia e as pr\u00e1ticas de gerenciamento de dados. Por isso criamos uma plataforma modular e f\u00e1cil de ser integrada, auxiliando seu servi\u00e7o com informa\u00e7\u00f5es corretas e conex\u00f5es, para beneficiar os seus clientes.[\/vc_column_text][\/vc_tab][vc_tab title=&#8221;Equipamento&#8221; tab_id=&#8221;1596666395200-2-615966675617691596821631484&#8243;][vc_column_text]Equipamentos precisam executar e terminar planos, enquanto coletam e monitoram novos dados. A integra\u00e7\u00e3o profunda da Agrian com grandes fabricantes de equipamentos completa e simplifica o ciclo de dados. A Agrian apoia os padr\u00f5es de interoperabilidade da ind\u00fastria, como o ISO e o ADAPT da AgGateway. Mas algumas empresas v\u00e3o al\u00e9m e licenciam os dados de refer\u00eancia da Agrian para melhorar a exatid\u00e3o e confiabilidade dos dados coletados. Grandes opera\u00e7\u00f5es agr\u00edcolas e provedores de servi\u00e7os enxergam enorme valor e efici\u00eancia em todos os passos do processo agron\u00f4mico usarem os mesmos dados de refer\u00eancia.[\/vc_column_text][\/vc_tab][\/vc_tour][\/vc_column][\/vc_row][vc_row content_placement=&#8221;middle&#8221; column_spacing=&#8221;0px&#8221; css=&#8221;.vc_custom_1597355599465{padding-top: 40px !important;padding-bottom: 60px !important;}&#8221;][vc_column width=&#8221;2\/3&#8243;][\/vc_column][vc_column width=&#8221;1\/3&#8243; css=&#8221;.vc_custom_1594060673005{border-top-width: 4px !important;border-right-width: 4px !important;border-bottom-width: 4px !important;border-left-width: 4px !important;padding-top: 20px !important;padding-right: 20px !important;padding-bottom: 20px !important;padding-left: 20px !important;border-left-color: #65869c !important;border-left-style: solid !important;border-right-color: #65869c !important;border-right-style: solid !important;border-top-color: #65869c !important;border-top-style: solid !important;border-bottom-color: #65869c !important;border-bottom-style: solid !important;}&#8221; el_class=&#8221;more-blogs&#8221;][vc_column_text text_align=&#8221;center&#8221; css=&#8221;.vc_custom_1596823285213{margin-bottom: 20px !important;}&#8221; el_class=&#8221;blue-header&#8221;]\n<h1>Anuncie com a<br \/>\n<strong>Agrian<\/strong><\/h1>\n[\/vc_column_text]<div class=\"textcenter theme-button-wrap wpex-clr\"><a href=\"#advertise-popup\" class=\"vcex-button theme-button align-center inline reverse-button wpex-lightbox\"><span class=\"theme-button-inner\">Saiba Mais<\/span><\/a><\/div> [\/vc_column][\/vc_row][vc_row typography_style=&#8221;white&#8221; remove_bottom_col_margin=&#8221;true&#8221; visibility=&#8221;hidden&#8221; el_id=&#8221;advertise-popup&#8221; css=&#8221;.vc_custom_1597356525085{background-color: #1d428a !important;}&#8221;][vc_column offset=&#8221;vc_col-sm-offset-0&#8243;][vc_row_inner][vc_column_inner width=&#8221;1\/2&#8243;]<figure class=\"vcex-image vcex-module wpex-clr\"><div class=\"vcex-image-inner wpex-inline-block wpex-relative vc_custom_1601067049906\" style=\"max-width:138px;\"><img decoding=\"async\" loading=\"lazy\" class=\"wpex-w-100 wpex-align-middle\" src=\"https:\/\/home.agrian.com\/wp-content\/uploads\/2020\/07\/logo-white-header.svg\" alt=\"\" \/><\/div><\/figure>[vc_column_text]A oferta de an\u00fancios da Agrian d\u00e1 a oportunidade dos fabricantes promoverem seus produtos por meio de banners e links para informa\u00e7\u00f5es promocionais em v\u00e1rias \u00e1reas das ferramentas da plataforma Agrian.<\/p>\n<p>Alcance um p\u00fablico alvo \u00fanico de consultores agr\u00edcolas, produtores e processadores, que est\u00e3o ativamente no ciclo de compras e s\u00e3o receptivos a ofertas e informa\u00e7\u00f5es \u00fateis.[\/vc_column_text][\/vc_column_inner][vc_column_inner width=&#8221;1\/2&#8243;]<div class=\"vcex-spacing wpex-w-100 wpex-clear hidden-phone\" style=\"height:33px\"><\/div>[vc_column_text el_class=&#8221;no-link&#8221;]\n<h3>Entre em contato com<br \/>\n<a href=\"mailto:Marketing@Agrian.com\">Marketing@Agrian.com<\/a> e saiba mais sobre nossas op\u00e7\u00f5es de an\u00fancios segmentados.<\/h3>\n[\/vc_column_text][\/vc_column_inner][\/vc_row_inner][\/vc_column][\/vc_row]\n","protected":false},"excerpt":{"rendered":"<p>[vc_row remove_bottom_col_margin=&#8221;true&#8221;][vc_column width=&#8221;1\/2&#8243; el_class=&#8221;parallax-column&#8221; min_height=&#8221;247px&#8221;][\/vc_column][vc_column width=&#8221;1\/2&#8243;][vc_column_text] A agroind\u00fastria demanda consist\u00eancia. E \u00e9 isso que estamos determinados a entregar, juntos. Clientes n\u00e3o querem saber o que faz um produto funcionar. Eles s\u00f3 querem que ele funcione, e esperam uma funcionalidade confi\u00e1vel&hellip;<\/p>\n","protected":false},"author":7,"featured_media":0,"parent":0,"menu_order":0,"comment_status":"closed","ping_status":"closed","template":"","meta":{"footnotes":""},"yoast_head":"<!-- This site is optimized with the Yoast SEO plugin v15.6.2 - https:\/\/yoast.com\/wordpress\/plugins\/seo\/ -->\n<title>Fornecedores de produtos - TELUS Agronomy<\/title>\n<meta name=\"robots\" content=\"index, follow, max-snippet:-1, max-image-preview:large, max-video-preview:-1\" \/>\n<link rel=\"canonical\" href=\"https:\/\/home.agrian.com\/pt-br\/product-provider\/\" \/>\n<meta property=\"og:locale\" content=\"pt_BR\" \/>\n<meta property=\"og:type\" content=\"article\" \/>\n<meta property=\"og:title\" content=\"Fornecedores de produtos - TELUS Agronomy\" \/>\n<meta property=\"og:description\" content=\"[vc_row remove_bottom_col_margin=&#8221;true&#8221;][vc_column width=&#8221;1\/2&#8243; el_class=&#8221;parallax-column&#8221; min_height=&#8221;247px&#8221;][\/vc_column][vc_column width=&#8221;1\/2&#8243;][vc_column_text] A agroind\u00fastria demanda consist\u00eancia. E \u00e9 isso que estamos determinados a entregar, juntos. Clientes n\u00e3o querem saber o que faz um produto funcionar. Eles s\u00f3 querem que ele funcione, e esperam uma funcionalidade confi\u00e1vel&hellip;\" \/>\n<meta property=\"og:url\" content=\"https:\/\/home.agrian.com\/pt-br\/product-provider\/\" \/>\n<meta property=\"og:site_name\" content=\"TELUS Agronomy\" \/>\n<meta property=\"article:modified_time\" content=\"2021-03-23T21:53:43+00:00\" \/>\n<meta name=\"twitter:card\" content=\"summary\" \/>\n<meta name=\"twitter:label1\" content=\"Est. reading time\">\n\t<meta name=\"twitter:data1\" content=\"4 minutos\">\n<script type=\"application\/ld+json\" class=\"yoast-schema-graph\">{\"@context\":\"https:\/\/schema.org\",\"@graph\":[{\"@type\":\"WebSite\",\"@id\":\"http:\/\/home.agrian.com\/#website\",\"url\":\"http:\/\/home.agrian.com\/\",\"name\":\"TELUS Agronomy\",\"description\":\"\",\"potentialAction\":[{\"@type\":\"SearchAction\",\"target\":\"http:\/\/home.agrian.com\/?s={search_term_string}\",\"query-input\":\"required name=search_term_string\"}],\"inLanguage\":\"pt-BR\"},{\"@type\":\"WebPage\",\"@id\":\"https:\/\/home.agrian.com\/pt-br\/product-provider\/#webpage\",\"url\":\"https:\/\/home.agrian.com\/pt-br\/product-provider\/\",\"name\":\"Fornecedores de produtos - TELUS Agronomy\",\"isPartOf\":{\"@id\":\"http:\/\/home.agrian.com\/#website\"},\"datePublished\":\"2020-12-22T19:46:05+00:00\",\"dateModified\":\"2021-03-23T21:53:43+00:00\",\"breadcrumb\":{\"@id\":\"https:\/\/home.agrian.com\/pt-br\/product-provider\/#breadcrumb\"},\"inLanguage\":\"pt-BR\",\"potentialAction\":[{\"@type\":\"ReadAction\",\"target\":[\"https:\/\/home.agrian.com\/pt-br\/product-provider\/\"]}]},{\"@type\":\"BreadcrumbList\",\"@id\":\"https:\/\/home.agrian.com\/pt-br\/product-provider\/#breadcrumb\",\"itemListElement\":[{\"@type\":\"ListItem\",\"position\":1,\"item\":{\"@type\":\"WebPage\",\"@id\":\"https:\/\/home.agrian.com\/pt-br\/product-provider\/\",\"url\":\"https:\/\/home.agrian.com\/pt-br\/product-provider\/\",\"name\":\"Fornecedores de produtos\"}}]}]}<\/script>\n<!-- \/ Yoast SEO plugin. -->","_links":{"self":[{"href":"https:\/\/home.agrian.com\/pt-br\/wp-json\/wp\/v2\/pages\/2096"}],"collection":[{"href":"https:\/\/home.agrian.com\/pt-br\/wp-json\/wp\/v2\/pages"}],"about":[{"href":"https:\/\/home.agrian.com\/pt-br\/wp-json\/wp\/v2\/types\/page"}],"author":[{"embeddable":true,"href":"https:\/\/home.agrian.com\/pt-br\/wp-json\/wp\/v2\/users\/7"}],"replies":[{"embeddable":true,"href":"https:\/\/home.agrian.com\/pt-br\/wp-json\/wp\/v2\/comments?post=2096"}],"version-history":[{"count":4,"href":"https:\/\/home.agrian.com\/pt-br\/wp-json\/wp\/v2\/pages\/2096\/revisions"}],"predecessor-version":[{"id":6066,"href":"https:\/\/home.agrian.com\/pt-br\/wp-json\/wp\/v2\/pages\/2096\/revisions\/6066"}],"wp:attachment":[{"href":"https:\/\/home.agrian.com\/pt-br\/wp-json\/wp\/v2\/media?parent=2096"}],"curies":[{"name":"wp","href":"https:\/\/api.w.org\/{rel}","templated":true}]}}