{"id":1955,"date":"2020-12-22T13:44:17","date_gmt":"2020-12-22T19:44:17","guid":{"rendered":"https:\/\/home.agrian.com\/empresas-de-alimentos\/"},"modified":"2021-03-23T16:53:55","modified_gmt":"2021-03-23T21:53:55","slug":"food-companies","status":"publish","type":"page","link":"https:\/\/home.agrian.com\/pt-br\/food-companies\/","title":{"rendered":"Empresa de alimentos"},"content":{"rendered":"[vc_row content_placement=&#8221;middle&#8221; remove_bottom_col_margin=&#8221;true&#8221;][vc_column width=&#8221;1\/2&#8243; el_class=&#8221;parallax-column&#8221;]<figure class=\"vcex-image vcex-module wpex-clr background-parallax parallax-up\"><div class=\"vcex-image-inner wpex-inline-block wpex-relative\"><img decoding=\"async\" loading=\"lazy\" class=\"wpex-w-100 wpex-align-middle\" src=\"https:\/\/home.agrian.com\/wp-content\/uploads\/2020\/08\/Orchard_BG@2x.jpg\" alt=\"\" width=\"2336\" height=\"1328\" \/><\/div><\/figure><figure class=\"vcex-image vcex-module wpex-clr foreground-parallax parallax-down\"><div class=\"vcex-image-inner wpex-inline-block wpex-relative vc_custom_1597677164986\"><img decoding=\"async\" loading=\"lazy\" class=\"wpex-w-100 wpex-align-middle\" src=\"https:\/\/home.agrian.com\/wp-content\/uploads\/2020\/08\/isolated_apple@2x.png\" alt=\"\" width=\"1992\" height=\"1283\" \/><\/div><\/figure>[\/vc_column][vc_column width=&#8221;1\/2&#8243; css=&#8221;.vc_custom_1597679313316{padding-bottom: 30px !important;}&#8221;]<figure class=\"vcex-image vcex-module wpex-clr\"><div class=\"vcex-image-inner wpex-inline-block wpex-relative vc_custom_1597081614436\" style=\"max-width:41px;\"><img decoding=\"async\" loading=\"lazy\" class=\"wpex-w-100 wpex-align-middle\" src=\"https:\/\/home.agrian.com\/wp-content\/uploads\/2020\/08\/greenfood.svg\" alt=\"\" \/><\/div><\/figure>[vc_column_text el_class=&#8221;green-header&#8221;]\n<h2>Do campo, <span class=\"green-text\"><strong>para a mesa. <\/strong><\/span><\/h2>\n<p>Para os consumidores, rastrear a cadeia de suprimentos de alimentos parece uma tarefa simples, mas n\u00f3s produtores sabemos que \u00e9 um trabalho altamente complexo. S\u00e3o necess\u00e1rios padr\u00f5es consistentes e tecnologia de ponta para responder \u00e0s demandas da nossa cadeia de alimentos por coleta de informa\u00e7\u00e3o.[\/vc_column_text][\/vc_column][\/vc_row][vc_row css=&#8221;.vc_custom_1596821790697{margin-bottom: 20px !important;}&#8221;][vc_column]<div class=\"vcex-spacing wpex-w-100 wpex-clear hide-at-mm-breakpoint\" style=\"height:20px\"><\/div><div class=\"vcex-spacing wpex-w-100 wpex-clear show-at-mm-breakpoint\" style=\"height:60px\"><\/div>[vc_row_inner][vc_column_inner width=&#8221;7\/12&#8243;][vc_column_text]\n<h2>A Agrian tem recursos especiais desenvolvidos para empresas de alimentos.<\/h2>\n[\/vc_column_text][\/vc_column_inner][\/vc_row_inner][vc_tour interval=&#8221;0&#8243; el_class=&#8221;green&#8221;][vc_tab title=&#8221;Gerenciamento de Produtores&#8221; tab_id=&#8221;35d6958f-91df-415966675617691596821631484&#8243;][vc_column_text css=&#8221;.vc_custom_1594233765277{margin-bottom: 10px !important;}&#8221;]<span class=\"green-text\"><strong>Compartilhe dados de colheita a n\u00edvel de campo com produtores, processadores e ag\u00eancias governamentais, com seguran\u00e7a e extrema precis\u00e3o.<\/strong><\/span>[\/vc_column_text][vc_column_text]Processadores de alimentos trabalham com centenas de produtores, consultores e aplicadores agr\u00edcolas. A Agrian agiliza a comunica\u00e7\u00e3o com esses parceiros, possibilitando que todos usem o sistema da Agrian para inserir suas informa\u00e7\u00f5es em um \u00fanico reposit\u00f3rio. \u00c9 uma solu\u00e7\u00e3o simples e flex\u00edvel. Sua conta Agrian de processador pode ser vinculada a qualquer produtor, consultor ou aplicador.[\/vc_column_text][\/vc_tab][vc_tab title=&#8221;Manuten\u00e7\u00e3o de registros &amp; de conformidade&#8221; tab_id=&#8221;109125ea-a291-815966675617691596821631484&#8243;][vc_column_text css=&#8221;.vc_custom_1596821686145{margin-bottom: 10px !important;}&#8221;]<strong>Garanta a seguran\u00e7a de seu neg\u00f3cio com registros digitais e verifica\u00e7\u00f5es de conformidade automatizadas.<\/strong>[\/vc_column_text][vc_column_text]Para processadores, a colheita da safra \u00e9 um per\u00edodo de grande atividade e uma montanha de papelada. A Agrian agiliza a transmiss\u00e3o eletr\u00f4nica de dados e oferece uma ferramenta eletr\u00f4nica robusta de verifica\u00e7\u00e3o de conformidade dos dados enviados pelos produtores, consultores e aplicadores agr\u00edcolas durante toda a safra. A Agrian reduz os riscos ao remover o elemento humano e cruzar as informa\u00e7\u00f5es enviadas com bulas aprovadas pelos fabricantes ou com crit\u00e9rios internos de conformidade.[\/vc_column_text][\/vc_tab][vc_tab title=&#8221;Mobilidade&#8221; tab_id=&#8221;1596666395200-2-615966675617691596821631484&#8243;][vc_column_text css=&#8221;.vc_custom_1596821713883{margin-bottom: 10px !important;}&#8221;]<strong>Nossos recursos m\u00f3veis v\u00e3o modernizar seu fluxo de trabalho em um instante.<\/strong>[\/vc_column_text][vc_column_text]O Agrian Mobile permite que os processadores desenvolvam registros customizados que podem ser acessados facilmente por produtores, consultores e aplicadores agr\u00edcolas, no escrit\u00f3rio ou diretamente do campo por dispositivos m\u00f3veis. O produtor e seus representantes podem mapear, rastrear e gravar notas em cada visita \u00e0 lavoura durante a safra.[\/vc_column_text][\/vc_tab][\/vc_tour]<div class=\"vcex-spacing wpex-w-100 wpex-clear hide-at-mm-breakpoint\" style=\"height:50px\"><\/div>[\/vc_column][\/vc_row][vc_row full_width=&#8221;stretch_row&#8221; content_placement=&#8221;middle&#8221; parallax=&#8221;content-moving&#8221; typography_style=&#8221;white&#8221; css=&#8221;.vc_custom_1600739298873{padding-top: 105px !important;padding-bottom: 100px !important;background-image: url(https:\/\/home.agrian.com\/wp-content\/uploads\/2020\/08\/Group-227@2x.jpg?id=477) !important;background-position: center;background-repeat: no-repeat;background-size: cover !important;}&#8221;][vc_column width=&#8221;5\/12&#8243;]<div class=\"vcex-module vcex-milestone wpex-text-center wpex-clr\"><div class=\"vcex-milestone-inner wpex-inline-block\"><div class=\"vcex-milestone-desc\"><div class=\"vcex-milestone-number wpex-leading-none wpex-font-semibold wpex-text-gray-400\"><span class=\"vcex-milestone-time vcex-countup\" data-options=\"{&quot;startVal&quot;:0,&quot;endVal&quot;:200000,&quot;duration&quot;:2.5,&quot;decimals&quot;:0,&quot;separator&quot;:&quot;,&quot;,&quot;decimal&quot;:&quot;.&quot;}\">0<\/span><span class=\"vcex-milestone-after\">+<\/span><\/div><\/div><\/div><\/div>[\/vc_column][vc_column width=&#8221;7\/12&#8243;][vc_column_text]\n<h3>Com mais de 200.000 usu\u00e1rios, Agrian \u00e9 a escolha n\u00famero um da ind\u00fastria de alimentos para rastrear, gravar e compartilhar informa\u00e7\u00f5es.<\/h3>\n[\/vc_column_text][\/vc_column][\/vc_row][vc_row content_placement=&#8221;middle&#8221; column_spacing=&#8221;0px&#8221; css=&#8221;.vc_custom_1596822813054{padding-top: 40px !important;padding-bottom: 10px !important;}&#8221;][vc_column width=&#8221;2\/3&#8243;][\/vc_column][vc_column width=&#8221;1\/3&#8243; css=&#8221;.vc_custom_1594060673005{border-top-width: 4px !important;border-right-width: 4px !important;border-bottom-width: 4px !important;border-left-width: 4px !important;padding-top: 20px !important;padding-right: 20px !important;padding-bottom: 20px !important;padding-left: 20px !important;border-left-color: #65869c !important;border-left-style: solid !important;border-right-color: #65869c !important;border-right-style: solid !important;border-top-color: #65869c !important;border-top-style: solid !important;border-bottom-color: #65869c !important;border-bottom-style: solid !important;}&#8221; el_class=&#8221;more-blogs&#8221;][vc_column_text text_align=&#8221;center&#8221; css=&#8221;.vc_custom_1594061659013{margin-bottom: 20px !important;}&#8221; el_class=&#8221;blue-header&#8221;]\n<h3>Tem interesse em<br \/>\nler mais posts?<\/h3>\n[\/vc_column_text]<div class=\"textcenter theme-button-wrap wpex-clr\"><a href=\"http:\/\/home.agrian.com\/pt-br\/company\/blog\/\" class=\"vcex-button theme-button align-center inline reverse-button\"><span class=\"theme-button-inner\">Saiba Mais<\/span><\/a><\/div> [\/vc_column][\/vc_row][vc_row remove_bottom_col_margin=&#8221;true&#8221; visibility=&#8221;visible-phone&#8221;][vc_column]<div class=\"vcex-spacing wpex-w-100 wpex-clear\" style=\"height:30px\"><\/div>[\/vc_column][\/vc_row][vc_row full_width=&#8221;stretch_row&#8221; content_placement=&#8221;middle&#8221; css=&#8221;.vc_custom_1596493166978{padding-top: 60px !important;padding-right: 35px !important;padding-bottom: 20px !important;padding-left: 35px !important;background-color: #e8ecf4 !important;}&#8221;][vc_column width=&#8221;7\/12&#8243; offset=&#8221;vc_col-md-offset-1 vc_col-md-6 vc_col-sm-offset-0&#8243;]<div class=\"vcex-spacing wpex-w-100 wpex-clear hidden-phone\" style=\"height:30px\"><\/div>[vc_row_inner remove_bottom_col_margin=&#8221;true&#8221; columns_right=&#8221;yes&#8221;][vc_column_inner width=&#8221;3\/4&#8243;][vc_column_text el_class=&#8221;blue-header text-sm-center&#8221;]\n<h3>Quer conversar sobre como a Agrian pode ajudar voc\u00ea?<\/h3>\n[\/vc_column_text][\/vc_column_inner][\/vc_row_inner]<div class=\"vcex-spacing wpex-w-100 wpex-clear hidden-phone\" style=\"height:30px\"><\/div>[\/vc_column][vc_column width=&#8221;1\/3&#8243; offset=&#8221;vc_col-sm-offset-1&#8243; el_class=&#8221;text-sm-center&#8221;]<a href=\"\/pt-br\/contact\/\" class=\"vcex-button theme-button inline\"><span class=\"theme-button-inner\">Solicite uma demo<\/span><\/a> [\/vc_column][\/vc_row]\n","protected":false},"excerpt":{"rendered":"<p>[vc_row content_placement=&#8221;middle&#8221; remove_bottom_col_margin=&#8221;true&#8221;][vc_column width=&#8221;1\/2&#8243; el_class=&#8221;parallax-column&#8221;][\/vc_column][vc_column width=&#8221;1\/2&#8243; css=&#8221;.vc_custom_1597679313316{padding-bottom: 30px !important;}&#8221;][vc_column_text el_class=&#8221;green-header&#8221;] Do campo, para a mesa. Para os consumidores, rastrear a cadeia de suprimentos de alimentos parece uma tarefa simples, mas n\u00f3s produtores sabemos que \u00e9 um trabalho altamente complexo. S\u00e3o&hellip;<\/p>\n","protected":false},"author":7,"featured_media":0,"parent":0,"menu_order":0,"comment_status":"closed","ping_status":"closed","template":"","meta":{"footnotes":""},"yoast_head":"<!-- This site is optimized with the Yoast SEO plugin v15.6.2 - https:\/\/yoast.com\/wordpress\/plugins\/seo\/ -->\n<title>Empresa de alimentos - TELUS Agronomy<\/title>\n<meta name=\"robots\" content=\"index, follow, max-snippet:-1, max-image-preview:large, max-video-preview:-1\" \/>\n<link rel=\"canonical\" href=\"https:\/\/home.agrian.com\/pt-br\/food-companies\/\" \/>\n<meta property=\"og:locale\" content=\"pt_BR\" \/>\n<meta property=\"og:type\" content=\"article\" \/>\n<meta property=\"og:title\" content=\"Empresa de alimentos - TELUS Agronomy\" \/>\n<meta property=\"og:description\" content=\"[vc_row content_placement=&#8221;middle&#8221; remove_bottom_col_margin=&#8221;true&#8221;][vc_column width=&#8221;1\/2&#8243; el_class=&#8221;parallax-column&#8221;][\/vc_column][vc_column width=&#8221;1\/2&#8243; css=&#8221;.vc_custom_1597679313316{padding-bottom: 30px !important;}&#8221;][vc_column_text el_class=&#8221;green-header&#8221;] Do campo, para a mesa. Para os consumidores, rastrear a cadeia de suprimentos de alimentos parece uma tarefa simples, mas n\u00f3s produtores sabemos que \u00e9 um trabalho altamente complexo. S\u00e3o&hellip;\" \/>\n<meta property=\"og:url\" content=\"https:\/\/home.agrian.com\/pt-br\/food-companies\/\" \/>\n<meta property=\"og:site_name\" content=\"TELUS Agronomy\" \/>\n<meta property=\"article:modified_time\" content=\"2021-03-23T21:53:55+00:00\" \/>\n<meta name=\"twitter:card\" content=\"summary\" \/>\n<meta name=\"twitter:label1\" content=\"Est. reading time\">\n\t<meta name=\"twitter:data1\" content=\"5 minutos\">\n<script type=\"application\/ld+json\" class=\"yoast-schema-graph\">{\"@context\":\"https:\/\/schema.org\",\"@graph\":[{\"@type\":\"WebSite\",\"@id\":\"http:\/\/home.agrian.com\/#website\",\"url\":\"http:\/\/home.agrian.com\/\",\"name\":\"TELUS Agronomy\",\"description\":\"\",\"potentialAction\":[{\"@type\":\"SearchAction\",\"target\":\"http:\/\/home.agrian.com\/?s={search_term_string}\",\"query-input\":\"required name=search_term_string\"}],\"inLanguage\":\"pt-BR\"},{\"@type\":\"WebPage\",\"@id\":\"https:\/\/home.agrian.com\/pt-br\/food-companies\/#webpage\",\"url\":\"https:\/\/home.agrian.com\/pt-br\/food-companies\/\",\"name\":\"Empresa de alimentos - TELUS Agronomy\",\"isPartOf\":{\"@id\":\"http:\/\/home.agrian.com\/#website\"},\"datePublished\":\"2020-12-22T19:44:17+00:00\",\"dateModified\":\"2021-03-23T21:53:55+00:00\",\"breadcrumb\":{\"@id\":\"https:\/\/home.agrian.com\/pt-br\/food-companies\/#breadcrumb\"},\"inLanguage\":\"pt-BR\",\"potentialAction\":[{\"@type\":\"ReadAction\",\"target\":[\"https:\/\/home.agrian.com\/pt-br\/food-companies\/\"]}]},{\"@type\":\"BreadcrumbList\",\"@id\":\"https:\/\/home.agrian.com\/pt-br\/food-companies\/#breadcrumb\",\"itemListElement\":[{\"@type\":\"ListItem\",\"position\":1,\"item\":{\"@type\":\"WebPage\",\"@id\":\"https:\/\/home.agrian.com\/pt-br\/food-companies\/\",\"url\":\"https:\/\/home.agrian.com\/pt-br\/food-companies\/\",\"name\":\"Empresa de alimentos\"}}]}]}<\/script>\n<!-- \/ Yoast SEO plugin. -->","_links":{"self":[{"href":"https:\/\/home.agrian.com\/pt-br\/wp-json\/wp\/v2\/pages\/1955"}],"collection":[{"href":"https:\/\/home.agrian.com\/pt-br\/wp-json\/wp\/v2\/pages"}],"about":[{"href":"https:\/\/home.agrian.com\/pt-br\/wp-json\/wp\/v2\/types\/page"}],"author":[{"embeddable":true,"href":"https:\/\/home.agrian.com\/pt-br\/wp-json\/wp\/v2\/users\/7"}],"replies":[{"embeddable":true,"href":"https:\/\/home.agrian.com\/pt-br\/wp-json\/wp\/v2\/comments?post=1955"}],"version-history":[{"count":4,"href":"https:\/\/home.agrian.com\/pt-br\/wp-json\/wp\/v2\/pages\/1955\/revisions"}],"predecessor-version":[{"id":6067,"href":"https:\/\/home.agrian.com\/pt-br\/wp-json\/wp\/v2\/pages\/1955\/revisions\/6067"}],"wp:attachment":[{"href":"https:\/\/home.agrian.com\/pt-br\/wp-json\/wp\/v2\/media?parent=1955"}],"curies":[{"name":"wp","href":"https:\/\/api.w.org\/{rel}","templated":true}]}}