{"id":1756,"date":"2020-12-22T13:39:52","date_gmt":"2020-12-22T19:39:52","guid":{"rendered":"https:\/\/home.agrian.com\/pagina-inicial\/"},"modified":"2021-03-16T15:52:05","modified_gmt":"2021-03-16T20:52:05","slug":"pagina-inicial","status":"publish","type":"page","link":"https:\/\/home.agrian.com\/pt-br\/","title":{"rendered":"P\u00e1gina Inicial"},"content":{"rendered":"[vc_row content_placement=&#8221;middle&#8221; column_spacing=&#8221;0px&#8221; css=&#8221;.vc_custom_1600965893059{margin-bottom: 10px !important;}&#8221;][vc_column width=&#8221;1\/2&#8243; offset=&#8221;vc_col-lg-offset-0 vc_col-md-offset-0 vc_col-sm-offset-0&#8243;][vc_raw_html el_class=&#8221;homepage-video&#8221;]PHZpZGVvIGF1dG9wbGF5IGxvb3AgbXV0ZWQgcHJlbG9hZD0ibWV0YWRhdGEiIHBsYXlzaW5saW5lPgo8c291cmNlIHNyYz0iL3dwLWNvbnRlbnQvdXBsb2Fkcy8yMDIxLzAxL2Fncmlhbi1ob21lLXBvcnR1Z2VzZS5tcDQiIHR5cGU9InZpZGVvL21wNCI+CjwvdmlkZW8+[\/vc_raw_html][\/vc_column][vc_column width=&#8221;1\/2&#8243;][vc_column_text el_class=&#8221;green-header bigger1&#8243; css=&#8221;.vc_custom_1597846838552{margin-bottom: 10px !important;}&#8221;]\n<h2>O software agr\u00edcola que ajuda voc\u00ea a crescer <strong>com seguran\u00e7a e lucratividade.<\/strong><\/h2>\n[\/vc_column_text][vc_column_text css=&#8221;.vc_custom_1595011812813{margin-bottom: 20px !important;}&#8221;]A Agrian oferece a parceria tecnol\u00f3gica para cada est\u00e1gio de crescimento do seu neg\u00f3cio.[\/vc_column_text]<a href=\"https:\/\/home.agrian.com\/pt-br\/platform\/\" class=\"vcex-button theme-button inline\"><span class=\"theme-button-inner\">Nossa Plataforma<\/span><\/a> [\/vc_column][\/vc_row][vc_row remove_bottom_col_margin=&#8221;true&#8221; css=&#8221;.vc_custom_1600970226191{margin-bottom: 75px !important;}&#8221;][vc_column css=&#8221;.vc_custom_1600970286472{margin-bottom: 0px !important;}&#8221;]<div class=\"vcex-spacing wpex-w-100 wpex-clear hidden-phone\" style=\"height:30px\"><\/div>[\/vc_column][\/vc_row][vc_row full_width=&#8221;stretch_row&#8221; parallax=&#8221;content-moving&#8221; remove_bottom_col_margin=&#8221;true&#8221; css=&#8221;.vc_custom_1600739150569{padding-top: 47px !important;padding-bottom: 34px !important;background-image: url(https:\/\/home.agrian.com\/wp-content\/uploads\/2020\/09\/iStock-175500530@2x-1-scaled.jpg?id=909) !important;background-position: center;background-repeat: no-repeat;background-size:cover;}&#8221;][vc_column width=&#8221;2\/3&#8243; offset=&#8221;vc_col-md-offset-3 vc_col-md-6 vc_col-sm-offset-2&#8243; css=&#8221;.vc_custom_1595017030431{padding-right: 40px !important;padding-left: 40px !important;}&#8221;][vc_column_text text_align=&#8221;center&#8221; css=&#8221;.vc_custom_1595016806839{margin-bottom: 10px !important;}&#8221;]\n<h3>Busque na base de dados de bulas da Agrian<\/h3>\n[\/vc_column_text][vc_column_text text_align=&#8221;center&#8221; css=&#8221;.vc_custom_1595515097467{margin-bottom: 10px !important;}&#8221;]O uso \u00e9 gratuito. Mais de 12.000 bulas verificadas e indenizadas pelos fabricantes. Comece a buscar.[\/vc_column_text][vc_raw_html]JTNDZm9ybSUyMGlkJTNEJTIyaG9tZWxvb2t1cGZvcm0lMjIlMjBjbGFzcyUzRCUyMmNlbnRlci1ibG9jayUyMGxvb2t1cC1mb3JtJTIyJTIwYWN0aW9uJTNEJTIyaHR0cHMlM0ElMkYlMkZhZ3JpYW4uY29tJTJGbGFiZWxjZW50ZXIlMkZyZXN1bHRzLmNmbSUyMiUyMG1ldGhvZCUzRCUyMkdFVCUyMiUyMHRhcmdldCUzRCUyMnJlc3VsdCUyMiUzRSUwQSUzQ2RpdiUyMGNsYXNzJTNEJTIyZm9ybS1ncm91cCUyMiUzRSUzQ2lucHV0JTIwbmFtZSUzRCUyMnMlMjIlMjB0eXBlJTNEJTIydGV4dCUyMiUyMHBsYWNlaG9sZGVyJTNEJTIyQnVzY2ElMjBkZSUyMGJ1bGFzJTIyJTIwJTJGJTNFJTNDJTJGZGl2JTNFJTBBJTNDZGl2JTIwY2xhc3MlM0QlMjJmb3JtLWdyb3VwJTIwZm9ybS1idXR0b24lMjIlM0UlM0NidXR0b24lMjBpZCUzRCUyMmhvbWVsYWJlbGxvb2t1cCUyMiUyMGNsYXNzJTNEJTIyYnRuJTIwYnRuLXByaW1hcnklMjIlM0VCdXNjYXIlM0MlMkZidXR0b24lM0UlM0MlMkZkaXYlM0UlMEElM0MlMkZmb3JtJTNF[\/vc_raw_html][\/vc_column][\/vc_row][vc_row remove_bottom_col_margin=&#8221;true&#8221; css=&#8221;.vc_custom_1600114504301{margin-top: 20px !important;margin-bottom: 60px !important;}&#8221;][vc_column][vc_column_text text_align=&#8221;center&#8221;]Voc\u00ea sabia que \u00e9 poss\u00edvel acessar nossa base de dados de bulas pelo <a href=\"https:\/\/home.agrian.com\/pt-br\/mobile-app\/\">Agrian Mobile<\/a>?[\/vc_column_text][\/vc_column][\/vc_row][vc_row remove_bottom_col_margin=&#8221;true&#8221; css=&#8221;.vc_custom_1595515187652{margin-bottom: 36px !important;}&#8221; local_scroll_id=&#8221;workflow&#8221;][vc_column offset=&#8221;vc_col-md-offset-0 vc_col-sm-offset-0&#8243;][vc_column_text el_class=&#8221;green-header&#8221; text_align=&#8221;center&#8221;]\n<h2>Conhe\u00e7a um fluxo de trabalho conectado.<\/h2>\n[\/vc_column_text][vc_column_text el_class=&#8221;green-header&#8221; css=&#8221;.vc_custom_1595017435215{margin-bottom: 10px !important;}&#8221; text_align=&#8221;center&#8221;]\n<h2>Nossa plataforma foi <strong>feita para voc\u00ea.<\/strong><\/h2>\n[\/vc_column_text][\/vc_column][\/vc_row][vc_row remove_bottom_col_margin=&#8221;true&#8221;][vc_column width=&#8221;5\/6&#8243; offset=&#8221;vc_col-sm-offset-1&#8243;][vc_tabs style=&#8221;alternative-two&#8221; interval=&#8221;0&#8243; el_class=&#8221;workflow-tabs hide-first&#8221;][vc_tab title=&#8221;Padr\u00e3o&#8221; tab_id=&#8221;1600446022370-3-7&#8243;]<figure class=\"vcex-image vcex-module wpex-clr textcenter hide-first\"><div class=\"vcex-image-inner wpex-inline-block wpex-relative\"><img decoding=\"async\" loading=\"lazy\" class=\"wpex-w-100 wpex-align-middle\" src=\"https:\/\/home.agrian.com\/wp-content\/uploads\/2021\/03\/None-Selected@2x-br.jpg\" alt=\"\" width=\"1430\" height=\"810\" \/><\/div><\/figure>[\/vc_tab][vc_tab title=&#8221;Produtor&#8221; tab_id=&#8221;c4884d3e-87c6-3&#8243;]<figure class=\"vcex-image vcex-module wpex-clr textcenter\"><div class=\"vcex-image-inner wpex-inline-block wpex-relative\"><img decoding=\"async\" loading=\"lazy\" class=\"wpex-w-100 wpex-align-middle\" src=\"https:\/\/home.agrian.com\/wp-content\/uploads\/2021\/03\/Grower-Selected@2x-br.jpg\" alt=\"\" width=\"1430\" height=\"810\" \/><\/div><\/figure>[\/vc_tab][vc_tab title=&#8221;Consultor agr\u00edcola&#8221; tab_id=&#8221;47aad153-e6d9-4&#8243;]<figure class=\"vcex-image vcex-module wpex-clr textcenter\"><div class=\"vcex-image-inner wpex-inline-block wpex-relative\"><img decoding=\"async\" loading=\"lazy\" class=\"wpex-w-100 wpex-align-middle\" src=\"https:\/\/home.agrian.com\/wp-content\/uploads\/2021\/03\/Ag-Advisor-Selected@2x-br.jpg\" alt=\"\" width=\"1430\" height=\"810\" \/><\/div><\/figure>[\/vc_tab][vc_tab title=&#8221;Empresa de alimentos&#8221; tab_id=&#8221;1596724300788-2-8&#8243;]<figure class=\"vcex-image vcex-module wpex-clr textcenter\"><div class=\"vcex-image-inner wpex-inline-block wpex-relative\"><img decoding=\"async\" loading=\"lazy\" class=\"wpex-w-100 wpex-align-middle\" src=\"https:\/\/home.agrian.com\/wp-content\/uploads\/2021\/03\/Food-Company-Selected@2x-es.jpg\" alt=\"\" width=\"1430\" height=\"810\" \/><\/div><\/figure>[\/vc_tab][\/vc_tabs][\/vc_column][\/vc_row][vc_row css=&#8221;.vc_custom_1595018290301{margin-bottom: 6px !important;}&#8221;][vc_column]<a href=\"https:\/\/home.agrian.com\/pt-br\/platform\/\" class=\"vcex-button theme-button align-right inline\"><span class=\"theme-button-inner\">Descubra Agora<\/span><\/a> [\/vc_column][\/vc_row][vc_row content_placement=&#8221;middle&#8221; column_spacing=&#8221;0px&#8221; remove_bottom_col_margin=&#8221;true&#8221; css=&#8221;.vc_custom_1595270787822{margin-bottom: 25px !important;}&#8221;][vc_column width=&#8221;1\/2&#8243; css=&#8221;.vc_custom_1595281470621{margin-right: 15px !important;margin-left: 15px !important;}&#8221;][vc_row_inner content_placement=&#8221;bottom&#8221; gap=&#8221;25&#8243;][vc_column_inner width=&#8221;1\/2&#8243; offset=&#8221;vc_col-xs-6&#8243;]<figure class=\"vcex-image vcex-module wpex-clr textright shadow-image slide-image slide-0 width-83\"><div class=\"vcex-image-inner wpex-inline-block wpex-relative vc_custom_1600794880826\"><img decoding=\"async\" loading=\"lazy\" class=\"wpex-w-100 wpex-align-middle\" src=\"https:\/\/home.agrian.com\/wp-content\/uploads\/2020\/08\/B-Scouting-w-Imagery-Image@2x-1.jpg\" alt=\"\" width=\"416\" height=\"446\" \/><\/div><\/figure><figure class=\"vcex-image vcex-module wpex-clr textright shadow-image slide-image slide-2\"><div class=\"vcex-image-inner wpex-inline-block wpex-relative\"><img decoding=\"async\" loading=\"lazy\" class=\"wpex-w-100 wpex-align-middle\" src=\"https:\/\/home.agrian.com\/wp-content\/uploads\/2020\/08\/A-Crop-Records-Image@2x-1.jpg\" alt=\"\" width=\"498\" height=\"364\" \/><\/div><\/figure>[\/vc_column_inner][vc_column_inner width=&#8221;1\/2&#8243; offset=&#8221;vc_col-xs-6&#8243;]<figure class=\"vcex-image vcex-module wpex-clr shadow-image slide-image slide-1\"><div class=\"vcex-image-inner wpex-inline-block wpex-relative vc_custom_1596728891588\"><img decoding=\"async\" loading=\"lazy\" class=\"wpex-w-100 wpex-align-middle\" src=\"https:\/\/home.agrian.com\/wp-content\/uploads\/2020\/08\/C-Label-Center-Image@2x-1.jpg\" alt=\"\" width=\"450\" height=\"620\" \/><\/div><\/figure>[\/vc_column_inner][\/vc_row_inner][\/vc_column][vc_column width=&#8221;5\/12&#8243; offset=&#8221;vc_col-sm-offset-1&#8243; el_class=&#8221;slideshow-column&#8221;][vc_row_inner][vc_column_inner][vc_column_text css=&#8221;.vc_custom_1595270970850{margin-bottom: 15px !important;}&#8221;]\n<h2>Seu fluxo de trabalho, <strong>trabalhando para voc\u00ea.<\/strong><\/h2>\n[\/vc_column_text][vc_column_text css=&#8221;.vc_custom_1596724205118{margin-bottom: 15px !important;}&#8221;]Com o Agrian, voc\u00ea tem o poder de um fluxo de trabalho capaz de operar em qualquer cultura e qualquer mercado, e com a flexibilidade de usar o que voc\u00ea precisar, quando precisar.[\/vc_column_text]<a href=\"https:\/\/home.agrian.com\/pt-br\/platform\/\" class=\"vcex-button theme-button inline\"><span class=\"theme-button-inner\">Descubra Agora<\/span><\/a> [\/vc_column_inner][\/vc_row_inner][vc_row_inner][vc_column_inner][vc_column_text css=&#8221;.vc_custom_1595270690638{margin-bottom: 15px !important;}&#8221;]\n<h2>Quais etapas voc\u00ea pode cortar para <strong>otimizar seu tempo?<\/strong><\/h2>\n[\/vc_column_text][vc_column_text css=&#8221;.vc_custom_1596724220801{margin-bottom: 15px !important;}&#8221;]Seja quando voc\u00ea estiver no campo ou em viagem, o Agrian Mobile oferece recursos poderosos para agilizar seu fluxo de trabalho e maximizar a luz solar.[\/vc_column_text]<a href=\"https:\/\/home.agrian.com\/pt-br\/mobile-app\/\" class=\"vcex-button theme-button inline\"><span class=\"theme-button-inner\">Agrian Mobile<\/span><\/a> [\/vc_column_inner][\/vc_row_inner][vc_row_inner][vc_column_inner][vc_column_text css=&#8221;.vc_custom_1595271015523{margin-bottom: 15px !important;}&#8221;]\n<h2>Estamos <strong>sempre ao seu lado.<\/strong><\/h2>\n[\/vc_column_text][vc_column_text css=&#8221;.vc_custom_1596724233009{margin-bottom: 15px !important;}&#8221;]Com a maior base de dados de bulas verificadas e indenizadas pelos fabricantes do mundo, voc\u00ea pode ter certeza: se sua plataforma \u00e9 a Agrian, voc\u00ea est\u00e1 seguro.[\/vc_column_text]<a href=\"https:\/\/home.agrian.com\/pt-br\/label-lookup\/\" class=\"vcex-button theme-button inline\"><span class=\"theme-button-inner\">Saiba Mais<\/span><\/a> [\/vc_column_inner][\/vc_row_inner][\/vc_column][\/vc_row][vc_row full_width=&#8221;stretch_row&#8221; content_placement=&#8221;middle&#8221; css=&#8221;.vc_custom_1594055039720{padding-top: 60px !important;padding-bottom: 20px !important;background-color: #e8ecf4 !important;}&#8221;][vc_column width=&#8221;7\/12&#8243;]<div class=\"vcex-spacing wpex-w-100 wpex-clear hidden-phone\" style=\"height:30px\"><\/div>[vc_row_inner remove_bottom_col_margin=&#8221;true&#8221; columns_right=&#8221;yes&#8221;][vc_column_inner width=&#8221;3\/4&#8243;][vc_column_text el_class=&#8221;blue-header text-sm-center&#8221;]\n<h3>Quer conversar sobre como a Agrian pode ajudar voc\u00ea?<\/h3>\n[\/vc_column_text][\/vc_column_inner][\/vc_row_inner]<div class=\"vcex-spacing wpex-w-100 wpex-clear hidden-phone\" style=\"height:30px\"><\/div>[\/vc_column][vc_column width=&#8221;1\/3&#8243; offset=&#8221;vc_col-sm-offset-1&#8243; el_class=&#8221;text-sm-center&#8221;]<a href=\"\/pt-br\/contact\/\" class=\"vcex-button theme-button inline\"><span class=\"theme-button-inner\">Solicite uma Demo<\/span><\/a> [\/vc_column][\/vc_row]\n","protected":false},"excerpt":{"rendered":"<p>[vc_row content_placement=&#8221;middle&#8221; column_spacing=&#8221;0px&#8221; css=&#8221;.vc_custom_1600965893059{margin-bottom: 10px !important;}&#8221;][vc_column width=&#8221;1\/2&#8243; offset=&#8221;vc_col-lg-offset-0 vc_col-md-offset-0 vc_col-sm-offset-0&#8243;][vc_raw_html el_class=&#8221;homepage-video&#8221;]PHZpZGVvIGF1dG9wbGF5IGxvb3AgbXV0ZWQgcHJlbG9hZD0ibWV0YWRhdGEiIHBsYXlzaW5saW5lPgo8c291cmNlIHNyYz0iL3dwLWNvbnRlbnQvdXBsb2Fkcy8yMDIxLzAxL2Fncmlhbi1ob21lLXBvcnR1Z2VzZS5tcDQiIHR5cGU9InZpZGVvL21wNCI+CjwvdmlkZW8+[\/vc_raw_html][\/vc_column][vc_column width=&#8221;1\/2&#8243;][vc_column_text el_class=&#8221;green-header bigger1&#8243; css=&#8221;.vc_custom_1597846838552{margin-bottom: 10px !important;}&#8221;] O software agr\u00edcola que ajuda voc\u00ea a crescer com seguran\u00e7a e lucratividade. [\/vc_column_text][vc_column_text css=&#8221;.vc_custom_1595011812813{margin-bottom: 20px !important;}&#8221;]A Agrian oferece a parceria tecnol\u00f3gica para cada&hellip;<\/p>\n","protected":false},"author":7,"featured_media":0,"parent":0,"menu_order":0,"comment_status":"closed","ping_status":"closed","template":"","meta":{"footnotes":""},"yoast_head":"<!-- This site is optimized with the Yoast SEO plugin v15.6.2 - https:\/\/yoast.com\/wordpress\/plugins\/seo\/ -->\n<title>P\u00e1gina Inicial - TELUS Agronomy<\/title>\n<meta name=\"robots\" content=\"index, follow, max-snippet:-1, max-image-preview:large, max-video-preview:-1\" \/>\n<link rel=\"canonical\" href=\"https:\/\/home.agrian.com\/pt-br\/\" \/>\n<meta property=\"og:locale\" content=\"pt_BR\" \/>\n<meta property=\"og:type\" content=\"article\" \/>\n<meta property=\"og:title\" content=\"P\u00e1gina Inicial - TELUS Agronomy\" \/>\n<meta property=\"og:description\" content=\"[vc_row content_placement=&#8221;middle&#8221; column_spacing=&#8221;0px&#8221; css=&#8221;.vc_custom_1600965893059{margin-bottom: 10px !important;}&#8221;][vc_column width=&#8221;1\/2&#8243; offset=&#8221;vc_col-lg-offset-0 vc_col-md-offset-0 vc_col-sm-offset-0&#8243;][vc_raw_html el_class=&#8221;homepage-video&#8221;]PHZpZGVvIGF1dG9wbGF5IGxvb3AgbXV0ZWQgcHJlbG9hZD0ibWV0YWRhdGEiIHBsYXlzaW5saW5lPgo8c291cmNlIHNyYz0iL3dwLWNvbnRlbnQvdXBsb2Fkcy8yMDIxLzAxL2Fncmlhbi1ob21lLXBvcnR1Z2VzZS5tcDQiIHR5cGU9InZpZGVvL21wNCI+CjwvdmlkZW8+[\/vc_raw_html][\/vc_column][vc_column width=&#8221;1\/2&#8243;][vc_column_text el_class=&#8221;green-header bigger1&#8243; css=&#8221;.vc_custom_1597846838552{margin-bottom: 10px !important;}&#8221;] O software agr\u00edcola que ajuda voc\u00ea a crescer com seguran\u00e7a e lucratividade. [\/vc_column_text][vc_column_text css=&#8221;.vc_custom_1595011812813{margin-bottom: 20px !important;}&#8221;]A Agrian oferece a parceria tecnol\u00f3gica para cada&hellip;\" \/>\n<meta property=\"og:url\" content=\"https:\/\/home.agrian.com\/pt-br\/\" \/>\n<meta property=\"og:site_name\" content=\"TELUS Agronomy\" \/>\n<meta property=\"article:modified_time\" content=\"2021-03-16T20:52:05+00:00\" \/>\n<meta name=\"twitter:card\" content=\"summary\" \/>\n<meta name=\"twitter:label1\" content=\"Est. reading time\">\n\t<meta name=\"twitter:data1\" content=\"2 minutos\">\n<script type=\"application\/ld+json\" class=\"yoast-schema-graph\">{\"@context\":\"https:\/\/schema.org\",\"@graph\":[{\"@type\":\"WebSite\",\"@id\":\"http:\/\/home.agrian.com\/#website\",\"url\":\"http:\/\/home.agrian.com\/\",\"name\":\"TELUS Agronomy\",\"description\":\"\",\"potentialAction\":[{\"@type\":\"SearchAction\",\"target\":\"http:\/\/home.agrian.com\/?s={search_term_string}\",\"query-input\":\"required name=search_term_string\"}],\"inLanguage\":\"pt-BR\"},{\"@type\":\"WebPage\",\"@id\":\"https:\/\/home.agrian.com\/pt-br\/#webpage\",\"url\":\"https:\/\/home.agrian.com\/pt-br\/\",\"name\":\"P\\u00e1gina Inicial - TELUS Agronomy\",\"isPartOf\":{\"@id\":\"http:\/\/home.agrian.com\/#website\"},\"datePublished\":\"2020-12-22T19:39:52+00:00\",\"dateModified\":\"2021-03-16T20:52:05+00:00\",\"breadcrumb\":{\"@id\":\"https:\/\/home.agrian.com\/pt-br\/#breadcrumb\"},\"inLanguage\":\"pt-BR\",\"potentialAction\":[{\"@type\":\"ReadAction\",\"target\":[\"https:\/\/home.agrian.com\/pt-br\/\"]}]},{\"@type\":\"BreadcrumbList\",\"@id\":\"https:\/\/home.agrian.com\/pt-br\/#breadcrumb\",\"itemListElement\":[{\"@type\":\"ListItem\",\"position\":1,\"item\":{\"@type\":\"WebPage\",\"@id\":\"https:\/\/home.agrian.com\/pt-br\/\",\"url\":\"https:\/\/home.agrian.com\/pt-br\/\",\"name\":\"P\\u00e1gina Inicial\"}}]}]}<\/script>\n<!-- \/ Yoast SEO plugin. -->","_links":{"self":[{"href":"https:\/\/home.agrian.com\/pt-br\/wp-json\/wp\/v2\/pages\/1756"}],"collection":[{"href":"https:\/\/home.agrian.com\/pt-br\/wp-json\/wp\/v2\/pages"}],"about":[{"href":"https:\/\/home.agrian.com\/pt-br\/wp-json\/wp\/v2\/types\/page"}],"author":[{"embeddable":true,"href":"https:\/\/home.agrian.com\/pt-br\/wp-json\/wp\/v2\/users\/7"}],"replies":[{"embeddable":true,"href":"https:\/\/home.agrian.com\/pt-br\/wp-json\/wp\/v2\/comments?post=1756"}],"version-history":[{"count":23,"href":"https:\/\/home.agrian.com\/pt-br\/wp-json\/wp\/v2\/pages\/1756\/revisions"}],"predecessor-version":[{"id":5604,"href":"https:\/\/home.agrian.com\/pt-br\/wp-json\/wp\/v2\/pages\/1756\/revisions\/5604"}],"wp:attachment":[{"href":"https:\/\/home.agrian.com\/pt-br\/wp-json\/wp\/v2\/media?parent=1756"}],"curies":[{"name":"wp","href":"https:\/\/api.w.org\/{rel}","templated":true}]}}