{"id":5359,"date":"2021-02-19T13:19:26","date_gmt":"2021-02-19T19:19:26","guid":{"rendered":"https:\/\/home.agrian.com\/company\/news-events\/"},"modified":"2021-03-23T17:12:19","modified_gmt":"2021-03-23T22:12:19","slug":"news-events","status":"publish","type":"page","link":"https:\/\/home.agrian.com\/fr-ca\/company\/news-events\/","title":{"rendered":"Nouvelles et \u00e9v\u00e9nements"},"content":{"rendered":"[vc_row css=\u00a0\u00bb.vc_custom_1600736827708{margin-bottom: 50px !important;}\u00a0\u00bb][vc_column]<div class=\"vcex-shortcode wpex-clr\"><div class=\"vc_row wpb_row vc_row-fluid featured-post vc_row-o-content-middle vc_row-flex wpex-vc_row-has-fill wpex-vc-reset-negative-margin\"><div class=\"wpb_column vc_column_container vc_col-sm-7 featured-image\"><a href=\"https:\/\/www.infoag.org\/\" target=\"_blank\"><img loading=\"lazy\" decoding=\"async\" width=\"1132\" height=\"710\" src=\"https:\/\/home.agrian.com\/wp-content\/uploads\/2020\/09\/Big-Blue-Bar@2x.jpg\" class=\"attachment-post-thumbnail size-post-thumbnail wp-post-image\" alt=\"\" srcset=\"https:\/\/home.agrian.com\/wp-content\/uploads\/2020\/09\/Big-Blue-Bar@2x.jpg 1132w, https:\/\/home.agrian.com\/wp-content\/uploads\/2020\/09\/Big-Blue-Bar@2x-300x188.jpg 300w, https:\/\/home.agrian.com\/wp-content\/uploads\/2020\/09\/Big-Blue-Bar@2x-1024x642.jpg 1024w, https:\/\/home.agrian.com\/wp-content\/uploads\/2020\/09\/Big-Blue-Bar@2x-768x482.jpg 768w\" sizes=\"(max-width: 1132px) 100vw, 1132px\" \/><\/a><\/div><div class=\"wpb_column vc_column_container vc_col-sm-12 featured-content\"><div class=\"vc_column-inner\"><div class=\"wpb_wrapper\"><a href=\"https:\/\/www.infoag.org\/\" target=\"_blank\"><div class=\"vc_row wpb_row vc_inner vc_row-fluid\"><div class=\"wpb_column vc_column_container vc_col-sm-7 vc_col-sm-offset-5 typography-white featured-banner\"><h4>Upcoming Event:<\/h4><h2>Virtual InfoAg 2020<\/h2><\/div><\/div><\/a><div class=\"vc_row wpb_row vc_inner vc_row-fluid\"><div class=\"wpb_column vc_column_container vc_col-sm-5 vc_col-sm-offset-7 featured-more\"><div class=\"theme-button-wrap clr\"><a href=\"https:\/\/www.infoag.org\/\" class=\"vcex-button theme-button reverse-button animate-on-hover\" target=\"_blank\"><span class=\"theme-button-inner\">Learn More<\/span><\/a><\/div><\/div><\/div><\/div><\/div><\/div><\/div><\/div>[\/vc_column][\/vc_row][vc_row full_width=\u00a0\u00bbstretch_row\u00a0\u00bb css=\u00a0\u00bb.vc_custom_1600736865351{margin-bottom: 20px !important;}\u00a0\u00bb][vc_column][vc_column_text css=\u00a0\u00bb.vc_custom_1599747092477{margin-bottom: 15px !important;}\u00a0\u00bb]\n<h2><strong>\u00c9v\u00e9nements \u00e0 venir<\/strong><\/h2>\n[\/vc_column_text]<div class=\"vcex-shortcode wpex-clr\"><div class=\"vc_row wpb_row vc_row-fluid upcoming-events vc_row-o-content-middle vc_row-flex wpex-vc_row-has-fill wpex-vc-reset-negative-margin\"><div class=\"wpb_column vc_column_container vc_col-sm-12\"><div class=\"vc_column-inner\"><div class=\"wpb_wrapper\"><a class=\"event-card\" href=\"https:\/\/capca.com\/conference\/\" target=\"_blank\"><div class=\"event-logo\"><img decoding=\"async\" src=\"https:\/\/home.agrian.com\/wp-content\/uploads\/2020\/09\/capca@2x.png\" \/><\/div><div class=\"event-content typography-white\"><h4>10.12.20<\/h4><h3>Virtual CAPCA 2020<\/h3><span class=\"event-loc\">Online<\/span><\/div><\/a><a class=\"event-card\" href=\"https:\/\/www.infoag.org\/\" target=\"_blank\"><div class=\"event-logo\"><img decoding=\"async\" src=\"https:\/\/home.agrian.com\/wp-content\/uploads\/2020\/09\/INFOAG_Full_Color_@2x.png\" \/><\/div><div class=\"event-content typography-white\"><h4>12.15.20<\/h4><h3>Virtual InfoAg 2020<\/h3><span class=\"event-loc\">Online<\/span><\/div><\/a><a class=\"event-card\" href=\"https:\/\/www.potatoes.com\/potatoconference\" target=\"_blank\"><div class=\"event-logo\"><img decoding=\"async\" src=\"https:\/\/home.agrian.com\/wp-content\/uploads\/2020\/09\/WAOR-Potato-Show@2x.png\" \/><\/div><div class=\"event-content typography-white\"><h4>01.26.21<\/h4><h3>Washington Oregon Potato Show<\/h3><span class=\"event-loc\">Kennewick, WA<\/span><\/div><\/a><a class=\"event-card\" href=\"https:\/\/www.foodnorthwest.org\/\" target=\"_blank\"><div class=\"event-logo\"><img decoding=\"async\" src=\"https:\/\/home.agrian.com\/wp-content\/uploads\/2020\/09\/bev@2x.png\" \/><\/div><div class=\"event-content typography-white\"><h4>02.22.21<\/h4><h3>Northwest Food &#038; Beverage World<\/h3><span class=\"event-loc\">Spokane, WA<\/span><\/div><\/a><a class=\"event-card\" href=\"https:\/\/citrusindustry.net\/\" target=\"_blank\"><div class=\"event-logo\"><img decoding=\"async\" src=\"https:\/\/home.agrian.com\/wp-content\/uploads\/2020\/09\/citrus@2x.png\" \/><\/div><div class=\"event-content typography-white\"><h4>08.18.21<\/h4><h3>Citrus Expo 2021<\/h3><span class=\"event-loc\">North Fort Myers, FL<\/span><\/div><\/a><\/div><\/div><\/div><\/div><\/div>[\/vc_column][\/vc_row][vc_row remove_bottom_col_margin=\u00a0\u00bbtrue\u00a0\u00bb][vc_column][vc_column_text]\n<h2><strong>Espace presse<\/strong><\/h2>\n[\/vc_column_text][\/vc_column][\/vc_row][vc_row css=\u00a0\u00bb.vc_custom_1599686183968{margin-bottom: 60px !important;}\u00a0\u00bb][vc_column width=\u00a0\u00bb7\/12&Prime;]<div class=\"vcex-module vcex-post-type-grid-wrap wpex-clr press-room\"><div class=\"wpex-row vcex-post-type-grid entries wpex-clr\"><div class=\"vcex-post-type-entry vcex-grid-item wpex-clr col span_1_of_1 vcex-post-type-no-media-entry col-1 post-969 entry type-pressreleases no-media\"><div class=\"vcex-post-type-entry-inner entry-inner wpex-first-mt-0 wpex-last-mb-0 wpex-clr\"><div class=\"vcex-post-type-entry-details entry-details wpex-bordered wpex-first-mt-0 wpex-last-mb-0 wpex-clr\"><h3 class=\"vcex-post-type-entry-title entry-title wpex-mb-5\" ><a href=\"https:\/\/home.agrian.com\/fr-ca\/?p=969\">Celebrating 29 Team Members With Over 10 Years of Service<\/a><\/h3 ><div class=\"vcex-post-type-entry-date entry-date wpex-text-sm wpex-text-gray-600 wpex-mb-5\">04.09.20<\/div><\/div><\/div><\/div><div class=\"vcex-post-type-entry vcex-grid-item wpex-clr col span_1_of_1 vcex-post-type-no-media-entry col-1 post-970 entry type-pressreleases no-media\"><div class=\"vcex-post-type-entry-inner entry-inner wpex-first-mt-0 wpex-last-mb-0 wpex-clr\"><div class=\"vcex-post-type-entry-details entry-details wpex-bordered wpex-first-mt-0 wpex-last-mb-0 wpex-clr\"><h3 class=\"vcex-post-type-entry-title entry-title wpex-mb-5\" ><a href=\"https:\/\/home.agrian.com\/fr-ca\/?p=970\">Agrian Tallies 15 Years in AG Tech<\/a><\/h3 ><div class=\"vcex-post-type-entry-date entry-date wpex-text-sm wpex-text-gray-600 wpex-mb-5\">02.21.19<\/div><\/div><\/div><\/div><div class=\"vcex-post-type-entry vcex-grid-item wpex-clr col span_1_of_1 vcex-post-type-no-media-entry col-1 post-971 entry type-pressreleases no-media\"><div class=\"vcex-post-type-entry-inner entry-inner wpex-first-mt-0 wpex-last-mb-0 wpex-clr\"><div class=\"vcex-post-type-entry-details entry-details wpex-bordered wpex-first-mt-0 wpex-last-mb-0 wpex-clr\"><h3 class=\"vcex-post-type-entry-title entry-title wpex-mb-5\" ><a href=\"https:\/\/home.agrian.com\/fr-ca\/?p=971\">ASSODEERE and Agrian Sign Partnership Agreement<\/a><\/h3 ><div class=\"vcex-post-type-entry-date entry-date wpex-text-sm wpex-text-gray-600 wpex-mb-5\">01.15.19<\/div><\/div><\/div><\/div><div class=\"vcex-post-type-entry vcex-grid-item wpex-clr col span_1_of_1 vcex-post-type-no-media-entry col-1 post-973 entry type-pressreleases no-media\"><div class=\"vcex-post-type-entry-inner entry-inner wpex-first-mt-0 wpex-last-mb-0 wpex-clr\"><div class=\"vcex-post-type-entry-details entry-details wpex-bordered wpex-first-mt-0 wpex-last-mb-0 wpex-clr\"><h3 class=\"vcex-post-type-entry-title entry-title wpex-mb-5\" ><a href=\"https:\/\/home.agrian.com\/fr-ca\/?p=973\">Agrian Named Ag Business Award Winner<\/a><\/h3 ><div class=\"vcex-post-type-entry-date entry-date wpex-text-sm wpex-text-gray-600 wpex-mb-5\">10.09.18<\/div><\/div><\/div><\/div><div class=\"vcex-post-type-entry vcex-grid-item wpex-clr col span_1_of_1 vcex-post-type-no-media-entry col-1 post-974 entry type-pressreleases no-media\"><div class=\"vcex-post-type-entry-inner entry-inner wpex-first-mt-0 wpex-last-mb-0 wpex-clr\"><div class=\"vcex-post-type-entry-details entry-details wpex-bordered wpex-first-mt-0 wpex-last-mb-0 wpex-clr\"><h3 class=\"vcex-post-type-entry-title entry-title wpex-mb-5\" ><a href=\"https:\/\/home.agrian.com\/fr-ca\/?p=974\">Agrian Named As A Top Child-Friendly Business By First 5 Fresno County<\/a><\/h3 ><div class=\"vcex-post-type-entry-date entry-date wpex-text-sm wpex-text-gray-600 wpex-mb-5\">08.15.18<\/div><\/div><\/div><\/div><\/div><\/div><div class=\"vc_custom_1614118634439 wpex-clr\"><a href=\"http:\/\/home.agrian.com\/fr-ca\/company\/news-events\/press-room\/\" class=\"vcex-button theme-button inline\"><span class=\"theme-button-inner\">Voir plus<\/span><\/a><\/div> [\/vc_column][vc_column width=\u00a0\u00bb1\/3&Prime; offset=\u00a0\u00bbvc_col-sm-offset-1&Prime;][vc_row_inner remove_bottom_col_margin=\u00a0\u00bbtrue\u00a0\u00bb css=\u00a0\u00bb.vc_custom_1599170851655{border-top-width: 6px !important;border-right-width: 6px !important;border-bottom-width: 6px !important;border-left-width: 6px !important;padding-top: 65px !important;padding-right: 5px !important;padding-bottom: 65px !important;padding-left: 5px !important;border-left-color: #1d428a !important;border-left-style: solid !important;border-right-color: #1d428a !important;border-right-style: solid !important;border-top-color: #1d428a !important;border-top-style: solid !important;border-bottom-color: #1d428a !important;border-bottom-style: solid !important;}\u00a0\u00bb][vc_column_inner][vc_column_text css=\u00a0\u00bb.vc_custom_1599170815670{margin-bottom: 20px !important;}\u00a0\u00bb]\n<h3 style=\"text-align: center;\"><span class=\"blue-text\">Demandes <\/span><br \/>\n<span class=\"blue-text\">m\u00e9diatiques\/de pr\u00e9sentation<\/span><\/h3>\n[\/vc_column_text]<div class=\"textcenter theme-button-block-wrap wpex-block wpex-clear theme-button-wrap wpex-clr\"><a href=\"\/fr-ca\/contact\/?ref=media\" class=\"vcex-button theme-button align-center block\"><span class=\"theme-button-inner\">Contacter<\/span><\/a><\/div> [\/vc_column_inner][\/vc_row_inner][\/vc_column][\/vc_row]\n","protected":false},"excerpt":{"rendered":"<p>[vc_row css=\u00a0\u00bb.vc_custom_1600736827708{margin-bottom: 50px !important;}\u00a0\u00bb][vc_column][\/vc_column][\/vc_row][vc_row full_width=\u00a0\u00bbstretch_row\u00a0\u00bb css=\u00a0\u00bb.vc_custom_1600736865351{margin-bottom: 20px !important;}\u00a0\u00bb][vc_column][vc_column_text css=\u00a0\u00bb.vc_custom_1599747092477{margin-bottom: 15px !important;}\u00a0\u00bb] \u00c9v\u00e9nements \u00e0 venir [\/vc_column_text][\/vc_column][\/vc_row][vc_row remove_bottom_col_margin=\u00a0\u00bbtrue\u00a0\u00bb][vc_column][vc_column_text] Espace presse [\/vc_column_text][\/vc_column][\/vc_row][vc_row css=\u00a0\u00bb.vc_custom_1599686183968{margin-bottom: 60px !important;}\u00a0\u00bb][vc_column width=\u00a0\u00bb7\/12&Prime;][\/vc_column][vc_column width=\u00a0\u00bb1\/3&Prime; offset=\u00a0\u00bbvc_col-sm-offset-1&Prime;][vc_row_inner remove_bottom_col_margin=\u00a0\u00bbtrue\u00a0\u00bb css=\u00a0\u00bb.vc_custom_1599170851655{border-top-width: 6px !important;border-right-width: 6px !important;border-bottom-width: 6px !important;border-left-width: 6px !important;padding-top: 65px !important;padding-right: 5px !important;padding-bottom: 65px&hellip;<\/p>\n","protected":false},"author":7,"featured_media":0,"parent":2678,"menu_order":0,"comment_status":"closed","ping_status":"closed","template":"","meta":{"footnotes":""},"yoast_head":"<!-- This site is optimized with the Yoast SEO plugin v15.6.2 - https:\/\/yoast.com\/wordpress\/plugins\/seo\/ -->\n<title>Nouvelles et \u00e9v\u00e9nements - TELUS Agronomy<\/title>\n<meta name=\"robots\" content=\"index, follow, max-snippet:-1, max-image-preview:large, max-video-preview:-1\" \/>\n<link rel=\"canonical\" href=\"https:\/\/home.agrian.com\/fr-ca\/company\/news-events\/\" \/>\n<meta property=\"og:locale\" content=\"fr_CA\" \/>\n<meta property=\"og:type\" content=\"article\" \/>\n<meta property=\"og:title\" content=\"Nouvelles et \u00e9v\u00e9nements - TELUS Agronomy\" \/>\n<meta property=\"og:description\" content=\"[vc_row css=\u00a0\u00bb.vc_custom_1600736827708{margin-bottom: 50px !important;}\u00a0\u00bb][vc_column][\/vc_column][\/vc_row][vc_row full_width=\u00a0\u00bbstretch_row\u00a0\u00bb css=\u00a0\u00bb.vc_custom_1600736865351{margin-bottom: 20px !important;}\u00a0\u00bb][vc_column][vc_column_text css=\u00a0\u00bb.vc_custom_1599747092477{margin-bottom: 15px !important;}\u00a0\u00bb] \u00c9v\u00e9nements \u00e0 venir [\/vc_column_text][\/vc_column][\/vc_row][vc_row remove_bottom_col_margin=\u00a0\u00bbtrue\u00a0\u00bb][vc_column][vc_column_text] Espace presse [\/vc_column_text][\/vc_column][\/vc_row][vc_row css=\u00a0\u00bb.vc_custom_1599686183968{margin-bottom: 60px !important;}\u00a0\u00bb][vc_column width=\u00a0\u00bb7\/12&Prime;][\/vc_column][vc_column width=\u00a0\u00bb1\/3&Prime; offset=\u00a0\u00bbvc_col-sm-offset-1&Prime;][vc_row_inner remove_bottom_col_margin=\u00a0\u00bbtrue\u00a0\u00bb css=\u00a0\u00bb.vc_custom_1599170851655{border-top-width: 6px !important;border-right-width: 6px !important;border-bottom-width: 6px !important;border-left-width: 6px !important;padding-top: 65px !important;padding-right: 5px !important;padding-bottom: 65px&hellip;\" \/>\n<meta property=\"og:url\" content=\"https:\/\/home.agrian.com\/fr-ca\/company\/news-events\/\" \/>\n<meta property=\"og:site_name\" content=\"TELUS Agronomy\" \/>\n<meta property=\"article:modified_time\" content=\"2021-03-23T22:12:19+00:00\" \/>\n<meta name=\"twitter:card\" content=\"summary\" \/>\n<meta name=\"twitter:label1\" content=\"Est. reading time\">\n\t<meta name=\"twitter:data1\" content=\"1 minute\">\n<script type=\"application\/ld+json\" class=\"yoast-schema-graph\">{\"@context\":\"https:\/\/schema.org\",\"@graph\":[{\"@type\":\"WebSite\",\"@id\":\"http:\/\/home.agrian.com\/#website\",\"url\":\"http:\/\/home.agrian.com\/\",\"name\":\"TELUS Agronomy\",\"description\":\"\",\"potentialAction\":[{\"@type\":\"SearchAction\",\"target\":\"http:\/\/home.agrian.com\/?s={search_term_string}\",\"query-input\":\"required name=search_term_string\"}],\"inLanguage\":\"fr-CA\"},{\"@type\":\"WebPage\",\"@id\":\"https:\/\/home.agrian.com\/fr-ca\/company\/news-events\/#webpage\",\"url\":\"https:\/\/home.agrian.com\/fr-ca\/company\/news-events\/\",\"name\":\"Nouvelles et \\u00e9v\\u00e9nements - TELUS Agronomy\",\"isPartOf\":{\"@id\":\"http:\/\/home.agrian.com\/#website\"},\"datePublished\":\"2021-02-19T19:19:26+00:00\",\"dateModified\":\"2021-03-23T22:12:19+00:00\",\"breadcrumb\":{\"@id\":\"https:\/\/home.agrian.com\/fr-ca\/company\/news-events\/#breadcrumb\"},\"inLanguage\":\"fr-CA\",\"potentialAction\":[{\"@type\":\"ReadAction\",\"target\":[\"https:\/\/home.agrian.com\/fr-ca\/company\/news-events\/\"]}]},{\"@type\":\"BreadcrumbList\",\"@id\":\"https:\/\/home.agrian.com\/fr-ca\/company\/news-events\/#breadcrumb\",\"itemListElement\":[{\"@type\":\"ListItem\",\"position\":1,\"item\":{\"@type\":\"WebPage\",\"@id\":\"http:\/\/home.agrian.com\/fr-ca\/company\/\",\"url\":\"http:\/\/home.agrian.com\/fr-ca\/company\/\",\"name\":\"Entreprise\"}},{\"@type\":\"ListItem\",\"position\":2,\"item\":{\"@type\":\"WebPage\",\"@id\":\"https:\/\/home.agrian.com\/fr-ca\/company\/news-events\/\",\"url\":\"https:\/\/home.agrian.com\/fr-ca\/company\/news-events\/\",\"name\":\"Nouvelles et \\u00e9v\\u00e9nements\"}}]}]}<\/script>\n<!-- \/ Yoast SEO plugin. -->","_links":{"self":[{"href":"https:\/\/home.agrian.com\/fr-ca\/wp-json\/wp\/v2\/pages\/5359"}],"collection":[{"href":"https:\/\/home.agrian.com\/fr-ca\/wp-json\/wp\/v2\/pages"}],"about":[{"href":"https:\/\/home.agrian.com\/fr-ca\/wp-json\/wp\/v2\/types\/page"}],"author":[{"embeddable":true,"href":"https:\/\/home.agrian.com\/fr-ca\/wp-json\/wp\/v2\/users\/7"}],"replies":[{"embeddable":true,"href":"https:\/\/home.agrian.com\/fr-ca\/wp-json\/wp\/v2\/comments?post=5359"}],"version-history":[{"count":5,"href":"https:\/\/home.agrian.com\/fr-ca\/wp-json\/wp\/v2\/pages\/5359\/revisions"}],"predecessor-version":[{"id":6085,"href":"https:\/\/home.agrian.com\/fr-ca\/wp-json\/wp\/v2\/pages\/5359\/revisions\/6085"}],"up":[{"embeddable":true,"href":"https:\/\/home.agrian.com\/fr-ca\/wp-json\/wp\/v2\/pages\/2678"}],"wp:attachment":[{"href":"https:\/\/home.agrian.com\/fr-ca\/wp-json\/wp\/v2\/media?parent=5359"}],"curies":[{"name":"wp","href":"https:\/\/api.w.org\/{rel}","templated":true}]}}