{"id":5001,"date":"2021-02-19T13:15:10","date_gmt":"2021-02-19T19:15:10","guid":{"rendered":"https:\/\/home.agrian.com\/company\/careers\/"},"modified":"2021-03-23T17:12:09","modified_gmt":"2021-03-23T22:12:09","slug":"careers","status":"publish","type":"page","link":"https:\/\/home.agrian.com\/fr-ca\/company\/careers\/","title":{"rendered":"Recrutement"},"content":{"rendered":"[vc_row remove_bottom_col_margin=\u00a0\u00bbtrue\u00a0\u00bb][vc_column]<figure class=\"vcex-image vcex-module wpex-clr negative-margin\"><div class=\"vcex-image-inner wpex-inline-block wpex-relative vc_custom_1598285291912\"><img decoding=\"async\" loading=\"lazy\" class=\"wpex-w-100 wpex-align-middle\" src=\"https:\/\/home.agrian.com\/wp-content\/uploads\/2020\/08\/Big-Blue-Bar@2x.jpg\" alt=\"\" width=\"1962\" height=\"448\" \/><\/div><\/figure><div class=\"vcex-spacing wpex-w-100 wpex-clear visible-phone\" style=\"height:60px\"><\/div>[\/vc_column][\/vc_row][vc_row content_placement=\u00a0\u00bbmiddle\u00a0\u00bb remove_bottom_col_margin=\u00a0\u00bbtrue\u00a0\u00bb][vc_column width=\u00a0\u00bb5\/12&Prime;][vc_column_text css=\u00a0\u00bb.vc_custom_1598283642071{margin-bottom: 20px !important;}\u00a0\u00bb]\n<h2>Une culture <strong>de la croissance<\/strong><\/h2>\n[\/vc_column_text][vc_column_text]De petite entreprise en d\u00e9marrage dont les locaux \u00e9taient situ\u00e9s dans des stationnements souterrains \u00e0 Fresno en Californie, Agrian est devenu un des logiciels agricoles les plus largement utilis\u00e9s aux \u00c9tats-Unis, avec des clients aux \u00c9tats-Unis, mais aussi au Canada, en Am\u00e9rique du Sud et en Australie.[\/vc_column_text]<div class=\"vcex-spacing wpex-w-100 wpex-clear visible-phone\" style=\"height:40px\"><\/div>[\/vc_column][vc_column width=\u00a0\u00bb7\/12&Prime;][vc_row_inner remove_bottom_col_margin=\u00a0\u00bbtrue\u00a0\u00bb css=\u00a0\u00bb.vc_custom_1600877282454{margin-right: 0px !important;margin-left: 0px !important;}\u00a0\u00bb][vc_column_inner width=\u00a0\u00bb11\/12&Prime; css=\u00a0\u00bb.vc_custom_1598284848588{border-top-width: 6px !important;border-right-width: 6px !important;border-bottom-width: 6px !important;border-left-width: 6px !important;padding-top: 35px !important;padding-right: 40px !important;padding-bottom: 35px !important;padding-left: 40px !important;border-left-color: #65869c !important;border-left-style: solid !important;border-right-color: #65869c !important;border-right-style: solid !important;border-top-color: #65869c !important;border-top-style: solid !important;border-bottom-color: #65869c !important;border-bottom-style: solid !important;}\u00a0\u00bb]<div class=\"vcex-spacing wpex-w-100 wpex-clear hidden-phone\" style=\"height:40px\"><\/div>[vc_column_text color=\u00a0\u00bb#65869c\u00a0\u00bb css=\u00a0\u00bb.vc_custom_1598283625884{margin-bottom: 10px !important;}\u00a0\u00bb]\n<h3>Une carri\u00e8re chez Agrian<\/h3>\n[\/vc_column_text][vc_column_text css=\u00a0\u00bb.vc_custom_1598283608646{margin-bottom: 15px !important;}\u00a0\u00bb]Vous ne trouvez pas le poste que vous recherchez? Nous aimerions tout de m\u00eame mieux vous conna\u00eetre.<\/p>\n<p>Nous sommes continuellement \u00e0 la recherche de personnes passionn\u00e9es et ing\u00e9nieuses, enthousiastes \u00e0 l\u2019id\u00e9e de r\u00e9volutionner la mani\u00e8re dont la technologie num\u00e9rique peut aider \u00e0 transformer l\u2019agriculture. Vous \u00eates ing\u00e9nieur ou d\u00e9veloppeur avec de l\u2019exp\u00e9rience dans l\u2019agronomie et la production agricole? Nous aimerions en apprendre plus sur vous![\/vc_column_text]<a href=\"\/fr-ca\/contact\/?ref=careers\" class=\"vcex-button theme-button inline\"><span class=\"theme-button-inner\">Recrutement<\/span><\/a> [\/vc_column_inner][\/vc_row_inner][\/vc_column][\/vc_row][vc_row remove_bottom_col_margin=\u00a0\u00bbtrue\u00a0\u00bb visibility=\u00a0\u00bbvisible-phone\u00a0\u00bb][vc_column]<div class=\"vcex-spacing wpex-w-100 wpex-clear\" style=\"height:50px\"><\/div>[\/vc_column][\/vc_row][vc_row][vc_column width=\u00a0\u00bb5\/12&Prime; css=\u00a0\u00bb.vc_custom_1600877618333{margin-bottom: 20px !important;}\u00a0\u00bb][vc_row_inner remove_bottom_col_margin=\u00a0\u00bbtrue\u00a0\u00bb][vc_column_inner width=\u00a0\u00bb11\/12&Prime;]<figure class=\"vcex-image vcex-module wpex-clr negative-margin\"><div class=\"vcex-image-inner wpex-inline-block wpex-relative vc_custom_1598285447877\"><img decoding=\"async\" loading=\"lazy\" class=\"wpex-w-100 wpex-align-middle\" src=\"https:\/\/home.agrian.com\/wp-content\/uploads\/2020\/08\/Image@2x.jpg\" alt=\"\" width=\"738\" height=\"508\" \/><\/div><\/figure>[\/vc_column_inner][\/vc_row_inner][\/vc_column][vc_column width=\u00a0\u00bb5\/12&Prime; offset=\u00a0\u00bbvc_col-sm-offset-1&Prime;]<div class=\"vcex-spacing wpex-w-100 wpex-clear hidden-phone\" style=\"height:45px\"><\/div>[vc_column_text css=\u00a0\u00bb.vc_custom_1598285497521{margin-bottom: 20px !important;}\u00a0\u00bb]\n<h2><strong>Avis de postes \u00e0 pourvoir<\/strong><\/h2>\n[\/vc_column_text][vc_raw_js]JTNDc2NyaXB0JTIwaWQlM0QlMjJnbmV3dG9uanMlMjIlMjB0eXBlJTNEJTIydGV4dCUyRmphdmFzY3JpcHQlMjIlMjBzcmMlM0QlMjIlMkYlMkZzZXJ2aWNlcy5uZXd0b25zb2Z0d2FyZS5jb20lMkZjYXJlZXIlMkZpZnJhbWUuYWN0aW9uJTNGY2xpZW50SWQlM0Q4YTc4ODNjNjYxYzA5MTk4MDE2MWQ5NzM5OWExNDM2ZiUyMiUzRSUzQyUyRnNjcmlwdCUzRQ==[\/vc_raw_js][\/vc_column][\/vc_row][vc_row full_width=\u00a0\u00bbstretch_row\u00a0\u00bb css=\u00a0\u00bb.vc_custom_1598287288153{margin-bottom: 55px !important;padding-top: 50px !important;background-color: #f7f7f7 !important;}\u00a0\u00bb][vc_column css=\u00a0\u00bb.vc_custom_1598286657957{margin-bottom: 30px !important;}\u00a0\u00bb][vc_column_text css=\u00a0\u00bb.vc_custom_1598287113532{margin-bottom: 20px !important;}\u00a0\u00bb]\n<h3>Notre entreprise est compos\u00e9e de<\/h3>\n[\/vc_column_text][vc_row_inner content_placement=\u00a0\u00bbtop\u00a0\u00bb][vc_column_inner width=\u00a0\u00bb1\/6&Prime;]<div class=\"vcex-module vcex-milestone wpex-text-center career-milestone vc_custom_1598286892831 wpex-clr\"><div class=\"vcex-milestone-inner wpex-inline-block\"><div class=\"vcex-milestone-desc\"><div class=\"vcex-milestone-number wpex-leading-none wpex-font-semibold wpex-text-gray-400\"><span class=\"vcex-milestone-time vcex-countup\" data-options=\"{&quot;startVal&quot;:0,&quot;endVal&quot;:130,&quot;duration&quot;:2.5,&quot;decimals&quot;:0,&quot;separator&quot;:&quot;,&quot;,&quot;decimal&quot;:&quot;.&quot;}\">0<\/span><span class=\"vcex-milestone-after\">+<\/span><\/div><div class=\"vcex-milestone-caption wpex-mt-5 wpex-font-light wpex-text-lg wpex-text-gray-500\">Employ\u00e9s \u00e0 temps plein<\/div><\/div><\/div><\/div>[\/vc_column_inner][vc_column_inner width=\u00a0\u00bb1\/6&Prime;]<figure class=\"vcex-image vcex-module wpex-clr textcenter hidden-phone\"><div class=\"vcex-image-inner wpex-inline-block wpex-relative vc_custom_1599157296611\" style=\"max-width:91px;\"><img decoding=\"async\" loading=\"lazy\" class=\"wpex-w-100 wpex-align-middle\" src=\"https:\/\/home.agrian.com\/wp-content\/uploads\/2020\/08\/Group-227@2x.png\" alt=\"\" width=\"182\" height=\"46\" \/><\/div><\/figure><figure class=\"vcex-image vcex-module wpex-clr textcenter visible-phone\"><div class=\"vcex-image-inner wpex-inline-block wpex-relative\" style=\"max-width:23px;\"><img decoding=\"async\" loading=\"lazy\" class=\"wpex-w-100 wpex-align-middle\" src=\"https:\/\/home.agrian.com\/wp-content\/uploads\/2020\/09\/arrow@2x.png\" alt=\"\" width=\"46\" height=\"182\" \/><\/div><\/figure>[\/vc_column_inner][vc_column_inner width=\u00a0\u00bb1\/6&Prime;][vc_pie value=\u00a0\u00bb30&Prime; color=\u00a0\u00bbcustom\u00a0\u00bb custom_color=\u00a0\u00bb#1d428a\u00a0\u00bb title=\u00a0\u00bbPersonnel de r\u00e9glementation\u00a0\u00bb el_class=\u00a0\u00bbpercentage\u00a0\u00bb][\/vc_column_inner][vc_column_inner width=\u00a0\u00bb1\/6&Prime;][vc_pie value=\u00a0\u00bb40&Prime; color=\u00a0\u00bbcustom\u00a0\u00bb custom_color=\u00a0\u00bb#65869c\u00a0\u00bb title=\u00a0\u00bbD\u00e9veloppement logiciel\u00a0\u00bb el_class=\u00a0\u00bbpercentage\u00a0\u00bb][\/vc_column_inner][vc_column_inner width=\u00a0\u00bb1\/6&Prime;][vc_pie value=\u00a0\u00bb20&Prime; color=\u00a0\u00bbcustom\u00a0\u00bb custom_color=\u00a0\u00bb#00712e\u00a0\u00bb title=\u00a0\u00bbAssistance client\u00e8le\u00a0\u00bb el_class=\u00a0\u00bbpercentage\u00a0\u00bb][\/vc_column_inner][vc_column_inner width=\u00a0\u00bb1\/6&Prime;][vc_pie value=\u00a0\u00bb10&Prime; color=\u00a0\u00bbcustom\u00a0\u00bb custom_color=\u00a0\u00bb#214b2a\u00a0\u00bb title=\u00a0\u00bbVentes et administration\u00a0\u00bb el_class=\u00a0\u00bbpercentage\u00a0\u00bb][\/vc_column_inner][\/vc_row_inner][\/vc_column][\/vc_row][vc_row css=\u00a0\u00bb.vc_custom_1599149538052{margin-bottom: 35px !important;}\u00a0\u00bb el_class=\u00a0\u00bbteam-quotes\u00a0\u00bb][vc_column width=\u00a0\u00bb5\/12&Prime;]<figure class=\"vcex-image vcex-module wpex-clr negative-margin slide-image slide-0 active\"><div class=\"vcex-image-inner wpex-inline-block wpex-relative vc_custom_1600109824018\"><img decoding=\"async\" loading=\"lazy\" class=\"wpex-w-100 wpex-align-middle\" src=\"https:\/\/home.agrian.com\/wp-content\/uploads\/2020\/09\/Nathan_Quote_Image@2x.jpg\" alt=\"\" width=\"966\" height=\"738\" \/><\/div><\/figure><figure class=\"vcex-image vcex-module wpex-clr negative-margin slide-image slide-1\"><div class=\"vcex-image-inner wpex-inline-block wpex-relative vc_custom_1599149562576\"><img decoding=\"async\" loading=\"lazy\" class=\"wpex-w-100 wpex-align-middle\" src=\"https:\/\/home.agrian.com\/wp-content\/uploads\/2020\/08\/Group-226@2x.png\" alt=\"\" width=\"966\" height=\"738\" \/><\/div><\/figure><figure class=\"vcex-image vcex-module wpex-clr negative-margin slide-image slide-2\"><div class=\"vcex-image-inner wpex-inline-block wpex-relative vc_custom_1599149569804\"><img decoding=\"async\" loading=\"lazy\" class=\"wpex-w-100 wpex-align-middle\" src=\"https:\/\/home.agrian.com\/wp-content\/uploads\/2020\/09\/nishan@2x.png\" alt=\"\" width=\"966\" height=\"738\" \/><\/div><\/figure>[\/vc_column][vc_column width=\u00a0\u00bb7\/12&Prime; css=\u00a0\u00bb.vc_custom_1600805305681{border-top-width: 4px !important;border-right-width: 4px !important;border-bottom-width: 4px !important;border-left-width: 4px !important;border-left-color: #daaa00 !important;border-left-style: solid !important;border-right-color: #daaa00 !important;border-right-style: solid !important;border-top-color: #daaa00 !important;border-top-style: solid !important;border-bottom-color: #daaa00 !important;border-bottom-style: solid !important;}\u00a0\u00bb el_class=\u00a0\u00bbquote-column\u00a0\u00bb][vc_row_inner css=\u00a0\u00bb.vc_custom_1600804965876{padding-top: 35px !important;padding-right: 35px !important;padding-bottom: 35px !important;padding-left: 35px !important;}\u00a0\u00bb el_class=\u00a0\u00bbteam-quote-slider\u00a0\u00bb][vc_column_inner width=\u00a0\u00bb11\/12&Prime; offset=\u00a0\u00bbvc_col-sm-offset-1&Prime;][vc_column_text]\n<p style=\"text-align: left;\">You know you&rsquo;re working somewhere special when it doesn&rsquo;t feel like work. There is always something exciting to work on whether it be trying a new technology or overcoming a complex deliverable.<\/p>\n<p class=\"small-gray\" style=\"text-align: right;\"><strong>&#8211; Nathan Lange<\/strong><br \/>\nCadre ing\u00e9nieur test<\/p>\n[\/vc_column_text][vc_column_text]There are so many types of smart here \u2013 from the minds of our developers who actually bring Agrian to life, to the drive of our customer success team who won\u2019t stop until things are right. It\u2019s inspiring.<\/p>\n<p class=\"small-gray\" style=\"text-align: right;\"><strong>&#8211; Daisy Cervantes<\/strong><br \/>\nDirectrice des services d\u2019assistance<\/p>\n[\/vc_column_text][vc_column_text]Agrian has always been a customer focused organization. We get our priorities from the boots on the ground who actually do the job \u2013 and the solutions they say they need to do it well. That\u2019s what\u2019s propelling Agrian forward \u2013 today and tomorrow.<\/p>\n<p class=\"small-gray\" style=\"text-align: right;\"><strong>&#8211; Nishan Majarian<\/strong><br \/>\nChef de la direction<\/p>\n[\/vc_column_text][\/vc_column_inner][\/vc_row_inner][\/vc_column][\/vc_row][vc_row css=\u00a0\u00bb.vc_custom_1598291569947{margin-bottom: 40px !important;}\u00a0\u00bb el_class=\u00a0\u00bbcontent-inline textcenter\u00a0\u00bb][vc_column][vc_column_text]\n<h3><span class=\"blue-text\">Faites-vous d\u00e9j\u00e0 partie de nos relations sur LinkedIn?<\/span><\/h3>\n[\/vc_column_text]<div class=\"vcex-spacing wpex-w-100 wpex-clear visible-phone\" style=\"height:10px\"><\/div><div class=\"vcex-module wpex-social-btns vcex-social-btns large-social wpex-last-mr-0\" style=\"font-size:12px;\"><a  href=\"https:\/\/www.linkedin.com\/company\/agrian\/\" class=\"wpex-social-btn wpex-social-btn-flat wpex-social-color-hover wpex-round wpex-mb-5 wpex-mr-5 vc_custom_1598291494070 wpex-linkedin\" target=\"_blank\" data-wpex-hover=\"{&quot;background&quot;:&quot;#1d428a&quot;,&quot;color&quot;:&quot;#ffffff&quot;}\" rel=\"noopener noreferrer\"><span class=\"ticon ticon-linkedin\" aria-hidden=\"true\"><\/span><span class=\"screen-reader-text\">Linkedin<\/span><\/a><\/div>[\/vc_column][\/vc_row]\n","protected":false},"excerpt":{"rendered":"<p>[vc_row remove_bottom_col_margin=\u00a0\u00bbtrue\u00a0\u00bb][vc_column][\/vc_column][\/vc_row][vc_row content_placement=\u00a0\u00bbmiddle\u00a0\u00bb remove_bottom_col_margin=\u00a0\u00bbtrue\u00a0\u00bb][vc_column width=\u00a0\u00bb5\/12&Prime;][vc_column_text css=\u00a0\u00bb.vc_custom_1598283642071{margin-bottom: 20px !important;}\u00a0\u00bb] Une culture de la croissance [\/vc_column_text][vc_column_text]De petite entreprise en d\u00e9marrage dont les locaux \u00e9taient situ\u00e9s dans des stationnements souterrains \u00e0 Fresno en Californie, Agrian est devenu un des logiciels agricoles les plus&hellip;<\/p>\n","protected":false},"author":7,"featured_media":0,"parent":2678,"menu_order":0,"comment_status":"closed","ping_status":"closed","template":"","meta":{"footnotes":""},"yoast_head":"<!-- This site is optimized with the Yoast SEO plugin v15.6.2 - https:\/\/yoast.com\/wordpress\/plugins\/seo\/ -->\n<title>Recrutement - TELUS Agronomy<\/title>\n<meta name=\"robots\" content=\"index, follow, max-snippet:-1, max-image-preview:large, max-video-preview:-1\" \/>\n<link rel=\"canonical\" href=\"http:\/\/home.agrian.com\/fr-ca\/company\/careers\/\" \/>\n<meta property=\"og:locale\" content=\"fr_CA\" \/>\n<meta property=\"og:type\" content=\"article\" \/>\n<meta property=\"og:title\" content=\"Recrutement - TELUS Agronomy\" \/>\n<meta property=\"og:description\" content=\"[vc_row remove_bottom_col_margin=\u00a0\u00bbtrue\u00a0\u00bb][vc_column][\/vc_column][\/vc_row][vc_row content_placement=\u00a0\u00bbmiddle\u00a0\u00bb remove_bottom_col_margin=\u00a0\u00bbtrue\u00a0\u00bb][vc_column width=\u00a0\u00bb5\/12&Prime;][vc_column_text css=\u00a0\u00bb.vc_custom_1598283642071{margin-bottom: 20px !important;}\u00a0\u00bb] Une culture de la croissance [\/vc_column_text][vc_column_text]De petite entreprise en d\u00e9marrage dont les locaux \u00e9taient situ\u00e9s dans des stationnements souterrains \u00e0 Fresno en Californie, Agrian est devenu un des logiciels agricoles les plus&hellip;\" \/>\n<meta property=\"og:url\" content=\"http:\/\/home.agrian.com\/fr-ca\/company\/careers\/\" \/>\n<meta property=\"og:site_name\" content=\"TELUS Agronomy\" \/>\n<meta property=\"article:modified_time\" content=\"2021-03-23T22:12:09+00:00\" \/>\n<meta name=\"twitter:card\" content=\"summary\" \/>\n<meta name=\"twitter:label1\" content=\"Est. reading time\">\n\t<meta name=\"twitter:data1\" content=\"5 minutes\">\n<script type=\"application\/ld+json\" class=\"yoast-schema-graph\">{\"@context\":\"https:\/\/schema.org\",\"@graph\":[{\"@type\":\"WebSite\",\"@id\":\"http:\/\/home.agrian.com\/#website\",\"url\":\"http:\/\/home.agrian.com\/\",\"name\":\"TELUS Agronomy\",\"description\":\"\",\"potentialAction\":[{\"@type\":\"SearchAction\",\"target\":\"http:\/\/home.agrian.com\/?s={search_term_string}\",\"query-input\":\"required name=search_term_string\"}],\"inLanguage\":\"fr-CA\"},{\"@type\":\"WebPage\",\"@id\":\"http:\/\/home.agrian.com\/fr-ca\/company\/careers\/#webpage\",\"url\":\"http:\/\/home.agrian.com\/fr-ca\/company\/careers\/\",\"name\":\"Recrutement - TELUS Agronomy\",\"isPartOf\":{\"@id\":\"http:\/\/home.agrian.com\/#website\"},\"datePublished\":\"2021-02-19T19:15:10+00:00\",\"dateModified\":\"2021-03-23T22:12:09+00:00\",\"breadcrumb\":{\"@id\":\"http:\/\/home.agrian.com\/fr-ca\/company\/careers\/#breadcrumb\"},\"inLanguage\":\"fr-CA\",\"potentialAction\":[{\"@type\":\"ReadAction\",\"target\":[\"http:\/\/home.agrian.com\/fr-ca\/company\/careers\/\"]}]},{\"@type\":\"BreadcrumbList\",\"@id\":\"http:\/\/home.agrian.com\/fr-ca\/company\/careers\/#breadcrumb\",\"itemListElement\":[{\"@type\":\"ListItem\",\"position\":1,\"item\":{\"@type\":\"WebPage\",\"@id\":\"http:\/\/home.agrian.com\/fr-ca\/company\/\",\"url\":\"http:\/\/home.agrian.com\/fr-ca\/company\/\",\"name\":\"Entreprise\"}},{\"@type\":\"ListItem\",\"position\":2,\"item\":{\"@type\":\"WebPage\",\"@id\":\"http:\/\/home.agrian.com\/fr-ca\/company\/careers\/\",\"url\":\"http:\/\/home.agrian.com\/fr-ca\/company\/careers\/\",\"name\":\"Recrutement\"}}]}]}<\/script>\n<!-- \/ Yoast SEO plugin. -->","_links":{"self":[{"href":"https:\/\/home.agrian.com\/fr-ca\/wp-json\/wp\/v2\/pages\/5001"}],"collection":[{"href":"https:\/\/home.agrian.com\/fr-ca\/wp-json\/wp\/v2\/pages"}],"about":[{"href":"https:\/\/home.agrian.com\/fr-ca\/wp-json\/wp\/v2\/types\/page"}],"author":[{"embeddable":true,"href":"https:\/\/home.agrian.com\/fr-ca\/wp-json\/wp\/v2\/users\/7"}],"replies":[{"embeddable":true,"href":"https:\/\/home.agrian.com\/fr-ca\/wp-json\/wp\/v2\/comments?post=5001"}],"version-history":[{"count":3,"href":"https:\/\/home.agrian.com\/fr-ca\/wp-json\/wp\/v2\/pages\/5001\/revisions"}],"predecessor-version":[{"id":6084,"href":"https:\/\/home.agrian.com\/fr-ca\/wp-json\/wp\/v2\/pages\/5001\/revisions\/6084"}],"up":[{"embeddable":true,"href":"https:\/\/home.agrian.com\/fr-ca\/wp-json\/wp\/v2\/pages\/2678"}],"wp:attachment":[{"href":"https:\/\/home.agrian.com\/fr-ca\/wp-json\/wp\/v2\/media?parent=5001"}],"curies":[{"name":"wp","href":"https:\/\/api.w.org\/{rel}","templated":true}]}}