{"id":4948,"date":"2021-02-19T13:14:21","date_gmt":"2021-02-19T19:14:21","guid":{"rendered":"https:\/\/home.agrian.com\/mobile-app\/"},"modified":"2021-03-23T17:10:46","modified_gmt":"2021-03-23T22:10:46","slug":"mobile-app","status":"publish","type":"page","link":"https:\/\/home.agrian.com\/fr-ca\/mobile-app\/","title":{"rendered":"Application mobile"},"content":{"rendered":"[vc_row visibility=\u00a0\u00bbhidden-phone\u00a0\u00bb][vc_column][\/vc_column][\/vc_row][vc_row css=\u00a0\u00bb.vc_custom_1600268844872{margin-top: 40px !important;margin-bottom: 30px !important;}\u00a0\u00bb][vc_column width=\u00a0\u00bb1\/3&Prime;]<figure class=\"vcex-image vcex-module wpex-clr textright hidden-phone text-sm-center\"><div class=\"vcex-image-inner wpex-inline-block wpex-relative\" style=\"max-width:200px;\"><img decoding=\"async\" loading=\"lazy\" class=\"wpex-w-100 wpex-align-middle\" src=\"https:\/\/home.agrian.com\/wp-content\/uploads\/2020\/08\/Group-225@2x-2.png\" alt=\"\" width=\"401\" height=\"787\" \/><\/div><\/figure><figure class=\"vcex-image vcex-module wpex-clr textright visible-phone text-sm-center\"><div class=\"vcex-image-inner wpex-inline-block wpex-relative\" style=\"max-width:125px;\"><img decoding=\"async\" loading=\"lazy\" class=\"wpex-w-100 wpex-align-middle\" src=\"https:\/\/home.agrian.com\/wp-content\/uploads\/2020\/08\/Group-225@2x-2.png\" alt=\"\" width=\"401\" height=\"787\" \/><\/div><\/figure>[\/vc_column][vc_column width=\u00a0\u00bb7\/12&Prime; offset=\u00a0\u00bbvc_col-sm-offset-1&Prime;][vc_row_inner remove_bottom_col_margin=\u00a0\u00bbtrue\u00a0\u00bb css=\u00a0\u00bb.vc_custom_1598032848727{margin-bottom: 10px !important;}\u00a0\u00bb][vc_column_inner width=\u00a0\u00bb3\/4&Prime;][vc_column_text]\n<h4>Application mobile\u00a0Agrian<\/h4>\n<h2>Notre application <strong>GRATUITE<\/strong> vous permet de\u00a0:<\/h2>\n[\/vc_column_text][\/vc_column_inner][\/vc_row_inner][vc_column_text css=\u00a0\u00bb.vc_custom_1614623293622{margin-bottom: 15px !important;}\u00a0\u00bb]\n<ul>\n<li>Rechercher des produits au sein de notre base de donn\u00e9es constitu\u00e9e de plus de 12\u00a0000\u00a0\u00e9tiquettes indemnis\u00e9es<\/li>\n<li>Consulter l\u2019\u00e9tiquette d\u2019un produit d\u2019un simple clic<\/li>\n<li>Acc\u00e9der aux \u00e9tiquettes du fabricant, aux fiches de donn\u00e9es de s\u00e9curit\u00e9 et aux autres documents relatifs au produit<\/li>\n<li>Rechercher et partager vos recommandations, utiliser les rapports et tout autre type de dossier<\/li>\n<li>Enregistrer et organiser les produits et dossiers pour un acc\u00e8s hors ligne<\/li>\n<li>Et bien plus encore!<\/li>\n<\/ul>\n[\/vc_column_text][vc_row_inner remove_bottom_col_margin=\u00a0\u00bbtrue\u00a0\u00bb][vc_column_inner el_class=\u00a0\u00bbinline-images text-sm-center\u00a0\u00bb]<figure class=\"vcex-image vcex-module wpex-clr\"><div class=\"vcex-image-inner wpex-inline-block wpex-relative\" style=\"max-width:134px;\"><a href=\"https:\/\/apps.apple.com\/us\/app\/agrian-mobile\/id409704374\" rel=\"noopener noreferrer\" target=\"_blank\"><img decoding=\"async\" loading=\"lazy\" class=\"wpex-w-100 wpex-align-middle\" src=\"https:\/\/home.agrian.com\/wp-content\/uploads\/2020\/08\/google-play-app-store-mobile-phones-google@2x.jpg\" alt=\"\" width=\"268\" height=\"79\" \/><\/a><\/div><\/figure><figure class=\"vcex-image vcex-module wpex-clr\"><div class=\"vcex-image-inner wpex-inline-block wpex-relative\" style=\"max-width:134px;\"><a href=\"https:\/\/play.google.com\/store\/apps\/details?id=com.agrian.AgrianMobile\" rel=\"noopener noreferrer\" target=\"_blank\"><img decoding=\"async\" loading=\"lazy\" class=\"wpex-w-100 wpex-align-middle\" src=\"https:\/\/home.agrian.com\/wp-content\/uploads\/2020\/08\/2google-play-app-store-mobile-phones-google@2x.jpg\" alt=\"\" width=\"268\" height=\"79\" \/><\/a><\/div><\/figure>[\/vc_column_inner][\/vc_row_inner][\/vc_column][\/vc_row][vc_section css=\u00a0\u00bb.vc_custom_1598033256192{border-top-width: 1px !important;padding-top: 70px !important;border-top-color: #707070 !important;border-top-style: solid !important;}\u00a0\u00bb][vc_row columns_right=\u00a0\u00bbyes\u00a0\u00bb css=\u00a0\u00bb.vc_custom_1598034179416{margin-bottom: 20px !important;}\u00a0\u00bb][vc_column width=\u00a0\u00bb1\/2&Prime;]<figure class=\"vcex-image vcex-module wpex-clr textcenter\"><div class=\"vcex-image-inner wpex-inline-block wpex-relative\"><img decoding=\"async\" loading=\"lazy\" class=\"wpex-w-100 wpex-align-middle\" src=\"https:\/\/home.agrian.com\/wp-content\/uploads\/2020\/09\/Vern_Grower_Vineyard@2x.jpg\" alt=\"\" width=\"962\" height=\"630\" \/><\/div><\/figure>[\/vc_column][vc_column width=\u00a0\u00bb1\/2&Prime;][vc_column_text css=\u00a0\u00bb.vc_custom_1598033672624{margin-bottom: 16px !important;}\u00a0\u00bb]\n<h4>Application mobile de nouvelle g\u00e9n\u00e9ration\u00a0Agrian<\/h4>\n<h2>Nous vous suivons <strong>o\u00f9 que vous alliez. <\/strong><\/h2>\n<h3>Les adh\u00e9rents ont acc\u00e8s \u00e0 des capacit\u00e9s am\u00e9lior\u00e9es dans la paume de leur main.<\/h3>\n[\/vc_column_text][vc_column_text css=\u00a0\u00bb.vc_custom_1598033724733{margin-bottom: 20px !important;}\u00a0\u00bb]Dans le monde moderne, o\u00f9 tout va tr\u00e8s vite, vous devez en permanence avoir acc\u00e8s aux informations dont vous avez besoin pour prendre des d\u00e9cisions en temps r\u00e9el; et cela passe par les bons outils.<\/p>\n<p>Pour plus de d\u00e9tails sur le d\u00e9marrage avec l\u2019application mobile de derni\u00e8re g\u00e9n\u00e9ration\u00a0Agrian, veuillez envoyer un courriel \u00e0 votre repr\u00e9sentant client\u00e8le \u00e0 l\u2019adresse <a href=\"mailto:cs@agrian.com\">cs@agrian.com<\/a> ou <a href=\"mailto:sales@agrian.com\">sales@agrian.com<\/a>.[\/vc_column_text]<figure class=\"vcex-image vcex-module wpex-clr\"><div class=\"vcex-image-inner wpex-inline-block wpex-relative\" style=\"max-width:134px;\"><a href=\"https:\/\/apps.apple.com\/us\/app\/agrian\/id1003507680\" rel=\"noopener noreferrer\" target=\"_blank\"><img decoding=\"async\" loading=\"lazy\" class=\"wpex-w-100 wpex-align-middle\" src=\"https:\/\/home.agrian.com\/wp-content\/uploads\/2020\/08\/google-play-app-store-mobile-phones-google@2x.jpg\" alt=\"\" width=\"268\" height=\"79\" \/><\/a><\/div><\/figure>[\/vc_column][\/vc_row][vc_row content_placement=\u00a0\u00bbmiddle\u00a0\u00bb remove_bottom_col_margin=\u00a0\u00bbtrue\u00a0\u00bb css=\u00a0\u00bb.vc_custom_1598034124859{margin-bottom: 20px !important;}\u00a0\u00bb][vc_column width=\u00a0\u00bb1\/3&Prime;]<figure class=\"vcex-image vcex-module wpex-clr circle-image\"><div class=\"vcex-image-inner wpex-inline-block wpex-relative\"><img decoding=\"async\" loading=\"lazy\" class=\"wpex-w-100 wpex-align-middle\" src=\"https:\/\/home.agrian.com\/wp-content\/uploads\/2020\/08\/Mask-Group-9@2x.png\" alt=\"\" width=\"634\" height=\"634\" \/><\/div><\/figure><div class=\"vcex-spacing wpex-w-100 wpex-clear visible-phone\" style=\"height:20px\"><\/div>[\/vc_column][vc_column width=\u00a0\u00bb7\/12&Prime; offset=\u00a0\u00bbvc_col-sm-offset-1&Prime;][vc_column_text css=\u00a0\u00bb.vc_custom_1598034035024{margin-bottom: 30px !important;}\u00a0\u00bb]\n<h3>D\u00e9pistage et pi\u00e9geage<\/h3>\n[\/vc_column_text][vc_column_text]Vous avez des constatations relatives au d\u00e9pistage? Saisissez le nombre de constatations observ\u00e9es, le pourcentage de cultures touch\u00e9es, le degr\u00e9 de s\u00e9v\u00e9rit\u00e9, les mesures requises, d\u2019autres remarques que vous souhaitez ajouter, ou encore chargez des photos. Tout cela appara\u00eet sous des ic\u00f4nes faciles \u00e0 lire, directement sur votre tableau de bord, \u00e0 votre disposition ainsi qu\u2019\u00e0 celle de votre client et de tout autre membre de confiance de votre \u00e9quipe.[\/vc_column_text]<div class=\"vcex-spacing wpex-w-100 wpex-clear visible-phone\" style=\"height:20px\"><\/div>[\/vc_column][\/vc_row][vc_row content_placement=\u00a0\u00bbmiddle\u00a0\u00bb remove_bottom_col_margin=\u00a0\u00bbtrue\u00a0\u00bb columns_right=\u00a0\u00bbyes\u00a0\u00bb css=\u00a0\u00bb.vc_custom_1598034137535{margin-bottom: 20px !important;}\u00a0\u00bb][vc_column width=\u00a0\u00bb1\/3&Prime; offset=\u00a0\u00bbvc_col-sm-offset-1&Prime;]<figure class=\"vcex-image vcex-module wpex-clr circle-image\"><div class=\"vcex-image-inner wpex-inline-block wpex-relative\"><img decoding=\"async\" loading=\"lazy\" class=\"wpex-w-100 wpex-align-middle\" src=\"https:\/\/home.agrian.com\/wp-content\/uploads\/2020\/08\/Mask-Group-10@2x.png\" alt=\"\" width=\"634\" height=\"634\" \/><\/div><\/figure><div class=\"vcex-spacing wpex-w-100 wpex-clear visible-phone\" style=\"height:20px\"><\/div>[\/vc_column][vc_column width=\u00a0\u00bb7\/12&Prime; offset=\u00a0\u00bbvc_col-sm-offset-0&Prime;][vc_column_text css=\u00a0\u00bb.vc_custom_1598034257631{margin-bottom: 30px !important;}\u00a0\u00bb]\n<h3>Imagerie<\/h3>\n[\/vc_column_text][vc_column_text]Agrian fournit une imagerie afin que vous puissiez avoir une vue du dessus des ann\u00e9es pr\u00e9c\u00e9dentes disponible \u00e0 port\u00e9e de doigts. Ces images peuvent \u00eatre utilis\u00e9es pour cr\u00e9er un d\u00e9pistage cibl\u00e9, ainsi que des zones de gestion et des \u00e9v\u00e9nements cibles.[\/vc_column_text]<div class=\"vcex-spacing wpex-w-100 wpex-clear visible-phone\" style=\"height:20px\"><\/div>[\/vc_column][\/vc_row][vc_row content_placement=\u00a0\u00bbmiddle\u00a0\u00bb remove_bottom_col_margin=\u00a0\u00bbtrue\u00a0\u00bb css=\u00a0\u00bb.vc_custom_1598034124859{margin-bottom: 20px !important;}\u00a0\u00bb][vc_column width=\u00a0\u00bb1\/3&Prime;]<figure class=\"vcex-image vcex-module wpex-clr circle-image\"><div class=\"vcex-image-inner wpex-inline-block wpex-relative\"><img decoding=\"async\" loading=\"lazy\" class=\"wpex-w-100 wpex-align-middle\" src=\"https:\/\/home.agrian.com\/wp-content\/uploads\/2020\/08\/Mask-Group-11@2x.png\" alt=\"\" width=\"634\" height=\"634\" \/><\/div><\/figure><div class=\"vcex-spacing wpex-w-100 wpex-clear visible-phone\" style=\"height:20px\"><\/div>[\/vc_column][vc_column width=\u00a0\u00bb7\/12&Prime; offset=\u00a0\u00bbvc_col-sm-offset-1&Prime;][vc_column_text css=\u00a0\u00bb.vc_custom_1598034371686{margin-bottom: 30px !important;}\u00a0\u00bb]\n<h3>\u00c9chantillonnage des sols et des tissus<\/h3>\n[\/vc_column_text][vc_column_text]Effectuez des \u00e9chantillons de sols, de tissus et de n\u00e9matodes en toute transparence gr\u00e2ce au tableau de bord facile \u00e0 lire, reli\u00e9 au champ par g\u00e9onavigation. Sur la carte, indiquez simplement par un point les endroits o\u00f9 des \u00e9chantillons ont \u00e9t\u00e9 pr\u00e9lev\u00e9s et saisissez des d\u00e9tails tels que la profondeur de la colonne et les raisons des tests. Acc\u00e9dez \u00e0 la carte sur le terrain avec votre iPad, et r\u00e9f\u00e9rencez les \u00e9tiquettes correspondantes pour le laboratoire.[\/vc_column_text]<div class=\"vcex-spacing wpex-w-100 wpex-clear visible-phone\" style=\"height:20px\"><\/div>[\/vc_column][\/vc_row][vc_row content_placement=\u00a0\u00bbmiddle\u00a0\u00bb remove_bottom_col_margin=\u00a0\u00bbtrue\u00a0\u00bb columns_right=\u00a0\u00bbyes\u00a0\u00bb css=\u00a0\u00bb.vc_custom_1598034137535{margin-bottom: 20px !important;}\u00a0\u00bb][vc_column width=\u00a0\u00bb1\/3&Prime; offset=\u00a0\u00bbvc_col-sm-offset-1&Prime;]<figure class=\"vcex-image vcex-module wpex-clr circle-image\"><div class=\"vcex-image-inner wpex-inline-block wpex-relative\"><img decoding=\"async\" loading=\"lazy\" class=\"wpex-w-100 wpex-align-middle\" src=\"https:\/\/home.agrian.com\/wp-content\/uploads\/2020\/08\/Mask-Group-12@2x.png\" alt=\"\" width=\"634\" height=\"634\" \/><\/div><\/figure><div class=\"vcex-spacing wpex-w-100 wpex-clear visible-phone\" style=\"height:20px\"><\/div>[\/vc_column][vc_column width=\u00a0\u00bb7\/12&Prime; offset=\u00a0\u00bbvc_col-sm-offset-0&Prime;][vc_column_text css=\u00a0\u00bb.vc_custom_1598034406884{margin-bottom: 30px !important;}\u00a0\u00bb]\n<h3>Cr\u00e9er, cartographier et g\u00e9rer<\/h3>\n[\/vc_column_text][vc_column_text]Cr\u00e9ez des cartographies pendant vos d\u00e9placements gr\u00e2ce \u00e0 l\u2019outil de cartographie. Acc\u00e9dez depuis vos locaux \u00e0 un terrain que vous devez d\u00e9pister mais pour lequel vous manquez de temps, cartographiez le terrain et commencez imm\u00e9diatement le d\u00e9pistage. Cartographiez-le en positionnant des points ou par g\u00e9onavigation.[\/vc_column_text]<div class=\"vcex-spacing wpex-w-100 wpex-clear visible-phone\" style=\"height:20px\"><\/div>[\/vc_column][\/vc_row][vc_row content_placement=\u00a0\u00bbmiddle\u00a0\u00bb remove_bottom_col_margin=\u00a0\u00bbtrue\u00a0\u00bb css=\u00a0\u00bb.vc_custom_1598034124859{margin-bottom: 20px !important;}\u00a0\u00bb][vc_column width=\u00a0\u00bb1\/3&Prime;]<figure class=\"vcex-image vcex-module wpex-clr circle-image\"><div class=\"vcex-image-inner wpex-inline-block wpex-relative\"><img decoding=\"async\" loading=\"lazy\" class=\"wpex-w-100 wpex-align-middle\" src=\"https:\/\/home.agrian.com\/wp-content\/uploads\/2020\/08\/Mask-Group-13@2x.png\" alt=\"\" width=\"634\" height=\"634\" \/><\/div><\/figure><div class=\"vcex-spacing wpex-w-100 wpex-clear visible-phone\" style=\"height:20px\"><\/div>[\/vc_column][vc_column width=\u00a0\u00bb7\/12&Prime; offset=\u00a0\u00bbvc_col-sm-offset-1&Prime;][vc_column_text css=\u00a0\u00bb.vc_custom_1598034452693{margin-bottom: 30px !important;}\u00a0\u00bb]\n<h3>Aper\u00e7u des couches<\/h3>\n[\/vc_column_text][vc_column_text]Consultez l\u2019imagerie satellite et les \u00e9v\u00e9nements de terrain, y compris la plantation, la r\u00e9colte et les donn\u00e9es sur l\u2019application et veris. Ajoutez une couche \u00e0 votre terrain en tant que couche de guidage pour le d\u00e9pistage.[\/vc_column_text]<div class=\"vcex-spacing wpex-w-100 wpex-clear visible-phone\" style=\"height:20px\"><\/div>[\/vc_column][\/vc_row][vc_row content_placement=\u00a0\u00bbmiddle\u00a0\u00bb remove_bottom_col_margin=\u00a0\u00bbtrue\u00a0\u00bb columns_right=\u00a0\u00bbyes\u00a0\u00bb css=\u00a0\u00bb.vc_custom_1598034550497{margin-bottom: 90px !important;}\u00a0\u00bb][vc_column width=\u00a0\u00bb1\/3&Prime; offset=\u00a0\u00bbvc_col-sm-offset-1&Prime; el_class=\u00a0\u00bbinterlay-images\u00a0\u00bb]<figure class=\"vcex-image vcex-module wpex-clr textcenter interlay-image first-overlay placeholder\"><div class=\"vcex-image-inner wpex-inline-block wpex-relative\"><img decoding=\"async\" loading=\"lazy\" class=\"wpex-w-100 wpex-align-middle\" src=\"https:\/\/home.agrian.com\/wp-content\/uploads\/2020\/08\/Group-244.svg\" alt=\"\" \/><\/div><\/figure><figure class=\"vcex-image vcex-module wpex-clr textcenter interlay-image second-overlay\"><div class=\"vcex-image-inner wpex-inline-block wpex-relative\"><img decoding=\"async\" loading=\"lazy\" class=\"wpex-w-100 wpex-align-middle\" src=\"https:\/\/home.agrian.com\/wp-content\/uploads\/2020\/08\/Group-244.svg\" alt=\"\" \/><\/div><\/figure><div class=\"vcex-spacing wpex-w-100 wpex-clear visible-phone\" style=\"height:20px\"><\/div>[\/vc_column][vc_column width=\u00a0\u00bb7\/12&Prime; offset=\u00a0\u00bbvc_col-sm-offset-0&Prime;][vc_column_text css=\u00a0\u00bb.vc_custom_1598034516197{margin-bottom: 30px !important;}\u00a0\u00bb]\n<h3>Chargement de donn\u00e9es machine agronomiques<\/h3>\n[\/vc_column_text][vc_column_text]Transf\u00e9rez toutes vos donn\u00e9es sur la plantation brute, l\u2019application et la r\u00e9colte directement de votre machine vers la plateforme\u00a0Agrian, o\u00f9 elles peuvent \u00eatre facilement analys\u00e9es.[\/vc_column_text]<div class=\"vcex-spacing wpex-w-100 wpex-clear visible-phone\" style=\"height:20px\"><\/div>[\/vc_column][\/vc_row][vc_row css=\u00a0\u00bb.vc_custom_1598035965489{margin-bottom: 50px !important;}\u00a0\u00bb][vc_column][vc_column_text text_align=\u00a0\u00bbcenter\u00a0\u00bb font_family=\u00a0\u00bbadelle\u00a0\u00bb font_weight=\u00a0\u00bbsemibold\u00a0\u00bb font_size=\u00a0\u00bbd:22px|tp:20px\u00a0\u00bb]Pour en savoir plus sur le d\u00e9marrage avec la plateforme, veuillez envoyer un courriel \u00e0 votre repr\u00e9sentant client\u00e8le \u00e0 l\u2019adresse <a href=\"mailto:cs@agrian.com\">cs@agrian.com<\/a> ou <a href=\"mailto:sales@agrian.com\">sales@agrian.com<\/a>.[\/vc_column_text][\/vc_column][\/vc_row][\/vc_section][vc_row css=\u00a0\u00bb.vc_custom_1598036584068{margin-bottom: 60px !important;padding-top: 65px !important;padding-bottom: 10px !important;background-color: #f0f0f0 !important;}\u00a0\u00bb][vc_column width=\u00a0\u00bb1\/2&Prime; offset=\u00a0\u00bbvc_col-sm-offset-1&Prime;][vc_column_text color=\u00a0\u00bb#adadad\u00a0\u00bb css=\u00a0\u00bb.vc_custom_1598036649083{margin-bottom: 5px !important;}\u00a0\u00bb el_class=\u00a0\u00bbtext-sm-center\u00a0\u00bb]\n<h4>Assistance t\u00e9l\u00e9phonique<\/h4>\n[\/vc_column_text][vc_column_text color=\u00a0\u00bb#505257&Prime; el_class=\u00a0\u00bbtext-sm-center\u00a0\u00bb]\n<h2>Vous avez des questions?<br \/>\n<strong>Veuillez joindre notre \u00e9quipe d\u2019assistance<\/strong><\/h2>\n[\/vc_column_text][\/vc_column][vc_column width=\u00a0\u00bb5\/12&Prime; el_class=\u00a0\u00bbtext-sm-center\u00a0\u00bb][vc_column_text font_family=\u00a0\u00bbadelle\u00a0\u00bb font_size=\u00a0\u00bb18px\u00a0\u00bb font_weight=\u00a0\u00bbsemibold\u00a0\u00bb css=\u00a0\u00bb.vc_custom_1600280407376{margin-bottom: 20px !important;}\u00a0\u00bb el_class=\u00a0\u00bbtext-sm-center\u00a0\u00bb]Du lundi au vendredi<br \/>\nde 6\u00a0h\u00a000 \u00e0 17\u00a0h\u00a030<\/p>\n<p>Le samedi<br \/>\nde 8\u00a0h\u00a000 \u00e0 12\u00a0h\u00a000[\/vc_column_text]<div class=\"theme-button-block-wrap wpex-block wpex-clear theme-button-wrap wpex-clr\"><a href=\"#\" class=\"vcex-button theme-button block\"><span class=\"theme-button-inner\">Contacter l\u2019Assistance<\/span><\/a><\/div> [\/vc_column][\/vc_row]\n","protected":false},"excerpt":{"rendered":"<p>[vc_row visibility=\u00a0\u00bbhidden-phone\u00a0\u00bb][vc_column][\/vc_column][\/vc_row][vc_row css=\u00a0\u00bb.vc_custom_1600268844872{margin-top: 40px !important;margin-bottom: 30px !important;}\u00a0\u00bb][vc_column width=\u00a0\u00bb1\/3&Prime;][\/vc_column][vc_column width=\u00a0\u00bb7\/12&Prime; offset=\u00a0\u00bbvc_col-sm-offset-1&Prime;][vc_row_inner remove_bottom_col_margin=\u00a0\u00bbtrue\u00a0\u00bb css=\u00a0\u00bb.vc_custom_1598032848727{margin-bottom: 10px !important;}\u00a0\u00bb][vc_column_inner width=\u00a0\u00bb3\/4&Prime;][vc_column_text] Application mobile\u00a0Agrian Notre application GRATUITE vous permet de\u00a0: [\/vc_column_text][\/vc_column_inner][\/vc_row_inner][vc_column_text css=\u00a0\u00bb.vc_custom_1614623293622{margin-bottom: 15px !important;}\u00a0\u00bb] Rechercher des produits au sein de notre base de donn\u00e9es constitu\u00e9e de plus&hellip;<\/p>\n","protected":false},"author":7,"featured_media":0,"parent":0,"menu_order":0,"comment_status":"closed","ping_status":"closed","template":"","meta":{"footnotes":""},"yoast_head":"<!-- This site is optimized with the Yoast SEO plugin v15.6.2 - https:\/\/yoast.com\/wordpress\/plugins\/seo\/ -->\n<title>Application mobile - TELUS Agronomy<\/title>\n<meta name=\"robots\" content=\"index, follow, max-snippet:-1, max-image-preview:large, max-video-preview:-1\" \/>\n<link rel=\"canonical\" href=\"https:\/\/home.agrian.com\/fr-ca\/mobile-app\/\" \/>\n<meta property=\"og:locale\" content=\"fr_CA\" \/>\n<meta property=\"og:type\" content=\"article\" \/>\n<meta property=\"og:title\" content=\"Application mobile - TELUS Agronomy\" \/>\n<meta property=\"og:description\" content=\"[vc_row visibility=\u00a0\u00bbhidden-phone\u00a0\u00bb][vc_column][\/vc_column][\/vc_row][vc_row css=\u00a0\u00bb.vc_custom_1600268844872{margin-top: 40px !important;margin-bottom: 30px !important;}\u00a0\u00bb][vc_column width=\u00a0\u00bb1\/3&Prime;][\/vc_column][vc_column width=\u00a0\u00bb7\/12&Prime; offset=\u00a0\u00bbvc_col-sm-offset-1&Prime;][vc_row_inner remove_bottom_col_margin=\u00a0\u00bbtrue\u00a0\u00bb css=\u00a0\u00bb.vc_custom_1598032848727{margin-bottom: 10px !important;}\u00a0\u00bb][vc_column_inner width=\u00a0\u00bb3\/4&Prime;][vc_column_text] Application mobile\u00a0Agrian Notre application GRATUITE vous permet de\u00a0: [\/vc_column_text][\/vc_column_inner][\/vc_row_inner][vc_column_text css=\u00a0\u00bb.vc_custom_1614623293622{margin-bottom: 15px !important;}\u00a0\u00bb] Rechercher des produits au sein de notre base de donn\u00e9es constitu\u00e9e de plus&hellip;\" \/>\n<meta property=\"og:url\" content=\"https:\/\/home.agrian.com\/fr-ca\/mobile-app\/\" \/>\n<meta property=\"og:site_name\" content=\"TELUS Agronomy\" \/>\n<meta property=\"article:modified_time\" content=\"2021-03-23T22:10:46+00:00\" \/>\n<meta name=\"twitter:card\" content=\"summary\" \/>\n<meta name=\"twitter:label1\" content=\"Est. reading time\">\n\t<meta name=\"twitter:data1\" content=\"4 minutes\">\n<script type=\"application\/ld+json\" class=\"yoast-schema-graph\">{\"@context\":\"https:\/\/schema.org\",\"@graph\":[{\"@type\":\"WebSite\",\"@id\":\"http:\/\/home.agrian.com\/#website\",\"url\":\"http:\/\/home.agrian.com\/\",\"name\":\"TELUS Agronomy\",\"description\":\"\",\"potentialAction\":[{\"@type\":\"SearchAction\",\"target\":\"http:\/\/home.agrian.com\/?s={search_term_string}\",\"query-input\":\"required name=search_term_string\"}],\"inLanguage\":\"fr-CA\"},{\"@type\":\"WebPage\",\"@id\":\"https:\/\/home.agrian.com\/fr-ca\/mobile-app\/#webpage\",\"url\":\"https:\/\/home.agrian.com\/fr-ca\/mobile-app\/\",\"name\":\"Application mobile - TELUS Agronomy\",\"isPartOf\":{\"@id\":\"http:\/\/home.agrian.com\/#website\"},\"datePublished\":\"2021-02-19T19:14:21+00:00\",\"dateModified\":\"2021-03-23T22:10:46+00:00\",\"breadcrumb\":{\"@id\":\"https:\/\/home.agrian.com\/fr-ca\/mobile-app\/#breadcrumb\"},\"inLanguage\":\"fr-CA\",\"potentialAction\":[{\"@type\":\"ReadAction\",\"target\":[\"https:\/\/home.agrian.com\/fr-ca\/mobile-app\/\"]}]},{\"@type\":\"BreadcrumbList\",\"@id\":\"https:\/\/home.agrian.com\/fr-ca\/mobile-app\/#breadcrumb\",\"itemListElement\":[{\"@type\":\"ListItem\",\"position\":1,\"item\":{\"@type\":\"WebPage\",\"@id\":\"https:\/\/home.agrian.com\/fr-ca\/mobile-app\/\",\"url\":\"https:\/\/home.agrian.com\/fr-ca\/mobile-app\/\",\"name\":\"Application mobile\"}}]}]}<\/script>\n<!-- \/ Yoast SEO plugin. -->","_links":{"self":[{"href":"https:\/\/home.agrian.com\/fr-ca\/wp-json\/wp\/v2\/pages\/4948"}],"collection":[{"href":"https:\/\/home.agrian.com\/fr-ca\/wp-json\/wp\/v2\/pages"}],"about":[{"href":"https:\/\/home.agrian.com\/fr-ca\/wp-json\/wp\/v2\/types\/page"}],"author":[{"embeddable":true,"href":"https:\/\/home.agrian.com\/fr-ca\/wp-json\/wp\/v2\/users\/7"}],"replies":[{"embeddable":true,"href":"https:\/\/home.agrian.com\/fr-ca\/wp-json\/wp\/v2\/comments?post=4948"}],"version-history":[{"count":6,"href":"https:\/\/home.agrian.com\/fr-ca\/wp-json\/wp\/v2\/pages\/4948\/revisions"}],"predecessor-version":[{"id":6080,"href":"https:\/\/home.agrian.com\/fr-ca\/wp-json\/wp\/v2\/pages\/4948\/revisions\/6080"}],"wp:attachment":[{"href":"https:\/\/home.agrian.com\/fr-ca\/wp-json\/wp\/v2\/media?parent=4948"}],"curies":[{"name":"wp","href":"https:\/\/api.w.org\/{rel}","templated":true}]}}