{"id":4930,"date":"2021-02-19T13:14:03","date_gmt":"2021-02-19T19:14:03","guid":{"rendered":"https:\/\/home.agrian.com\/support-training\/"},"modified":"2021-03-23T17:10:23","modified_gmt":"2021-03-23T22:10:23","slug":"support-training","status":"publish","type":"page","link":"https:\/\/home.agrian.com\/fr-ca\/support-training\/","title":{"rendered":"Assistance et formation"},"content":{"rendered":"[vc_row][vc_column][vc_column_text text_align=\u00a0\u00bbcenter\u00a0\u00bb]\n<h2>En quoi pouvons-nous <strong>vous aider?<\/strong><\/h2>\n[\/vc_column_text][\/vc_column][\/vc_row][vc_row el_class=\u00a0\u00bbsupport-icons\u00a0\u00bb][vc_column][vc_single_image image=\u00a0\u00bb4938&Prime; onclick=\u00a0\u00bbcustom_link\u00a0\u00bb img_link_target=\u00a0\u00bblocal\u00a0\u00bb el_class=\u00a0\u00bbimage-link text-sm-center\u00a0\u00bb link=\u00a0\u00bb#learning\u00a0\u00bb img_caption=\u00a0\u00bbFormations en ligne\u00a0\u00bb][vc_single_image image=\u00a0\u00bb4943&Prime; onclick=\u00a0\u00bbcustom_link\u00a0\u00bb img_link_target=\u00a0\u00bblocal\u00a0\u00bb el_class=\u00a0\u00bbimage-link text-sm-center\u00a0\u00bb link=\u00a0\u00bb#phone-support\u00a0\u00bb img_caption=\u00a0\u00bbAssistance t\u00e9l\u00e9phonique\u00a0\u00bb css=\u00a0\u00bb.vc_custom_1614117035065{padding-top: 5px !important;}\u00a0\u00bb][vc_single_image image=\u00a0\u00bb4933&Prime; onclick=\u00a0\u00bbcustom_link\u00a0\u00bb img_link_target=\u00a0\u00bblocal\u00a0\u00bb el_class=\u00a0\u00bbimage-link text-sm-center\u00a0\u00bb link=\u00a0\u00bb#phone-support\u00a0\u00bb img_caption=\u00a0\u00bbAssistance par courriel\u00a0\u00bb css=\u00a0\u00bb.vc_custom_1614117009997{padding-top: 5px !important;}\u00a0\u00bb][\/vc_column][\/vc_row][vc_section local_scroll_id=\u00a0\u00bblearning\u00a0\u00bb css=\u00a0\u00bb.vc_custom_1598042946515{margin-bottom: 55px !important;border-top-width: 1px !important;padding-top: 50px !important;border-top-color: #707070 !important;border-top-style: solid !important;}\u00a0\u00bb][vc_row css=\u00a0\u00bb.vc_custom_1598037788791{margin-bottom: 15px !important;}\u00a0\u00bb][vc_column width=\u00a0\u00bb2\/3&Prime;][vc_column_text]\n<h4>Formations en ligne<\/h4>\n<h2>Nous proposons des formations en ligne pour vous apprendre \u00e0 utiliser facilement <strong>Agrian comme un pro. <\/strong><\/h2>\n[\/vc_column_text][\/vc_column][\/vc_row][vc_row wpex_zindex=\u00a0\u00bb3&Prime;][vc_column width=\u00a0\u00bb7\/12&Prime; offset=\u00a0\u00bbvc_col-md-offset-1 vc_col-md-7 vc_col-sm-offset-0&Prime;][vc_row_inner remove_bottom_col_margin=\u00a0\u00bbtrue\u00a0\u00bb css=\u00a0\u00bb.vc_custom_1598039560534{margin-bottom: 25px !important;border-top-width: 4px !important;border-right-width: 4px !important;border-bottom-width: 4px !important;border-left-width: 4px !important;padding-top: 30px !important;padding-bottom: 20px !important;border-left-color: #214b2a !important;border-left-style: solid !important;border-right-color: #214b2a !important;border-right-style: solid !important;border-top-color: #214b2a !important;border-top-style: solid !important;border-bottom-color: #214b2a !important;border-bottom-style: solid !important;}\u00a0\u00bb el_class=\u00a0\u00bbcourse-list\u00a0\u00bb][vc_column_inner][vc_column_text el_class=\u00a0\u00bbe-course\u00a0\u00bb]\n<h4>Premier cours<\/h4>\n<h3>Introduction et navigation de base<\/h3>\n[\/vc_column_text][vc_column_text el_class=\u00a0\u00bbe-course\u00a0\u00bb]\n<h4>Deuxi\u00e8me cours<\/h4>\n<h3>Ajout de producteurs, agriculteurs et terrains<\/h3>\n[\/vc_column_text][vc_column_text el_class=\u00a0\u00bbe-course\u00a0\u00bb]\n<h4>Troisi\u00e8me cours<\/h4>\n<h3>Cr\u00e9ation et \u00e9dition des zones de gestion<\/h3>\n[\/vc_column_text][vc_column_text el_class=\u00a0\u00bbe-course\u00a0\u00bb]\n<h4>Quatri\u00e8me cours<\/h4>\n<h3>Cr\u00e9ation des \u00e9v\u00e9nements cibles<\/h3>\n[\/vc_column_text][vc_column_text el_class=\u00a0\u00bbe-course\u00a0\u00bb]\n<h4>Cinqui\u00e8me cours<\/h4>\n<h3>Chargement des \u00e9v\u00e9nements d\u2019\u00e9chantillonnage<\/h3>\n[\/vc_column_text][vc_column_text el_class=\u00a0\u00bbe-course\u00a0\u00bb]\n<h4>Sixi\u00e8me cours<\/h4>\n<h3>Aper\u00e7u de l\u2019application mobile<\/h3>\n[\/vc_column_text][\/vc_column_inner][\/vc_row_inner][vc_row_inner remove_bottom_col_margin=\u00a0\u00bbtrue\u00a0\u00bb el_class=\u00a0\u00bbcal-toggle\u00a0\u00bb css=\u00a0\u00bb.vc_custom_1598040679903{background-color: #38291e !important;}\u00a0\u00bb][vc_column_inner][vc_column_text el_class=\u00a0\u00bbtoggle-title\u00a0\u00bb color=\u00a0\u00bb#ffffff\u00a0\u00bb css=\u00a0\u00bb.vc_custom_1614622206970{padding-top: 35px !important;padding-right: 60px !important;padding-bottom: 30px !important;padding-left: 20px !important;}\u00a0\u00bb]\n<h3>Pour les utilisateurs californiens\u00a0:<\/h3>\n<p>Nous proposons des formations continues s\u00e9lectionn\u00e9es[\/vc_column_text][vc_column_text color=\u00a0\u00bb#ffffff\u00a0\u00bb css=\u00a0\u00bb.vc_custom_1614622365391{background-color: #38291e !important;}\u00a0\u00bb el_class=\u00a0\u00bbtoggle-content\u00a0\u00bb]<strong>Importance des abeilles \u00e0 miel et strat\u00e9gies de limitation pour les prot\u00e9ger des pesticides<\/strong><br \/>\n<em>(1\u00a0heure de Droit)<\/em><\/p>\n<p><strong>Agrian 101 : \u00e9criture des recommandations \u00e9lectroniques de base de l\u2019AC<\/strong><br \/>\n<em>(0,5\u00a0heure de droit, 0,5\u00a0heure autre)<\/em><\/p>\n<p><strong>Agrian 102 : \u00e9criture des recommandations \u00e9lectroniques avanc\u00e9es<\/strong><br \/>\n<em>(0,5\u00a0heure de droit, 0,5\u00a0heure autre)<\/em><\/p>\n<p><strong>Agrian 103 : \u00e9criture du rapport \u00e9lectronique de base sur les op\u00e9rateurs et les producteurs et d\u00e9p\u00f4t \u00e0 l\u2019ach\u00e8vement<\/strong><br \/>\n<em>(0,5\u00a0heure de droit, 0,5\u00a0heure autre)<\/em>[\/vc_column_text][\/vc_column_inner][\/vc_row_inner][\/vc_column][vc_column width=\u00a0\u00bb5\/12&Prime; offset=\u00a0\u00bbvc_col-md-4&Prime;]<div class=\"vcex-spacing wpex-w-100 wpex-clear hidden-phone\" style=\"height:40px\"><\/div>[vc_row_inner remove_bottom_col_margin=\u00a0\u00bbtrue\u00a0\u00bb css=\u00a0\u00bb.vc_custom_1598038574255{margin-bottom: 30px !important;padding-top: 24px !important;padding-right: 10px !important;padding-bottom: 20px !important;padding-left: 27px !important;background-color: #65869c !important;}\u00a0\u00bb el_class=\u00a0\u00bbcourse-overflow\u00a0\u00bb][vc_column_inner][vc_column_text color=\u00a0\u00bb#ffffff\u00a0\u00bb]\n<h3>En demandant \u00e0 y avoir acc\u00e8s, vous pouvez consulter et naviguer parmi nos modules de formation.<\/h3>\n[\/vc_column_text][\/vc_column_inner][\/vc_row_inner]<div class=\"vc_custom_1600791567771 wpex-clr\"><div class=\"theme-button-block-wrap wpex-block wpex-clear theme-button-wrap wpex-clr\"><a href=\"https:\/\/agrian.lpages.co\/agrian-training-request\/\" class=\"vcex-button theme-button block\" target=\"_blank\" rel=\"noopener noreferrer\"><span class=\"theme-button-inner\">Demander un acc\u00e8s \u00e0 la formation<\/span><\/a><\/div><\/div> [vc_column_text]Si vous avez d\u2019autres questions,<br \/>\nn\u2019h\u00e9sitez pas \u00e0 contacter notre sp\u00e9cialiste par courriel \u00e0 l\u2019adresse<br \/>\n<a href=\"mailto:training@agrian.com\">training@agrian.com<\/a>[\/vc_column_text][\/vc_column][\/vc_row][\/vc_section][vc_section local_scroll_id=\u00a0\u00bbphone-support\u00a0\u00bb][vc_row content_placement=\u00a0\u00bbmiddle\u00a0\u00bb typography_style=\u00a0\u00bbwhite\u00a0\u00bb css=\u00a0\u00bb.vc_custom_1600111392311{margin-bottom: 70px !important;padding-top: 40px !important;background-color: #505257 !important;}\u00a0\u00bb][vc_column width=\u00a0\u00bb1\/2&Prime; offset=\u00a0\u00bbvc_col-sm-offset-1&Prime;][vc_column_text color=\u00a0\u00bb#adadad\u00a0\u00bb css=\u00a0\u00bb.vc_custom_1598041672104{margin-bottom: 5px !important;}\u00a0\u00bb]\n<h4>Assistance t\u00e9l\u00e9phonique et par courriel<\/h4>\n[\/vc_column_text][vc_column_text]\n<h2>Vous avez des questions?<br \/>\n<strong>Appelez-nous ou envoyez-nous un courriel!<\/strong><\/h2>\n[\/vc_column_text][\/vc_column][vc_column width=\u00a0\u00bb5\/12&Prime;][vc_column_text font_family=\u00a0\u00bbadelle\u00a0\u00bb font_size=\u00a0\u00bb18px\u00a0\u00bb font_weight=\u00a0\u00bbsemibold\u00a0\u00bb el_class=\u00a0\u00bbno-link\u00a0\u00bb line_height=\u00a0\u00bb1.389&Prime;]<a href=\"tel:18882872137\">1-888-287-2137<\/a><br \/>\nVous r\u00e9sidez hors des \u00c9tats-Unis? Appelez le num\u00e9ro suivant\u00a0: <a href=\"tel:15594375700\">1-559-437-5700<\/a><br \/>\n<a href=\"mailto:support@agrian.com\">support@agrian.com<\/a>[\/vc_column_text][\/vc_column][\/vc_row][\/vc_section]\n","protected":false},"excerpt":{"rendered":"<p>[vc_row][vc_column][vc_column_text text_align=\u00a0\u00bbcenter\u00a0\u00bb] En quoi pouvons-nous vous aider? [\/vc_column_text][\/vc_column][\/vc_row][vc_row el_class=\u00a0\u00bbsupport-icons\u00a0\u00bb][vc_column][vc_single_image image=\u00a0\u00bb4938&Prime; onclick=\u00a0\u00bbcustom_link\u00a0\u00bb img_link_target=\u00a0\u00bblocal\u00a0\u00bb el_class=\u00a0\u00bbimage-link text-sm-center\u00a0\u00bb link=\u00a0\u00bb#learning\u00a0\u00bb img_caption=\u00a0\u00bbFormations en ligne\u00a0\u00bb][vc_single_image image=\u00a0\u00bb4943&Prime; onclick=\u00a0\u00bbcustom_link\u00a0\u00bb img_link_target=\u00a0\u00bblocal\u00a0\u00bb el_class=\u00a0\u00bbimage-link text-sm-center\u00a0\u00bb link=\u00a0\u00bb#phone-support\u00a0\u00bb img_caption=\u00a0\u00bbAssistance t\u00e9l\u00e9phonique\u00a0\u00bb css=\u00a0\u00bb.vc_custom_1614117035065{padding-top: 5px !important;}\u00a0\u00bb][vc_single_image image=\u00a0\u00bb4933&Prime; onclick=\u00a0\u00bbcustom_link\u00a0\u00bb img_link_target=\u00a0\u00bblocal\u00a0\u00bb el_class=\u00a0\u00bbimage-link text-sm-center\u00a0\u00bb link=\u00a0\u00bb#phone-support\u00a0\u00bb img_caption=\u00a0\u00bbAssistance par courriel\u00a0\u00bb css=\u00a0\u00bb.vc_custom_1614117009997{padding-top: 5px&hellip;<\/p>\n","protected":false},"author":7,"featured_media":0,"parent":0,"menu_order":0,"comment_status":"closed","ping_status":"closed","template":"","meta":{"footnotes":""},"yoast_head":"<!-- This site is optimized with the Yoast SEO plugin v15.6.2 - https:\/\/yoast.com\/wordpress\/plugins\/seo\/ -->\n<title>Assistance et formation - TELUS Agronomy<\/title>\n<meta name=\"robots\" content=\"index, follow, max-snippet:-1, max-image-preview:large, max-video-preview:-1\" \/>\n<link rel=\"canonical\" href=\"https:\/\/home.agrian.com\/fr-ca\/support-training\/\" \/>\n<meta property=\"og:locale\" content=\"fr_CA\" \/>\n<meta property=\"og:type\" content=\"article\" \/>\n<meta property=\"og:title\" content=\"Assistance et formation - TELUS Agronomy\" \/>\n<meta property=\"og:description\" content=\"[vc_row][vc_column][vc_column_text text_align=\u00a0\u00bbcenter\u00a0\u00bb] En quoi pouvons-nous vous aider? [\/vc_column_text][\/vc_column][\/vc_row][vc_row el_class=\u00a0\u00bbsupport-icons\u00a0\u00bb][vc_column][vc_single_image image=\u00a0\u00bb4938&Prime; onclick=\u00a0\u00bbcustom_link\u00a0\u00bb img_link_target=\u00a0\u00bblocal\u00a0\u00bb el_class=\u00a0\u00bbimage-link text-sm-center\u00a0\u00bb link=\u00a0\u00bb#learning\u00a0\u00bb img_caption=\u00a0\u00bbFormations en ligne\u00a0\u00bb][vc_single_image image=\u00a0\u00bb4943&Prime; onclick=\u00a0\u00bbcustom_link\u00a0\u00bb img_link_target=\u00a0\u00bblocal\u00a0\u00bb el_class=\u00a0\u00bbimage-link text-sm-center\u00a0\u00bb link=\u00a0\u00bb#phone-support\u00a0\u00bb img_caption=\u00a0\u00bbAssistance t\u00e9l\u00e9phonique\u00a0\u00bb css=\u00a0\u00bb.vc_custom_1614117035065{padding-top: 5px !important;}\u00a0\u00bb][vc_single_image image=\u00a0\u00bb4933&Prime; onclick=\u00a0\u00bbcustom_link\u00a0\u00bb img_link_target=\u00a0\u00bblocal\u00a0\u00bb el_class=\u00a0\u00bbimage-link text-sm-center\u00a0\u00bb link=\u00a0\u00bb#phone-support\u00a0\u00bb img_caption=\u00a0\u00bbAssistance par courriel\u00a0\u00bb css=\u00a0\u00bb.vc_custom_1614117009997{padding-top: 5px&hellip;\" \/>\n<meta property=\"og:url\" content=\"https:\/\/home.agrian.com\/fr-ca\/support-training\/\" \/>\n<meta property=\"og:site_name\" content=\"TELUS Agronomy\" \/>\n<meta property=\"article:modified_time\" content=\"2021-03-23T22:10:23+00:00\" \/>\n<meta name=\"twitter:card\" content=\"summary\" \/>\n<meta name=\"twitter:label1\" content=\"Est. reading time\">\n\t<meta name=\"twitter:data1\" content=\"4 minutes\">\n<script type=\"application\/ld+json\" class=\"yoast-schema-graph\">{\"@context\":\"https:\/\/schema.org\",\"@graph\":[{\"@type\":\"WebSite\",\"@id\":\"http:\/\/home.agrian.com\/#website\",\"url\":\"http:\/\/home.agrian.com\/\",\"name\":\"TELUS Agronomy\",\"description\":\"\",\"potentialAction\":[{\"@type\":\"SearchAction\",\"target\":\"http:\/\/home.agrian.com\/?s={search_term_string}\",\"query-input\":\"required name=search_term_string\"}],\"inLanguage\":\"fr-CA\"},{\"@type\":\"WebPage\",\"@id\":\"https:\/\/home.agrian.com\/fr-ca\/support-training\/#webpage\",\"url\":\"https:\/\/home.agrian.com\/fr-ca\/support-training\/\",\"name\":\"Assistance et formation - TELUS Agronomy\",\"isPartOf\":{\"@id\":\"http:\/\/home.agrian.com\/#website\"},\"datePublished\":\"2021-02-19T19:14:03+00:00\",\"dateModified\":\"2021-03-23T22:10:23+00:00\",\"breadcrumb\":{\"@id\":\"https:\/\/home.agrian.com\/fr-ca\/support-training\/#breadcrumb\"},\"inLanguage\":\"fr-CA\",\"potentialAction\":[{\"@type\":\"ReadAction\",\"target\":[\"https:\/\/home.agrian.com\/fr-ca\/support-training\/\"]}]},{\"@type\":\"BreadcrumbList\",\"@id\":\"https:\/\/home.agrian.com\/fr-ca\/support-training\/#breadcrumb\",\"itemListElement\":[{\"@type\":\"ListItem\",\"position\":1,\"item\":{\"@type\":\"WebPage\",\"@id\":\"https:\/\/home.agrian.com\/fr-ca\/support-training\/\",\"url\":\"https:\/\/home.agrian.com\/fr-ca\/support-training\/\",\"name\":\"Assistance et formation\"}}]}]}<\/script>\n<!-- \/ Yoast SEO plugin. -->","_links":{"self":[{"href":"https:\/\/home.agrian.com\/fr-ca\/wp-json\/wp\/v2\/pages\/4930"}],"collection":[{"href":"https:\/\/home.agrian.com\/fr-ca\/wp-json\/wp\/v2\/pages"}],"about":[{"href":"https:\/\/home.agrian.com\/fr-ca\/wp-json\/wp\/v2\/types\/page"}],"author":[{"embeddable":true,"href":"https:\/\/home.agrian.com\/fr-ca\/wp-json\/wp\/v2\/users\/7"}],"replies":[{"embeddable":true,"href":"https:\/\/home.agrian.com\/fr-ca\/wp-json\/wp\/v2\/comments?post=4930"}],"version-history":[{"count":11,"href":"https:\/\/home.agrian.com\/fr-ca\/wp-json\/wp\/v2\/pages\/4930\/revisions"}],"predecessor-version":[{"id":6078,"href":"https:\/\/home.agrian.com\/fr-ca\/wp-json\/wp\/v2\/pages\/4930\/revisions\/6078"}],"wp:attachment":[{"href":"https:\/\/home.agrian.com\/fr-ca\/wp-json\/wp\/v2\/media?parent=4930"}],"curies":[{"name":"wp","href":"https:\/\/api.w.org\/{rel}","templated":true}]}}