{"id":4872,"date":"2021-02-19T13:01:22","date_gmt":"2021-02-19T19:01:22","guid":{"rendered":"https:\/\/home.agrian.com\/integrations-partners\/"},"modified":"2021-03-23T17:10:08","modified_gmt":"2021-03-23T22:10:08","slug":"integrations-partners","status":"publish","type":"page","link":"https:\/\/home.agrian.com\/fr-ca\/integrations-partners\/","title":{"rendered":"Int\u00e9gration et partenaires"},"content":{"rendered":"[vc_row parallax=\u00a0\u00bbcontent-moving\u00a0\u00bb tablet_fullwidth_cols=\u00a0\u00bbyes\u00a0\u00bb css=\u00a0\u00bb.vc_custom_1600739219690{padding-top: 100px !important;padding-bottom: 50px !important;background-image: url(https:\/\/home.agrian.com\/wp-content\/uploads\/2020\/08\/iStock-835934784@2x.jpg?id=540) !important;background-position: center;background-repeat: no-repeat;background-size: cover !important;}\u00a0\u00bb min_height=\u00a0\u00bb256px\u00a0\u00bb][vc_column width=\u00a0\u00bb1\/2&Prime;][vc_column_text el_class=\u00a0\u00bbtext-ticker textright text-smd-center center-mobile\u00a0\u00bb]\n<h2>Occupez-vous de la croissance de vos\/votre<\/h2>\n<ul style=\"width: 208px;\">\n<li>\n<h2><strong>cultures.<\/strong><\/h2>\n<\/li>\n<li>\n<h2><strong>clients.<\/strong><\/h2>\n<\/li>\n<li>\n<h2><strong>empreinte.<\/strong><\/h2>\n<\/li>\n<li>\n<h2><strong>ventes.<\/strong><\/h2>\n<\/li>\n<li>\n<h2><strong>efficacit\u00e9.<\/strong><\/h2>\n<\/li>\n<li>\n<h2><strong>capacit\u00e9s.<\/strong><\/h2>\n<\/li>\n<li>\n<h2><strong>performances.<\/strong><\/h2>\n<\/li>\n<li>\n<h2><strong>entreprise.<\/strong><\/h2>\n<\/li>\n<\/ul>\n[\/vc_column_text][\/vc_column][vc_column width=\u00a0\u00bb1\/2&Prime;][vc_column_text el_class=\u00a0\u00bbtext-ticker textcenter text-smd-center center-mobile\u00a0\u00bb]\n<h2>Nous nous chargerons de relier le(s)<\/h2>\n<ul style=\"width: 150px;\">\n<li>\n<h2><strong>scripts.<\/strong><\/h2>\n<\/li>\n<li>\n<h2><strong>API.<\/strong><\/h2>\n<\/li>\n<li>\n<h2><strong>index.<\/strong><\/h2>\n<\/li>\n<li>\n<h2><strong>nuage.<\/strong><\/h2>\n<\/li>\n<li>\n<h2><strong>versions.<\/strong><\/h2>\n<\/li>\n<li>\n<h2><strong>sources.<\/strong><\/h2>\n<\/li>\n<li>\n<h2><strong>flux de travail.<\/strong><\/h2>\n<\/li>\n<li>\n<h2><strong>points.<\/strong><\/h2>\n<\/li>\n<\/ul>\n[\/vc_column_text][\/vc_column][\/vc_row][vc_row css=\u00a0\u00bb.vc_custom_1600270540640{margin-bottom: 30px !important;}\u00a0\u00bb][vc_column]<div class=\"vcex-spacing wpex-w-100 wpex-clear\" style=\"height:80px\"><\/div>[vc_column_text]\n<h2>Int\u00e9grez la technologie que vous souhaitez utiliser.<\/h2>\n[\/vc_column_text][vc_row_inner css=\u00a0\u00bb.vc_custom_1597084848779{margin-bottom: 14px !important;}\u00a0\u00bb][vc_column_inner width=\u00a0\u00bb7\/12&Prime;][vc_column_text]Agrian est compatible avec d\u2019autres technologies, ce qui vous permet de l\u2019int\u00e9grer \u00e0 l\u2019outil technologique que vous avez choisi pour votre entreprise.[\/vc_column_text][\/vc_column_inner][\/vc_row_inner]<div class=\"vcex-module wpex-carousel wpex-carousel-images wpex-clr owl-carousel visible-phone\" data-wpex-carousel=\"{&quot;nav&quot;:false,&quot;dots&quot;:false,&quot;autoplay&quot;:true,&quot;loop&quot;:true,&quot;center&quot;:false,&quot;smartSpeed&quot;:1800,&quot;items&quot;:4,&quot;slideBy&quot;:1,&quot;autoplayTimeout&quot;:1800,&quot;margin&quot;:20,&quot;itemsTablet&quot;:4,&quot;itemsMobileLandscape&quot;:2,&quot;itemsMobilePortrait&quot;:2,&quot;autoWidth&quot;:false,&quot;autoHeight&quot;:false}\"><div class=\"wpex-carousel-slide\"><figure class=\"wpex-carousel-entry-media entry-media\"><img loading=\"lazy\" decoding=\"async\" data-no-lazy=\"1\" class=\"wpex-align-middle skip-lazy\" src=\"https:\/\/home.agrian.com\/wp-content\/uploads\/2020\/09\/EqPartners_slingshot@2x.jpg\" alt=\"\" width=\"302\" height=\"208\" \/><\/figure><\/div><div class=\"wpex-carousel-slide\"><figure class=\"wpex-carousel-entry-media entry-media\"><img loading=\"lazy\" decoding=\"async\" data-no-lazy=\"1\" class=\"wpex-align-middle skip-lazy\" src=\"https:\/\/home.agrian.com\/wp-content\/uploads\/2020\/09\/EqPartners_AgOtter@2x.jpg\" alt=\"\" width=\"302\" height=\"208\" \/><\/figure><\/div><div class=\"wpex-carousel-slide\"><figure class=\"wpex-carousel-entry-media entry-media\"><img loading=\"lazy\" decoding=\"async\" data-no-lazy=\"1\" class=\"wpex-align-middle skip-lazy\" src=\"https:\/\/home.agrian.com\/wp-content\/uploads\/2020\/09\/EqPartners_ClimateFieldview@2x.jpg\" alt=\"\" width=\"302\" height=\"208\" \/><\/figure><\/div><div class=\"wpex-carousel-slide\"><figure class=\"wpex-carousel-entry-media entry-media\"><img loading=\"lazy\" decoding=\"async\" data-no-lazy=\"1\" class=\"wpex-align-middle skip-lazy\" src=\"https:\/\/home.agrian.com\/wp-content\/uploads\/2020\/09\/EqPartners_JohnDeere@2x.jpg\" alt=\"\" width=\"302\" height=\"208\" \/><\/figure><\/div><\/div><div class=\"vcex-module wpex-carousel wpex-carousel-images wpex-clr owl-carousel hidden-phone\" data-wpex-carousel=\"{&quot;nav&quot;:false,&quot;dots&quot;:false,&quot;autoplay&quot;:false,&quot;loop&quot;:false,&quot;center&quot;:false,&quot;smartSpeed&quot;:1800,&quot;items&quot;:4,&quot;slideBy&quot;:1,&quot;autoplayTimeout&quot;:5000,&quot;margin&quot;:20,&quot;itemsTablet&quot;:4,&quot;itemsMobileLandscape&quot;:2,&quot;itemsMobilePortrait&quot;:2,&quot;autoWidth&quot;:false,&quot;autoHeight&quot;:false}\"><div class=\"wpex-carousel-slide\"><figure class=\"wpex-carousel-entry-media entry-media\"><img loading=\"lazy\" decoding=\"async\" data-no-lazy=\"1\" class=\"wpex-align-middle skip-lazy\" src=\"https:\/\/home.agrian.com\/wp-content\/uploads\/2020\/09\/EqPartners_ClimateFieldview@2x.jpg\" alt=\"\" width=\"302\" height=\"208\" \/><\/figure><\/div><div class=\"wpex-carousel-slide\"><figure class=\"wpex-carousel-entry-media entry-media\"><img loading=\"lazy\" decoding=\"async\" data-no-lazy=\"1\" class=\"wpex-align-middle skip-lazy\" src=\"https:\/\/home.agrian.com\/wp-content\/uploads\/2020\/09\/EqPartners_JohnDeere@2x.jpg\" alt=\"\" width=\"302\" height=\"208\" \/><\/figure><\/div><div class=\"wpex-carousel-slide\"><figure class=\"wpex-carousel-entry-media entry-media\"><img loading=\"lazy\" decoding=\"async\" data-no-lazy=\"1\" class=\"wpex-align-middle skip-lazy\" src=\"https:\/\/home.agrian.com\/wp-content\/uploads\/2020\/09\/EqPartners_slingshot@2x.jpg\" alt=\"\" width=\"302\" height=\"208\" \/><\/figure><\/div><div class=\"wpex-carousel-slide\"><figure class=\"wpex-carousel-entry-media entry-media\"><img loading=\"lazy\" decoding=\"async\" data-no-lazy=\"1\" class=\"wpex-align-middle skip-lazy\" src=\"https:\/\/home.agrian.com\/wp-content\/uploads\/2020\/09\/EqPartners_AgOtter@2x.jpg\" alt=\"\" width=\"302\" height=\"208\" \/><\/figure><\/div><\/div>[\/vc_column][\/vc_row][vc_row css=\u00a0\u00bb.vc_custom_1597085160937{margin-bottom: 60px !important;}\u00a0\u00bb][vc_column width=\u00a0\u00bb5\/12&Prime; offset=\u00a0\u00bbvc_col-sm-offset-1&Prime;][vc_row_inner remove_bottom_col_margin=\u00a0\u00bbtrue\u00a0\u00bb][vc_column_inner width=\u00a0\u00bb4\/5&Prime;][vc_single_image image=\u00a0\u00bb4915&Prime; alignment=\u00a0\u00bbcenter\u00a0\u00bb onclick=\u00a0\u00bbcustom_link\u00a0\u00bb img_caption=\u00a0\u00bbPrecision Ag is all about recognizing efficiencies. Whether it\u2019s recognizing optimal irrigation to maximize water usage or ensuring crops get the perfect amount of fertilizer\u2026.\u00a0\u00bb el_class=\u00a0\u00bbhover-image\u00a0\u00bb link=\u00a0\u00bb#\u00a0\u00bb][\/vc_column_inner][\/vc_row_inner][vc_column_text css=\u00a0\u00bb.vc_custom_1597776748448{margin-top: 20px !important;margin-bottom: 5px !important;}\u00a0\u00bb]\n<h3><span class=\"blue-text\">Imagerie incluse.<\/span><\/h3>\n[\/vc_column_text][vc_column_text css=\u00a0\u00bb.vc_custom_1597776757977{margin-bottom: 15px !important;}\u00a0\u00bb]Les utilisateurs d\u2019Agrian b\u00e9n\u00e9ficient des capacit\u00e9s d\u2019une imagerie avanc\u00e9e.[\/vc_column_text]<a href=\"https:\/\/home.agrian.com\/2020\/09\/empower-field-insights-with-enhanced-imagery\/\" class=\"vcex-button theme-button inline\"><span class=\"theme-button-inner\">En savoir plus<\/span><\/a> [\/vc_column][vc_column width=\u00a0\u00bb5\/12&Prime; offset=\u00a0\u00bbvc_col-sm-offset-1&Prime;][vc_row_inner remove_bottom_col_margin=\u00a0\u00bbtrue\u00a0\u00bb][vc_column_inner width=\u00a0\u00bb4\/5&Prime;][vc_single_image image=\u00a0\u00bb4910&Prime; alignment=\u00a0\u00bbcenter\u00a0\u00bb onclick=\u00a0\u00bbcustom_link\u00a0\u00bb img_caption=\u00a0\u00bbWith committed focus, Agrian\u2019s Next Generation Machine Data Platform makes good on the promise of seamless connectivity, once and for all\u2026\u00a0\u00bb el_class=\u00a0\u00bbhover-image\u00a0\u00bb link=\u00a0\u00bb#\u00a0\u00bb][\/vc_column_inner][\/vc_row_inner][vc_column_text css=\u00a0\u00bb.vc_custom_1597776837570{margin-top: 20px !important;margin-bottom: 5px !important;}\u00a0\u00bb]\n<h3><span class=\"blue-text\">De la moissonneuse-batteuse au nuage.<\/span><\/h3>\n[\/vc_column_text][vc_column_text css=\u00a0\u00bb.vc_custom_1597776826595{margin-bottom: 15px !important;}\u00a0\u00bb]Des donn\u00e9es machine transparentes et sans fil.[\/vc_column_text]<a href=\"https:\/\/home.agrian.com\/2020\/09\/simple-seamless-machine-data\/\" class=\"vcex-button theme-button inline\"><span class=\"theme-button-inner\">En savoir plus<\/span><\/a> [\/vc_column][\/vc_row][vc_row css=\u00a0\u00bb.vc_custom_1597085244401{margin-bottom: 20px !important;}\u00a0\u00bb][vc_column width=\u00a0\u00bb5\/6&Prime; offset=\u00a0\u00bbvc_col-sm-offset-1&Prime; css=\u00a0\u00bb.vc_custom_1597779057784{margin-bottom: 0px !important;}\u00a0\u00bb][vc_row_inner content_placement=\u00a0\u00bbmiddle\u00a0\u00bb][vc_column_inner el_class=\u00a0\u00bbtext-smd-center\u00a0\u00bb width=\u00a0\u00bb1\/2&Prime;]<figure class=\"vcex-image vcex-module wpex-clr\"><div class=\"vcex-image-inner wpex-inline-block wpex-relative\" style=\"max-width:234px;\"><img decoding=\"async\" loading=\"lazy\" class=\"wpex-w-100 wpex-align-middle\" src=\"https:\/\/home.agrian.com\/wp-content\/uploads\/2020\/08\/Group-187@2x.png\" alt=\"\" width=\"468\" height=\"417\" \/><\/div><\/figure>[\/vc_column_inner][vc_column_inner width=\u00a0\u00bb1\/2&Prime;][vc_column_text css=\u00a0\u00bb.vc_custom_1597085349722{margin-bottom: 30px !important;}\u00a0\u00bb]\n<h3>Contr\u00f4lez vos donn\u00e9es. Poss\u00e9dez vos donn\u00e9es.<\/h3>\n[\/vc_column_text][vc_column_text]La propri\u00e9t\u00e9 des donn\u00e9es permet leur contr\u00f4le et leur confidentialit\u00e9. D\u00e9terminez les autorisations de mani\u00e8re transparente et d\u00e9cidez qui et quelle technologie peut acc\u00e9der \u00e0 vos donn\u00e9es agronomiques. C\u2019est bien vous qui d\u00e9cidez, non le contraire.[\/vc_column_text][\/vc_column_inner][\/vc_row_inner]<div class=\"vcex-spacing wpex-w-100 wpex-clear hidden-phone\" style=\"height:40px\"><\/div>[\/vc_column][\/vc_row][vc_row css=\u00a0\u00bb.vc_custom_1597779128838{margin-bottom: 20px !important;}\u00a0\u00bb][vc_column width=\u00a0\u00bb5\/6&Prime; offset=\u00a0\u00bbvc_col-sm-offset-1&Prime; css=\u00a0\u00bb.vc_custom_1597779159159{margin-bottom: 0px !important;}\u00a0\u00bb][vc_row_inner content_placement=\u00a0\u00bbmiddle\u00a0\u00bb columns_right=\u00a0\u00bbyes\u00a0\u00bb][vc_column_inner el_class=\u00a0\u00bbinterlay-images interlay-single text-smd-center text-right\u00a0\u00bb width=\u00a0\u00bb1\/2&Prime;]<figure class=\"vcex-image vcex-module wpex-clr textright interlay-image first-overlay placeholder text-sm-center\"><div class=\"vcex-image-inner wpex-inline-block wpex-relative\" style=\"max-width:248px;\"><img decoding=\"async\" loading=\"lazy\" class=\"wpex-w-100 wpex-align-middle\" src=\"https:\/\/home.agrian.com\/wp-content\/uploads\/2020\/08\/Group-184@2x.png\" alt=\"\" width=\"497\" height=\"458\" \/><\/div><\/figure><figure class=\"vcex-image vcex-module wpex-clr textright interlay-image second-overlay text-sm-center\"><div class=\"vcex-image-inner wpex-inline-block wpex-relative\" style=\"max-width:248px;\"><img decoding=\"async\" loading=\"lazy\" class=\"wpex-w-100 wpex-align-middle\" src=\"https:\/\/home.agrian.com\/wp-content\/uploads\/2020\/08\/Group-184@2x.png\" alt=\"\" width=\"497\" height=\"458\" \/><\/div><\/figure>[\/vc_column_inner][vc_column_inner width=\u00a0\u00bb1\/2&Prime;][vc_column_text css=\u00a0\u00bb.vc_custom_1597085503344{margin-bottom: 30px !important;}\u00a0\u00bb]\n<h3>Connectez vos donn\u00e9es et cr\u00e9ez un potentiel d\u2019efficacit\u00e9 in\u00e9gal\u00e9<\/h3>\n[\/vc_column_text][vc_column_text]L\u2019agriculture s\u2019appuie sur des donn\u00e9es fiables\u00a0: l\u2019efficacit\u00e9 de votre entreprise d\u00e9pend de votre capacit\u00e9 \u00e0 les utiliser comme il faut. Gr\u00e2ce \u00e0 l\u2019automatisation MODUS, des dizaines de laboratoires sont directement li\u00e9s au syst\u00e8me Agrian, au format normalis\u00e9 MODUS qui leur permet de charger les r\u00e9sultats directement dans le logiciel.<br \/>\n<span class=\"small-gray\"><a href=\"#\">En savoir plus\u00a0&gt;&gt;<\/a><\/span>[\/vc_column_text][\/vc_column_inner][\/vc_row_inner]<div class=\"vcex-spacing wpex-w-100 wpex-clear hidden-phone\" style=\"height:70px\"><\/div>[\/vc_column][\/vc_row][vc_row content_placement=\u00a0\u00bbmiddle\u00a0\u00bb typography_style=\u00a0\u00bbwhite\u00a0\u00bb remove_bottom_col_margin=\u00a0\u00bbtrue\u00a0\u00bb css=\u00a0\u00bb.vc_custom_1597086080547{margin-bottom: 80px !important;padding-top: 40px !important;padding-right: 5px !important;padding-bottom: 30px !important;padding-left: 5px !important;background-color: #505257 !important;}\u00a0\u00bb][vc_column width=\u00a0\u00bb2\/3&Prime;][vc_column_text css=\u00a0\u00bb.vc_custom_1594219012312{margin-bottom: 10px !important;}\u00a0\u00bb text_align=\u00a0\u00bbcenter\u00a0\u00bb]\n<h2>Une <strong>possibilit\u00e9 de partenariat<\/strong> potentielle?<\/h2>\n[\/vc_column_text]<div class=\"vcex-spacing wpex-w-100 wpex-clear visible-phone\" style=\"height:10px\"><\/div>[\/vc_column][vc_column width=\u00a0\u00bb1\/3&Prime; offset=\u00a0\u00bbvc_col-md-4&Prime;][vc_row_inner][vc_column_inner width=\u00a0\u00bb11\/12&Prime; offset=\u00a0\u00bbvc_col-md-4\/5 vc_col-sm-offset-1 vc_col-xs-12&Prime;][vc_column_text css=\u00a0\u00bb.vc_custom_1594219240426{margin-bottom: 20px !important;}\u00a0\u00bb el_class=\u00a0\u00bbtext-sm-center\u00a0\u00bb]Si vous \u00eates une entreprise technologique et agronomique qui souhaite en savoir plus sur le partenariat avec Agrian, n\u2019h\u00e9sitez pas \u00e0 nous contacter![\/vc_column_text]<a href=\"\/fr-ca\/contact\/?ref=other\" class=\"vcex-button theme-button inline reverse-button text-sd-center\"><span class=\"theme-button-inner\">Contacter<\/span><\/a> [\/vc_column_inner][\/vc_row_inner][\/vc_column][\/vc_row]\n","protected":false},"excerpt":{"rendered":"<p>[vc_row parallax=\u00a0\u00bbcontent-moving\u00a0\u00bb tablet_fullwidth_cols=\u00a0\u00bbyes\u00a0\u00bb css=\u00a0\u00bb.vc_custom_1600739219690{padding-top: 100px !important;padding-bottom: 50px !important;background-image: url(https:\/\/home.agrian.com\/wp-content\/uploads\/2020\/08\/iStock-835934784@2x.jpg?id=540) !important;background-position: center;background-repeat: no-repeat;background-size: cover !important;}\u00a0\u00bb min_height=\u00a0\u00bb256px\u00a0\u00bb][vc_column width=\u00a0\u00bb1\/2&Prime;][vc_column_text el_class=\u00a0\u00bbtext-ticker textright text-smd-center center-mobile\u00a0\u00bb] Occupez-vous de la croissance de vos\/votre cultures. clients. empreinte. ventes. efficacit\u00e9. capacit\u00e9s. performances. entreprise. [\/vc_column_text][\/vc_column][vc_column width=\u00a0\u00bb1\/2&Prime;][vc_column_text el_class=\u00a0\u00bbtext-ticker textcenter text-smd-center center-mobile\u00a0\u00bb]&hellip;<\/p>\n","protected":false},"author":7,"featured_media":0,"parent":0,"menu_order":0,"comment_status":"closed","ping_status":"closed","template":"","meta":{"footnotes":""},"yoast_head":"<!-- This site is optimized with the Yoast SEO plugin v15.6.2 - https:\/\/yoast.com\/wordpress\/plugins\/seo\/ -->\n<title>Int\u00e9gration et partenaires - TELUS Agronomy<\/title>\n<meta name=\"robots\" content=\"index, follow, max-snippet:-1, max-image-preview:large, max-video-preview:-1\" \/>\n<link rel=\"canonical\" href=\"https:\/\/home.agrian.com\/fr-ca\/integrations-partners\/\" \/>\n<meta property=\"og:locale\" content=\"fr_CA\" \/>\n<meta property=\"og:type\" content=\"article\" \/>\n<meta property=\"og:title\" content=\"Int\u00e9gration et partenaires - TELUS Agronomy\" \/>\n<meta property=\"og:description\" content=\"[vc_row parallax=\u00a0\u00bbcontent-moving\u00a0\u00bb tablet_fullwidth_cols=\u00a0\u00bbyes\u00a0\u00bb css=\u00a0\u00bb.vc_custom_1600739219690{padding-top: 100px !important;padding-bottom: 50px !important;background-image: url(https:\/\/home.agrian.com\/wp-content\/uploads\/2020\/08\/iStock-835934784@2x.jpg?id=540) !important;background-position: center;background-repeat: no-repeat;background-size: cover !important;}\u00a0\u00bb min_height=\u00a0\u00bb256px\u00a0\u00bb][vc_column width=\u00a0\u00bb1\/2&Prime;][vc_column_text el_class=\u00a0\u00bbtext-ticker textright text-smd-center center-mobile\u00a0\u00bb] Occupez-vous de la croissance de vos\/votre cultures. clients. empreinte. ventes. efficacit\u00e9. capacit\u00e9s. performances. entreprise. [\/vc_column_text][\/vc_column][vc_column width=\u00a0\u00bb1\/2&Prime;][vc_column_text el_class=\u00a0\u00bbtext-ticker textcenter text-smd-center center-mobile\u00a0\u00bb]&hellip;\" \/>\n<meta property=\"og:url\" content=\"https:\/\/home.agrian.com\/fr-ca\/integrations-partners\/\" \/>\n<meta property=\"og:site_name\" content=\"TELUS Agronomy\" \/>\n<meta property=\"article:modified_time\" content=\"2021-03-23T22:10:08+00:00\" \/>\n<meta name=\"twitter:card\" content=\"summary\" \/>\n<meta name=\"twitter:label1\" content=\"Est. reading time\">\n\t<meta name=\"twitter:data1\" content=\"5 minutes\">\n<script type=\"application\/ld+json\" class=\"yoast-schema-graph\">{\"@context\":\"https:\/\/schema.org\",\"@graph\":[{\"@type\":\"WebSite\",\"@id\":\"http:\/\/home.agrian.com\/#website\",\"url\":\"http:\/\/home.agrian.com\/\",\"name\":\"TELUS Agronomy\",\"description\":\"\",\"potentialAction\":[{\"@type\":\"SearchAction\",\"target\":\"http:\/\/home.agrian.com\/?s={search_term_string}\",\"query-input\":\"required name=search_term_string\"}],\"inLanguage\":\"fr-CA\"},{\"@type\":\"WebPage\",\"@id\":\"https:\/\/home.agrian.com\/fr-ca\/integrations-partners\/#webpage\",\"url\":\"https:\/\/home.agrian.com\/fr-ca\/integrations-partners\/\",\"name\":\"Int\\u00e9gration et partenaires - TELUS Agronomy\",\"isPartOf\":{\"@id\":\"http:\/\/home.agrian.com\/#website\"},\"datePublished\":\"2021-02-19T19:01:22+00:00\",\"dateModified\":\"2021-03-23T22:10:08+00:00\",\"breadcrumb\":{\"@id\":\"https:\/\/home.agrian.com\/fr-ca\/integrations-partners\/#breadcrumb\"},\"inLanguage\":\"fr-CA\",\"potentialAction\":[{\"@type\":\"ReadAction\",\"target\":[\"https:\/\/home.agrian.com\/fr-ca\/integrations-partners\/\"]}]},{\"@type\":\"BreadcrumbList\",\"@id\":\"https:\/\/home.agrian.com\/fr-ca\/integrations-partners\/#breadcrumb\",\"itemListElement\":[{\"@type\":\"ListItem\",\"position\":1,\"item\":{\"@type\":\"WebPage\",\"@id\":\"https:\/\/home.agrian.com\/fr-ca\/integrations-partners\/\",\"url\":\"https:\/\/home.agrian.com\/fr-ca\/integrations-partners\/\",\"name\":\"Int\\u00e9gration et partenaires\"}}]}]}<\/script>\n<!-- \/ Yoast SEO plugin. -->","_links":{"self":[{"href":"https:\/\/home.agrian.com\/fr-ca\/wp-json\/wp\/v2\/pages\/4872"}],"collection":[{"href":"https:\/\/home.agrian.com\/fr-ca\/wp-json\/wp\/v2\/pages"}],"about":[{"href":"https:\/\/home.agrian.com\/fr-ca\/wp-json\/wp\/v2\/types\/page"}],"author":[{"embeddable":true,"href":"https:\/\/home.agrian.com\/fr-ca\/wp-json\/wp\/v2\/users\/7"}],"replies":[{"embeddable":true,"href":"https:\/\/home.agrian.com\/fr-ca\/wp-json\/wp\/v2\/comments?post=4872"}],"version-history":[{"count":5,"href":"https:\/\/home.agrian.com\/fr-ca\/wp-json\/wp\/v2\/pages\/4872\/revisions"}],"predecessor-version":[{"id":6077,"href":"https:\/\/home.agrian.com\/fr-ca\/wp-json\/wp\/v2\/pages\/4872\/revisions\/6077"}],"wp:attachment":[{"href":"https:\/\/home.agrian.com\/fr-ca\/wp-json\/wp\/v2\/media?parent=4872"}],"curies":[{"name":"wp","href":"https:\/\/api.w.org\/{rel}","templated":true}]}}