{"id":4864,"date":"2021-02-19T13:01:01","date_gmt":"2021-02-19T19:01:01","guid":{"rendered":"https:\/\/home.agrian.com\/product-provider\/"},"modified":"2021-03-23T17:09:50","modified_gmt":"2021-03-23T22:09:50","slug":"product-provider","status":"publish","type":"page","link":"https:\/\/home.agrian.com\/fr-ca\/product-provider\/","title":{"rendered":"Fournisseur de produits"},"content":{"rendered":"[vc_row remove_bottom_col_margin=\u00a0\u00bbtrue\u00a0\u00bb][vc_column width=\u00a0\u00bb1\/2&Prime; el_class=\u00a0\u00bbparallax-column\u00a0\u00bb min_height=\u00a0\u00bb247px\u00a0\u00bb]<figure class=\"vcex-image vcex-module wpex-clr background-parallax\"><div class=\"vcex-image-inner wpex-inline-block wpex-relative\"><img decoding=\"async\" loading=\"lazy\" class=\"wpex-w-100 wpex-align-middle\" src=\"https:\/\/home.agrian.com\/wp-content\/uploads\/2020\/08\/Background@2x@2x.jpg\" alt=\"\" width=\"1168\" height=\"464\" \/><\/div><\/figure>[\/vc_column][vc_column width=\u00a0\u00bb1\/2&Prime;]<figure class=\"vcex-image vcex-module wpex-clr\"><div class=\"vcex-image-inner wpex-inline-block wpex-relative vc_custom_1596822977762\"><img decoding=\"async\" loading=\"lazy\" class=\"wpex-w-100 wpex-align-middle\" src=\"https:\/\/home.agrian.com\/wp-content\/uploads\/2020\/08\/Group-120.svg\" alt=\"\" \/><\/div><\/figure>[vc_column_text]\n<h2>L\u2019industrie agronomique exige de la coh\u00e9rence. Nous nous efforcerons donc de la mettre en place, <strong>ensemble. <\/strong><\/h2>\n<p>Il importe peu aux clients de savoir ce qui fait qu\u2019un produit fonctionne, du moment qu\u2019il fonctionne, et ils s\u2019attendent \u00e0 ce que ce dernier pr\u00e9sente des fonctions fiables et transparentes. Ensemble, les partenaires Agrian ainsi que les fournisseurs de produits s\u2019efforceront de tenir cette promesse. Vos clients b\u00e9n\u00e9ficieront des ressources et des donn\u00e9es agricoles les plus compl\u00e8tes, appuy\u00e9es par la meilleure base de donn\u00e9es de recherche d\u2019\u00e9tiquettes de l\u2019industrie.[\/vc_column_text][\/vc_column][\/vc_row][vc_row css=\u00a0\u00bb.vc_custom_1597083247623{margin-top: 30px !important;margin-bottom: 20px !important;}\u00a0\u00bb][vc_column]<div class=\"vcex-spacing wpex-w-100 wpex-clear visible-phone\" style=\"height:40px\"><\/div>[vc_row_inner][vc_column_inner width=\u00a0\u00bb5\/6&Prime;][vc_column_text]\n<h2>Inutile de t\u00e9l\u00e9charger un nouveau logiciel; avec ses fonctionnalit\u00e9s intuitives, la plateforme Agrian est facile d\u2019utilisation pour vos clients et cr\u00e9e une relation durable et cons\u00e9quente entre le client et vous.<\/h2>\n[\/vc_column_text][\/vc_column_inner][\/vc_row_inner][vc_tour interval=\u00a0\u00bb0&Prime;][vc_tab title=\u00a0\u00bbRecherche d\u2019\u00e9tiquettes d\u2019Agrian\u00a0\u00bb tab_id=\u00a0\u00bb35d6958f-91df-415966675617691596821631484&Prime;][vc_column_text]Les meilleures pratiques commencent avec la recherche d\u2019\u00e9tiquettes Agrian. Pr\u00e9cise, rapide et gratuite pour tous, y compris les fabricants, elle constitue une ressource industrielle importante. Il s\u2019agit de la base de donn\u00e9es la plus fournie et la plus compl\u00e8te de l\u2019industrie, appuy\u00e9e par plus de 500\u00a0fabricants qui participent \u00e0 garantir une utilisation s\u00e9curis\u00e9e, efficace et performante de leurs produits par les clients. Chaque entr\u00e9e comprend l\u2019\u00e9tiquette du fabricant et des documents \u00e0 l\u2019appui, dont la FDS, section\u00a024c, 2EE et les certifications biologiques. Vous pouvez \u00e9galement incorporer gratuitement la fonction Recherche d\u2019\u00e9tiquettes \u00e0 votre site\u00a0Web ou faire de la publicit\u00e9 au sein de la fonction.[\/vc_column_text][\/vc_tab][vc_tab title=\u00a0\u00bbPlateforme modulaire\u00a0\u00bb tab_id=\u00a0\u00bb109125ea-a291-815966675617691596821631484&Prime;][vc_column_text]Nous sommes pr\u00eats \u00e0 nous int\u00e9grer et \u00e0 cr\u00e9er des partenariats. Une des promesses principales d\u2019Agrian est d\u2019agir en tant que partenaire d\u2019excellence, un engagement intentionnel. Nous comprenons le besoin de nous associer avec des parties tierces afin de combler les \u00e9carts entre les pratiques de gestion des donn\u00e9es et les pratiques agronomiques, nous avons donc cr\u00e9\u00e9 une plateforme modulaire facile \u00e0 int\u00e9grer, afin que nos clients puissent profiter de vos services avec les bonnes informations et une bonne connexion \u00e0 l\u2019appui.[\/vc_column_text][\/vc_tab][vc_tab title=\u00a0\u00bb\u00c9quipement\u00a0\u00bb tab_id=\u00a0\u00bb1596666395200-2-615966675617691596821631484&Prime;][vc_column_text]Il est attendu de l\u2019\u00e9quipement qu\u2019il ex\u00e9cute et accomplisse les plans tout en contr\u00f4lant et collectant de nouvelles donn\u00e9es. L\u2019int\u00e9gration profonde d\u2019Agrian aux principaux fabricants d\u2019\u00e9quipement finalise et simplifie le cycle des donn\u00e9es. Agrian soutient les normes d\u2019interop\u00e9rabilit\u00e9 de l\u2019industrie comme ADAPT d\u2019AgGateWay et les normes\u00a0ISO. Cependant, certaines entreprises vont encore plus loin et d\u00e9livrent des licences aux donn\u00e9es de r\u00e9f\u00e9rence Agrian afin d\u2019am\u00e9liorer la pr\u00e9cision et la fiabilit\u00e9 des donn\u00e9es collect\u00e9es. Les grandes entreprises agricoles et les fournisseurs de services t\u00e9moignent de la valeur importante et de l\u2019efficacit\u00e9 dans toutes \u00e9tapes du processus agronomique \u00e0 l\u2019aide des m\u00eames donn\u00e9es de r\u00e9f\u00e9rence.[\/vc_column_text][\/vc_tab][\/vc_tour][\/vc_column][\/vc_row][vc_row content_placement=\u00a0\u00bbmiddle\u00a0\u00bb column_spacing=\u00a0\u00bb0px\u00a0\u00bb css=\u00a0\u00bb.vc_custom_1597355599465{padding-top: 40px !important;padding-bottom: 60px !important;}\u00a0\u00bb][vc_column width=\u00a0\u00bb2\/3&Prime;][\/vc_column][vc_column width=\u00a0\u00bb1\/3&Prime; css=\u00a0\u00bb.vc_custom_1594060673005{border-top-width: 4px !important;border-right-width: 4px !important;border-bottom-width: 4px !important;border-left-width: 4px !important;padding-top: 20px !important;padding-right: 20px !important;padding-bottom: 20px !important;padding-left: 20px !important;border-left-color: #65869c !important;border-left-style: solid !important;border-right-color: #65869c !important;border-right-style: solid !important;border-top-color: #65869c !important;border-top-style: solid !important;border-bottom-color: #65869c !important;border-bottom-style: solid !important;}\u00a0\u00bb el_class=\u00a0\u00bbmore-blogs\u00a0\u00bb][vc_column_text text_align=\u00a0\u00bbcenter\u00a0\u00bb css=\u00a0\u00bb.vc_custom_1596823285213{margin-bottom: 20px !important;}\u00a0\u00bb el_class=\u00a0\u00bbblue-header\u00a0\u00bb]\n<h1>Faire de la publicit\u00e9 avec<br \/>\n<strong>Agrian<\/strong><\/h1>\n[\/vc_column_text]<div class=\"textcenter theme-button-wrap wpex-clr\"><a href=\"#advertise-popup\" class=\"vcex-button theme-button align-center inline reverse-button wpex-lightbox\"><span class=\"theme-button-inner\">En savoir plus<\/span><\/a><\/div> [\/vc_column][\/vc_row][vc_row typography_style=\u00a0\u00bbwhite\u00a0\u00bb remove_bottom_col_margin=\u00a0\u00bbtrue\u00a0\u00bb visibility=\u00a0\u00bbhidden\u00a0\u00bb el_id=\u00a0\u00bbadvertise-popup\u00a0\u00bb css=\u00a0\u00bb.vc_custom_1597356525085{background-color: #1d428a !important;}\u00a0\u00bb][vc_column offset=\u00a0\u00bbvc_col-sm-offset-0&Prime;][vc_row_inner][vc_column_inner width=\u00a0\u00bb1\/2&Prime;]<figure class=\"vcex-image vcex-module wpex-clr\"><div class=\"vcex-image-inner wpex-inline-block wpex-relative vc_custom_1601067049906\" style=\"max-width:138px;\"><img decoding=\"async\" loading=\"lazy\" class=\"wpex-w-100 wpex-align-middle\" src=\"https:\/\/home.agrian.com\/wp-content\/uploads\/2020\/07\/logo-white-header.svg\" alt=\"\" \/><\/div><\/figure>[vc_column_text]Les offres publicitaires d\u2019Agrian donnent aux fabricants l\u2019opportunit\u00e9 de promouvoir leurs produits par le biais de banni\u00e8res publicitaires affich\u00e9es et de liens vers des informations promotionnelles dans plusieurs zones des outils d\u2019Agrian.<\/p>\n<p>Atteignez un public unique et hautement cibl\u00e9 d\u2019experts-conseils en cultures, de producteurs et d\u2019entreprises de transformation alimentaire qui sont actifs dans le cycle commercial et r\u00e9ceptifs aux offres ainsi qu\u2019aux informations utiles.[\/vc_column_text][\/vc_column_inner][vc_column_inner width=\u00a0\u00bb1\/2&Prime;]<div class=\"vcex-spacing wpex-w-100 wpex-clear hidden-phone\" style=\"height:33px\"><\/div>[vc_column_text el_class=\u00a0\u00bbno-link\u00a0\u00bb]\n<h3>Contactez<br \/>\n<a href=\"mailto:Marketing@Agrian.com\">Marketing@Agrian.com<\/a> d\u00e8s aujourd\u2019hui pour en savoir plus sur nos options publicitaires tri\u00e9es sur le volet.<\/h3>\n[\/vc_column_text][\/vc_column_inner][\/vc_row_inner][\/vc_column][\/vc_row]\n","protected":false},"excerpt":{"rendered":"<p>[vc_row remove_bottom_col_margin=\u00a0\u00bbtrue\u00a0\u00bb][vc_column width=\u00a0\u00bb1\/2&Prime; el_class=\u00a0\u00bbparallax-column\u00a0\u00bb min_height=\u00a0\u00bb247px\u00a0\u00bb][\/vc_column][vc_column width=\u00a0\u00bb1\/2&Prime;][vc_column_text] L\u2019industrie agronomique exige de la coh\u00e9rence. Nous nous efforcerons donc de la mettre en place, ensemble. Il importe peu aux clients de savoir ce qui fait qu\u2019un produit fonctionne, du moment qu\u2019il fonctionne, et&hellip;<\/p>\n","protected":false},"author":7,"featured_media":0,"parent":0,"menu_order":0,"comment_status":"closed","ping_status":"closed","template":"","meta":{"footnotes":""},"yoast_head":"<!-- This site is optimized with the Yoast SEO plugin v15.6.2 - https:\/\/yoast.com\/wordpress\/plugins\/seo\/ -->\n<title>Fournisseur de produits - TELUS Agronomy<\/title>\n<meta name=\"robots\" content=\"index, follow, max-snippet:-1, max-image-preview:large, max-video-preview:-1\" \/>\n<link rel=\"canonical\" href=\"https:\/\/home.agrian.com\/fr-ca\/product-provider\/\" \/>\n<meta property=\"og:locale\" content=\"fr_CA\" \/>\n<meta property=\"og:type\" content=\"article\" \/>\n<meta property=\"og:title\" content=\"Fournisseur de produits - TELUS Agronomy\" \/>\n<meta property=\"og:description\" content=\"[vc_row remove_bottom_col_margin=\u00a0\u00bbtrue\u00a0\u00bb][vc_column width=\u00a0\u00bb1\/2&Prime; el_class=\u00a0\u00bbparallax-column\u00a0\u00bb min_height=\u00a0\u00bb247px\u00a0\u00bb][\/vc_column][vc_column width=\u00a0\u00bb1\/2&Prime;][vc_column_text] L\u2019industrie agronomique exige de la coh\u00e9rence. Nous nous efforcerons donc de la mettre en place, ensemble. Il importe peu aux clients de savoir ce qui fait qu\u2019un produit fonctionne, du moment qu\u2019il fonctionne, et&hellip;\" \/>\n<meta property=\"og:url\" content=\"https:\/\/home.agrian.com\/fr-ca\/product-provider\/\" \/>\n<meta property=\"og:site_name\" content=\"TELUS Agronomy\" \/>\n<meta property=\"article:modified_time\" content=\"2021-03-23T22:09:50+00:00\" \/>\n<meta name=\"twitter:card\" content=\"summary\" \/>\n<meta name=\"twitter:label1\" content=\"Est. reading time\">\n\t<meta name=\"twitter:data1\" content=\"5 minutes\">\n<script type=\"application\/ld+json\" class=\"yoast-schema-graph\">{\"@context\":\"https:\/\/schema.org\",\"@graph\":[{\"@type\":\"WebSite\",\"@id\":\"http:\/\/home.agrian.com\/#website\",\"url\":\"http:\/\/home.agrian.com\/\",\"name\":\"TELUS Agronomy\",\"description\":\"\",\"potentialAction\":[{\"@type\":\"SearchAction\",\"target\":\"http:\/\/home.agrian.com\/?s={search_term_string}\",\"query-input\":\"required name=search_term_string\"}],\"inLanguage\":\"fr-CA\"},{\"@type\":\"WebPage\",\"@id\":\"https:\/\/home.agrian.com\/fr-ca\/product-provider\/#webpage\",\"url\":\"https:\/\/home.agrian.com\/fr-ca\/product-provider\/\",\"name\":\"Fournisseur de produits - TELUS Agronomy\",\"isPartOf\":{\"@id\":\"http:\/\/home.agrian.com\/#website\"},\"datePublished\":\"2021-02-19T19:01:01+00:00\",\"dateModified\":\"2021-03-23T22:09:50+00:00\",\"breadcrumb\":{\"@id\":\"https:\/\/home.agrian.com\/fr-ca\/product-provider\/#breadcrumb\"},\"inLanguage\":\"fr-CA\",\"potentialAction\":[{\"@type\":\"ReadAction\",\"target\":[\"https:\/\/home.agrian.com\/fr-ca\/product-provider\/\"]}]},{\"@type\":\"BreadcrumbList\",\"@id\":\"https:\/\/home.agrian.com\/fr-ca\/product-provider\/#breadcrumb\",\"itemListElement\":[{\"@type\":\"ListItem\",\"position\":1,\"item\":{\"@type\":\"WebPage\",\"@id\":\"https:\/\/home.agrian.com\/fr-ca\/product-provider\/\",\"url\":\"https:\/\/home.agrian.com\/fr-ca\/product-provider\/\",\"name\":\"Fournisseur de produits\"}}]}]}<\/script>\n<!-- \/ Yoast SEO plugin. -->","_links":{"self":[{"href":"https:\/\/home.agrian.com\/fr-ca\/wp-json\/wp\/v2\/pages\/4864"}],"collection":[{"href":"https:\/\/home.agrian.com\/fr-ca\/wp-json\/wp\/v2\/pages"}],"about":[{"href":"https:\/\/home.agrian.com\/fr-ca\/wp-json\/wp\/v2\/types\/page"}],"author":[{"embeddable":true,"href":"https:\/\/home.agrian.com\/fr-ca\/wp-json\/wp\/v2\/users\/7"}],"replies":[{"embeddable":true,"href":"https:\/\/home.agrian.com\/fr-ca\/wp-json\/wp\/v2\/comments?post=4864"}],"version-history":[{"count":3,"href":"https:\/\/home.agrian.com\/fr-ca\/wp-json\/wp\/v2\/pages\/4864\/revisions"}],"predecessor-version":[{"id":6076,"href":"https:\/\/home.agrian.com\/fr-ca\/wp-json\/wp\/v2\/pages\/4864\/revisions\/6076"}],"wp:attachment":[{"href":"https:\/\/home.agrian.com\/fr-ca\/wp-json\/wp\/v2\/media?parent=4864"}],"curies":[{"name":"wp","href":"https:\/\/api.w.org\/{rel}","templated":true}]}}