{"id":4637,"date":"2021-02-19T12:59:39","date_gmt":"2021-02-19T18:59:39","guid":{"rendered":"https:\/\/home.agrian.com\/food-companies\/"},"modified":"2021-03-23T17:09:39","modified_gmt":"2021-03-23T22:09:39","slug":"food-companies","status":"publish","type":"page","link":"https:\/\/home.agrian.com\/fr-ca\/food-companies\/","title":{"rendered":"Entreprise alimentaire"},"content":{"rendered":"[vc_row content_placement=\u00a0\u00bbmiddle\u00a0\u00bb remove_bottom_col_margin=\u00a0\u00bbtrue\u00a0\u00bb][vc_column width=\u00a0\u00bb1\/2&Prime; el_class=\u00a0\u00bbparallax-column\u00a0\u00bb]<figure class=\"vcex-image vcex-module wpex-clr background-parallax parallax-up\"><div class=\"vcex-image-inner wpex-inline-block wpex-relative\"><img decoding=\"async\" loading=\"lazy\" class=\"wpex-w-100 wpex-align-middle\" src=\"https:\/\/home.agrian.com\/wp-content\/uploads\/2020\/08\/Orchard_BG@2x.jpg\" alt=\"\" width=\"2336\" height=\"1328\" \/><\/div><\/figure><figure class=\"vcex-image vcex-module wpex-clr foreground-parallax parallax-down\"><div class=\"vcex-image-inner wpex-inline-block wpex-relative vc_custom_1597677164986\"><img decoding=\"async\" loading=\"lazy\" class=\"wpex-w-100 wpex-align-middle\" src=\"https:\/\/home.agrian.com\/wp-content\/uploads\/2020\/08\/isolated_apple@2x.png\" alt=\"\" width=\"1992\" height=\"1283\" \/><\/div><\/figure>[\/vc_column][vc_column width=\u00a0\u00bb1\/2&Prime; css=\u00a0\u00bb.vc_custom_1597679313316{padding-bottom: 30px !important;}\u00a0\u00bb]<figure class=\"vcex-image vcex-module wpex-clr\"><div class=\"vcex-image-inner wpex-inline-block wpex-relative vc_custom_1597081614436\" style=\"max-width:41px;\"><img decoding=\"async\" loading=\"lazy\" class=\"wpex-w-100 wpex-align-middle\" src=\"https:\/\/home.agrian.com\/wp-content\/uploads\/2020\/08\/greenfood.svg\" alt=\"\" \/><\/div><\/figure>[vc_column_text el_class=\u00a0\u00bbgreen-header\u00a0\u00bb]\n<h2>Du champ <span class=\"green-text\"><strong>\u00e0 l\u2019assiette. <\/strong><\/span><\/h2>\n<p>Aux yeux du consommateur, la tra\u00e7abilit\u00e9 de la cha\u00eene alimentaire peut para\u00eetre simple, mais pour les personnes qui en sont responsables, il s\u2019agit d\u2019une question d\u2019une grande complexit\u00e9. De nos jours, des normes coh\u00e9rentes et une technologie avanc\u00e9e sont n\u00e9cessaires afin de r\u00e9pondre \u00e0 toutes les demandes de collecte d\u2019informations de notre cha\u00eene alimentaire.[\/vc_column_text][\/vc_column][\/vc_row][vc_row css=\u00a0\u00bb.vc_custom_1596821790697{margin-bottom: 20px !important;}\u00a0\u00bb][vc_column]<div class=\"vcex-spacing wpex-w-100 wpex-clear hide-at-mm-breakpoint\" style=\"height:20px\"><\/div><div class=\"vcex-spacing wpex-w-100 wpex-clear show-at-mm-breakpoint\" style=\"height:60px\"><\/div>[vc_row_inner][vc_column_inner width=\u00a0\u00bb7\/12&Prime;][vc_column_text]\n<h2>Agrian offre des capacit\u00e9s particuli\u00e8res con\u00e7ues sp\u00e9cialement pour les entreprises alimentaires.<\/h2>\n[\/vc_column_text][\/vc_column_inner][\/vc_row_inner][vc_tour interval=\u00a0\u00bb0&Prime; el_class=\u00a0\u00bbgreen\u00a0\u00bb][vc_tab title=\u00a0\u00bbGestion du producteur\u00a0\u00bb tab_id=\u00a0\u00bb35d6958f-91df-415966675617691596821631484&Prime;][vc_column_text css=\u00a0\u00bb.vc_custom_1594233765277{margin-bottom: 10px !important;}\u00a0\u00bb]<span class=\"green-text\"><strong>Partagez les donn\u00e9es de culture de terrain entre les producteurs, les entreprises de transformation des aliments et les organismes gouvernementaux en toute s\u00e9curit\u00e9, avec une extr\u00eame pr\u00e9cision.<\/strong><\/span>[\/vc_column_text][vc_column_text]Les entreprises de transformation des aliments collaborent souvent avec des centaines de producteurs, leurs experts-conseils en cultures et leurs op\u00e9rateurs. Agrian simplifie la communication entre toutes ces parties en leur permettant d\u2019utiliser le syst\u00e8me Agrian afin de r\u00e9unir leurs informations sur un seul site de stockage. C\u2019est une solution facile et flexible\u00a0: votre Compte entreprise de transformation Agrian peut \u00eatre connect\u00e9 \u00e0 tout producteur, expert-conseil en cultures ou op\u00e9rateur.[\/vc_column_text][\/vc_tab][vc_tab title=\u00a0\u00bbTenue des dossiers et conformit\u00e9\u00a0\u00bb tab_id=\u00a0\u00bb109125ea-a291-815966675617691596821631484&Prime;][vc_column_text css=\u00a0\u00bb.vc_custom_1596821686145{margin-bottom: 10px !important;}\u00a0\u00bb]<strong>Num\u00e9risez votre tenue des dossiers et automatisez vos v\u00e9rifications de conformit\u00e9 pour prot\u00e9ger votre entreprise.<\/strong>[\/vc_column_text][vc_column_text]Pour les entreprises de transformation d\u2019aliments, p\u00e9riode de r\u00e9colte rime avec activit\u00e9 intense, et paperasse \u00e0 la cha\u00eene. Agrian simplifie la transmission \u00e9lectronique des donn\u00e9es et offre une v\u00e9rification de conformit\u00e9 \u00e9lectronique robuste de toutes les donn\u00e9es soumises par les producteurs, experts-conseils en cultures et op\u00e9rateurs, \u00e0 la r\u00e9colte et pendant toute la saison. Agrian minimise les risques en \u00e9liminant le facteur humain des informations soumises par renvoi interne, par rapport aux \u00e9tiquettes approuv\u00e9es par le fabricant ou aux crit\u00e8res de conformit\u00e9 internes.[\/vc_column_text][\/vc_tab][vc_tab title=\u00a0\u00bbMobilit\u00e9\u00a0\u00bb tab_id=\u00a0\u00bb1596666395200-2-615966675617691596821631484&Prime;][vc_column_text css=\u00a0\u00bb.vc_custom_1596821713883{margin-bottom: 10px !important;}\u00a0\u00bb]<strong>Nos capacit\u00e9s mobiles moderniseront imm\u00e9diatement votre flux de travail.<\/strong>[\/vc_column_text][vc_column_text]L\u2019application mobile\u00a0Agrian permet aux entreprises de transformation d\u2019aliments de mettre au point une tenue personnalis\u00e9e des dossiers facilement accessibles par les producteurs, experts-conseils en cultures et op\u00e9rateurs dans leurs locaux, ou directement sur le terrain par le biais de leur appareil mobile. Les repr\u00e9sentants des producteurs peuvent cartographier, suivre et prendre des notes \u00e0 chaque visite du site de production au cours de la saison.[\/vc_column_text][\/vc_tab][\/vc_tour]<div class=\"vcex-spacing wpex-w-100 wpex-clear hide-at-mm-breakpoint\" style=\"height:50px\"><\/div>[\/vc_column][\/vc_row][vc_row full_width=\u00a0\u00bbstretch_row\u00a0\u00bb content_placement=\u00a0\u00bbmiddle\u00a0\u00bb parallax=\u00a0\u00bbcontent-moving\u00a0\u00bb typography_style=\u00a0\u00bbwhite\u00a0\u00bb css=\u00a0\u00bb.vc_custom_1600739298873{padding-top: 105px !important;padding-bottom: 100px !important;background-image: url(https:\/\/home.agrian.com\/wp-content\/uploads\/2020\/08\/Group-227@2x.jpg?id=477) !important;background-position: center;background-repeat: no-repeat;background-size: cover !important;}\u00a0\u00bb][vc_column width=\u00a0\u00bb5\/12&Prime;]<div class=\"vcex-module vcex-milestone wpex-text-center wpex-clr\"><div class=\"vcex-milestone-inner wpex-inline-block\"><div class=\"vcex-milestone-desc\"><div class=\"vcex-milestone-number wpex-leading-none wpex-font-semibold wpex-text-gray-400\"><span class=\"vcex-milestone-time vcex-countup\" data-options=\"{&quot;startVal&quot;:0,&quot;endVal&quot;:200000,&quot;duration&quot;:2.5,&quot;decimals&quot;:0,&quot;separator&quot;:&quot;,&quot;,&quot;decimal&quot;:&quot;.&quot;}\">0<\/span><span class=\"vcex-milestone-after\">+<\/span><\/div><\/div><\/div><\/div>[\/vc_column][vc_column width=\u00a0\u00bb7\/12&Prime;][vc_column_text]\n<h3>Avec plus de 200\u00a0000\u00a0utilisateurs, Agrian est le premier choix de l\u2019industrie alimentaire pour le suivi, l\u2019enregistrement et le partage des informations.<\/h3>\n[\/vc_column_text][\/vc_column][\/vc_row][vc_row content_placement=\u00a0\u00bbmiddle\u00a0\u00bb column_spacing=\u00a0\u00bb0px\u00a0\u00bb css=\u00a0\u00bb.vc_custom_1596822813054{padding-top: 40px !important;padding-bottom: 10px !important;}\u00a0\u00bb][vc_column width=\u00a0\u00bb2\/3&Prime;][\/vc_column][vc_column width=\u00a0\u00bb1\/3&Prime; css=\u00a0\u00bb.vc_custom_1594060673005{border-top-width: 4px !important;border-right-width: 4px !important;border-bottom-width: 4px !important;border-left-width: 4px !important;padding-top: 20px !important;padding-right: 20px !important;padding-bottom: 20px !important;padding-left: 20px !important;border-left-color: #65869c !important;border-left-style: solid !important;border-right-color: #65869c !important;border-right-style: solid !important;border-top-color: #65869c !important;border-top-style: solid !important;border-bottom-color: #65869c !important;border-bottom-style: solid !important;}\u00a0\u00bb el_class=\u00a0\u00bbmore-blogs\u00a0\u00bb][vc_column_text text_align=\u00a0\u00bbcenter\u00a0\u00bb css=\u00a0\u00bb.vc_custom_1594061659013{margin-bottom: 20px !important;}\u00a0\u00bb el_class=\u00a0\u00bbblue-header\u00a0\u00bb]\n<h3>Vous souhaiteriez<br \/>\nconsulter plus d\u2019articles?<\/h3>\n[\/vc_column_text]<div class=\"textcenter theme-button-wrap wpex-clr\"><a href=\"http:\/\/home.agrian.com\/fr-ca\/company\/blog\/\" class=\"vcex-button theme-button align-center inline reverse-button\"><span class=\"theme-button-inner\">En savoir plus<\/span><\/a><\/div> [\/vc_column][\/vc_row][vc_row remove_bottom_col_margin=\u00a0\u00bbtrue\u00a0\u00bb visibility=\u00a0\u00bbvisible-phone\u00a0\u00bb][vc_column]<div class=\"vcex-spacing wpex-w-100 wpex-clear\" style=\"height:30px\"><\/div>[\/vc_column][\/vc_row][vc_row full_width=\u00a0\u00bbstretch_row\u00a0\u00bb content_placement=\u00a0\u00bbmiddle\u00a0\u00bb css=\u00a0\u00bb.vc_custom_1596493166978{padding-top: 60px !important;padding-right: 35px !important;padding-bottom: 20px !important;padding-left: 35px !important;background-color: #e8ecf4 !important;}\u00a0\u00bb][vc_column width=\u00a0\u00bb7\/12&Prime; offset=\u00a0\u00bbvc_col-md-offset-1 vc_col-md-6 vc_col-sm-offset-0&Prime;]<div class=\"vcex-spacing wpex-w-100 wpex-clear hidden-phone\" style=\"height:30px\"><\/div>[vc_row_inner remove_bottom_col_margin=\u00a0\u00bbtrue\u00a0\u00bb columns_right=\u00a0\u00bbyes\u00a0\u00bb][vc_column_inner width=\u00a0\u00bb3\/4&Prime;][vc_column_text el_class=\u00a0\u00bbblue-header text-sm-center\u00a0\u00bb]\n<h3>Vous souhaiteriez discuter de la mani\u00e8re dont Agrian pourrait convenir \u00e0 vos besoins?<\/h3>\n[\/vc_column_text][\/vc_column_inner][\/vc_row_inner]<div class=\"vcex-spacing wpex-w-100 wpex-clear hidden-phone\" style=\"height:30px\"><\/div>[\/vc_column][vc_column width=\u00a0\u00bb1\/3&Prime; offset=\u00a0\u00bbvc_col-sm-offset-1&Prime; el_class=\u00a0\u00bbtext-sm-center\u00a0\u00bb]<a href=\"\/fr-ca\/contact\/\" class=\"vcex-button theme-button inline\"><span class=\"theme-button-inner\">Demander une d\u00e9monstration<\/span><\/a> [\/vc_column][\/vc_row]\n","protected":false},"excerpt":{"rendered":"<p>[vc_row content_placement=\u00a0\u00bbmiddle\u00a0\u00bb remove_bottom_col_margin=\u00a0\u00bbtrue\u00a0\u00bb][vc_column width=\u00a0\u00bb1\/2&Prime; el_class=\u00a0\u00bbparallax-column\u00a0\u00bb][\/vc_column][vc_column width=\u00a0\u00bb1\/2&Prime; css=\u00a0\u00bb.vc_custom_1597679313316{padding-bottom: 30px !important;}\u00a0\u00bb][vc_column_text el_class=\u00a0\u00bbgreen-header\u00a0\u00bb] Du champ \u00e0 l\u2019assiette. Aux yeux du consommateur, la tra\u00e7abilit\u00e9 de la cha\u00eene alimentaire peut para\u00eetre simple, mais pour les personnes qui en sont responsables, il s\u2019agit d\u2019une question d\u2019une&hellip;<\/p>\n","protected":false},"author":7,"featured_media":0,"parent":0,"menu_order":0,"comment_status":"closed","ping_status":"closed","template":"","meta":{"footnotes":""},"yoast_head":"<!-- This site is optimized with the Yoast SEO plugin v15.6.2 - https:\/\/yoast.com\/wordpress\/plugins\/seo\/ -->\n<title>Entreprise alimentaire - TELUS Agronomy<\/title>\n<meta name=\"robots\" content=\"index, follow, max-snippet:-1, max-image-preview:large, max-video-preview:-1\" \/>\n<link rel=\"canonical\" href=\"https:\/\/home.agrian.com\/fr-ca\/food-companies\/\" \/>\n<meta property=\"og:locale\" content=\"fr_CA\" \/>\n<meta property=\"og:type\" content=\"article\" \/>\n<meta property=\"og:title\" content=\"Entreprise alimentaire - TELUS Agronomy\" \/>\n<meta property=\"og:description\" content=\"[vc_row content_placement=\u00a0\u00bbmiddle\u00a0\u00bb remove_bottom_col_margin=\u00a0\u00bbtrue\u00a0\u00bb][vc_column width=\u00a0\u00bb1\/2&Prime; el_class=\u00a0\u00bbparallax-column\u00a0\u00bb][\/vc_column][vc_column width=\u00a0\u00bb1\/2&Prime; css=\u00a0\u00bb.vc_custom_1597679313316{padding-bottom: 30px !important;}\u00a0\u00bb][vc_column_text el_class=\u00a0\u00bbgreen-header\u00a0\u00bb] Du champ \u00e0 l\u2019assiette. Aux yeux du consommateur, la tra\u00e7abilit\u00e9 de la cha\u00eene alimentaire peut para\u00eetre simple, mais pour les personnes qui en sont responsables, il s\u2019agit d\u2019une question d\u2019une&hellip;\" \/>\n<meta property=\"og:url\" content=\"https:\/\/home.agrian.com\/fr-ca\/food-companies\/\" \/>\n<meta property=\"og:site_name\" content=\"TELUS Agronomy\" \/>\n<meta property=\"article:modified_time\" content=\"2021-03-23T22:09:39+00:00\" \/>\n<meta name=\"twitter:card\" content=\"summary\" \/>\n<meta name=\"twitter:label1\" content=\"Est. reading time\">\n\t<meta name=\"twitter:data1\" content=\"5 minutes\">\n<script type=\"application\/ld+json\" class=\"yoast-schema-graph\">{\"@context\":\"https:\/\/schema.org\",\"@graph\":[{\"@type\":\"WebSite\",\"@id\":\"http:\/\/home.agrian.com\/#website\",\"url\":\"http:\/\/home.agrian.com\/\",\"name\":\"TELUS Agronomy\",\"description\":\"\",\"potentialAction\":[{\"@type\":\"SearchAction\",\"target\":\"http:\/\/home.agrian.com\/?s={search_term_string}\",\"query-input\":\"required name=search_term_string\"}],\"inLanguage\":\"fr-CA\"},{\"@type\":\"WebPage\",\"@id\":\"https:\/\/home.agrian.com\/fr-ca\/food-companies\/#webpage\",\"url\":\"https:\/\/home.agrian.com\/fr-ca\/food-companies\/\",\"name\":\"Entreprise alimentaire - TELUS Agronomy\",\"isPartOf\":{\"@id\":\"http:\/\/home.agrian.com\/#website\"},\"datePublished\":\"2021-02-19T18:59:39+00:00\",\"dateModified\":\"2021-03-23T22:09:39+00:00\",\"breadcrumb\":{\"@id\":\"https:\/\/home.agrian.com\/fr-ca\/food-companies\/#breadcrumb\"},\"inLanguage\":\"fr-CA\",\"potentialAction\":[{\"@type\":\"ReadAction\",\"target\":[\"https:\/\/home.agrian.com\/fr-ca\/food-companies\/\"]}]},{\"@type\":\"BreadcrumbList\",\"@id\":\"https:\/\/home.agrian.com\/fr-ca\/food-companies\/#breadcrumb\",\"itemListElement\":[{\"@type\":\"ListItem\",\"position\":1,\"item\":{\"@type\":\"WebPage\",\"@id\":\"https:\/\/home.agrian.com\/fr-ca\/food-companies\/\",\"url\":\"https:\/\/home.agrian.com\/fr-ca\/food-companies\/\",\"name\":\"Entreprise alimentaire\"}}]}]}<\/script>\n<!-- \/ Yoast SEO plugin. -->","_links":{"self":[{"href":"https:\/\/home.agrian.com\/fr-ca\/wp-json\/wp\/v2\/pages\/4637"}],"collection":[{"href":"https:\/\/home.agrian.com\/fr-ca\/wp-json\/wp\/v2\/pages"}],"about":[{"href":"https:\/\/home.agrian.com\/fr-ca\/wp-json\/wp\/v2\/types\/page"}],"author":[{"embeddable":true,"href":"https:\/\/home.agrian.com\/fr-ca\/wp-json\/wp\/v2\/users\/7"}],"replies":[{"embeddable":true,"href":"https:\/\/home.agrian.com\/fr-ca\/wp-json\/wp\/v2\/comments?post=4637"}],"version-history":[{"count":3,"href":"https:\/\/home.agrian.com\/fr-ca\/wp-json\/wp\/v2\/pages\/4637\/revisions"}],"predecessor-version":[{"id":6075,"href":"https:\/\/home.agrian.com\/fr-ca\/wp-json\/wp\/v2\/pages\/4637\/revisions\/6075"}],"wp:attachment":[{"href":"https:\/\/home.agrian.com\/fr-ca\/wp-json\/wp\/v2\/media?parent=4637"}],"curies":[{"name":"wp","href":"https:\/\/api.w.org\/{rel}","templated":true}]}}