{"id":4624,"date":"2021-02-19T12:57:32","date_gmt":"2021-02-19T18:57:32","guid":{"rendered":"https:\/\/home.agrian.com\/home\/"},"modified":"2021-03-31T21:20:47","modified_gmt":"2021-04-01T02:20:47","slug":"home","status":"publish","type":"page","link":"https:\/\/home.agrian.com\/fr-ca\/","title":{"rendered":"Page d\u2019accueil"},"content":{"rendered":"[vc_row content_placement=\u00a0\u00bbmiddle\u00a0\u00bb column_spacing=\u00a0\u00bb0px\u00a0\u00bb css=\u00a0\u00bb.vc_custom_1600965893059{margin-bottom: 10px !important;}\u00a0\u00bb][vc_column width=\u00a0\u00bb1\/2&Prime; offset=\u00a0\u00bbvc_col-lg-offset-0 vc_col-md-offset-0 vc_col-sm-offset-0&Prime;][vc_raw_html el_class=\u00a0\u00bbhomepage-video\u00a0\u00bb]PHZpZGVvIGF1dG9wbGF5IGxvb3AgbXV0ZWQgcHJlbG9hZD0ibWV0YWRhdGEiIHBsYXlzaW5saW5lPgo8c291cmNlIHNyYz0iL3dwLWNvbnRlbnQvdXBsb2Fkcy8yMDIxLzAxL2Fncmlhbi1ob21lLWZyZW5jaC5tcDQiIHR5cGU9InZpZGVvL21wNCI+CjwvdmlkZW8+[\/vc_raw_html][\/vc_column][vc_column width=\u00a0\u00bb1\/2&Prime;][vc_column_text el_class=\u00a0\u00bbgreen-header bigger1&Prime; css=\u00a0\u00bb.vc_custom_1617242821932{margin-bottom: 10px !important;}\u00a0\u00bb]\n<h2>Logiciel agronomique qui vous aide \u00e0 la croissance de votre entreprise de mani\u00e8re <strong>s\u00e9curis\u00e9e et rentable.<\/strong><\/h2>\n[\/vc_column_text][vc_column_text css=\u00a0\u00bb.vc_custom_1595011812813{margin-bottom: 20px !important;}\u00a0\u00bb]Agrian est le partenaire technologique id\u00e9al pour chaque phase de croissance de votre entreprise.[\/vc_column_text]<a href=\"https:\/\/home.agrian.com\/fr-ca\/platform\/\" class=\"vcex-button theme-button inline\"><span class=\"theme-button-inner\">Notre plateforme<\/span><\/a> [\/vc_column][\/vc_row][vc_row remove_bottom_col_margin=\u00a0\u00bbtrue\u00a0\u00bb css=\u00a0\u00bb.vc_custom_1600970226191{margin-bottom: 75px !important;}\u00a0\u00bb][vc_column css=\u00a0\u00bb.vc_custom_1600970286472{margin-bottom: 0px !important;}\u00a0\u00bb]<div class=\"vcex-spacing wpex-w-100 wpex-clear hidden-phone\" style=\"height:30px\"><\/div>[\/vc_column][\/vc_row][vc_row full_width=\u00a0\u00bbstretch_row\u00a0\u00bb parallax=\u00a0\u00bbcontent-moving\u00a0\u00bb remove_bottom_col_margin=\u00a0\u00bbtrue\u00a0\u00bb css=\u00a0\u00bb.vc_custom_1600739150569{padding-top: 47px !important;padding-bottom: 34px !important;background-image: url(https:\/\/home.agrian.com\/wp-content\/uploads\/2020\/09\/iStock-175500530@2x-1-scaled.jpg?id=909) !important;background-position: center;background-repeat: no-repeat;background-size:cover;}\u00a0\u00bb][vc_column width=\u00a0\u00bb2\/3&Prime; offset=\u00a0\u00bbvc_col-md-offset-3 vc_col-md-6 vc_col-sm-offset-2&Prime; css=\u00a0\u00bb.vc_custom_1595017030431{padding-right: 40px !important;padding-left: 40px !important;}\u00a0\u00bb][vc_column_text text_align=\u00a0\u00bbcenter\u00a0\u00bb css=\u00a0\u00bb.vc_custom_1617242978836{margin-bottom: 10px !important;}\u00a0\u00bb]\n<h3>Faire une recherche dans la Base de donn\u00e9es des \u00e9tiquettes Agrian<\/h3>\n[\/vc_column_text][vc_column_text text_align=\u00a0\u00bbcenter\u00a0\u00bb css=\u00a0\u00bb.vc_custom_1595515097467{margin-bottom: 10px !important;}\u00a0\u00bb]Gratuite. Plus de 12\u00a0000\u00a0\u00e9tiquettes v\u00e9rifi\u00e9es par le fabricant et indemnis\u00e9es. Rechercher maintenant.[\/vc_column_text][vc_raw_html]PGZvcm0gaWQ9ImhvbWVsb29rdXBmb3JtIiBjbGFzcz0iY2VudGVyLWJsb2NrIGxvb2t1cC1mb3JtIiBhY3Rpb249Imh0dHBzOi8vYWdyaWFuLmNvbS9sYWJlbGNlbnRlci9yZXN1bHRzLmNmbSIgbWV0aG9kPSJHRVQiIHRhcmdldD0icmVzdWx0Ij4NCjxkaXYgY2xhc3M9ImZvcm0tZ3JvdXAiPjxpbnB1dCBuYW1lPSJzIiB0eXBlPSJ0ZXh0IiBwbGFjZWhvbGRlcj0iUmVjaGVyY2hlciB1bmUgw6l0aXF1ZXR0ZSIgLz48L2Rpdj4NCjxkaXYgY2xhc3M9ImZvcm0tZ3JvdXAgZm9ybS1idXR0b24iPjxidXR0b24gaWQ9ImhvbWVsYWJlbGxvb2t1cCIgY2xhc3M9ImJ0biBidG4tcHJpbWFyeSI+UmVjaGVyY2hlcjwvYnV0dG9uPjwvZGl2Pg0KPC9mb3JtPg==[\/vc_raw_html][\/vc_column][\/vc_row][vc_row remove_bottom_col_margin=\u00a0\u00bbtrue\u00a0\u00bb css=\u00a0\u00bb.vc_custom_1600114504301{margin-top: 20px !important;margin-bottom: 60px !important;}\u00a0\u00bb][vc_column][vc_column_text text_align=\u00a0\u00bbcenter\u00a0\u00bb]Saviez-vous que vous pouvez faire une recherche dans notre base de donn\u00e9es des \u00e9tiquettes sur l\u2019<a href=\"https:\/\/home.agrian.com\/fr-ca\/mobile-app\/\">application Agrian Mobile<\/a>?[\/vc_column_text][\/vc_column][\/vc_row][vc_row remove_bottom_col_margin=\u00a0\u00bbtrue\u00a0\u00bb css=\u00a0\u00bb.vc_custom_1595515187652{margin-bottom: 36px !important;}\u00a0\u00bb local_scroll_id=\u00a0\u00bbworkflow\u00a0\u00bb][vc_column offset=\u00a0\u00bbvc_col-md-offset-0 vc_col-sm-offset-0&Prime;][vc_column_text el_class=\u00a0\u00bbgreen-header\u00a0\u00bb text_align=\u00a0\u00bbcenter\u00a0\u00bb]\n<h2>Faites l\u2019exp\u00e9rience d\u2019un flux de travail connect\u00e9.<\/h2>\n[\/vc_column_text][vc_column_text el_class=\u00a0\u00bbgreen-header\u00a0\u00bb css=\u00a0\u00bb.vc_custom_1617243294724{margin-bottom: 10px !important;}\u00a0\u00bb text_align=\u00a0\u00bbcenter\u00a0\u00bb]\n<h2>Notre plateforme est <strong>con\u00e7ue rien que pour vous.<\/strong><\/h2>\n[\/vc_column_text][\/vc_column][\/vc_row][vc_row remove_bottom_col_margin=\u00a0\u00bbtrue\u00a0\u00bb][vc_column width=\u00a0\u00bb5\/6&Prime; offset=\u00a0\u00bbvc_col-sm-offset-1&Prime;][vc_tabs style=\u00a0\u00bbalternative-two\u00a0\u00bb interval=\u00a0\u00bb0&Prime; el_class=\u00a0\u00bbworkflow-tabs hide-first\u00a0\u00bb][vc_tab title=\u00a0\u00bbD\u00e9faut\u00a0\u00bb tab_id=\u00a0\u00bb1600446022370-3-7&Prime;]<figure class=\"vcex-image vcex-module wpex-clr textcenter hide-first\"><div class=\"vcex-image-inner wpex-inline-block wpex-relative\"><img decoding=\"async\" loading=\"lazy\" class=\"wpex-w-100 wpex-align-middle\" src=\"https:\/\/home.agrian.com\/wp-content\/uploads\/2021\/03\/None-Selected@2x-fr.jpg\" alt=\"\" width=\"1430\" height=\"810\" \/><\/div><\/figure>[\/vc_tab][vc_tab title=\u00a0\u00bbProducteur\u00a0\u00bb tab_id=\u00a0\u00bbc4884d3e-87c6-3&Prime;]<figure class=\"vcex-image vcex-module wpex-clr textcenter\"><div class=\"vcex-image-inner wpex-inline-block wpex-relative\"><img decoding=\"async\" loading=\"lazy\" class=\"wpex-w-100 wpex-align-middle\" src=\"https:\/\/home.agrian.com\/wp-content\/uploads\/2021\/03\/Grower-Selected@2x-fr.jpg\" alt=\"\" width=\"1430\" height=\"810\" \/><\/div><\/figure>[\/vc_tab][vc_tab title=\u00a0\u00bbConseiller agronomique\u00a0\u00bb tab_id=\u00a0\u00bb47aad153-e6d9-4&Prime;]<figure class=\"vcex-image vcex-module wpex-clr textcenter\"><div class=\"vcex-image-inner wpex-inline-block wpex-relative\"><img decoding=\"async\" loading=\"lazy\" class=\"wpex-w-100 wpex-align-middle\" src=\"https:\/\/home.agrian.com\/wp-content\/uploads\/2021\/03\/Ag-Advisor-Selected@2x-fr.jpg\" alt=\"\" width=\"1430\" height=\"810\" \/><\/div><\/figure>[\/vc_tab][vc_tab title=\u00a0\u00bbEntreprise alimentaire\u00a0\u00bb tab_id=\u00a0\u00bb1596724300788-2-8&Prime;]<figure class=\"vcex-image vcex-module wpex-clr textcenter\"><div class=\"vcex-image-inner wpex-inline-block wpex-relative\"><img decoding=\"async\" loading=\"lazy\" class=\"wpex-w-100 wpex-align-middle\" src=\"https:\/\/home.agrian.com\/wp-content\/uploads\/2021\/03\/Food-Company-Selected@2x-fr.jpg\" alt=\"\" width=\"1430\" height=\"810\" \/><\/div><\/figure>[\/vc_tab][\/vc_tabs][\/vc_column][\/vc_row][vc_row css=\u00a0\u00bb.vc_custom_1595018290301{margin-bottom: 6px !important;}\u00a0\u00bb][vc_column]<a href=\"https:\/\/home.agrian.com\/fr-ca\/platform\/\" class=\"vcex-button theme-button align-right inline\"><span class=\"theme-button-inner\">Voyez par vous-m\u00eame<\/span><\/a> [\/vc_column][\/vc_row][vc_row content_placement=\u00a0\u00bbmiddle\u00a0\u00bb column_spacing=\u00a0\u00bb0px\u00a0\u00bb remove_bottom_col_margin=\u00a0\u00bbtrue\u00a0\u00bb css=\u00a0\u00bb.vc_custom_1595270787822{margin-bottom: 25px !important;}\u00a0\u00bb][vc_column width=\u00a0\u00bb1\/2&Prime; css=\u00a0\u00bb.vc_custom_1595281470621{margin-right: 15px !important;margin-left: 15px !important;}\u00a0\u00bb][vc_row_inner content_placement=\u00a0\u00bbbottom\u00a0\u00bb gap=\u00a0\u00bb25&Prime;][vc_column_inner width=\u00a0\u00bb1\/2&Prime; offset=\u00a0\u00bbvc_col-xs-6&Prime;]<figure class=\"vcex-image vcex-module wpex-clr textright shadow-image slide-image slide-0 width-83\"><div class=\"vcex-image-inner wpex-inline-block wpex-relative vc_custom_1600794880826\"><img decoding=\"async\" loading=\"lazy\" class=\"wpex-w-100 wpex-align-middle\" src=\"https:\/\/home.agrian.com\/wp-content\/uploads\/2020\/08\/B-Scouting-w-Imagery-Image@2x-1.jpg\" alt=\"\" width=\"416\" height=\"446\" \/><\/div><\/figure><figure class=\"vcex-image vcex-module wpex-clr textright shadow-image slide-image slide-2\"><div class=\"vcex-image-inner wpex-inline-block wpex-relative\"><img decoding=\"async\" loading=\"lazy\" class=\"wpex-w-100 wpex-align-middle\" src=\"https:\/\/home.agrian.com\/wp-content\/uploads\/2020\/08\/A-Crop-Records-Image@2x-1.jpg\" alt=\"\" width=\"498\" height=\"364\" \/><\/div><\/figure>[\/vc_column_inner][vc_column_inner width=\u00a0\u00bb1\/2&Prime; offset=\u00a0\u00bbvc_col-xs-6&Prime;]<figure class=\"vcex-image vcex-module wpex-clr shadow-image slide-image slide-1\"><div class=\"vcex-image-inner wpex-inline-block wpex-relative vc_custom_1596728891588\"><img decoding=\"async\" loading=\"lazy\" class=\"wpex-w-100 wpex-align-middle\" src=\"https:\/\/home.agrian.com\/wp-content\/uploads\/2020\/08\/C-Label-Center-Image@2x-1.jpg\" alt=\"\" width=\"450\" height=\"620\" \/><\/div><\/figure>[\/vc_column_inner][\/vc_row_inner][\/vc_column][vc_column width=\u00a0\u00bb5\/12&Prime; offset=\u00a0\u00bbvc_col-sm-offset-1&Prime; el_class=\u00a0\u00bbslideshow-column\u00a0\u00bb][vc_row_inner][vc_column_inner][vc_column_text css=\u00a0\u00bb.vc_custom_1617243378213{margin-bottom: 15px !important;}\u00a0\u00bb]\n<h2>Le flux de travail <strong>qui fonctionne pour vous.<\/strong><\/h2>\n[\/vc_column_text][vc_column_text css=\u00a0\u00bb.vc_custom_1596724205118{margin-bottom: 15px !important;}\u00a0\u00bb]Gr\u00e2ce \u00e0 Agrian, vous obtenez la comp\u00e9tence d\u2019un flux de travail capable d\u2019\u0153uvrer sur toutes les cultures et tous les march\u00e9s, avec une flexibilit\u00e9 pour un usage dont vous avez besoin, au moment o\u00f9 vous en avez besoin.[\/vc_column_text]<a href=\"https:\/\/home.agrian.com\/fr-ca\/platform\/\" class=\"vcex-button theme-button inline\"><span class=\"theme-button-inner\">Voyez par vous-m\u00eame<\/span><\/a> [\/vc_column_inner][\/vc_row_inner][vc_row_inner][vc_column_inner][vc_column_text css=\u00a0\u00bb.vc_custom_1617243486273{margin-bottom: 15px !important;}\u00a0\u00bb]\n<h2>Quelles \u00e9tapes pourriez-vous \u00e9liminer afin <strong>d\u2019\u00e9conomiser votre temps?<\/strong><\/h2>\n[\/vc_column_text][vc_column_text css=\u00a0\u00bb.vc_custom_1596724220801{margin-bottom: 15px !important;}\u00a0\u00bb]L\u2019application mobile\u00a0Agrian vous offre des capacit\u00e9s efficaces m\u00eame lorsque vous \u00eates sur le terrain et en d\u00e9placement\u00a0: simplifiez votre flux de travail pour maximiser vos journ\u00e9es.[\/vc_column_text]<a href=\"https:\/\/home.agrian.com\/fr-ca\/mobile-app\/\" class=\"vcex-button theme-button inline\"><span class=\"theme-button-inner\">Application mobile\u00a0Agrian<\/span><\/a> [\/vc_column_inner][\/vc_row_inner][vc_row_inner][vc_column_inner][vc_column_text css=\u00a0\u00bb.vc_custom_1617243588477{margin-bottom: 15px !important;}\u00a0\u00bb]\n<h2>Nous assurons <strong>vos arri\u00e8res.<\/strong><\/h2>\n[\/vc_column_text][vc_column_text css=\u00a0\u00bb.vc_custom_1596724233009{margin-bottom: 15px !important;}\u00a0\u00bb]La base de donn\u00e9es des \u00e9tiquettes v\u00e9rifi\u00e9es par le fabricant et indemnis\u00e9es la plus fournie de la plan\u00e8te\u00a0: soyez certain si vous la parcourez sur Agrian, vous serez couvert.[\/vc_column_text]<a href=\"https:\/\/home.agrian.com\/fr-ca\/label-lookup\/\" class=\"vcex-button theme-button inline\"><span class=\"theme-button-inner\">En savoir plus<\/span><\/a> [\/vc_column_inner][\/vc_row_inner][\/vc_column][\/vc_row][vc_row full_width=\u00a0\u00bbstretch_row\u00a0\u00bb content_placement=\u00a0\u00bbmiddle\u00a0\u00bb css=\u00a0\u00bb.vc_custom_1594055039720{padding-top: 60px !important;padding-bottom: 20px !important;background-color: #e8ecf4 !important;}\u00a0\u00bb][vc_column width=\u00a0\u00bb7\/12&Prime;]<div class=\"vcex-spacing wpex-w-100 wpex-clear hidden-phone\" style=\"height:30px\"><\/div>[vc_row_inner remove_bottom_col_margin=\u00a0\u00bbtrue\u00a0\u00bb columns_right=\u00a0\u00bbyes\u00a0\u00bb][vc_column_inner width=\u00a0\u00bb3\/4&Prime;][vc_column_text el_class=\u00a0\u00bbblue-header text-sm-center\u00a0\u00bb]\n<h3>Vous souhaiteriez discuter de la mani\u00e8re dont Agrian pourrait convenir \u00e0 vos besoins?<\/h3>\n[\/vc_column_text][\/vc_column_inner][\/vc_row_inner]<div class=\"vcex-spacing wpex-w-100 wpex-clear hidden-phone\" style=\"height:30px\"><\/div>[\/vc_column][vc_column width=\u00a0\u00bb1\/3&Prime; offset=\u00a0\u00bbvc_col-sm-offset-1&Prime; el_class=\u00a0\u00bbtext-sm-center\u00a0\u00bb]<a href=\"\/fr-ca\/contact\/\" class=\"vcex-button theme-button inline\"><span class=\"theme-button-inner\">Demander une d\u00e9monstration<\/span><\/a> [\/vc_column][\/vc_row]\n","protected":false},"excerpt":{"rendered":"<p>[vc_row content_placement=\u00a0\u00bbmiddle\u00a0\u00bb column_spacing=\u00a0\u00bb0px\u00a0\u00bb css=\u00a0\u00bb.vc_custom_1600965893059{margin-bottom: 10px !important;}\u00a0\u00bb][vc_column width=\u00a0\u00bb1\/2&Prime; offset=\u00a0\u00bbvc_col-lg-offset-0 vc_col-md-offset-0 vc_col-sm-offset-0&Prime;][vc_raw_html el_class=\u00a0\u00bbhomepage-video\u00a0\u00bb]PHZpZGVvIGF1dG9wbGF5IGxvb3AgbXV0ZWQgcHJlbG9hZD0ibWV0YWRhdGEiIHBsYXlzaW5saW5lPgo8c291cmNlIHNyYz0iL3dwLWNvbnRlbnQvdXBsb2Fkcy8yMDIxLzAxL2Fncmlhbi1ob21lLWZyZW5jaC5tcDQiIHR5cGU9InZpZGVvL21wNCI+CjwvdmlkZW8+[\/vc_raw_html][\/vc_column][vc_column width=\u00a0\u00bb1\/2&Prime;][vc_column_text el_class=\u00a0\u00bbgreen-header bigger1&Prime; css=\u00a0\u00bb.vc_custom_1617242821932{margin-bottom: 10px !important;}\u00a0\u00bb] Logiciel agronomique qui vous aide \u00e0 la croissance de votre entreprise de mani\u00e8re s\u00e9curis\u00e9e et rentable. [\/vc_column_text][vc_column_text css=\u00a0\u00bb.vc_custom_1595011812813{margin-bottom: 20px !important;}\u00a0\u00bb]Agrian est le partenaire&hellip;<\/p>\n","protected":false},"author":7,"featured_media":0,"parent":0,"menu_order":0,"comment_status":"closed","ping_status":"closed","template":"","meta":{"footnotes":""},"yoast_head":"<!-- This site is optimized with the Yoast SEO plugin v15.6.2 - https:\/\/yoast.com\/wordpress\/plugins\/seo\/ -->\n<title>Page d\u2019accueil - TELUS Agronomy<\/title>\n<meta name=\"robots\" content=\"index, follow, max-snippet:-1, max-image-preview:large, max-video-preview:-1\" \/>\n<link rel=\"canonical\" href=\"https:\/\/home.agrian.com\/fr-ca\/\" \/>\n<meta property=\"og:locale\" content=\"fr_CA\" \/>\n<meta property=\"og:type\" content=\"article\" \/>\n<meta property=\"og:title\" content=\"Page d\u2019accueil - TELUS Agronomy\" \/>\n<meta property=\"og:description\" content=\"[vc_row content_placement=\u00a0\u00bbmiddle\u00a0\u00bb column_spacing=\u00a0\u00bb0px\u00a0\u00bb css=\u00a0\u00bb.vc_custom_1600965893059{margin-bottom: 10px !important;}\u00a0\u00bb][vc_column width=\u00a0\u00bb1\/2&Prime; offset=\u00a0\u00bbvc_col-lg-offset-0 vc_col-md-offset-0 vc_col-sm-offset-0&Prime;][vc_raw_html el_class=\u00a0\u00bbhomepage-video\u00a0\u00bb]PHZpZGVvIGF1dG9wbGF5IGxvb3AgbXV0ZWQgcHJlbG9hZD0ibWV0YWRhdGEiIHBsYXlzaW5saW5lPgo8c291cmNlIHNyYz0iL3dwLWNvbnRlbnQvdXBsb2Fkcy8yMDIxLzAxL2Fncmlhbi1ob21lLWZyZW5jaC5tcDQiIHR5cGU9InZpZGVvL21wNCI+CjwvdmlkZW8+[\/vc_raw_html][\/vc_column][vc_column width=\u00a0\u00bb1\/2&Prime;][vc_column_text el_class=\u00a0\u00bbgreen-header bigger1&Prime; css=\u00a0\u00bb.vc_custom_1617242821932{margin-bottom: 10px !important;}\u00a0\u00bb] Logiciel agronomique qui vous aide \u00e0 la croissance de votre entreprise de mani\u00e8re s\u00e9curis\u00e9e et rentable. [\/vc_column_text][vc_column_text css=\u00a0\u00bb.vc_custom_1595011812813{margin-bottom: 20px !important;}\u00a0\u00bb]Agrian est le partenaire&hellip;\" \/>\n<meta property=\"og:url\" content=\"https:\/\/home.agrian.com\/fr-ca\/\" \/>\n<meta property=\"og:site_name\" content=\"TELUS Agronomy\" \/>\n<meta property=\"article:modified_time\" content=\"2021-04-01T02:20:47+00:00\" \/>\n<meta name=\"twitter:card\" content=\"summary\" \/>\n<meta name=\"twitter:label1\" content=\"Est. reading time\">\n\t<meta name=\"twitter:data1\" content=\"2 minutes\">\n<script type=\"application\/ld+json\" class=\"yoast-schema-graph\">{\"@context\":\"https:\/\/schema.org\",\"@graph\":[{\"@type\":\"WebSite\",\"@id\":\"http:\/\/home.agrian.com\/#website\",\"url\":\"http:\/\/home.agrian.com\/\",\"name\":\"TELUS Agronomy\",\"description\":\"\",\"potentialAction\":[{\"@type\":\"SearchAction\",\"target\":\"http:\/\/home.agrian.com\/?s={search_term_string}\",\"query-input\":\"required name=search_term_string\"}],\"inLanguage\":\"fr-CA\"},{\"@type\":\"WebPage\",\"@id\":\"https:\/\/home.agrian.com\/fr-ca\/#webpage\",\"url\":\"https:\/\/home.agrian.com\/fr-ca\/\",\"name\":\"Page d\\u2019accueil - TELUS Agronomy\",\"isPartOf\":{\"@id\":\"http:\/\/home.agrian.com\/#website\"},\"datePublished\":\"2021-02-19T18:57:32+00:00\",\"dateModified\":\"2021-04-01T02:20:47+00:00\",\"breadcrumb\":{\"@id\":\"https:\/\/home.agrian.com\/fr-ca\/#breadcrumb\"},\"inLanguage\":\"fr-CA\",\"potentialAction\":[{\"@type\":\"ReadAction\",\"target\":[\"https:\/\/home.agrian.com\/fr-ca\/\"]}]},{\"@type\":\"BreadcrumbList\",\"@id\":\"https:\/\/home.agrian.com\/fr-ca\/#breadcrumb\",\"itemListElement\":[{\"@type\":\"ListItem\",\"position\":1,\"item\":{\"@type\":\"WebPage\",\"@id\":\"https:\/\/home.agrian.com\/fr-ca\/\",\"url\":\"https:\/\/home.agrian.com\/fr-ca\/\",\"name\":\"Page d\\u2019accueil\"}}]}]}<\/script>\n<!-- \/ Yoast SEO plugin. -->","_links":{"self":[{"href":"https:\/\/home.agrian.com\/fr-ca\/wp-json\/wp\/v2\/pages\/4624"}],"collection":[{"href":"https:\/\/home.agrian.com\/fr-ca\/wp-json\/wp\/v2\/pages"}],"about":[{"href":"https:\/\/home.agrian.com\/fr-ca\/wp-json\/wp\/v2\/types\/page"}],"author":[{"embeddable":true,"href":"https:\/\/home.agrian.com\/fr-ca\/wp-json\/wp\/v2\/users\/7"}],"replies":[{"embeddable":true,"href":"https:\/\/home.agrian.com\/fr-ca\/wp-json\/wp\/v2\/comments?post=4624"}],"version-history":[{"count":19,"href":"https:\/\/home.agrian.com\/fr-ca\/wp-json\/wp\/v2\/pages\/4624\/revisions"}],"predecessor-version":[{"id":6105,"href":"https:\/\/home.agrian.com\/fr-ca\/wp-json\/wp\/v2\/pages\/4624\/revisions\/6105"}],"wp:attachment":[{"href":"https:\/\/home.agrian.com\/fr-ca\/wp-json\/wp\/v2\/media?parent=4624"}],"curies":[{"name":"wp","href":"https:\/\/api.w.org\/{rel}","templated":true}]}}