{"id":3146,"date":"2021-02-17T12:05:34","date_gmt":"2021-02-17T18:05:34","guid":{"rendered":"https:\/\/home.agrian.com\/company\/careers\/"},"modified":"2021-03-23T17:15:25","modified_gmt":"2021-03-23T22:15:25","slug":"careers","status":"publish","type":"page","link":"https:\/\/home.agrian.com\/es\/company\/careers\/","title":{"rendered":"Empleo"},"content":{"rendered":"[vc_row remove_bottom_col_margin=\u00bbtrue\u00bb][vc_column]<figure class=\"vcex-image vcex-module wpex-clr negative-margin\"><div class=\"vcex-image-inner wpex-inline-block wpex-relative vc_custom_1598285291912\"><img decoding=\"async\" loading=\"lazy\" class=\"wpex-w-100 wpex-align-middle\" src=\"https:\/\/home.agrian.com\/wp-content\/uploads\/2020\/08\/Big-Blue-Bar@2x.jpg\" alt=\"\" width=\"1962\" height=\"448\" \/><\/div><\/figure><div class=\"vcex-spacing wpex-w-100 wpex-clear visible-phone\" style=\"height:60px\"><\/div>[\/vc_column][\/vc_row][vc_row content_placement=\u00bbmiddle\u00bb remove_bottom_col_margin=\u00bbtrue\u00bb][vc_column width=\u00bb5\/12&#8243;][vc_column_text css=\u00bb.vc_custom_1598283642071{margin-bottom: 20px !important;}\u00bb]\n<h2>Una cultura <strong>de crecimiento<\/strong><\/h2>\n[\/vc_column_text][vc_column_text]Agrian ha pasado de ser una peque\u00f1a empresa emergente que funcionaba en un aparcamiento subterr\u00e1neo de Fresno, California, a convertirse en uno de los programas inform\u00e1ticos de agricultura m\u00e1s grandes y con mayor adopci\u00f3n de Estados Unidos, con clientes que abarcan desde Estados Unidos y Canad\u00e1 hasta Sudam\u00e9rica y Australia.[\/vc_column_text]<div class=\"vcex-spacing wpex-w-100 wpex-clear visible-phone\" style=\"height:40px\"><\/div>[\/vc_column][vc_column width=\u00bb7\/12&#8243;][vc_row_inner remove_bottom_col_margin=\u00bbtrue\u00bb css=\u00bb.vc_custom_1600877282454{margin-right: 0px !important;margin-left: 0px !important;}\u00bb][vc_column_inner width=\u00bb11\/12&#8243; css=\u00bb.vc_custom_1598284848588{border-top-width: 6px !important;border-right-width: 6px !important;border-bottom-width: 6px !important;border-left-width: 6px !important;padding-top: 35px !important;padding-right: 40px !important;padding-bottom: 35px !important;padding-left: 40px !important;border-left-color: #65869c !important;border-left-style: solid !important;border-right-color: #65869c !important;border-right-style: solid !important;border-top-color: #65869c !important;border-top-style: solid !important;border-bottom-color: #65869c !important;border-bottom-style: solid !important;}\u00bb]<div class=\"vcex-spacing wpex-w-100 wpex-clear hidden-phone\" style=\"height:40px\"><\/div>[vc_column_text color=\u00bb#65869c\u00bb css=\u00bb.vc_custom_1598283625884{margin-bottom: 10px !important;}\u00bb]\n<h3>Empleo en Agrian<\/h3>\n[\/vc_column_text][vc_column_text css=\u00bb.vc_custom_1598283608646{margin-bottom: 15px !important;}\u00bb]\u00bfNo ve un anuncio o lo que est\u00e1 buscando exactamente? Aun as\u00ed, nos encantar\u00eda saber de usted.<\/p>\n<p>Siempre estamos buscando personas inteligentes y apasionadas que est\u00e9n interesadas en revolucionar la forma en que la tecnolog\u00eda digital puede ayudar a transformar la agricultura. \u00bfEs usted un ingeniero o programador con experiencia en agronom\u00eda y agricultura de producci\u00f3n? \u00a1Nos gustar\u00eda especialmente saber m\u00e1s de usted![\/vc_column_text]<a href=\"\/es\/contact\/?ref=careers\" class=\"vcex-button theme-button inline\"><span class=\"theme-button-inner\">Empleo<\/span><\/a> [\/vc_column_inner][\/vc_row_inner][\/vc_column][\/vc_row][vc_row remove_bottom_col_margin=\u00bbtrue\u00bb visibility=\u00bbvisible-phone\u00bb][vc_column]<div class=\"vcex-spacing wpex-w-100 wpex-clear\" style=\"height:50px\"><\/div>[\/vc_column][\/vc_row][vc_row][vc_column width=\u00bb5\/12&#8243; css=\u00bb.vc_custom_1600877618333{margin-bottom: 20px !important;}\u00bb][vc_row_inner remove_bottom_col_margin=\u00bbtrue\u00bb][vc_column_inner width=\u00bb11\/12&#8243;]<figure class=\"vcex-image vcex-module wpex-clr negative-margin\"><div class=\"vcex-image-inner wpex-inline-block wpex-relative vc_custom_1598285447877\"><img decoding=\"async\" loading=\"lazy\" class=\"wpex-w-100 wpex-align-middle\" src=\"https:\/\/home.agrian.com\/wp-content\/uploads\/2020\/08\/Image@2x.jpg\" alt=\"\" width=\"738\" height=\"508\" \/><\/div><\/figure>[\/vc_column_inner][\/vc_row_inner][\/vc_column][vc_column width=\u00bb5\/12&#8243; offset=\u00bbvc_col-sm-offset-1&#8243;]<div class=\"vcex-spacing wpex-w-100 wpex-clear hidden-phone\" style=\"height:45px\"><\/div>[vc_column_text css=\u00bb.vc_custom_1598285497521{margin-bottom: 20px !important;}\u00bb]\n<h2><strong>Puestos de trabajo<\/strong><\/h2>\n[\/vc_column_text][vc_raw_js]JTNDc2NyaXB0JTIwaWQlM0QlMjJnbmV3dG9uanMlMjIlMjB0eXBlJTNEJTIydGV4dCUyRmphdmFzY3JpcHQlMjIlMjBzcmMlM0QlMjIlMkYlMkZzZXJ2aWNlcy5uZXd0b25zb2Z0d2FyZS5jb20lMkZjYXJlZXIlMkZpZnJhbWUuYWN0aW9uJTNGY2xpZW50SWQlM0Q4YTc4ODNjNjYxYzA5MTk4MDE2MWQ5NzM5OWExNDM2ZiUyMiUzRSUzQyUyRnNjcmlwdCUzRQ==[\/vc_raw_js][\/vc_column][\/vc_row][vc_row full_width=\u00bbstretch_row\u00bb css=\u00bb.vc_custom_1598287288153{margin-bottom: 55px !important;padding-top: 50px !important;background-color: #f7f7f7 !important;}\u00bb][vc_column css=\u00bb.vc_custom_1598286657957{margin-bottom: 30px !important;}\u00bb][vc_column_text css=\u00bb.vc_custom_1614040963664{margin-bottom: 20px !important;}\u00bb]\n<h3>\u00bfC\u00f3mo es nuestra organizaci\u00f3n?<\/h3>\n[\/vc_column_text][vc_row_inner content_placement=\u00bbtop\u00bb][vc_column_inner width=\u00bb1\/6&#8243;]<div class=\"vcex-module vcex-milestone wpex-text-center career-milestone vc_custom_1598286892831 wpex-clr\"><div class=\"vcex-milestone-inner wpex-inline-block\"><div class=\"vcex-milestone-desc\"><div class=\"vcex-milestone-number wpex-leading-none wpex-font-semibold wpex-text-gray-400\"><span class=\"vcex-milestone-time vcex-countup\" data-options=\"{&quot;startVal&quot;:0,&quot;endVal&quot;:130,&quot;duration&quot;:2.5,&quot;decimals&quot;:0,&quot;separator&quot;:&quot;,&quot;,&quot;decimal&quot;:&quot;.&quot;}\">0<\/span><span class=\"vcex-milestone-after\">+<\/span><\/div><div class=\"vcex-milestone-caption wpex-mt-5 wpex-font-light wpex-text-lg wpex-text-gray-500\">Empleados a tiempo completo<\/div><\/div><\/div><\/div>[\/vc_column_inner][vc_column_inner width=\u00bb1\/6&#8243;]<figure class=\"vcex-image vcex-module wpex-clr textcenter hidden-phone\"><div class=\"vcex-image-inner wpex-inline-block wpex-relative vc_custom_1599157296611\" style=\"max-width:91px;\"><img decoding=\"async\" loading=\"lazy\" class=\"wpex-w-100 wpex-align-middle\" src=\"https:\/\/home.agrian.com\/wp-content\/uploads\/2020\/08\/Group-227@2x.png\" alt=\"\" width=\"182\" height=\"46\" \/><\/div><\/figure><figure class=\"vcex-image vcex-module wpex-clr textcenter visible-phone\"><div class=\"vcex-image-inner wpex-inline-block wpex-relative\" style=\"max-width:23px;\"><img decoding=\"async\" loading=\"lazy\" class=\"wpex-w-100 wpex-align-middle\" src=\"https:\/\/home.agrian.com\/wp-content\/uploads\/2020\/09\/arrow@2x.png\" alt=\"\" width=\"46\" height=\"182\" \/><\/div><\/figure>[\/vc_column_inner][vc_column_inner width=\u00bb1\/6&#8243;][vc_pie value=\u00bb30&#8243; color=\u00bbcustom\u00bb custom_color=\u00bb#1d428a\u00bb title=\u00bbPersonal de reglamentaci\u00f3n\u00bb el_class=\u00bbpercentage\u00bb][\/vc_column_inner][vc_column_inner width=\u00bb1\/6&#8243;][vc_pie value=\u00bb40&#8243; color=\u00bbcustom\u00bb custom_color=\u00bb#65869c\u00bb title=\u00bbdesarrollo de software\u00bb el_class=\u00bbpercentage\u00bb][\/vc_column_inner][vc_column_inner width=\u00bb1\/6&#8243;][vc_pie value=\u00bb20&#8243; color=\u00bbcustom\u00bb custom_color=\u00bb#00712e\u00bb title=\u00bbAtenci\u00f3n al cliente\u00bb el_class=\u00bbpercentage\u00bb][\/vc_column_inner][vc_column_inner width=\u00bb1\/6&#8243;][vc_pie value=\u00bb10&#8243; color=\u00bbcustom\u00bb custom_color=\u00bb#214b2a\u00bb title=\u00bbVentas y administraci\u00f3n\u00bb el_class=\u00bbpercentage\u00bb][\/vc_column_inner][\/vc_row_inner][\/vc_column][\/vc_row][vc_row css=\u00bb.vc_custom_1599149538052{margin-bottom: 35px !important;}\u00bb el_class=\u00bbteam-quotes\u00bb][vc_column width=\u00bb5\/12&#8243;]<figure class=\"vcex-image vcex-module wpex-clr negative-margin slide-image slide-0 active\"><div class=\"vcex-image-inner wpex-inline-block wpex-relative vc_custom_1600109824018\"><img decoding=\"async\" loading=\"lazy\" class=\"wpex-w-100 wpex-align-middle\" src=\"https:\/\/home.agrian.com\/wp-content\/uploads\/2020\/09\/Nathan_Quote_Image@2x.jpg\" alt=\"\" width=\"966\" height=\"738\" \/><\/div><\/figure><figure class=\"vcex-image vcex-module wpex-clr negative-margin slide-image slide-1\"><div class=\"vcex-image-inner wpex-inline-block wpex-relative vc_custom_1599149562576\"><img decoding=\"async\" loading=\"lazy\" class=\"wpex-w-100 wpex-align-middle\" src=\"https:\/\/home.agrian.com\/wp-content\/uploads\/2020\/08\/Group-226@2x.png\" alt=\"\" width=\"966\" height=\"738\" \/><\/div><\/figure><figure class=\"vcex-image vcex-module wpex-clr negative-margin slide-image slide-2\"><div class=\"vcex-image-inner wpex-inline-block wpex-relative vc_custom_1599149569804\"><img decoding=\"async\" loading=\"lazy\" class=\"wpex-w-100 wpex-align-middle\" src=\"https:\/\/home.agrian.com\/wp-content\/uploads\/2020\/09\/nishan@2x.png\" alt=\"\" width=\"966\" height=\"738\" \/><\/div><\/figure>[\/vc_column][vc_column width=\u00bb7\/12&#8243; css=\u00bb.vc_custom_1600805305681{border-top-width: 4px !important;border-right-width: 4px !important;border-bottom-width: 4px !important;border-left-width: 4px !important;border-left-color: #daaa00 !important;border-left-style: solid !important;border-right-color: #daaa00 !important;border-right-style: solid !important;border-top-color: #daaa00 !important;border-top-style: solid !important;border-bottom-color: #daaa00 !important;border-bottom-style: solid !important;}\u00bb el_class=\u00bbquote-column\u00bb][vc_row_inner css=\u00bb.vc_custom_1600804965876{padding-top: 35px !important;padding-right: 35px !important;padding-bottom: 35px !important;padding-left: 35px !important;}\u00bb el_class=\u00bbteam-quote-slider\u00bb][vc_column_inner width=\u00bb11\/12&#8243; offset=\u00bbvc_col-sm-offset-1&#8243;][vc_column_text]\n<p style=\"text-align: left;\">You know you&#8217;re working somewhere special when it doesn&#8217;t feel like work. There is always something exciting to work on whether it be trying a new technology or overcoming a complex deliverable.<\/p>\n<p class=\"small-gray\" style=\"text-align: right;\"><strong>&#8211; Nathan Lange<\/strong><br \/>\nTest Engineering Manager<\/p>\n[\/vc_column_text][vc_column_text]There are so many types of smart here \u2013 from the minds of our developers who actually bring Agrian to life, to the drive of our customer success team who won\u2019t stop until things are right. It\u2019s inspiring.<\/p>\n<p class=\"small-gray\" style=\"text-align: right;\"><strong>&#8211; Daisy Cervantes<\/strong><br \/>\nDirector of Support Services<\/p>\n[\/vc_column_text][vc_column_text]Agrian has always been a customer focused organization. We get our priorities from the boots on the ground who actually do the job \u2013 and the solutions they say they need to do it well. That\u2019s what\u2019s propelling Agrian forward \u2013 today and tomorrow.<\/p>\n<p class=\"small-gray\" style=\"text-align: right;\"><strong>&#8211; Nishan Majarian<\/strong><br \/>\nCEO<\/p>\n[\/vc_column_text][\/vc_column_inner][\/vc_row_inner][\/vc_column][\/vc_row][vc_row css=\u00bb.vc_custom_1598291569947{margin-bottom: 40px !important;}\u00bb el_class=\u00bbcontent-inline textcenter\u00bb][vc_column][vc_column_text]\n<h3><span class=\"blue-text\">\u00bfYa se ha conectado con nosotros en LinkedIn?<\/span><\/h3>\n[\/vc_column_text]<div class=\"vcex-spacing wpex-w-100 wpex-clear visible-phone\" style=\"height:10px\"><\/div><div class=\"vcex-module wpex-social-btns vcex-social-btns large-social wpex-last-mr-0\" style=\"font-size:12px;\"><a  href=\"https:\/\/www.linkedin.com\/company\/agrian\/\" class=\"wpex-social-btn wpex-social-btn-flat wpex-social-color-hover wpex-round wpex-mb-5 wpex-mr-5 vc_custom_1598291494070 wpex-linkedin\" target=\"_blank\" data-wpex-hover=\"{&quot;background&quot;:&quot;#1d428a&quot;,&quot;color&quot;:&quot;#ffffff&quot;}\" rel=\"noopener noreferrer\"><span class=\"ticon ticon-linkedin\" aria-hidden=\"true\"><\/span><span class=\"screen-reader-text\">Linkedin<\/span><\/a><\/div>[\/vc_column][\/vc_row]\n","protected":false},"excerpt":{"rendered":"<p>[vc_row remove_bottom_col_margin=\u00bbtrue\u00bb][vc_column][\/vc_column][\/vc_row][vc_row content_placement=\u00bbmiddle\u00bb remove_bottom_col_margin=\u00bbtrue\u00bb][vc_column width=\u00bb5\/12&#8243;][vc_column_text css=\u00bb.vc_custom_1598283642071{margin-bottom: 20px !important;}\u00bb] Una cultura de crecimiento [\/vc_column_text][vc_column_text]Agrian ha pasado de ser una peque\u00f1a empresa emergente que funcionaba en un aparcamiento subterr\u00e1neo de Fresno, California, a convertirse en uno de los programas inform\u00e1ticos de agricultura&hellip;<\/p>\n","protected":false},"author":7,"featured_media":0,"parent":3145,"menu_order":0,"comment_status":"closed","ping_status":"closed","template":"","meta":{"footnotes":""},"yoast_head":"<!-- This site is optimized with the Yoast SEO plugin v15.6.2 - https:\/\/yoast.com\/wordpress\/plugins\/seo\/ -->\n<title>Empleo - TELUS Agronomy<\/title>\n<meta name=\"robots\" content=\"index, follow, max-snippet:-1, max-image-preview:large, max-video-preview:-1\" \/>\n<link rel=\"canonical\" href=\"https:\/\/home.agrian.com\/es\/company\/careers\/\" \/>\n<meta property=\"og:locale\" content=\"es_ES\" \/>\n<meta property=\"og:type\" content=\"article\" \/>\n<meta property=\"og:title\" content=\"Empleo - TELUS Agronomy\" \/>\n<meta property=\"og:description\" content=\"[vc_row remove_bottom_col_margin=\u00bbtrue\u00bb][vc_column][\/vc_column][\/vc_row][vc_row content_placement=\u00bbmiddle\u00bb remove_bottom_col_margin=\u00bbtrue\u00bb][vc_column width=\u00bb5\/12&#8243;][vc_column_text css=\u00bb.vc_custom_1598283642071{margin-bottom: 20px !important;}\u00bb] Una cultura de crecimiento [\/vc_column_text][vc_column_text]Agrian ha pasado de ser una peque\u00f1a empresa emergente que funcionaba en un aparcamiento subterr\u00e1neo de Fresno, California, a convertirse en uno de los programas inform\u00e1ticos de agricultura&hellip;\" \/>\n<meta property=\"og:url\" content=\"https:\/\/home.agrian.com\/es\/company\/careers\/\" \/>\n<meta property=\"og:site_name\" content=\"TELUS Agronomy\" \/>\n<meta property=\"article:modified_time\" content=\"2021-03-23T22:15:25+00:00\" \/>\n<meta name=\"twitter:card\" content=\"summary\" \/>\n<meta name=\"twitter:label1\" content=\"Tiempo de lectura\">\n\t<meta name=\"twitter:data1\" content=\"3 minutos\">\n<script type=\"application\/ld+json\" class=\"yoast-schema-graph\">{\"@context\":\"https:\/\/schema.org\",\"@graph\":[{\"@type\":\"WebSite\",\"@id\":\"http:\/\/home.agrian.com\/#website\",\"url\":\"http:\/\/home.agrian.com\/\",\"name\":\"TELUS Agronomy\",\"description\":\"\",\"potentialAction\":[{\"@type\":\"SearchAction\",\"target\":\"http:\/\/home.agrian.com\/?s={search_term_string}\",\"query-input\":\"required name=search_term_string\"}],\"inLanguage\":\"es\"},{\"@type\":\"WebPage\",\"@id\":\"https:\/\/home.agrian.com\/es\/company\/careers\/#webpage\",\"url\":\"https:\/\/home.agrian.com\/es\/company\/careers\/\",\"name\":\"Empleo - TELUS Agronomy\",\"isPartOf\":{\"@id\":\"http:\/\/home.agrian.com\/#website\"},\"datePublished\":\"2021-02-17T18:05:34+00:00\",\"dateModified\":\"2021-03-23T22:15:25+00:00\",\"breadcrumb\":{\"@id\":\"https:\/\/home.agrian.com\/es\/company\/careers\/#breadcrumb\"},\"inLanguage\":\"es\",\"potentialAction\":[{\"@type\":\"ReadAction\",\"target\":[\"https:\/\/home.agrian.com\/es\/company\/careers\/\"]}]},{\"@type\":\"BreadcrumbList\",\"@id\":\"https:\/\/home.agrian.com\/es\/company\/careers\/#breadcrumb\",\"itemListElement\":[{\"@type\":\"ListItem\",\"position\":1,\"item\":{\"@type\":\"WebPage\",\"@id\":\"https:\/\/home.agrian.com\/es\/company\/\",\"url\":\"https:\/\/home.agrian.com\/es\/company\/\",\"name\":\"Compa\\u00f1\\u00eda\"}},{\"@type\":\"ListItem\",\"position\":2,\"item\":{\"@type\":\"WebPage\",\"@id\":\"https:\/\/home.agrian.com\/es\/company\/careers\/\",\"url\":\"https:\/\/home.agrian.com\/es\/company\/careers\/\",\"name\":\"Empleo\"}}]}]}<\/script>\n<!-- \/ Yoast SEO plugin. -->","_links":{"self":[{"href":"https:\/\/home.agrian.com\/es\/wp-json\/wp\/v2\/pages\/3146"}],"collection":[{"href":"https:\/\/home.agrian.com\/es\/wp-json\/wp\/v2\/pages"}],"about":[{"href":"https:\/\/home.agrian.com\/es\/wp-json\/wp\/v2\/types\/page"}],"author":[{"embeddable":true,"href":"https:\/\/home.agrian.com\/es\/wp-json\/wp\/v2\/users\/7"}],"replies":[{"embeddable":true,"href":"https:\/\/home.agrian.com\/es\/wp-json\/wp\/v2\/comments?post=3146"}],"version-history":[{"count":5,"href":"https:\/\/home.agrian.com\/es\/wp-json\/wp\/v2\/pages\/3146\/revisions"}],"predecessor-version":[{"id":6099,"href":"https:\/\/home.agrian.com\/es\/wp-json\/wp\/v2\/pages\/3146\/revisions\/6099"}],"up":[{"embeddable":true,"href":"https:\/\/home.agrian.com\/es\/wp-json\/wp\/v2\/pages\/3145"}],"wp:attachment":[{"href":"https:\/\/home.agrian.com\/es\/wp-json\/wp\/v2\/media?parent=3146"}],"curies":[{"name":"wp","href":"https:\/\/api.w.org\/{rel}","templated":true}]}}