{"id":3092,"date":"2021-02-17T12:04:50","date_gmt":"2021-02-17T18:04:50","guid":{"rendered":"https:\/\/home.agrian.com\/mobile-app\/"},"modified":"2021-03-23T17:14:55","modified_gmt":"2021-03-23T22:14:55","slug":"mobile-app","status":"publish","type":"page","link":"https:\/\/home.agrian.com\/es\/mobile-app\/","title":{"rendered":"Aplicaci\u00f3n m\u00f3vil"},"content":{"rendered":"[vc_row visibility=\u00bbhidden-phone\u00bb][vc_column][\/vc_column][\/vc_row][vc_row css=\u00bb.vc_custom_1600268844872{margin-top: 40px !important;margin-bottom: 30px !important;}\u00bb][vc_column width=\u00bb1\/3&#8243;]<figure class=\"vcex-image vcex-module wpex-clr textright hidden-phone text-sm-center\"><div class=\"vcex-image-inner wpex-inline-block wpex-relative\" style=\"max-width:200px;\"><img decoding=\"async\" loading=\"lazy\" class=\"wpex-w-100 wpex-align-middle\" src=\"https:\/\/home.agrian.com\/wp-content\/uploads\/2020\/08\/Group-225@2x-2.png\" alt=\"\" width=\"401\" height=\"787\" \/><\/div><\/figure><figure class=\"vcex-image vcex-module wpex-clr textright visible-phone text-sm-center\"><div class=\"vcex-image-inner wpex-inline-block wpex-relative\" style=\"max-width:125px;\"><img decoding=\"async\" loading=\"lazy\" class=\"wpex-w-100 wpex-align-middle\" src=\"https:\/\/home.agrian.com\/wp-content\/uploads\/2020\/08\/Group-225@2x-2.png\" alt=\"\" width=\"401\" height=\"787\" \/><\/div><\/figure>[\/vc_column][vc_column width=\u00bb7\/12&#8243; offset=\u00bbvc_col-sm-offset-1&#8243;][vc_row_inner remove_bottom_col_margin=\u00bbtrue\u00bb css=\u00bb.vc_custom_1598032848727{margin-bottom: 10px !important;}\u00bb][vc_column_inner width=\u00bb3\/4&#8243;][vc_column_text]\n<h4>Agrian Mobile<\/h4>\n<h2>Nuestra aplicaci\u00f3n <strong>GRATUITA<\/strong> le da el poder de:<\/h2>\n[\/vc_column_text][\/vc_column_inner][\/vc_row_inner][vc_column_text css=\u00bb.vc_custom_1598032960798{margin-bottom: 15px !important;}\u00bb]\n<ul>\n<li>Buscar productos en nuestra base de datos de m\u00e1s de 12.000 etiquetas garantizadas<\/li>\n<li>Ver la etiqueta del producto con un simple clic<\/li>\n<li>Acceder a las etiquetas de los fabricantes, las hojas de seguridad de datos y a otra documentaci\u00f3n sobre productos<\/li>\n<li>Buscar y compartir sus recomendaciones, informes de uso y otros tipos de registros<\/li>\n<li>Guardar y organizar productos y registros para acceder a ellos fuera de l\u00ednea<\/li>\n<li>\u00a1Y mucho m\u00e1s!<\/li>\n<\/ul>\n[\/vc_column_text][vc_row_inner remove_bottom_col_margin=\u00bbtrue\u00bb][vc_column_inner el_class=\u00bbinline-images text-sm-center\u00bb]<figure class=\"vcex-image vcex-module wpex-clr\"><div class=\"vcex-image-inner wpex-inline-block wpex-relative\" style=\"max-width:134px;\"><a href=\"https:\/\/apps.apple.com\/us\/app\/agrian-mobile\/id409704374\" rel=\"noopener noreferrer\" target=\"_blank\"><img decoding=\"async\" loading=\"lazy\" class=\"wpex-w-100 wpex-align-middle\" src=\"https:\/\/home.agrian.com\/wp-content\/uploads\/2020\/08\/google-play-app-store-mobile-phones-google@2x.jpg\" alt=\"\" width=\"268\" height=\"79\" \/><\/a><\/div><\/figure><figure class=\"vcex-image vcex-module wpex-clr\"><div class=\"vcex-image-inner wpex-inline-block wpex-relative\" style=\"max-width:134px;\"><a href=\"https:\/\/play.google.com\/store\/apps\/details?id=com.agrian.AgrianMobile\" rel=\"noopener noreferrer\" target=\"_blank\"><img decoding=\"async\" loading=\"lazy\" class=\"wpex-w-100 wpex-align-middle\" src=\"https:\/\/home.agrian.com\/wp-content\/uploads\/2020\/08\/2google-play-app-store-mobile-phones-google@2x.jpg\" alt=\"\" width=\"268\" height=\"79\" \/><\/a><\/div><\/figure>[\/vc_column_inner][\/vc_row_inner][\/vc_column][\/vc_row][vc_section css=\u00bb.vc_custom_1598033256192{border-top-width: 1px !important;padding-top: 70px !important;border-top-color: #707070 !important;border-top-style: solid !important;}\u00bb][vc_row columns_right=\u00bbyes\u00bb css=\u00bb.vc_custom_1598034179416{margin-bottom: 20px !important;}\u00bb][vc_column width=\u00bb1\/2&#8243;]<figure class=\"vcex-image vcex-module wpex-clr textcenter\"><div class=\"vcex-image-inner wpex-inline-block wpex-relative\"><img decoding=\"async\" loading=\"lazy\" class=\"wpex-w-100 wpex-align-middle\" src=\"https:\/\/home.agrian.com\/wp-content\/uploads\/2020\/09\/Vern_Grower_Vineyard@2x.jpg\" alt=\"\" width=\"962\" height=\"630\" \/><\/div><\/figure>[\/vc_column][vc_column width=\u00bb1\/2&#8243;][vc_column_text css=\u00bb.vc_custom_1598033672624{margin-bottom: 16px !important;}\u00bb]\n<h4>Agrian NextGen Mobile<\/h4>\n<h2>Vamos <strong>donde usted va. <\/strong><\/h2>\n<h3>Los suscriptores tienen acceso a funcionalidades mejoradas en la palma de su mano.<\/h3>\n[\/vc_column_text][vc_column_text css=\u00bb.vc_custom_1598033724733{margin-bottom: 20px !important;}\u00bb]En el r\u00e1pido mundo actual, siempre debe tener acceso a la informaci\u00f3n que necesita para tomar decisiones en tiempo real, y esto implica tener las herramientas adecuadas.<\/p>\n<p>Para obtener m\u00e1s detalles sobre c\u00f3mo empezar a utilizar Agrian NextGen Mobile, env\u00ede un correo electr\u00f3nico a su representante de \u00e9xito del cliente a <a href=\"mailto:cs@agrian.com\">cs@agrian.com<\/a> o <a href=\"mailto:sales@agrian.com\">sales@agrian.com<\/a>.[\/vc_column_text]<figure class=\"vcex-image vcex-module wpex-clr\"><div class=\"vcex-image-inner wpex-inline-block wpex-relative\" style=\"max-width:134px;\"><a href=\"https:\/\/apps.apple.com\/us\/app\/agrian\/id1003507680\" rel=\"noopener noreferrer\" target=\"_blank\"><img decoding=\"async\" loading=\"lazy\" class=\"wpex-w-100 wpex-align-middle\" src=\"https:\/\/home.agrian.com\/wp-content\/uploads\/2020\/08\/google-play-app-store-mobile-phones-google@2x.jpg\" alt=\"\" width=\"268\" height=\"79\" \/><\/a><\/div><\/figure>[\/vc_column][\/vc_row][vc_row content_placement=\u00bbmiddle\u00bb remove_bottom_col_margin=\u00bbtrue\u00bb css=\u00bb.vc_custom_1598034124859{margin-bottom: 20px !important;}\u00bb][vc_column width=\u00bb1\/3&#8243;]<figure class=\"vcex-image vcex-module wpex-clr circle-image\"><div class=\"vcex-image-inner wpex-inline-block wpex-relative\"><img decoding=\"async\" loading=\"lazy\" class=\"wpex-w-100 wpex-align-middle\" src=\"https:\/\/home.agrian.com\/wp-content\/uploads\/2020\/08\/Mask-Group-9@2x.png\" alt=\"\" width=\"634\" height=\"634\" \/><\/div><\/figure><div class=\"vcex-spacing wpex-w-100 wpex-clear visible-phone\" style=\"height:20px\"><\/div>[\/vc_column][vc_column width=\u00bb7\/12&#8243; offset=\u00bbvc_col-sm-offset-1&#8243;][vc_column_text css=\u00bb.vc_custom_1598034035024{margin-bottom: 30px !important;}\u00bb]\n<h3>Exploraci\u00f3n y uso de cultivos trampas<\/h3>\n[\/vc_column_text][vc_column_text]\u00bfTiene una observaci\u00f3n de exploraci\u00f3n? Introd\u00fazcala: el recuento que observa, el porcentaje del cultivo afectado, el nivel de gravedad, las acciones necesarias, otras notas que desee registrar o incluso cargue fotos. Todo esto aparece en iconos f\u00e1ciles de leer, justo en su panel de control y est\u00e1 a disposici\u00f3n de usted, su cliente y otros miembros del equipo de confianza.[\/vc_column_text]<div class=\"vcex-spacing wpex-w-100 wpex-clear visible-phone\" style=\"height:20px\"><\/div>[\/vc_column][\/vc_row][vc_row content_placement=\u00bbmiddle\u00bb remove_bottom_col_margin=\u00bbtrue\u00bb columns_right=\u00bbyes\u00bb css=\u00bb.vc_custom_1598034137535{margin-bottom: 20px !important;}\u00bb][vc_column width=\u00bb1\/3&#8243; offset=\u00bbvc_col-sm-offset-1&#8243;]<figure class=\"vcex-image vcex-module wpex-clr circle-image\"><div class=\"vcex-image-inner wpex-inline-block wpex-relative\"><img decoding=\"async\" loading=\"lazy\" class=\"wpex-w-100 wpex-align-middle\" src=\"https:\/\/home.agrian.com\/wp-content\/uploads\/2020\/08\/Mask-Group-10@2x.png\" alt=\"\" width=\"634\" height=\"634\" \/><\/div><\/figure><div class=\"vcex-spacing wpex-w-100 wpex-clear visible-phone\" style=\"height:20px\"><\/div>[\/vc_column][vc_column width=\u00bb7\/12&#8243; offset=\u00bbvc_col-sm-offset-0&#8243;][vc_column_text css=\u00bb.vc_custom_1598034257631{margin-bottom: 30px !important;}\u00bb]\n<h3>Im\u00e1genes<\/h3>\n[\/vc_column_text][vc_column_text]Agrian proporciona im\u00e1genes para que usted tenga una vista a\u00e9rea y los a\u00f1os anteriores est\u00e9n f\u00e1cilmente disponibles. Las im\u00e1genes pueden utilizarse para crear exploraciones espec\u00edficas, as\u00ed como zonas de gesti\u00f3n y eventos objetivo.[\/vc_column_text]<div class=\"vcex-spacing wpex-w-100 wpex-clear visible-phone\" style=\"height:20px\"><\/div>[\/vc_column][\/vc_row][vc_row content_placement=\u00bbmiddle\u00bb remove_bottom_col_margin=\u00bbtrue\u00bb css=\u00bb.vc_custom_1598034124859{margin-bottom: 20px !important;}\u00bb][vc_column width=\u00bb1\/3&#8243;]<figure class=\"vcex-image vcex-module wpex-clr circle-image\"><div class=\"vcex-image-inner wpex-inline-block wpex-relative\"><img decoding=\"async\" loading=\"lazy\" class=\"wpex-w-100 wpex-align-middle\" src=\"https:\/\/home.agrian.com\/wp-content\/uploads\/2020\/08\/Mask-Group-11@2x.png\" alt=\"\" width=\"634\" height=\"634\" \/><\/div><\/figure><div class=\"vcex-spacing wpex-w-100 wpex-clear visible-phone\" style=\"height:20px\"><\/div>[\/vc_column][vc_column width=\u00bb7\/12&#8243; offset=\u00bbvc_col-sm-offset-1&#8243;][vc_column_text css=\u00bb.vc_custom_1598034371686{margin-bottom: 30px !important;}\u00bb]\n<h3>Muestras de suelo y tejidos<\/h3>\n[\/vc_column_text][vc_column_text]Tome muestras de campo, tejidos y nematodos sin problemas gracias a su sencillo panel de control, que est\u00e1 vinculado al campo por GPS. En el mapa, simplemente coloque puntos donde se han tomado las muestras e ingrese detalles como la profundidad de la columna y lo que se desea analizar. Ejecute la cuadr\u00edcula en su iPad en el campo, y haga referencia a las etiquetas correspondientes para el laboratorio.[\/vc_column_text]<div class=\"vcex-spacing wpex-w-100 wpex-clear visible-phone\" style=\"height:20px\"><\/div>[\/vc_column][\/vc_row][vc_row content_placement=\u00bbmiddle\u00bb remove_bottom_col_margin=\u00bbtrue\u00bb columns_right=\u00bbyes\u00bb css=\u00bb.vc_custom_1598034137535{margin-bottom: 20px !important;}\u00bb][vc_column width=\u00bb1\/3&#8243; offset=\u00bbvc_col-sm-offset-1&#8243;]<figure class=\"vcex-image vcex-module wpex-clr circle-image\"><div class=\"vcex-image-inner wpex-inline-block wpex-relative\"><img decoding=\"async\" loading=\"lazy\" class=\"wpex-w-100 wpex-align-middle\" src=\"https:\/\/home.agrian.com\/wp-content\/uploads\/2020\/08\/Mask-Group-12@2x.png\" alt=\"\" width=\"634\" height=\"634\" \/><\/div><\/figure><div class=\"vcex-spacing wpex-w-100 wpex-clear visible-phone\" style=\"height:20px\"><\/div>[\/vc_column][vc_column width=\u00bb7\/12&#8243; offset=\u00bbvc_col-sm-offset-0&#8243;][vc_column_text css=\u00bb.vc_custom_1598034406884{margin-bottom: 30px !important;}\u00bb]\n<h3>Crear, mapear y gestionar<\/h3>\n[\/vc_column_text][vc_column_text]Cree y mapee sobre la marcha con nuestra herramienta de mapeo. Si tiene un campo que necesita explorar, pero no tiene tiempo para volver a la oficina, mapee el campo y comience a explorar inmediatamente. Mapee colocando puntos o por medio de un GPS.[\/vc_column_text]<div class=\"vcex-spacing wpex-w-100 wpex-clear visible-phone\" style=\"height:20px\"><\/div>[\/vc_column][\/vc_row][vc_row content_placement=\u00bbmiddle\u00bb remove_bottom_col_margin=\u00bbtrue\u00bb css=\u00bb.vc_custom_1598034124859{margin-bottom: 20px !important;}\u00bb][vc_column width=\u00bb1\/3&#8243;]<figure class=\"vcex-image vcex-module wpex-clr circle-image\"><div class=\"vcex-image-inner wpex-inline-block wpex-relative\"><img decoding=\"async\" loading=\"lazy\" class=\"wpex-w-100 wpex-align-middle\" src=\"https:\/\/home.agrian.com\/wp-content\/uploads\/2020\/08\/Mask-Group-13@2x.png\" alt=\"\" width=\"634\" height=\"634\" \/><\/div><\/figure><div class=\"vcex-spacing wpex-w-100 wpex-clear visible-phone\" style=\"height:20px\"><\/div>[\/vc_column][vc_column width=\u00bb7\/12&#8243; offset=\u00bbvc_col-sm-offset-1&#8243;][vc_column_text css=\u00bb.vc_custom_1614039636249{margin-bottom: 30px !important;}\u00bb]\n<h3>Vea las capas<\/h3>\n[\/vc_column_text][vc_column_text]Vea im\u00e1genes de sat\u00e9lite y eventos del campo, incluyendo datos de plantaci\u00f3n, producci\u00f3n, aplicaci\u00f3n y Veris. Coloque capas sobre su campo como orientaci\u00f3n durante la exploraci\u00f3n.[\/vc_column_text]<div class=\"vcex-spacing wpex-w-100 wpex-clear visible-phone\" style=\"height:20px\"><\/div>[\/vc_column][\/vc_row][vc_row content_placement=\u00bbmiddle\u00bb remove_bottom_col_margin=\u00bbtrue\u00bb columns_right=\u00bbyes\u00bb css=\u00bb.vc_custom_1598034550497{margin-bottom: 90px !important;}\u00bb][vc_column width=\u00bb1\/3&#8243; offset=\u00bbvc_col-sm-offset-1&#8243; el_class=\u00bbinterlay-images\u00bb]<figure class=\"vcex-image vcex-module wpex-clr textcenter interlay-image first-overlay placeholder\"><div class=\"vcex-image-inner wpex-inline-block wpex-relative\"><img decoding=\"async\" loading=\"lazy\" class=\"wpex-w-100 wpex-align-middle\" src=\"https:\/\/home.agrian.com\/wp-content\/uploads\/2020\/08\/Group-244.svg\" alt=\"\" \/><\/div><\/figure><figure class=\"vcex-image vcex-module wpex-clr textcenter interlay-image second-overlay\"><div class=\"vcex-image-inner wpex-inline-block wpex-relative\"><img decoding=\"async\" loading=\"lazy\" class=\"wpex-w-100 wpex-align-middle\" src=\"https:\/\/home.agrian.com\/wp-content\/uploads\/2020\/08\/Group-244.svg\" alt=\"\" \/><\/div><\/figure><div class=\"vcex-spacing wpex-w-100 wpex-clear visible-phone\" style=\"height:20px\"><\/div>[\/vc_column][vc_column width=\u00bb7\/12&#8243; offset=\u00bbvc_col-sm-offset-0&#8243;][vc_column_text css=\u00bb.vc_custom_1614039653545{margin-bottom: 30px !important;}\u00bb]\n<h3>Carge los datos del equipo agron\u00f3mico<\/h3>\n[\/vc_column_text][vc_column_text]Lleve todos sus datos primarios de plantaci\u00f3n, producci\u00f3n y cosecha directamente desde el equipo a la plataforma Agrian, donde se convierten en informaci\u00f3n procesable y f\u00e1cil de leer.[\/vc_column_text]<div class=\"vcex-spacing wpex-w-100 wpex-clear visible-phone\" style=\"height:20px\"><\/div>[\/vc_column][\/vc_row][vc_row css=\u00bb.vc_custom_1598035965489{margin-bottom: 50px !important;}\u00bb][vc_column][vc_column_text text_align=\u00bbcenter\u00bb font_family=\u00bbadelle\u00bb font_weight=\u00bbsemibold\u00bb font_size=\u00bbd:22px|tp:20px\u00bb]Para comenzar, env\u00ede un correo electr\u00f3nico a su representante de \u00e9xito del cliente a <a href=\"mailto:cs@agrian.com\">cs@agrian.com<\/a> o <a href=\"mailto:sales@agrian.com\">sales@agrian.com<\/a>.[\/vc_column_text][\/vc_column][\/vc_row][\/vc_section][vc_row css=\u00bb.vc_custom_1598036584068{margin-bottom: 60px !important;padding-top: 65px !important;padding-bottom: 10px !important;background-color: #f0f0f0 !important;}\u00bb][vc_column width=\u00bb1\/2&#8243; offset=\u00bbvc_col-sm-offset-1&#8243;][vc_column_text color=\u00bb#adadad\u00bb css=\u00bb.vc_custom_1598036649083{margin-bottom: 5px !important;}\u00bb el_class=\u00bbtext-sm-center\u00bb]\n<h4>Asistencia telef\u00f3nica<\/h4>\n[\/vc_column_text][vc_column_text color=\u00bb#505257&#8243; el_class=\u00bbtext-sm-center\u00bb]\n<h2>\u00bfTiene preguntas?<br \/>\n<strong>Comun\u00edquese con el equipo de Asistencia<\/strong><\/h2>\n[\/vc_column_text][\/vc_column][vc_column width=\u00bb5\/12&#8243; el_class=\u00bbtext-sm-center\u00bb][vc_column_text font_family=\u00bbadelle\u00bb font_size=\u00bb18px\u00bb font_weight=\u00bbsemibold\u00bb css=\u00bb.vc_custom_1600280407376{margin-bottom: 20px !important;}\u00bb el_class=\u00bbtext-sm-center\u00bb]Lunes a viernes<br \/>\n6:00 a. m. a 5:30 p. m., hora del Pac\u00edfico (Pacific time, PT)<\/p>\n<p>S\u00e1bados<br \/>\n8:00 a. m. a 12:00 p. m. PT[\/vc_column_text]<div class=\"theme-button-block-wrap wpex-block wpex-clear theme-button-wrap wpex-clr\"><a href=\"#\" class=\"vcex-button theme-button block\"><span class=\"theme-button-inner\">Contacte al equipo de Asistencia<\/span><\/a><\/div> [\/vc_column][\/vc_row]\n","protected":false},"excerpt":{"rendered":"<p>[vc_row visibility=\u00bbhidden-phone\u00bb][vc_column][\/vc_column][\/vc_row][vc_row css=\u00bb.vc_custom_1600268844872{margin-top: 40px !important;margin-bottom: 30px !important;}\u00bb][vc_column width=\u00bb1\/3&#8243;][\/vc_column][vc_column width=\u00bb7\/12&#8243; offset=\u00bbvc_col-sm-offset-1&#8243;][vc_row_inner remove_bottom_col_margin=\u00bbtrue\u00bb css=\u00bb.vc_custom_1598032848727{margin-bottom: 10px !important;}\u00bb][vc_column_inner width=\u00bb3\/4&#8243;][vc_column_text] Agrian Mobile Nuestra aplicaci\u00f3n GRATUITA le da el poder de: [\/vc_column_text][\/vc_column_inner][\/vc_row_inner][vc_column_text css=\u00bb.vc_custom_1598032960798{margin-bottom: 15px !important;}\u00bb] Buscar productos en nuestra base de datos de m\u00e1s de 12.000&hellip;<\/p>\n","protected":false},"author":7,"featured_media":0,"parent":0,"menu_order":0,"comment_status":"closed","ping_status":"closed","template":"","meta":{"footnotes":""},"yoast_head":"<!-- This site is optimized with the Yoast SEO plugin v15.6.2 - https:\/\/yoast.com\/wordpress\/plugins\/seo\/ -->\n<title>Aplicaci\u00f3n m\u00f3vil - TELUS Agronomy<\/title>\n<meta name=\"robots\" content=\"index, follow, max-snippet:-1, max-image-preview:large, max-video-preview:-1\" \/>\n<link rel=\"canonical\" href=\"https:\/\/home.agrian.com\/es\/mobile-app\/\" \/>\n<meta property=\"og:locale\" content=\"es_ES\" \/>\n<meta property=\"og:type\" content=\"article\" \/>\n<meta property=\"og:title\" content=\"Aplicaci\u00f3n m\u00f3vil - TELUS Agronomy\" \/>\n<meta property=\"og:description\" content=\"[vc_row visibility=\u00bbhidden-phone\u00bb][vc_column][\/vc_column][\/vc_row][vc_row css=\u00bb.vc_custom_1600268844872{margin-top: 40px !important;margin-bottom: 30px !important;}\u00bb][vc_column width=\u00bb1\/3&#8243;][\/vc_column][vc_column width=\u00bb7\/12&#8243; offset=\u00bbvc_col-sm-offset-1&#8243;][vc_row_inner remove_bottom_col_margin=\u00bbtrue\u00bb css=\u00bb.vc_custom_1598032848727{margin-bottom: 10px !important;}\u00bb][vc_column_inner width=\u00bb3\/4&#8243;][vc_column_text] Agrian Mobile Nuestra aplicaci\u00f3n GRATUITA le da el poder de: [\/vc_column_text][\/vc_column_inner][\/vc_row_inner][vc_column_text css=\u00bb.vc_custom_1598032960798{margin-bottom: 15px !important;}\u00bb] Buscar productos en nuestra base de datos de m\u00e1s de 12.000&hellip;\" \/>\n<meta property=\"og:url\" content=\"https:\/\/home.agrian.com\/es\/mobile-app\/\" \/>\n<meta property=\"og:site_name\" content=\"TELUS Agronomy\" \/>\n<meta property=\"article:modified_time\" content=\"2021-03-23T22:14:55+00:00\" \/>\n<meta name=\"twitter:card\" content=\"summary\" \/>\n<meta name=\"twitter:label1\" content=\"Tiempo de lectura\">\n\t<meta name=\"twitter:data1\" content=\"4 minutos\">\n<script type=\"application\/ld+json\" class=\"yoast-schema-graph\">{\"@context\":\"https:\/\/schema.org\",\"@graph\":[{\"@type\":\"WebSite\",\"@id\":\"http:\/\/home.agrian.com\/#website\",\"url\":\"http:\/\/home.agrian.com\/\",\"name\":\"TELUS Agronomy\",\"description\":\"\",\"potentialAction\":[{\"@type\":\"SearchAction\",\"target\":\"http:\/\/home.agrian.com\/?s={search_term_string}\",\"query-input\":\"required name=search_term_string\"}],\"inLanguage\":\"es\"},{\"@type\":\"WebPage\",\"@id\":\"https:\/\/home.agrian.com\/es\/mobile-app\/#webpage\",\"url\":\"https:\/\/home.agrian.com\/es\/mobile-app\/\",\"name\":\"Aplicaci\\u00f3n m\\u00f3vil - TELUS Agronomy\",\"isPartOf\":{\"@id\":\"http:\/\/home.agrian.com\/#website\"},\"datePublished\":\"2021-02-17T18:04:50+00:00\",\"dateModified\":\"2021-03-23T22:14:55+00:00\",\"breadcrumb\":{\"@id\":\"https:\/\/home.agrian.com\/es\/mobile-app\/#breadcrumb\"},\"inLanguage\":\"es\",\"potentialAction\":[{\"@type\":\"ReadAction\",\"target\":[\"https:\/\/home.agrian.com\/es\/mobile-app\/\"]}]},{\"@type\":\"BreadcrumbList\",\"@id\":\"https:\/\/home.agrian.com\/es\/mobile-app\/#breadcrumb\",\"itemListElement\":[{\"@type\":\"ListItem\",\"position\":1,\"item\":{\"@type\":\"WebPage\",\"@id\":\"https:\/\/home.agrian.com\/es\/mobile-app\/\",\"url\":\"https:\/\/home.agrian.com\/es\/mobile-app\/\",\"name\":\"Aplicaci\\u00f3n m\\u00f3vil\"}}]}]}<\/script>\n<!-- \/ Yoast SEO plugin. -->","_links":{"self":[{"href":"https:\/\/home.agrian.com\/es\/wp-json\/wp\/v2\/pages\/3092"}],"collection":[{"href":"https:\/\/home.agrian.com\/es\/wp-json\/wp\/v2\/pages"}],"about":[{"href":"https:\/\/home.agrian.com\/es\/wp-json\/wp\/v2\/types\/page"}],"author":[{"embeddable":true,"href":"https:\/\/home.agrian.com\/es\/wp-json\/wp\/v2\/users\/7"}],"replies":[{"embeddable":true,"href":"https:\/\/home.agrian.com\/es\/wp-json\/wp\/v2\/comments?post=3092"}],"version-history":[{"count":6,"href":"https:\/\/home.agrian.com\/es\/wp-json\/wp\/v2\/pages\/3092\/revisions"}],"predecessor-version":[{"id":6096,"href":"https:\/\/home.agrian.com\/es\/wp-json\/wp\/v2\/pages\/3092\/revisions\/6096"}],"wp:attachment":[{"href":"https:\/\/home.agrian.com\/es\/wp-json\/wp\/v2\/media?parent=3092"}],"curies":[{"name":"wp","href":"https:\/\/api.w.org\/{rel}","templated":true}]}}