{"id":3074,"date":"2021-02-17T12:04:29","date_gmt":"2021-02-17T18:04:29","guid":{"rendered":"https:\/\/home.agrian.com\/support-training\/"},"modified":"2021-03-23T17:14:33","modified_gmt":"2021-03-23T22:14:33","slug":"support-training","status":"publish","type":"page","link":"https:\/\/home.agrian.com\/es\/support-training\/","title":{"rendered":"Asistencia y capacitaci\u00f3n"},"content":{"rendered":"[vc_row][vc_column][vc_column_text text_align=\u00bbcenter\u00bb]\n<h2>\u00bfC\u00f3mo podemos <strong>ayudarlo?<\/strong><\/h2>\n[\/vc_column_text][\/vc_column][\/vc_row][vc_row el_class=\u00bbsupport-icons\u00bb][vc_column][vc_single_image image=\u00bb3082&#8243; onclick=\u00bbcustom_link\u00bb img_link_target=\u00bblocal\u00bb el_class=\u00bbimage-link text-sm-center\u00bb link=\u00bb#learning\u00bb img_caption=\u00bbCursos de aprendizaje a distancia\u00bb][vc_single_image image=\u00bb3087&#8243; onclick=\u00bbcustom_link\u00bb img_link_target=\u00bblocal\u00bb el_class=\u00bbimage-link text-sm-center\u00bb link=\u00bb#phone-support\u00bb img_caption=\u00bbSuporte Telef\u00f3nico\u00bb css=\u00bb.vc_custom_1614037891678{padding-top: 5px !important;}\u00bb][vc_single_image image=\u00bb3077&#8243; onclick=\u00bbcustom_link\u00bb img_link_target=\u00bblocal\u00bb el_class=\u00bbimage-link text-sm-center\u00bb link=\u00bb#phone-support\u00bb img_caption=\u00bbSoporte por correo electr\u00f3nico\u00bb css=\u00bb.vc_custom_1614037966646{padding-top: 5px !important;}\u00bb][\/vc_column][\/vc_row][vc_section local_scroll_id=\u00bblearning\u00bb css=\u00bb.vc_custom_1598042946515{margin-bottom: 55px !important;border-top-width: 1px !important;padding-top: 50px !important;border-top-color: #707070 !important;border-top-style: solid !important;}\u00bb][vc_row css=\u00bb.vc_custom_1598037788791{margin-bottom: 15px !important;}\u00bb][vc_column width=\u00bb2\/3&#8243;][vc_column_text]\n<h4>Cursos de aprendizaje a distancia<\/h4>\n<h2>Ofrecemos cursos de formaci\u00f3n en l\u00ednea que permiten aprender f\u00e1cilmente a usar <strong>Agrian como un profesional. <\/strong><\/h2>\n[\/vc_column_text][\/vc_column][\/vc_row][vc_row wpex_zindex=\u00bb3&#8243;][vc_column width=\u00bb7\/12&#8243; offset=\u00bbvc_col-md-offset-1 vc_col-md-7 vc_col-sm-offset-0&#8243;][vc_row_inner remove_bottom_col_margin=\u00bbtrue\u00bb css=\u00bb.vc_custom_1598039560534{margin-bottom: 25px !important;border-top-width: 4px !important;border-right-width: 4px !important;border-bottom-width: 4px !important;border-left-width: 4px !important;padding-top: 30px !important;padding-bottom: 20px !important;border-left-color: #214b2a !important;border-left-style: solid !important;border-right-color: #214b2a !important;border-right-style: solid !important;border-top-color: #214b2a !important;border-top-style: solid !important;border-bottom-color: #214b2a !important;border-bottom-style: solid !important;}\u00bb el_class=\u00bbcourse-list\u00bb][vc_column_inner][vc_column_text el_class=\u00bbe-course\u00bb]\n<h4>Curso uno<\/h4>\n<h3>Introducci\u00f3n y navegaci\u00f3n b\u00e1sica<\/h3>\n[\/vc_column_text][vc_column_text el_class=\u00bbe-course\u00bb]\n<h4>Curso dos<\/h4>\n<h3>Agregar el productor, el agricultor y el campo<\/h3>\n[\/vc_column_text][vc_column_text el_class=\u00bbe-course\u00bb]\n<h4>Curso tres<\/h4>\n<h3>Crear y editar zonas de gesti\u00f3n<\/h3>\n[\/vc_column_text][vc_column_text el_class=\u00bbe-course\u00bb]\n<h4>Curso cuatro<\/h4>\n<h3>Crear eventos espec\u00edficos<\/h3>\n[\/vc_column_text][vc_column_text el_class=\u00bbe-course\u00bb]\n<h4>Curso cinco<\/h4>\n<h3>Cargar eventos de muestra<\/h3>\n[\/vc_column_text][vc_column_text el_class=\u00bbe-course\u00bb]\n<h4>Curso seis<\/h4>\n<h3>Descripci\u00f3n general de la aplicaci\u00f3n m\u00f3vil<\/h3>\n[\/vc_column_text][\/vc_column_inner][\/vc_row_inner][vc_row_inner remove_bottom_col_margin=\u00bbtrue\u00bb el_class=\u00bbcal-toggle\u00bb css=\u00bb.vc_custom_1598040679903{background-color: #38291e !important;}\u00bb][vc_column_inner][vc_column_text el_class=\u00bbtoggle-title\u00bb color=\u00bb#ffffff\u00bb css=\u00bb.vc_custom_1598040007454{padding-top: 35px !important;padding-right: 60px !important;padding-bottom: 30px !important;padding-left: 20px !important;}\u00bb]\n<h3>Usuarios de California:<\/h3>\n<p>Ofrecemos clases de formaci\u00f3n continua de primera[\/vc_column_text][vc_column_text color=\u00bb#ffffff\u00bb css=\u00bb.vc_custom_1600269367553{background-color: #38291e !important;}\u00bb el_class=\u00bbtoggle-content\u00bb]<strong>Importancia de las abejas mel\u00edferas y de las estrategias de mitigaci\u00f3n para protegerlas de los pesticidas<\/strong><br \/>\n<em>(1 hora de leyes)<\/em><\/p>\n<p><strong>Agrian 101: Redacci\u00f3n de recomendaciones electr\u00f3nicas b\u00e1sicas para usuarios de CA<\/strong><br \/>\n<em>(0,5 horas de leyes, 0,5 horas de otro tema)<\/em><\/p>\n<p><strong>Agrian 102: Redacci\u00f3n de recomendaciones electr\u00f3nicas avanzadas<\/strong><br \/>\n<em>(0,5 horas de leyes, 0,5 horas de otro tema)<\/em><\/p>\n<p><strong>Agrian 103: Escritura de reportes electr\u00f3nicos b\u00e1sicos para aplicadores y productores y presentaci\u00f3n de la culminaci\u00f3n<\/strong><br \/>\n<em>(0,5 horas de leyes, 0,5 horas de otro tema)<\/em>[\/vc_column_text][\/vc_column_inner][\/vc_row_inner][\/vc_column][vc_column width=\u00bb5\/12&#8243; offset=\u00bbvc_col-md-4&#8243;]<div class=\"vcex-spacing wpex-w-100 wpex-clear hidden-phone\" style=\"height:40px\"><\/div>[vc_row_inner remove_bottom_col_margin=\u00bbtrue\u00bb css=\u00bb.vc_custom_1598038574255{margin-bottom: 30px !important;padding-top: 24px !important;padding-right: 10px !important;padding-bottom: 20px !important;padding-left: 27px !important;background-color: #65869c !important;}\u00bb el_class=\u00bbcourse-overflow\u00bb][vc_column_inner][vc_column_text color=\u00bb#ffffff\u00bb]\n<h3>Al solicitar el acceso, podr\u00e1 ver y explorar nuestros m\u00f3dulos de capacitaci\u00f3n.<\/h3>\n[\/vc_column_text][\/vc_column_inner][\/vc_row_inner]<div class=\"vc_custom_1600791567771 wpex-clr\"><div class=\"theme-button-block-wrap wpex-block wpex-clear theme-button-wrap wpex-clr\"><a href=\"https:\/\/agrian.lpages.co\/agrian-training-request\/\" class=\"vcex-button theme-button block\" target=\"_blank\" rel=\"noopener noreferrer\"><span class=\"theme-button-inner\">Solicitar acceso a la capacitaci\u00f3n<\/span><\/a><\/div><\/div> [vc_column_text]Si tiene otras preguntas,<br \/>\nenv\u00ede un correo electr\u00f3nico a nuestros especialistas a<br \/>\n<a href=\"mailto:training@agrian.com\">training@agrian.com<\/a>[\/vc_column_text][\/vc_column][\/vc_row][\/vc_section][vc_section local_scroll_id=\u00bbphone-support\u00bb][vc_row content_placement=\u00bbmiddle\u00bb typography_style=\u00bbwhite\u00bb css=\u00bb.vc_custom_1600111392311{margin-bottom: 70px !important;padding-top: 40px !important;background-color: #505257 !important;}\u00bb][vc_column width=\u00bb1\/2&#8243; offset=\u00bbvc_col-sm-offset-1&#8243;][vc_column_text color=\u00bb#adadad\u00bb css=\u00bb.vc_custom_1598041672104{margin-bottom: 5px !important;}\u00bb]\n<h4>Asistencia telef\u00f3nica y por correo electr\u00f3nico<\/h4>\n[\/vc_column_text][vc_column_text]\n<h2>\u00bfTiene alguna pregunta?<br \/>\n<strong>\u00a1Ll\u00e1menos o env\u00edenos un correo electr\u00f3nico!<\/strong><\/h2>\n[\/vc_column_text][\/vc_column][vc_column width=\u00bb5\/12&#8243;][vc_column_text font_family=\u00bbadelle\u00bb font_size=\u00bb18px\u00bb font_weight=\u00bbsemibold\u00bb el_class=\u00bbno-link\u00bb line_height=\u00bb1.389&#8243;]<a href=\"tel:18882872137\">1-888-287-2137<\/a><br \/>\n\u00bfSe encuentra fuera de los Estados Unidos? Llame al: <a href=\"tel:15594375700\">1-559-437-5700<\/a><br \/>\n<a href=\"mailto:support@agrian.com\">support@agrian.com<\/a>[\/vc_column_text][\/vc_column][\/vc_row][\/vc_section]\n","protected":false},"excerpt":{"rendered":"<p>[vc_row][vc_column][vc_column_text text_align=\u00bbcenter\u00bb] \u00bfC\u00f3mo podemos ayudarlo? [\/vc_column_text][\/vc_column][\/vc_row][vc_row el_class=\u00bbsupport-icons\u00bb][vc_column][vc_single_image image=\u00bb3082&#8243; onclick=\u00bbcustom_link\u00bb img_link_target=\u00bblocal\u00bb el_class=\u00bbimage-link text-sm-center\u00bb link=\u00bb#learning\u00bb img_caption=\u00bbCursos de aprendizaje a distancia\u00bb][vc_single_image image=\u00bb3087&#8243; onclick=\u00bbcustom_link\u00bb img_link_target=\u00bblocal\u00bb el_class=\u00bbimage-link text-sm-center\u00bb link=\u00bb#phone-support\u00bb img_caption=\u00bbSuporte Telef\u00f3nico\u00bb css=\u00bb.vc_custom_1614037891678{padding-top: 5px !important;}\u00bb][vc_single_image image=\u00bb3077&#8243; onclick=\u00bbcustom_link\u00bb img_link_target=\u00bblocal\u00bb el_class=\u00bbimage-link text-sm-center\u00bb link=\u00bb#phone-support\u00bb img_caption=\u00bbSoporte por correo electr\u00f3nico\u00bb css=\u00bb.vc_custom_1614037966646{padding-top:&hellip;<\/p>\n","protected":false},"author":7,"featured_media":0,"parent":0,"menu_order":0,"comment_status":"closed","ping_status":"closed","template":"","meta":{"footnotes":""},"yoast_head":"<!-- This site is optimized with the Yoast SEO plugin v15.6.2 - https:\/\/yoast.com\/wordpress\/plugins\/seo\/ -->\n<title>Asistencia y capacitaci\u00f3n - TELUS Agronomy<\/title>\n<meta name=\"robots\" content=\"index, follow, max-snippet:-1, max-image-preview:large, max-video-preview:-1\" \/>\n<link rel=\"canonical\" href=\"https:\/\/home.agrian.com\/es\/support-training\/\" \/>\n<meta property=\"og:locale\" content=\"es_ES\" \/>\n<meta property=\"og:type\" content=\"article\" \/>\n<meta property=\"og:title\" content=\"Asistencia y capacitaci\u00f3n - TELUS Agronomy\" \/>\n<meta property=\"og:description\" content=\"[vc_row][vc_column][vc_column_text text_align=\u00bbcenter\u00bb] \u00bfC\u00f3mo podemos ayudarlo? [\/vc_column_text][\/vc_column][\/vc_row][vc_row el_class=\u00bbsupport-icons\u00bb][vc_column][vc_single_image image=\u00bb3082&#8243; onclick=\u00bbcustom_link\u00bb img_link_target=\u00bblocal\u00bb el_class=\u00bbimage-link text-sm-center\u00bb link=\u00bb#learning\u00bb img_caption=\u00bbCursos de aprendizaje a distancia\u00bb][vc_single_image image=\u00bb3087&#8243; onclick=\u00bbcustom_link\u00bb img_link_target=\u00bblocal\u00bb el_class=\u00bbimage-link text-sm-center\u00bb link=\u00bb#phone-support\u00bb img_caption=\u00bbSuporte Telef\u00f3nico\u00bb css=\u00bb.vc_custom_1614037891678{padding-top: 5px !important;}\u00bb][vc_single_image image=\u00bb3077&#8243; onclick=\u00bbcustom_link\u00bb img_link_target=\u00bblocal\u00bb el_class=\u00bbimage-link text-sm-center\u00bb link=\u00bb#phone-support\u00bb img_caption=\u00bbSoporte por correo electr\u00f3nico\u00bb css=\u00bb.vc_custom_1614037966646{padding-top:&hellip;\" \/>\n<meta property=\"og:url\" content=\"https:\/\/home.agrian.com\/es\/support-training\/\" \/>\n<meta property=\"og:site_name\" content=\"TELUS Agronomy\" \/>\n<meta property=\"article:modified_time\" content=\"2021-03-23T22:14:33+00:00\" \/>\n<meta name=\"twitter:card\" content=\"summary\" \/>\n<meta name=\"twitter:label1\" content=\"Tiempo de lectura\">\n\t<meta name=\"twitter:data1\" content=\"2 minutos\">\n<script type=\"application\/ld+json\" class=\"yoast-schema-graph\">{\"@context\":\"https:\/\/schema.org\",\"@graph\":[{\"@type\":\"WebSite\",\"@id\":\"http:\/\/home.agrian.com\/#website\",\"url\":\"http:\/\/home.agrian.com\/\",\"name\":\"TELUS Agronomy\",\"description\":\"\",\"potentialAction\":[{\"@type\":\"SearchAction\",\"target\":\"http:\/\/home.agrian.com\/?s={search_term_string}\",\"query-input\":\"required name=search_term_string\"}],\"inLanguage\":\"es\"},{\"@type\":\"WebPage\",\"@id\":\"https:\/\/home.agrian.com\/es\/support-training\/#webpage\",\"url\":\"https:\/\/home.agrian.com\/es\/support-training\/\",\"name\":\"Asistencia y capacitaci\\u00f3n - TELUS Agronomy\",\"isPartOf\":{\"@id\":\"http:\/\/home.agrian.com\/#website\"},\"datePublished\":\"2021-02-17T18:04:29+00:00\",\"dateModified\":\"2021-03-23T22:14:33+00:00\",\"breadcrumb\":{\"@id\":\"https:\/\/home.agrian.com\/es\/support-training\/#breadcrumb\"},\"inLanguage\":\"es\",\"potentialAction\":[{\"@type\":\"ReadAction\",\"target\":[\"https:\/\/home.agrian.com\/es\/support-training\/\"]}]},{\"@type\":\"BreadcrumbList\",\"@id\":\"https:\/\/home.agrian.com\/es\/support-training\/#breadcrumb\",\"itemListElement\":[{\"@type\":\"ListItem\",\"position\":1,\"item\":{\"@type\":\"WebPage\",\"@id\":\"https:\/\/home.agrian.com\/es\/support-training\/\",\"url\":\"https:\/\/home.agrian.com\/es\/support-training\/\",\"name\":\"Asistencia y capacitaci\\u00f3n\"}}]}]}<\/script>\n<!-- \/ Yoast SEO plugin. -->","_links":{"self":[{"href":"https:\/\/home.agrian.com\/es\/wp-json\/wp\/v2\/pages\/3074"}],"collection":[{"href":"https:\/\/home.agrian.com\/es\/wp-json\/wp\/v2\/pages"}],"about":[{"href":"https:\/\/home.agrian.com\/es\/wp-json\/wp\/v2\/types\/page"}],"author":[{"embeddable":true,"href":"https:\/\/home.agrian.com\/es\/wp-json\/wp\/v2\/users\/7"}],"replies":[{"embeddable":true,"href":"https:\/\/home.agrian.com\/es\/wp-json\/wp\/v2\/comments?post=3074"}],"version-history":[{"count":7,"href":"https:\/\/home.agrian.com\/es\/wp-json\/wp\/v2\/pages\/3074\/revisions"}],"predecessor-version":[{"id":6094,"href":"https:\/\/home.agrian.com\/es\/wp-json\/wp\/v2\/pages\/3074\/revisions\/6094"}],"wp:attachment":[{"href":"https:\/\/home.agrian.com\/es\/wp-json\/wp\/v2\/media?parent=3074"}],"curies":[{"name":"wp","href":"https:\/\/api.w.org\/{rel}","templated":true}]}}