{"id":3016,"date":"2021-02-17T12:04:04","date_gmt":"2021-02-17T18:04:04","guid":{"rendered":"https:\/\/home.agrian.com\/integrations-partners\/"},"modified":"2021-03-23T17:14:19","modified_gmt":"2021-03-23T22:14:19","slug":"integrations-partners","status":"publish","type":"page","link":"https:\/\/home.agrian.com\/es\/integrations-partners\/","title":{"rendered":"Integraci\u00f3n y socios"},"content":{"rendered":"[vc_row parallax=\u00bbcontent-moving\u00bb tablet_fullwidth_cols=\u00bbyes\u00bb css=\u00bb.vc_custom_1600739219690{padding-top: 100px !important;padding-bottom: 50px !important;background-image: url(https:\/\/home.agrian.com\/wp-content\/uploads\/2020\/08\/iStock-835934784@2x.jpg?id=540) !important;background-position: center;background-repeat: no-repeat !important;background-size: cover !important;}\u00bb min_height=\u00bb256px\u00bb][vc_column width=\u00bb1\/2&#8243;][vc_column_text el_class=\u00bbtext-ticker textright text-smd-center center-mobile\u00bb]\n<h2>Usted hace crecer<\/h2>\n<ul style=\"width: 208px;\">\n<li>\n<h2><strong>sus cultivos.<\/strong><\/h2>\n<\/li>\n<li>\n<h2><strong>sus clientes.<\/strong><\/h2>\n<\/li>\n<li>\n<h2><strong>su impacto.<\/strong><\/h2>\n<\/li>\n<li>\n<h2><strong>sus ventas.<\/strong><\/h2>\n<\/li>\n<li>\n<h2><strong>su eficiencia.<\/strong><\/h2>\n<\/li>\n<li>\n<h2><strong>sus funcionalidades.<\/strong><\/h2>\n<\/li>\n<li>\n<h2><strong>su eficacia.<\/strong><\/h2>\n<\/li>\n<li>\n<h2><strong>su negocio.<\/strong><\/h2>\n<\/li>\n<\/ul>\n[\/vc_column_text][\/vc_column][vc_column width=\u00bb1\/2&#8243;][vc_column_text el_class=\u00bbtext-ticker textcenter text-smd-center center-mobile\u00bb]\n<h2>Nosotros conectamos<\/h2>\n<ul style=\"width: 150px;\">\n<li>\n<h2><strong>scripts.<\/strong><\/h2>\n<\/li>\n<li>\n<h2><strong>Interfaces de programaci\u00f3n de aplicaciones (Application Programming Interface, API).<\/strong><\/h2>\n<\/li>\n<li>\n<h2><strong>\u00edndices.<\/strong><\/h2>\n<\/li>\n<li>\n<h2><strong>nube.<\/strong><\/h2>\n<\/li>\n<li>\n<h2><strong>versiones.<\/strong><\/h2>\n<\/li>\n<li>\n<h2><strong>fuentes.<\/strong><\/h2>\n<\/li>\n<li>\n<h2><strong>flujos de trabajo.<\/strong><\/h2>\n<\/li>\n<li>\n<h2><strong>puntos.<\/strong><\/h2>\n<\/li>\n<\/ul>\n[\/vc_column_text][\/vc_column][\/vc_row][vc_row css=\u00bb.vc_custom_1600270540640{margin-bottom: 30px !important;}\u00bb][vc_column]<div class=\"vcex-spacing wpex-w-100 wpex-clear\" style=\"height:80px\"><\/div>[vc_column_text]\n<h2>Se integra con la tecnolog\u00eda que usted desea usar.<\/h2>\n[\/vc_column_text][vc_row_inner css=\u00bb.vc_custom_1597084848779{margin-bottom: 14px !important;}\u00bb][vc_column_inner width=\u00bb7\/12&#8243;][vc_column_text]Agrian se ajusta bien a otras tecnolog\u00edas, lo que lo que le permite integrarlo con la tecnolog\u00eda que usted decide que funcionar\u00e1 mejor para su empresa.[\/vc_column_text][\/vc_column_inner][\/vc_row_inner]<div class=\"vcex-module wpex-carousel wpex-carousel-images wpex-clr owl-carousel visible-phone\" data-wpex-carousel=\"{&quot;nav&quot;:false,&quot;dots&quot;:false,&quot;autoplay&quot;:true,&quot;loop&quot;:true,&quot;center&quot;:false,&quot;smartSpeed&quot;:1800,&quot;items&quot;:4,&quot;slideBy&quot;:1,&quot;autoplayTimeout&quot;:1800,&quot;margin&quot;:20,&quot;itemsTablet&quot;:4,&quot;itemsMobileLandscape&quot;:2,&quot;itemsMobilePortrait&quot;:2,&quot;autoWidth&quot;:false,&quot;autoHeight&quot;:false}\"><div class=\"wpex-carousel-slide\"><figure class=\"wpex-carousel-entry-media entry-media\"><img loading=\"lazy\" decoding=\"async\" data-no-lazy=\"1\" class=\"wpex-align-middle skip-lazy\" src=\"https:\/\/home.agrian.com\/wp-content\/uploads\/2020\/09\/EqPartners_JohnDeere@2x.jpg\" alt=\"\" width=\"302\" height=\"208\" \/><\/figure><\/div><div class=\"wpex-carousel-slide\"><figure class=\"wpex-carousel-entry-media entry-media\"><img loading=\"lazy\" decoding=\"async\" data-no-lazy=\"1\" class=\"wpex-align-middle skip-lazy\" src=\"https:\/\/home.agrian.com\/wp-content\/uploads\/2020\/09\/EqPartners_AgOtter@2x.jpg\" alt=\"\" width=\"302\" height=\"208\" \/><\/figure><\/div><div class=\"wpex-carousel-slide\"><figure class=\"wpex-carousel-entry-media entry-media\"><img loading=\"lazy\" decoding=\"async\" data-no-lazy=\"1\" class=\"wpex-align-middle skip-lazy\" src=\"https:\/\/home.agrian.com\/wp-content\/uploads\/2020\/09\/EqPartners_slingshot@2x.jpg\" alt=\"\" width=\"302\" height=\"208\" \/><\/figure><\/div><div class=\"wpex-carousel-slide\"><figure class=\"wpex-carousel-entry-media entry-media\"><img loading=\"lazy\" decoding=\"async\" data-no-lazy=\"1\" class=\"wpex-align-middle skip-lazy\" src=\"https:\/\/home.agrian.com\/wp-content\/uploads\/2020\/09\/EqPartners_ClimateFieldview@2x.jpg\" alt=\"\" width=\"302\" height=\"208\" \/><\/figure><\/div><\/div><div class=\"vcex-module wpex-carousel wpex-carousel-images wpex-clr owl-carousel hidden-phone\" data-wpex-carousel=\"{&quot;nav&quot;:false,&quot;dots&quot;:false,&quot;autoplay&quot;:false,&quot;loop&quot;:false,&quot;center&quot;:false,&quot;smartSpeed&quot;:1800,&quot;items&quot;:4,&quot;slideBy&quot;:1,&quot;autoplayTimeout&quot;:5000,&quot;margin&quot;:20,&quot;itemsTablet&quot;:4,&quot;itemsMobileLandscape&quot;:2,&quot;itemsMobilePortrait&quot;:2,&quot;autoWidth&quot;:false,&quot;autoHeight&quot;:false}\"><div class=\"wpex-carousel-slide\"><figure class=\"wpex-carousel-entry-media entry-media\"><img loading=\"lazy\" decoding=\"async\" data-no-lazy=\"1\" class=\"wpex-align-middle skip-lazy\" src=\"https:\/\/home.agrian.com\/wp-content\/uploads\/2020\/09\/EqPartners_ClimateFieldview@2x.jpg\" alt=\"\" width=\"302\" height=\"208\" \/><\/figure><\/div><div class=\"wpex-carousel-slide\"><figure class=\"wpex-carousel-entry-media entry-media\"><img loading=\"lazy\" decoding=\"async\" data-no-lazy=\"1\" class=\"wpex-align-middle skip-lazy\" src=\"https:\/\/home.agrian.com\/wp-content\/uploads\/2020\/09\/EqPartners_AgOtter@2x.jpg\" alt=\"\" width=\"302\" height=\"208\" \/><\/figure><\/div><div class=\"wpex-carousel-slide\"><figure class=\"wpex-carousel-entry-media entry-media\"><img loading=\"lazy\" decoding=\"async\" data-no-lazy=\"1\" class=\"wpex-align-middle skip-lazy\" src=\"https:\/\/home.agrian.com\/wp-content\/uploads\/2020\/09\/EqPartners_slingshot@2x.jpg\" alt=\"\" width=\"302\" height=\"208\" \/><\/figure><\/div><div class=\"wpex-carousel-slide\"><figure class=\"wpex-carousel-entry-media entry-media\"><img loading=\"lazy\" decoding=\"async\" data-no-lazy=\"1\" class=\"wpex-align-middle skip-lazy\" src=\"https:\/\/home.agrian.com\/wp-content\/uploads\/2020\/09\/EqPartners_JohnDeere@2x.jpg\" alt=\"\" width=\"302\" height=\"208\" \/><\/figure><\/div><\/div>[\/vc_column][\/vc_row][vc_row css=\u00bb.vc_custom_1597085160937{margin-bottom: 60px !important;}\u00bb][vc_column width=\u00bb5\/12&#8243; offset=\u00bbvc_col-sm-offset-1&#8243;][vc_row_inner remove_bottom_col_margin=\u00bbtrue\u00bb][vc_column_inner width=\u00bb4\/5&#8243;][vc_single_image image=\u00bb3059&#8243; alignment=\u00bbcenter\u00bb onclick=\u00bbcustom_link\u00bb img_caption=\u00bbPrecision Ag is all about recognizing efficiencies. Whether it\u2019s recognizing optimal irrigation to maximize water usage or ensuring crops get the perfect amount of fertilizer\u2026.\u00bb el_class=\u00bbhover-image\u00bb link=\u00bb#\u00bb][\/vc_column_inner][\/vc_row_inner][vc_column_text css=\u00bb.vc_custom_1597776748448{margin-top: 20px !important;margin-bottom: 5px !important;}\u00bb]\n<h3><span class=\"blue-text\">Im\u00e1genes incluidas.<\/span><\/h3>\n[\/vc_column_text][vc_column_text css=\u00bb.vc_custom_1597776757977{margin-bottom: 15px !important;}\u00bb]Los usuarios de Agrian se benefician de funcionalidades avanzadas de im\u00e1genes.[\/vc_column_text]<a href=\"https:\/\/home.agrian.com\/2020\/09\/empower-field-insights-with-enhanced-imagery\/\" class=\"vcex-button theme-button inline\"><span class=\"theme-button-inner\">Leer m\u00e1s<\/span><\/a> [\/vc_column][vc_column width=\u00bb5\/12&#8243; offset=\u00bbvc_col-sm-offset-1&#8243;][vc_row_inner remove_bottom_col_margin=\u00bbtrue\u00bb][vc_column_inner width=\u00bb4\/5&#8243;][vc_single_image image=\u00bb3054&#8243; alignment=\u00bbcenter\u00bb onclick=\u00bbcustom_link\u00bb img_caption=\u00bbWith committed focus, Agrian\u2019s Next Generation Machine Data Platform makes good on the promise of seamless connectivity, once and for all\u2026\u00bb el_class=\u00bbhover-image\u00bb link=\u00bb#\u00bb][\/vc_column_inner][\/vc_row_inner][vc_column_text css=\u00bb.vc_custom_1597776837570{margin-top: 20px !important;margin-bottom: 5px !important;}\u00bb]\n<h3><span class=\"blue-text\">De la cosechadora a la nube.<\/span><\/h3>\n[\/vc_column_text][vc_column_text css=\u00bb.vc_custom_1597776826595{margin-bottom: 15px !important;}\u00bb]Datos del equipo precisos e inal\u00e1mbricos.[\/vc_column_text]<a href=\"https:\/\/home.agrian.com\/2020\/09\/simple-seamless-machine-data\/\" class=\"vcex-button theme-button inline\"><span class=\"theme-button-inner\">Leer m\u00e1s<\/span><\/a> [\/vc_column][\/vc_row][vc_row css=\u00bb.vc_custom_1597085244401{margin-bottom: 20px !important;}\u00bb][vc_column width=\u00bb5\/6&#8243; offset=\u00bbvc_col-sm-offset-1&#8243; css=\u00bb.vc_custom_1597779057784{margin-bottom: 0px !important;}\u00bb][vc_row_inner content_placement=\u00bbmiddle\u00bb][vc_column_inner el_class=\u00bbtext-smd-center\u00bb width=\u00bb1\/2&#8243;]<figure class=\"vcex-image vcex-module wpex-clr\"><div class=\"vcex-image-inner wpex-inline-block wpex-relative\" style=\"max-width:234px;\"><img decoding=\"async\" loading=\"lazy\" class=\"wpex-w-100 wpex-align-middle\" src=\"https:\/\/home.agrian.com\/wp-content\/uploads\/2020\/08\/Group-187@2x.png\" alt=\"\" width=\"468\" height=\"417\" \/><\/div><\/figure>[\/vc_column_inner][vc_column_inner width=\u00bb1\/2&#8243;][vc_column_text css=\u00bb.vc_custom_1597085349722{margin-bottom: 30px !important;}\u00bb]\n<h3>Controle sus datos. Tenga la propiedad de sus datos.<\/h3>\n[\/vc_column_text][vc_column_text]Con la propiedad de sus datos, viene el control y la privacidad. Determine los permisos sin contratiempos y decida qui\u00e9n y qu\u00e9 puede acceder a los datos de los cultivos. No al rev\u00e9s.[\/vc_column_text][\/vc_column_inner][\/vc_row_inner]<div class=\"vcex-spacing wpex-w-100 wpex-clear hidden-phone\" style=\"height:40px\"><\/div>[\/vc_column][\/vc_row][vc_row css=\u00bb.vc_custom_1597779128838{margin-bottom: 20px !important;}\u00bb][vc_column width=\u00bb5\/6&#8243; offset=\u00bbvc_col-sm-offset-1&#8243; css=\u00bb.vc_custom_1597779159159{margin-bottom: 0px !important;}\u00bb][vc_row_inner content_placement=\u00bbmiddle\u00bb columns_right=\u00bbyes\u00bb][vc_column_inner el_class=\u00bbinterlay-images interlay-single text-smd-center text-right\u00bb width=\u00bb1\/2&#8243;]<figure class=\"vcex-image vcex-module wpex-clr textright interlay-image first-overlay placeholder text-sm-center\"><div class=\"vcex-image-inner wpex-inline-block wpex-relative\" style=\"max-width:248px;\"><img decoding=\"async\" loading=\"lazy\" class=\"wpex-w-100 wpex-align-middle\" src=\"https:\/\/home.agrian.com\/wp-content\/uploads\/2020\/08\/Group-184@2x.png\" alt=\"\" width=\"497\" height=\"458\" \/><\/div><\/figure><figure class=\"vcex-image vcex-module wpex-clr textright interlay-image second-overlay text-sm-center\"><div class=\"vcex-image-inner wpex-inline-block wpex-relative\" style=\"max-width:248px;\"><img decoding=\"async\" loading=\"lazy\" class=\"wpex-w-100 wpex-align-middle\" src=\"https:\/\/home.agrian.com\/wp-content\/uploads\/2020\/08\/Group-184@2x.png\" alt=\"\" width=\"497\" height=\"458\" \/><\/div><\/figure>[\/vc_column_inner][vc_column_inner width=\u00bb1\/2&#8243;][vc_column_text css=\u00bb.vc_custom_1597085503344{margin-bottom: 30px !important;}\u00bb]\n<h3>Conecte sus datos y logre eficiencias como nunca antes<\/h3>\n[\/vc_column_text][vc_column_text]La agricultura funciona con datos confiables, y la eficacia de su negocio depende de la capacidad de utilizarlos. Con la automatizaci\u00f3n de MODUS, docenas de laboratorios se conectan directamente al sistema utilizando el formato estandarizado de MODUS que les permite cargar los resultados directamente en el software.<br \/>\n<span class=\"small-gray\"><a href=\"#\">Obtenga m\u00e1s informaci\u00f3n&gt;&gt;<\/a><\/span>[\/vc_column_text][\/vc_column_inner][\/vc_row_inner]<div class=\"vcex-spacing wpex-w-100 wpex-clear hidden-phone\" style=\"height:70px\"><\/div>[\/vc_column][\/vc_row][vc_row content_placement=\u00bbmiddle\u00bb typography_style=\u00bbwhite\u00bb remove_bottom_col_margin=\u00bbtrue\u00bb css=\u00bb.vc_custom_1597086080547{margin-bottom: 80px !important;padding-top: 40px !important;padding-right: 5px !important;padding-bottom: 30px !important;padding-left: 5px !important;background-color: #505257 !important;}\u00bb][vc_column width=\u00bb2\/3&#8243;][vc_column_text css=\u00bb.vc_custom_1594219012312{margin-bottom: 10px !important;}\u00bb text_align=\u00bbcenter\u00bb]\n<h2>\u00bfPosible <strong>oportunidad de asociaci\u00f3n?<\/strong><\/h2>\n[\/vc_column_text]<div class=\"vcex-spacing wpex-w-100 wpex-clear visible-phone\" style=\"height:10px\"><\/div>[\/vc_column][vc_column width=\u00bb1\/3&#8243; offset=\u00bbvc_col-md-4&#8243;][vc_row_inner][vc_column_inner width=\u00bb11\/12&#8243; offset=\u00bbvc_col-md-4\/5 vc_col-sm-offset-1 vc_col-xs-12&#8243;][vc_column_text css=\u00bb.vc_custom_1594219240426{margin-bottom: 20px !important;}\u00bb el_class=\u00bbtext-sm-center\u00bb]\u00a1Las empresas de agrotecnolog\u00eda que desean saber m\u00e1s sobre c\u00f3mo asociarse con Agrian pueden contactarnos![\/vc_column_text]<a href=\"\/es\/contact\/?ref=other\" class=\"vcex-button theme-button inline reverse-button text-sd-center\"><span class=\"theme-button-inner\">Contacto<\/span><\/a> [\/vc_column_inner][\/vc_row_inner][\/vc_column][\/vc_row]\n","protected":false},"excerpt":{"rendered":"<p>[vc_row parallax=\u00bbcontent-moving\u00bb tablet_fullwidth_cols=\u00bbyes\u00bb css=\u00bb.vc_custom_1600739219690{padding-top: 100px !important;padding-bottom: 50px !important;background-image: url(https:\/\/home.agrian.com\/wp-content\/uploads\/2020\/08\/iStock-835934784@2x.jpg?id=540) !important;background-position: center;background-repeat: no-repeat !important;background-size: cover !important;}\u00bb min_height=\u00bb256px\u00bb][vc_column width=\u00bb1\/2&#8243;][vc_column_text el_class=\u00bbtext-ticker textright text-smd-center center-mobile\u00bb] Usted hace crecer sus cultivos. sus clientes. su impacto. sus ventas. su eficiencia. sus funcionalidades. su eficacia. su negocio.&hellip;<\/p>\n","protected":false},"author":7,"featured_media":0,"parent":0,"menu_order":0,"comment_status":"closed","ping_status":"closed","template":"","meta":{"footnotes":""},"yoast_head":"<!-- This site is optimized with the Yoast SEO plugin v15.6.2 - https:\/\/yoast.com\/wordpress\/plugins\/seo\/ -->\n<title>Integraci\u00f3n y socios - TELUS Agronomy<\/title>\n<meta name=\"robots\" content=\"index, follow, max-snippet:-1, max-image-preview:large, max-video-preview:-1\" \/>\n<link rel=\"canonical\" href=\"https:\/\/home.agrian.com\/es\/integrations-partners\/\" \/>\n<meta property=\"og:locale\" content=\"es_ES\" \/>\n<meta property=\"og:type\" content=\"article\" \/>\n<meta property=\"og:title\" content=\"Integraci\u00f3n y socios - TELUS Agronomy\" \/>\n<meta property=\"og:description\" content=\"[vc_row parallax=\u00bbcontent-moving\u00bb tablet_fullwidth_cols=\u00bbyes\u00bb css=\u00bb.vc_custom_1600739219690{padding-top: 100px !important;padding-bottom: 50px !important;background-image: url(https:\/\/home.agrian.com\/wp-content\/uploads\/2020\/08\/iStock-835934784@2x.jpg?id=540) !important;background-position: center;background-repeat: no-repeat !important;background-size: cover !important;}\u00bb min_height=\u00bb256px\u00bb][vc_column width=\u00bb1\/2&#8243;][vc_column_text el_class=\u00bbtext-ticker textright text-smd-center center-mobile\u00bb] Usted hace crecer sus cultivos. sus clientes. su impacto. sus ventas. su eficiencia. sus funcionalidades. su eficacia. su negocio.&hellip;\" \/>\n<meta property=\"og:url\" content=\"https:\/\/home.agrian.com\/es\/integrations-partners\/\" \/>\n<meta property=\"og:site_name\" content=\"TELUS Agronomy\" \/>\n<meta property=\"article:modified_time\" content=\"2021-03-23T22:14:19+00:00\" \/>\n<meta name=\"twitter:card\" content=\"summary\" \/>\n<meta name=\"twitter:label1\" content=\"Tiempo de lectura\">\n\t<meta name=\"twitter:data1\" content=\"5 minutos\">\n<script type=\"application\/ld+json\" class=\"yoast-schema-graph\">{\"@context\":\"https:\/\/schema.org\",\"@graph\":[{\"@type\":\"WebSite\",\"@id\":\"http:\/\/home.agrian.com\/#website\",\"url\":\"http:\/\/home.agrian.com\/\",\"name\":\"TELUS Agronomy\",\"description\":\"\",\"potentialAction\":[{\"@type\":\"SearchAction\",\"target\":\"http:\/\/home.agrian.com\/?s={search_term_string}\",\"query-input\":\"required name=search_term_string\"}],\"inLanguage\":\"es\"},{\"@type\":\"WebPage\",\"@id\":\"https:\/\/home.agrian.com\/es\/integrations-partners\/#webpage\",\"url\":\"https:\/\/home.agrian.com\/es\/integrations-partners\/\",\"name\":\"Integraci\\u00f3n y socios - TELUS Agronomy\",\"isPartOf\":{\"@id\":\"http:\/\/home.agrian.com\/#website\"},\"datePublished\":\"2021-02-17T18:04:04+00:00\",\"dateModified\":\"2021-03-23T22:14:19+00:00\",\"breadcrumb\":{\"@id\":\"https:\/\/home.agrian.com\/es\/integrations-partners\/#breadcrumb\"},\"inLanguage\":\"es\",\"potentialAction\":[{\"@type\":\"ReadAction\",\"target\":[\"https:\/\/home.agrian.com\/es\/integrations-partners\/\"]}]},{\"@type\":\"BreadcrumbList\",\"@id\":\"https:\/\/home.agrian.com\/es\/integrations-partners\/#breadcrumb\",\"itemListElement\":[{\"@type\":\"ListItem\",\"position\":1,\"item\":{\"@type\":\"WebPage\",\"@id\":\"https:\/\/home.agrian.com\/es\/integrations-partners\/\",\"url\":\"https:\/\/home.agrian.com\/es\/integrations-partners\/\",\"name\":\"Integraci\\u00f3n y socios\"}}]}]}<\/script>\n<!-- \/ Yoast SEO plugin. -->","_links":{"self":[{"href":"https:\/\/home.agrian.com\/es\/wp-json\/wp\/v2\/pages\/3016"}],"collection":[{"href":"https:\/\/home.agrian.com\/es\/wp-json\/wp\/v2\/pages"}],"about":[{"href":"https:\/\/home.agrian.com\/es\/wp-json\/wp\/v2\/types\/page"}],"author":[{"embeddable":true,"href":"https:\/\/home.agrian.com\/es\/wp-json\/wp\/v2\/users\/7"}],"replies":[{"embeddable":true,"href":"https:\/\/home.agrian.com\/es\/wp-json\/wp\/v2\/comments?post=3016"}],"version-history":[{"count":4,"href":"https:\/\/home.agrian.com\/es\/wp-json\/wp\/v2\/pages\/3016\/revisions"}],"predecessor-version":[{"id":6093,"href":"https:\/\/home.agrian.com\/es\/wp-json\/wp\/v2\/pages\/3016\/revisions\/6093"}],"wp:attachment":[{"href":"https:\/\/home.agrian.com\/es\/wp-json\/wp\/v2\/media?parent=3016"}],"curies":[{"name":"wp","href":"https:\/\/api.w.org\/{rel}","templated":true}]}}