{"id":3008,"date":"2021-02-17T12:03:43","date_gmt":"2021-02-17T18:03:43","guid":{"rendered":"https:\/\/home.agrian.com\/product-provider\/"},"modified":"2021-03-23T17:14:05","modified_gmt":"2021-03-23T22:14:05","slug":"product-provider","status":"publish","type":"page","link":"https:\/\/home.agrian.com\/es\/product-provider\/","title":{"rendered":"Proveedor del producto"},"content":{"rendered":"[vc_row remove_bottom_col_margin=\u00bbtrue\u00bb][vc_column width=\u00bb1\/2&#8243; el_class=\u00bbparallax-column\u00bb min_height=\u00bb247px\u00bb]<figure class=\"vcex-image vcex-module wpex-clr background-parallax\"><div class=\"vcex-image-inner wpex-inline-block wpex-relative\"><img decoding=\"async\" loading=\"lazy\" class=\"wpex-w-100 wpex-align-middle\" src=\"https:\/\/home.agrian.com\/wp-content\/uploads\/2020\/08\/Background@2x@2x.jpg\" alt=\"\" width=\"1168\" height=\"464\" \/><\/div><\/figure>[\/vc_column][vc_column width=\u00bb1\/2&#8243;]<figure class=\"vcex-image vcex-module wpex-clr\"><div class=\"vcex-image-inner wpex-inline-block wpex-relative vc_custom_1596822977762\"><img decoding=\"async\" loading=\"lazy\" class=\"wpex-w-100 wpex-align-middle\" src=\"https:\/\/home.agrian.com\/wp-content\/uploads\/2020\/08\/Group-120.svg\" alt=\"\" \/><\/div><\/figure>[vc_column_text]\n<h2>La industria agr\u00edcola exige consistencia. Y eso es lo que entregaremos <strong>juntos. <\/strong><\/h2>\n<p>A los clientes no les importa lo que se necesita para que un producto funcione, solo les importa que funcione y esperan una funcionalidad impecable y confiable. Juntos, Agrian se asocia con los proveedores del producto para cumplir con esta promesa. Sus clientes se beneficiar\u00e1n del recurso de datos sobre agricultura m\u00e1s completo, respaldado por la mejor base de datos de b\u00fasqueda de etiquetas de la industria.[\/vc_column_text][\/vc_column][\/vc_row][vc_row css=\u00bb.vc_custom_1597083247623{margin-top: 30px !important;margin-bottom: 20px !important;}\u00bb][vc_column]<div class=\"vcex-spacing wpex-w-100 wpex-clear visible-phone\" style=\"height:40px\"><\/div>[vc_row_inner][vc_column_inner width=\u00bb5\/6&#8243;][vc_column_text]\n<h2>Sin necesidad de descargar un nuevo software y con una funcionalidad intuitiva, la plataforma Agrian trabaja de forma sencilla para sus clientes y crea relaciones significativas y duraderas para usted.<\/h2>\n[\/vc_column_text][\/vc_column_inner][\/vc_row_inner][vc_tour interval=\u00bb0&#8243;][vc_tab title=\u00bbB\u00fasqueda de etiquetas de Agrian\u00bb tab_id=\u00bb35d6958f-91df-415966675617691596821631484&#8243;][vc_column_text]Las mejores pr\u00e1cticas comienzan con la b\u00fasqueda de etiquetas de Agrian. Precisa, r\u00e1pida y gratuita para todos, incluidos los fabricantes, sirve como un importante recurso de la industria. Es la mayor y m\u00e1s completa del sector, y est\u00e1 respaldada por m\u00e1s de 500 fabricantes participantes para garantizar que sus clientes utilicen sus productos de forma segura, eficiente y eficaz. Cada entrada incluye la etiqueta del fabricante y los documentos de apoyo, incluyendo la hoja de datos de seguridad (Safety Data Sheet, SDS), la Secci\u00f3n 24c, la etiqueta 2EE y los certificados org\u00e1nicos. Tambi\u00e9n puede integrar la funci\u00f3n de b\u00fasqueda de etiquetas de forma gratuita en su sitio web o anunciarse en ella.[\/vc_column_text][\/vc_tab][vc_tab title=\u00bbPlataforma modular\u00bb tab_id=\u00bb109125ea-a291-815966675617691596821631484&#8243;][vc_column_text]Estamos listos para integrarnos y asociarnos. Parte de la promesa principal de Agrian es servir como un excelente socio, un compromiso adquirido por dise\u00f1o. Entendemos la necesidad de las asociaciones con terceros para salvar la brecha entre las pr\u00e1cticas agron\u00f3micas y de gesti\u00f3n de datos, por lo que hemos creado una plataforma modular y f\u00e1cil de integrar, para que sus clientes puedan beneficiarse de que su servicio est\u00e9 respaldado por la informaci\u00f3n y la conexi\u00f3n adecuadas.[\/vc_column_text][\/vc_tab][vc_tab title=\u00bbEquipo\u00bb tab_id=\u00bb1596666395200-2-615966675617691596821631484&#8243;][vc_column_text]Se espera que el equipo ejecute y complete los planes mientras supervisa y recopila nuevos datos. La profunda integraci\u00f3n de Agrian con los principales fabricantes de equipos completa y simplifica el ciclo de datos. Agrian es compatible con los est\u00e1ndares de interoperabilidad de la industria tales como las herramientas de programaci\u00f3n de aplicaciones de datos agr\u00edcolas ADAPT de AgGateway y las normas ISO. Sin embargo, algunas empresas van m\u00e1s all\u00e1 al autorizar el uso de los datos de referencia de Agrian con el fin de mejorar la precisi\u00f3n y fiabilidad de los datos obtenidos. Las grandes operaciones agr\u00edcolas y los proveedores de servicios ven un gran valor y eficiencia en todos los pasos del proceso agron\u00f3mico utilizando los mismos datos de referencia.[\/vc_column_text][\/vc_tab][\/vc_tour][\/vc_column][\/vc_row][vc_row content_placement=\u00bbmiddle\u00bb column_spacing=\u00bb0px\u00bb css=\u00bb.vc_custom_1597355599465{padding-top: 40px !important;padding-bottom: 60px !important;}\u00bb][vc_column width=\u00bb2\/3&#8243;][\/vc_column][vc_column width=\u00bb1\/3&#8243; css=\u00bb.vc_custom_1594060673005{border-top-width: 4px !important;border-right-width: 4px !important;border-bottom-width: 4px !important;border-left-width: 4px !important;padding-top: 20px !important;padding-right: 20px !important;padding-bottom: 20px !important;padding-left: 20px !important;border-left-color: #65869c !important;border-left-style: solid !important;border-right-color: #65869c !important;border-right-style: solid !important;border-top-color: #65869c !important;border-top-style: solid !important;border-bottom-color: #65869c !important;border-bottom-style: solid !important;}\u00bb el_class=\u00bbmore-blogs\u00bb][vc_column_text text_align=\u00bbcenter\u00bb css=\u00bb.vc_custom_1614036550867{margin-bottom: 20px !important;}\u00bb el_class=\u00bbblue-header\u00bb]\n<h1><strong>Coloque su promoci\u00f3n en<\/strong><br \/>\n<strong>Agrian<\/strong><\/h1>\n[\/vc_column_text]<div class=\"textcenter theme-button-wrap wpex-clr\"><a href=\"#advertise-popup\" class=\"vcex-button theme-button align-center inline reverse-button wpex-lightbox\"><span class=\"theme-button-inner\">Obtenga m\u00e1s informaci\u00f3n<\/span><\/a><\/div> [\/vc_column][\/vc_row][vc_row typography_style=\u00bbwhite\u00bb remove_bottom_col_margin=\u00bbtrue\u00bb visibility=\u00bbhidden\u00bb el_id=\u00bbadvertise-popup\u00bb css=\u00bb.vc_custom_1597356525085{background-color: #1d428a !important;}\u00bb][vc_column offset=\u00bbvc_col-sm-offset-0&#8243;][vc_row_inner][vc_column_inner width=\u00bb1\/2&#8243;]<figure class=\"vcex-image vcex-module wpex-clr\"><div class=\"vcex-image-inner wpex-inline-block wpex-relative vc_custom_1601067049906\" style=\"max-width:138px;\"><img decoding=\"async\" loading=\"lazy\" class=\"wpex-w-100 wpex-align-middle\" src=\"https:\/\/home.agrian.com\/wp-content\/uploads\/2020\/07\/logo-white-header.svg\" alt=\"\" \/><\/div><\/figure>[vc_column_text]La oferta publicitaria de Agrian les ofrece a los fabricantes la oportunidad de promocionar sus productos a trav\u00e9s de anuncios publicitarios y enlaces a informaci\u00f3n promocional en varias \u00e1reas de las herramientas de Agrian.<\/p>\n<p>Llegue a un p\u00fablico \u00fanico y muy espec\u00edfico de consultores de cultivos, productores y procesadores que se desempe\u00f1an activamente en el ciclo de compra y son receptivos a ofertas e informaci\u00f3n \u00fatil.[\/vc_column_text][\/vc_column_inner][vc_column_inner width=\u00bb1\/2&#8243;]<div class=\"vcex-spacing wpex-w-100 wpex-clear hidden-phone\" style=\"height:33px\"><\/div>[vc_column_text el_class=\u00bbno-link\u00bb]\n<h3>Contacto<br \/>\n<a href=\"mailto:Marketing@Agrian.com\">Marketing@Agrian.com<\/a> hoy para conocer m\u00e1s sobre nuestras selectas opciones de publicidad.<\/h3>\n[\/vc_column_text][\/vc_column_inner][\/vc_row_inner][\/vc_column][\/vc_row]\n","protected":false},"excerpt":{"rendered":"<p>[vc_row remove_bottom_col_margin=\u00bbtrue\u00bb][vc_column width=\u00bb1\/2&#8243; el_class=\u00bbparallax-column\u00bb min_height=\u00bb247px\u00bb][\/vc_column][vc_column width=\u00bb1\/2&#8243;][vc_column_text] La industria agr\u00edcola exige consistencia. Y eso es lo que entregaremos juntos. A los clientes no les importa lo que se necesita para que un producto funcione, solo les importa que funcione y esperan&hellip;<\/p>\n","protected":false},"author":7,"featured_media":0,"parent":0,"menu_order":0,"comment_status":"closed","ping_status":"closed","template":"","meta":{"footnotes":""},"yoast_head":"<!-- This site is optimized with the Yoast SEO plugin v15.6.2 - https:\/\/yoast.com\/wordpress\/plugins\/seo\/ -->\n<title>Proveedor del producto - TELUS Agronomy<\/title>\n<meta name=\"robots\" content=\"index, follow, max-snippet:-1, max-image-preview:large, max-video-preview:-1\" \/>\n<link rel=\"canonical\" href=\"https:\/\/home.agrian.com\/es\/product-provider\/\" \/>\n<meta property=\"og:locale\" content=\"es_ES\" \/>\n<meta property=\"og:type\" content=\"article\" \/>\n<meta property=\"og:title\" content=\"Proveedor del producto - TELUS Agronomy\" \/>\n<meta property=\"og:description\" content=\"[vc_row remove_bottom_col_margin=\u00bbtrue\u00bb][vc_column width=\u00bb1\/2&#8243; el_class=\u00bbparallax-column\u00bb min_height=\u00bb247px\u00bb][\/vc_column][vc_column width=\u00bb1\/2&#8243;][vc_column_text] La industria agr\u00edcola exige consistencia. Y eso es lo que entregaremos juntos. A los clientes no les importa lo que se necesita para que un producto funcione, solo les importa que funcione y esperan&hellip;\" \/>\n<meta property=\"og:url\" content=\"https:\/\/home.agrian.com\/es\/product-provider\/\" \/>\n<meta property=\"og:site_name\" content=\"TELUS Agronomy\" \/>\n<meta property=\"article:modified_time\" content=\"2021-03-23T22:14:05+00:00\" \/>\n<meta name=\"twitter:card\" content=\"summary\" \/>\n<meta name=\"twitter:label1\" content=\"Tiempo de lectura\">\n\t<meta name=\"twitter:data1\" content=\"3 minutos\">\n<script type=\"application\/ld+json\" class=\"yoast-schema-graph\">{\"@context\":\"https:\/\/schema.org\",\"@graph\":[{\"@type\":\"WebSite\",\"@id\":\"http:\/\/home.agrian.com\/#website\",\"url\":\"http:\/\/home.agrian.com\/\",\"name\":\"TELUS Agronomy\",\"description\":\"\",\"potentialAction\":[{\"@type\":\"SearchAction\",\"target\":\"http:\/\/home.agrian.com\/?s={search_term_string}\",\"query-input\":\"required name=search_term_string\"}],\"inLanguage\":\"es\"},{\"@type\":\"WebPage\",\"@id\":\"https:\/\/home.agrian.com\/es\/product-provider\/#webpage\",\"url\":\"https:\/\/home.agrian.com\/es\/product-provider\/\",\"name\":\"Proveedor del producto - TELUS Agronomy\",\"isPartOf\":{\"@id\":\"http:\/\/home.agrian.com\/#website\"},\"datePublished\":\"2021-02-17T18:03:43+00:00\",\"dateModified\":\"2021-03-23T22:14:05+00:00\",\"breadcrumb\":{\"@id\":\"https:\/\/home.agrian.com\/es\/product-provider\/#breadcrumb\"},\"inLanguage\":\"es\",\"potentialAction\":[{\"@type\":\"ReadAction\",\"target\":[\"https:\/\/home.agrian.com\/es\/product-provider\/\"]}]},{\"@type\":\"BreadcrumbList\",\"@id\":\"https:\/\/home.agrian.com\/es\/product-provider\/#breadcrumb\",\"itemListElement\":[{\"@type\":\"ListItem\",\"position\":1,\"item\":{\"@type\":\"WebPage\",\"@id\":\"https:\/\/home.agrian.com\/es\/product-provider\/\",\"url\":\"https:\/\/home.agrian.com\/es\/product-provider\/\",\"name\":\"Proveedor del producto\"}}]}]}<\/script>\n<!-- \/ Yoast SEO plugin. -->","_links":{"self":[{"href":"https:\/\/home.agrian.com\/es\/wp-json\/wp\/v2\/pages\/3008"}],"collection":[{"href":"https:\/\/home.agrian.com\/es\/wp-json\/wp\/v2\/pages"}],"about":[{"href":"https:\/\/home.agrian.com\/es\/wp-json\/wp\/v2\/types\/page"}],"author":[{"embeddable":true,"href":"https:\/\/home.agrian.com\/es\/wp-json\/wp\/v2\/users\/7"}],"replies":[{"embeddable":true,"href":"https:\/\/home.agrian.com\/es\/wp-json\/wp\/v2\/comments?post=3008"}],"version-history":[{"count":5,"href":"https:\/\/home.agrian.com\/es\/wp-json\/wp\/v2\/pages\/3008\/revisions"}],"predecessor-version":[{"id":6091,"href":"https:\/\/home.agrian.com\/es\/wp-json\/wp\/v2\/pages\/3008\/revisions\/6091"}],"wp:attachment":[{"href":"https:\/\/home.agrian.com\/es\/wp-json\/wp\/v2\/media?parent=3008"}],"curies":[{"name":"wp","href":"https:\/\/api.w.org\/{rel}","templated":true}]}}