{"id":2779,"date":"2021-02-17T12:00:35","date_gmt":"2021-02-17T18:00:35","guid":{"rendered":"https:\/\/home.agrian.com\/food-companies\/"},"modified":"2021-03-23T17:13:55","modified_gmt":"2021-03-23T22:13:55","slug":"food-companies","status":"publish","type":"page","link":"https:\/\/home.agrian.com\/es\/food-companies\/","title":{"rendered":"Empresa de alimentos"},"content":{"rendered":"[vc_row content_placement=\u00bbmiddle\u00bb remove_bottom_col_margin=\u00bbtrue\u00bb][vc_column width=\u00bb1\/2&#8243; el_class=\u00bbparallax-column\u00bb]<figure class=\"vcex-image vcex-module wpex-clr background-parallax parallax-up\"><div class=\"vcex-image-inner wpex-inline-block wpex-relative\"><img decoding=\"async\" loading=\"lazy\" class=\"wpex-w-100 wpex-align-middle\" src=\"https:\/\/home.agrian.com\/wp-content\/uploads\/2020\/08\/Orchard_BG@2x.jpg\" alt=\"\" width=\"2336\" height=\"1328\" \/><\/div><\/figure><figure class=\"vcex-image vcex-module wpex-clr foreground-parallax parallax-down\"><div class=\"vcex-image-inner wpex-inline-block wpex-relative vc_custom_1597677164986\"><img decoding=\"async\" loading=\"lazy\" class=\"wpex-w-100 wpex-align-middle\" src=\"https:\/\/home.agrian.com\/wp-content\/uploads\/2020\/08\/isolated_apple@2x.png\" alt=\"\" width=\"1992\" height=\"1283\" \/><\/div><\/figure>[\/vc_column][vc_column width=\u00bb1\/2&#8243; css=\u00bb.vc_custom_1597679313316{padding-bottom: 30px !important;}\u00bb]<figure class=\"vcex-image vcex-module wpex-clr\"><div class=\"vcex-image-inner wpex-inline-block wpex-relative vc_custom_1597081614436\" style=\"max-width:41px;\"><img decoding=\"async\" loading=\"lazy\" class=\"wpex-w-100 wpex-align-middle\" src=\"https:\/\/home.agrian.com\/wp-content\/uploads\/2020\/08\/greenfood.svg\" alt=\"\" \/><\/div><\/figure>[vc_column_text el_class=\u00bbgreen-header\u00bb]\n<h2>Del campo <span class=\"green-text\"><strong>a la mesa. <\/strong><\/span><\/h2>\n<p>Para el mundo de los consumidores, la trazabilidad de la cadena alimentaria parece muy sencilla, pero para los que nos encargamos de ella, sabemos que es un tema muy complejo. Requiere normas coherentes y tecnolog\u00eda avanzada para responder a todas las demandas de recopilaci\u00f3n de informaci\u00f3n de nuestra cadena alimentaria actual.[\/vc_column_text][\/vc_column][\/vc_row][vc_row css=\u00bb.vc_custom_1596821790697{margin-bottom: 20px !important;}\u00bb][vc_column]<div class=\"vcex-spacing wpex-w-100 wpex-clear hide-at-mm-breakpoint\" style=\"height:20px\"><\/div><div class=\"vcex-spacing wpex-w-100 wpex-clear show-at-mm-breakpoint\" style=\"height:60px\"><\/div>[vc_row_inner][vc_column_inner width=\u00bb7\/12&#8243;][vc_column_text]\n<h2>Agrian tiene funciones especiales dise\u00f1adas espec\u00edficamente para las empresas de alimentos.<\/h2>\n[\/vc_column_text][\/vc_column_inner][\/vc_row_inner][vc_tour interval=\u00bb0&#8243; el_class=\u00bbgreen\u00bb][vc_tab title=\u00bbGesti\u00f3n de productores\u00bb tab_id=\u00bb35d6958f-91df-415966675617691596821631484&#8243;][vc_column_text css=\u00bb.vc_custom_1594233765277{margin-bottom: 10px !important;}\u00bb]<span class=\"green-text\"><strong>Comparta los datos de las cosechas a nivel de campo entre los productores, los procesadores y las agencias de informes gubernamentales de una manera segura y con gran precisi\u00f3n.<\/strong><\/span>[\/vc_column_text][vc_column_text]Los procesadores suelen trabajar con cientos de productores, sus asesores de cultivos y aplicadores. Agrian simplifica las comunicaciones entre estos integrantes, lo que permite que todos utilicen el sistema Agrian para introducir su informaci\u00f3n en un \u00fanico repositorio. Es una soluci\u00f3n f\u00e1cil y flexible: su cuenta de procesador Agrian puede vincularse con cualquier productor, asesor de cultivos o aplicador.[\/vc_column_text][\/vc_tab][vc_tab title=\u00bbMantenimiento de registros y cumplimiento\u00bb tab_id=\u00bb109125ea-a291-815966675617691596821631484&#8243;][vc_column_text css=\u00bb.vc_custom_1596821686145{margin-bottom: 10px !important;}\u00bb]<strong>Digitalice su mantenimiento de registros y automatice las revisiones de cumplimiento para proteger su empresa.<\/strong>[\/vc_column_text][vc_column_text]Para los procesadores, la \u00e9poca de cosecha significa un aumento de la actividad y gran cantidad de tr\u00e1mites. Agrian optimiza la transmisi\u00f3n electr\u00f3nica de datos y proporciona una s\u00f3lida comprobaci\u00f3n electr\u00f3nica del cumplimiento de todos los datos presentados por los productores, los asesores de cultivos y los aplicadores en la cosecha y durante toda la temporada. Agrian reduce el riesgo eliminando el elemento humano mediante el cotejo de la informaci\u00f3n presentada con las etiquetas aprobadas por los fabricantes o con los criterios de cumplimiento internos.[\/vc_column_text][\/vc_tab][vc_tab title=\u00bbMovilidad\u00bb tab_id=\u00bb1596666395200-2-615966675617691596821631484&#8243;][vc_column_text css=\u00bb.vc_custom_1596821713883{margin-bottom: 10px !important;}\u00bb]<strong>Nuestras funciones m\u00f3viles modernizar\u00e1n su flujo de trabajo inmediatamente.<\/strong>[\/vc_column_text][vc_column_text]Agrian Mobile permite a los procesadores desarrollar un mantenimiento de registros personalizados a los que pueden acceder f\u00e1cilmente los productores, los asesores de cultivos y los aplicadores en la oficina o directamente en el campo a trav\u00e9s de dispositivos m\u00f3viles. Los representantes de los productores pueden trazar un mapa, rastrear y registrar notas sobre cada visita al lugar de cultivo durante la temporada.[\/vc_column_text][\/vc_tab][\/vc_tour]<div class=\"vcex-spacing wpex-w-100 wpex-clear hide-at-mm-breakpoint\" style=\"height:50px\"><\/div>[\/vc_column][\/vc_row][vc_row full_width=\u00bbstretch_row\u00bb content_placement=\u00bbmiddle\u00bb parallax=\u00bbcontent-moving\u00bb typography_style=\u00bbwhite\u00bb css=\u00bb.vc_custom_1600739298873{padding-top: 105px !important;padding-bottom: 100px !important;background-image: url(https:\/\/home.agrian.com\/wp-content\/uploads\/2020\/08\/Group-227@2x.jpg?id=477) !important;background-position: center;background-repeat: no-repeat !important;background-size: cover !important;}\u00bb][vc_column width=\u00bb5\/12&#8243;]<div class=\"vcex-module vcex-milestone wpex-text-center wpex-clr\"><div class=\"vcex-milestone-inner wpex-inline-block\"><div class=\"vcex-milestone-desc\"><div class=\"vcex-milestone-number wpex-leading-none wpex-font-semibold wpex-text-gray-400\"><span class=\"vcex-milestone-time vcex-countup\" data-options=\"{&quot;startVal&quot;:0,&quot;endVal&quot;:200000,&quot;duration&quot;:2.5,&quot;decimals&quot;:0,&quot;separator&quot;:&quot;,&quot;,&quot;decimal&quot;:&quot;.&quot;}\">0<\/span><span class=\"vcex-milestone-after\">+<\/span><\/div><\/div><\/div><\/div>[\/vc_column][vc_column width=\u00bb7\/12&#8243;][vc_column_text]\n<h3>Con m\u00e1s de 200.000 usuarios, Agrian es la primera opci\u00f3n de la industria de alimentos para el rastreo, registro e intercambio de informaci\u00f3n.<\/h3>\n[\/vc_column_text][\/vc_column][\/vc_row][vc_row content_placement=\u00bbmiddle\u00bb column_spacing=\u00bb0px\u00bb css=\u00bb.vc_custom_1596822813054{padding-top: 40px !important;padding-bottom: 10px !important;}\u00bb][vc_column width=\u00bb2\/3&#8243;][\/vc_column][vc_column width=\u00bb1\/3&#8243; css=\u00bb.vc_custom_1594060673005{border-top-width: 4px !important;border-right-width: 4px !important;border-bottom-width: 4px !important;border-left-width: 4px !important;padding-top: 20px !important;padding-right: 20px !important;padding-bottom: 20px !important;padding-left: 20px !important;border-left-color: #65869c !important;border-left-style: solid !important;border-right-color: #65869c !important;border-right-style: solid !important;border-top-color: #65869c !important;border-top-style: solid !important;border-bottom-color: #65869c !important;border-bottom-style: solid !important;}\u00bb el_class=\u00bbmore-blogs\u00bb][vc_column_text text_align=\u00bbcenter\u00bb css=\u00bb.vc_custom_1594061659013{margin-bottom: 20px !important;}\u00bb el_class=\u00bbblue-header\u00bb]\n<h3>\u00bfEst\u00e1 interesado en<br \/>\nleer m\u00e1s publicaciones?<\/h3>\n[\/vc_column_text]<div class=\"textcenter theme-button-wrap wpex-clr\"><a href=\"http:\/\/home.agrian.com\/es\/company\/blog\/\" class=\"vcex-button theme-button align-center inline reverse-button\"><span class=\"theme-button-inner\">Obtenga m\u00e1s informaci\u00f3n<\/span><\/a><\/div> [\/vc_column][\/vc_row][vc_row remove_bottom_col_margin=\u00bbtrue\u00bb visibility=\u00bbvisible-phone\u00bb][vc_column]<div class=\"vcex-spacing wpex-w-100 wpex-clear\" style=\"height:30px\"><\/div>[\/vc_column][\/vc_row][vc_row full_width=\u00bbstretch_row\u00bb content_placement=\u00bbmiddle\u00bb css=\u00bb.vc_custom_1596493166978{padding-top: 60px !important;padding-right: 35px !important;padding-bottom: 20px !important;padding-left: 35px !important;background-color: #e8ecf4 !important;}\u00bb][vc_column width=\u00bb7\/12&#8243; offset=\u00bbvc_col-md-offset-1 vc_col-md-6 vc_col-sm-offset-0&#8243;]<div class=\"vcex-spacing wpex-w-100 wpex-clear hidden-phone\" style=\"height:30px\"><\/div>[vc_row_inner remove_bottom_col_margin=\u00bbtrue\u00bb columns_right=\u00bbyes\u00bb][vc_column_inner width=\u00bb3\/4&#8243;][vc_column_text el_class=\u00bbblue-header text-sm-center\u00bb]\n<h3>\u00bfEst\u00e1 interesado en hablar con alguien sobre c\u00f3mo podr\u00eda funcionar Agrian para usted?<\/h3>\n[\/vc_column_text][\/vc_column_inner][\/vc_row_inner]<div class=\"vcex-spacing wpex-w-100 wpex-clear hidden-phone\" style=\"height:30px\"><\/div>[\/vc_column][vc_column width=\u00bb1\/3&#8243; offset=\u00bbvc_col-sm-offset-1&#8243; el_class=\u00bbtext-sm-center\u00bb]<a href=\"\/es\/contact\/\" class=\"vcex-button theme-button inline\"><span class=\"theme-button-inner\">Solicite una demostraci\u00f3n<\/span><\/a> [\/vc_column][\/vc_row]\n","protected":false},"excerpt":{"rendered":"<p>[vc_row content_placement=\u00bbmiddle\u00bb remove_bottom_col_margin=\u00bbtrue\u00bb][vc_column width=\u00bb1\/2&#8243; el_class=\u00bbparallax-column\u00bb][\/vc_column][vc_column width=\u00bb1\/2&#8243; css=\u00bb.vc_custom_1597679313316{padding-bottom: 30px !important;}\u00bb][vc_column_text el_class=\u00bbgreen-header\u00bb] Del campo a la mesa. Para el mundo de los consumidores, la trazabilidad de la cadena alimentaria parece muy sencilla, pero para los que nos encargamos de ella, sabemos que&hellip;<\/p>\n","protected":false},"author":7,"featured_media":0,"parent":0,"menu_order":0,"comment_status":"closed","ping_status":"closed","template":"","meta":{"footnotes":""},"yoast_head":"<!-- This site is optimized with the Yoast SEO plugin v15.6.2 - https:\/\/yoast.com\/wordpress\/plugins\/seo\/ -->\n<title>Empresa de alimentos - TELUS Agronomy<\/title>\n<meta name=\"robots\" content=\"index, follow, max-snippet:-1, max-image-preview:large, max-video-preview:-1\" \/>\n<link rel=\"canonical\" href=\"https:\/\/home.agrian.com\/es\/food-companies\/\" \/>\n<meta property=\"og:locale\" content=\"es_ES\" \/>\n<meta property=\"og:type\" content=\"article\" \/>\n<meta property=\"og:title\" content=\"Empresa de alimentos - TELUS Agronomy\" \/>\n<meta property=\"og:description\" content=\"[vc_row content_placement=\u00bbmiddle\u00bb remove_bottom_col_margin=\u00bbtrue\u00bb][vc_column width=\u00bb1\/2&#8243; el_class=\u00bbparallax-column\u00bb][\/vc_column][vc_column width=\u00bb1\/2&#8243; css=\u00bb.vc_custom_1597679313316{padding-bottom: 30px !important;}\u00bb][vc_column_text el_class=\u00bbgreen-header\u00bb] Del campo a la mesa. Para el mundo de los consumidores, la trazabilidad de la cadena alimentaria parece muy sencilla, pero para los que nos encargamos de ella, sabemos que&hellip;\" \/>\n<meta property=\"og:url\" content=\"https:\/\/home.agrian.com\/es\/food-companies\/\" \/>\n<meta property=\"og:site_name\" content=\"TELUS Agronomy\" \/>\n<meta property=\"article:modified_time\" content=\"2021-03-23T22:13:55+00:00\" \/>\n<meta name=\"twitter:card\" content=\"summary\" \/>\n<meta name=\"twitter:label1\" content=\"Tiempo de lectura\">\n\t<meta name=\"twitter:data1\" content=\"3 minutos\">\n<script type=\"application\/ld+json\" class=\"yoast-schema-graph\">{\"@context\":\"https:\/\/schema.org\",\"@graph\":[{\"@type\":\"WebSite\",\"@id\":\"http:\/\/home.agrian.com\/#website\",\"url\":\"http:\/\/home.agrian.com\/\",\"name\":\"TELUS Agronomy\",\"description\":\"\",\"potentialAction\":[{\"@type\":\"SearchAction\",\"target\":\"http:\/\/home.agrian.com\/?s={search_term_string}\",\"query-input\":\"required name=search_term_string\"}],\"inLanguage\":\"es\"},{\"@type\":\"WebPage\",\"@id\":\"https:\/\/home.agrian.com\/es\/food-companies\/#webpage\",\"url\":\"https:\/\/home.agrian.com\/es\/food-companies\/\",\"name\":\"Empresa de alimentos - TELUS Agronomy\",\"isPartOf\":{\"@id\":\"http:\/\/home.agrian.com\/#website\"},\"datePublished\":\"2021-02-17T18:00:35+00:00\",\"dateModified\":\"2021-03-23T22:13:55+00:00\",\"breadcrumb\":{\"@id\":\"https:\/\/home.agrian.com\/es\/food-companies\/#breadcrumb\"},\"inLanguage\":\"es\",\"potentialAction\":[{\"@type\":\"ReadAction\",\"target\":[\"https:\/\/home.agrian.com\/es\/food-companies\/\"]}]},{\"@type\":\"BreadcrumbList\",\"@id\":\"https:\/\/home.agrian.com\/es\/food-companies\/#breadcrumb\",\"itemListElement\":[{\"@type\":\"ListItem\",\"position\":1,\"item\":{\"@type\":\"WebPage\",\"@id\":\"https:\/\/home.agrian.com\/es\/food-companies\/\",\"url\":\"https:\/\/home.agrian.com\/es\/food-companies\/\",\"name\":\"Empresa de alimentos\"}}]}]}<\/script>\n<!-- \/ Yoast SEO plugin. -->","_links":{"self":[{"href":"https:\/\/home.agrian.com\/es\/wp-json\/wp\/v2\/pages\/2779"}],"collection":[{"href":"https:\/\/home.agrian.com\/es\/wp-json\/wp\/v2\/pages"}],"about":[{"href":"https:\/\/home.agrian.com\/es\/wp-json\/wp\/v2\/types\/page"}],"author":[{"embeddable":true,"href":"https:\/\/home.agrian.com\/es\/wp-json\/wp\/v2\/users\/7"}],"replies":[{"embeddable":true,"href":"https:\/\/home.agrian.com\/es\/wp-json\/wp\/v2\/comments?post=2779"}],"version-history":[{"count":7,"href":"https:\/\/home.agrian.com\/es\/wp-json\/wp\/v2\/pages\/2779\/revisions"}],"predecessor-version":[{"id":6090,"href":"https:\/\/home.agrian.com\/es\/wp-json\/wp\/v2\/pages\/2779\/revisions\/6090"}],"wp:attachment":[{"href":"https:\/\/home.agrian.com\/es\/wp-json\/wp\/v2\/media?parent=2779"}],"curies":[{"name":"wp","href":"https:\/\/api.w.org\/{rel}","templated":true}]}}