{"id":2681,"date":"2021-02-17T11:58:56","date_gmt":"2021-02-17T17:58:56","guid":{"rendered":"https:\/\/home.agrian.com\/home\/"},"modified":"2021-03-31T21:05:03","modified_gmt":"2021-04-01T02:05:03","slug":"home","status":"publish","type":"page","link":"https:\/\/home.agrian.com\/es\/","title":{"rendered":"Home"},"content":{"rendered":"[vc_row content_placement=\u00bbmiddle\u00bb column_spacing=\u00bb0px\u00bb css=\u00bb.vc_custom_1600965893059{margin-bottom: 10px !important;}\u00bb][vc_column width=\u00bb1\/2&#8243; offset=\u00bbvc_col-lg-offset-0 vc_col-md-offset-0 vc_col-sm-offset-0&#8243;][vc_raw_html el_class=\u00bbhomepage-video\u00bb]PHZpZGVvIGF1dG9wbGF5IGxvb3AgbXV0ZWQgcHJlbG9hZD0ibWV0YWRhdGEiIHBsYXlzaW5saW5lPgo8c291cmNlIHNyYz0iL3dwLWNvbnRlbnQvdXBsb2Fkcy8yMDIxLzAxL2Fncmlhbi1ob21lLXNwYW5pc2gubXA0IiB0eXBlPSJ2aWRlby9tcDQiPgo8L3ZpZGVvPg==[\/vc_raw_html][\/vc_column][vc_column width=\u00bb1\/2&#8243;][vc_column_text el_class=\u00bbgreen-header bigger1&#8243; css=\u00bb.vc_custom_1617241912800{margin-bottom: 10px !important;}\u00bb]\n<h2>El software para la agricultura que le ayuda a crecer <strong>de forma segura y rentable.<\/strong><\/h2>\n[\/vc_column_text][vc_column_text css=\u00bb.vc_custom_1595011812813{margin-bottom: 20px !important;}\u00bb]Agrian es el socio tecnol\u00f3gico para cada etapa de crecimiento de su negocio.[\/vc_column_text]<a href=\"https:\/\/home.agrian.com\/es\/platform\/\" class=\"vcex-button theme-button inline\"><span class=\"theme-button-inner\">Nuestra plataforma<\/span><\/a> [\/vc_column][\/vc_row][vc_row remove_bottom_col_margin=\u00bbtrue\u00bb css=\u00bb.vc_custom_1600970226191{margin-bottom: 75px !important;}\u00bb][vc_column css=\u00bb.vc_custom_1600970286472{margin-bottom: 0px !important;}\u00bb]<div class=\"vcex-spacing wpex-w-100 wpex-clear hidden-phone\" style=\"height:30px\"><\/div>[\/vc_column][\/vc_row][vc_row full_width=\u00bbstretch_row\u00bb parallax=\u00bbcontent-moving\u00bb remove_bottom_col_margin=\u00bbtrue\u00bb css=\u00bb.vc_custom_1600739150569{padding-top: 47px !important;padding-bottom: 34px !important;background-image: url(https:\/\/home.agrian.com\/wp-content\/uploads\/2020\/09\/iStock-175500530@2x-1-scaled.jpg?id=909) !important;background-position: center;background-repeat: no-repeat;background-size:cover;}\u00bb][vc_column width=\u00bb2\/3&#8243; offset=\u00bbvc_col-md-offset-3 vc_col-md-6 vc_col-sm-offset-2&#8243; css=\u00bb.vc_custom_1595017030431{padding-right: 40px !important;padding-left: 40px !important;}\u00bb][vc_column_text text_align=\u00bbcenter\u00bb css=\u00bb.vc_custom_1617242553077{margin-bottom: 10px !important;}\u00bb]\n<h3>Busque en la base de datos de etiquetas de Agrian<\/h3>\n[\/vc_column_text][vc_column_text text_align=\u00bbcenter\u00bb css=\u00bb.vc_custom_1617242591104{margin-bottom: 10px !important;}\u00bb]Gratuito para los usuarios. M\u00e1s de 12.000 etiquetas verificadas e indemnizadas por el fabricante. Busque ahora.[\/vc_column_text][vc_raw_html]PGZvcm0gYWN0aW9uPSJodHRwczovL2Fncmlhbi5jb20vbGFiZWxjZW50ZXIvcmVzdWx0cy5jZm0iIG1ldGhvZD0iR0VUIiB0YXJnZXQ9InJlc3VsdCIgY2xhc3M9ImNlbnRlci1ibG9jayBsb29rdXAtZm9ybSIgaWQ9ImhvbWVsb29rdXBmb3JtIj4NCiAgICA8ZGl2IGNsYXNzPSJmb3JtLWdyb3VwIj4NCiAgICAgICAgPGlucHV0IHR5cGU9InRleHQiIG5hbWU9InMiIHBsYWNlaG9sZGVyPSJCdXNjYXIgdW5hIGV0aXF1ZXRhIj4NCiAgICA8L2Rpdj4NCiAgICA8ZGl2IGNsYXNzPSJmb3JtLWdyb3VwIGZvcm0tYnV0dG9uIj4NCiAgICAgICAgPGJ1dHRvbiBjbGFzcz0iYnRuIGJ0bi1wcmltYXJ5IiBpZD0iaG9tZWxhYmVsbG9va3VwIj5CdXNjYXI8L2J1dHRvbj4NCiAgICA8L2Rpdj4NCjwvZm9ybT4=[\/vc_raw_html][\/vc_column][\/vc_row][vc_row remove_bottom_col_margin=\u00bbtrue\u00bb css=\u00bb.vc_custom_1600114504301{margin-top: 20px !important;margin-bottom: 60px !important;}\u00bb][vc_column][vc_column_text text_align=\u00bbcenter\u00bb]\u00bfSab\u00eda que puede consultar nuestra base de datos de etiquetas en <a href=\"https:\/\/home.agrian.com\/es\/mobile-app\/\">Agrian Mobile<\/a>?[\/vc_column_text][\/vc_column][\/vc_row][vc_row remove_bottom_col_margin=\u00bbtrue\u00bb css=\u00bb.vc_custom_1595515187652{margin-bottom: 36px !important;}\u00bb local_scroll_id=\u00bbworkflow\u00bb][vc_column offset=\u00bbvc_col-md-offset-0 vc_col-sm-offset-0&#8243;][vc_column_text el_class=\u00bbgreen-header\u00bb text_align=\u00bbcenter\u00bb]\n<h2>Experimente un flujo de trabajo conectado.<\/h2>\n[\/vc_column_text][vc_column_text el_class=\u00bbgreen-header\u00bb css=\u00bb.vc_custom_1617242164718{margin-bottom: 10px !important;}\u00bb text_align=\u00bbcenter\u00bb]\n<h2>Nuestra plataforma est\u00e1 <strong>hecha a su medida.<\/strong><\/h2>\n[\/vc_column_text][\/vc_column][\/vc_row][vc_row remove_bottom_col_margin=\u00bbtrue\u00bb][vc_column width=\u00bb5\/6&#8243; offset=\u00bbvc_col-sm-offset-1&#8243;][vc_tabs style=\u00bbalternative-two\u00bb interval=\u00bb0&#8243; el_class=\u00bbworkflow-tabs hide-first\u00bb][vc_tab title=\u00bbPor defecto\u00bb tab_id=\u00bb1600446022370-3-7&#8243;]<figure class=\"vcex-image vcex-module wpex-clr textcenter hide-first\"><div class=\"vcex-image-inner wpex-inline-block wpex-relative\"><img decoding=\"async\" loading=\"lazy\" class=\"wpex-w-100 wpex-align-middle\" src=\"https:\/\/home.agrian.com\/wp-content\/uploads\/2021\/03\/None-Selected@2x-es.jpg\" alt=\"\" width=\"1430\" height=\"810\" \/><\/div><\/figure>[\/vc_tab][vc_tab title=\u00bbProductor\u00bb tab_id=\u00bbc4884d3e-87c6-3&#8243;]<figure class=\"vcex-image vcex-module wpex-clr textcenter\"><div class=\"vcex-image-inner wpex-inline-block wpex-relative\"><img decoding=\"async\" loading=\"lazy\" class=\"wpex-w-100 wpex-align-middle\" src=\"https:\/\/home.agrian.com\/wp-content\/uploads\/2021\/03\/Grower-Selected@2x-es.jpg\" alt=\"\" width=\"1430\" height=\"810\" \/><\/div><\/figure>[\/vc_tab][vc_tab title=\u00bbAsesor agr\u00edcola\u00bb tab_id=\u00bb47aad153-e6d9-4&#8243;]<figure class=\"vcex-image vcex-module wpex-clr textcenter\"><div class=\"vcex-image-inner wpex-inline-block wpex-relative\"><img decoding=\"async\" loading=\"lazy\" class=\"wpex-w-100 wpex-align-middle\" src=\"https:\/\/home.agrian.com\/wp-content\/uploads\/2021\/03\/Ag-Advisor-Selected@2x-es.jpg\" alt=\"\" width=\"1430\" height=\"810\" \/><\/div><\/figure>[\/vc_tab][vc_tab title=\u00bbEmpresa de alimentos\u00bb tab_id=\u00bb1596724300788-2-8&#8243;]<figure class=\"vcex-image vcex-module wpex-clr textcenter\"><div class=\"vcex-image-inner wpex-inline-block wpex-relative\"><img decoding=\"async\" loading=\"lazy\" class=\"wpex-w-100 wpex-align-middle\" src=\"https:\/\/home.agrian.com\/wp-content\/uploads\/2021\/03\/Food-Company-Selected@2x-es.jpg\" alt=\"\" width=\"1430\" height=\"810\" \/><\/div><\/figure>[\/vc_tab][\/vc_tabs][\/vc_column][\/vc_row][vc_row css=\u00bb.vc_custom_1595018290301{margin-bottom: 6px !important;}\u00bb][vc_column]<a href=\"https:\/\/home.agrian.com\/es\/platform\/\" class=\"vcex-button theme-button align-right inline\"><span class=\"theme-button-inner\">Compru\u00e9belo usted mismo<\/span><\/a> [\/vc_column][\/vc_row][vc_row content_placement=\u00bbmiddle\u00bb column_spacing=\u00bb0px\u00bb remove_bottom_col_margin=\u00bbtrue\u00bb css=\u00bb.vc_custom_1595270787822{margin-bottom: 25px !important;}\u00bb][vc_column width=\u00bb1\/2&#8243; css=\u00bb.vc_custom_1595281470621{margin-right: 15px !important;margin-left: 15px !important;}\u00bb][vc_row_inner content_placement=\u00bbbottom\u00bb gap=\u00bb25&#8243;][vc_column_inner width=\u00bb1\/2&#8243; offset=\u00bbvc_col-xs-6&#8243;]<figure class=\"vcex-image vcex-module wpex-clr textright shadow-image slide-image slide-0 width-83\"><div class=\"vcex-image-inner wpex-inline-block wpex-relative vc_custom_1600794880826\"><img decoding=\"async\" loading=\"lazy\" class=\"wpex-w-100 wpex-align-middle\" src=\"https:\/\/home.agrian.com\/wp-content\/uploads\/2020\/08\/B-Scouting-w-Imagery-Image@2x-1.jpg\" alt=\"\" width=\"416\" height=\"446\" \/><\/div><\/figure><figure class=\"vcex-image vcex-module wpex-clr textright shadow-image slide-image slide-2\"><div class=\"vcex-image-inner wpex-inline-block wpex-relative\"><img decoding=\"async\" loading=\"lazy\" class=\"wpex-w-100 wpex-align-middle\" src=\"https:\/\/home.agrian.com\/wp-content\/uploads\/2020\/08\/A-Crop-Records-Image@2x-1.jpg\" alt=\"\" width=\"498\" height=\"364\" \/><\/div><\/figure>[\/vc_column_inner][vc_column_inner width=\u00bb1\/2&#8243; offset=\u00bbvc_col-xs-6&#8243;]<figure class=\"vcex-image vcex-module wpex-clr shadow-image slide-image slide-1\"><div class=\"vcex-image-inner wpex-inline-block wpex-relative vc_custom_1596728891588\"><img decoding=\"async\" loading=\"lazy\" class=\"wpex-w-100 wpex-align-middle\" src=\"https:\/\/home.agrian.com\/wp-content\/uploads\/2020\/08\/C-Label-Center-Image@2x-1.jpg\" alt=\"\" width=\"450\" height=\"620\" \/><\/div><\/figure>[\/vc_column_inner][\/vc_row_inner][\/vc_column][vc_column width=\u00bb5\/12&#8243; offset=\u00bbvc_col-sm-offset-1&#8243; el_class=\u00bbslideshow-column\u00bb][vc_row_inner][vc_column_inner][vc_column_text css=\u00bb.vc_custom_1617242232898{margin-bottom: 15px !important;}\u00bb]\n<h2>Su flujo de trabajo, <strong>trabajando para usted.<\/strong><\/h2>\n[\/vc_column_text][vc_column_text css=\u00bb.vc_custom_1596724205118{margin-bottom: 15px !important;}\u00bb]Con Agrian, usted obtiene el poder de un flujo de trabajo capaz de funcionar en todos los cultivos y mercados, con la flexibilidad de utilizar solo lo que necesita cuando lo necesita.[\/vc_column_text]<a href=\"https:\/\/home.agrian.com\/es\/platform\/\" class=\"vcex-button theme-button inline\"><span class=\"theme-button-inner\">Compru\u00e9belo usted mismo<\/span><\/a> [\/vc_column_inner][\/vc_row_inner][vc_row_inner][vc_column_inner][vc_column_text css=\u00bb.vc_custom_1617242293634{margin-bottom: 15px !important;}\u00bb]\n<h2>\u00bfD\u00f3nde podr\u00eda eliminar pasos para <strong>ahorrar tiempo?<\/strong><\/h2>\n[\/vc_column_text][vc_column_text css=\u00bb.vc_custom_1596724220801{margin-bottom: 15px !important;}\u00bb]Agrian Mobile le ofrece potentes capacidades mientras est\u00e1 en el campo y sobre la marcha, permiti\u00e9ndole agilizar su flujo de trabajo para aprovechar al m\u00e1ximo la luz del d\u00eda.[\/vc_column_text]<a href=\"https:\/\/home.agrian.com\/es\/mobile-app\/\" class=\"vcex-button theme-button inline\"><span class=\"theme-button-inner\">Agrian Mobile<\/span><\/a> [\/vc_column_inner][\/vc_row_inner][vc_row_inner][vc_column_inner][vc_column_text css=\u00bb.vc_custom_1617242378462{margin-bottom: 15px !important;}\u00bb]\n<h2>Lo <strong>apoyamos.<\/strong><\/h2>\n[\/vc_column_text][vc_column_text css=\u00bb.vc_custom_1596724233009{margin-bottom: 15px !important;}\u00bb]Con la mayor base de datos de etiquetas verificadas e indemnizadas por el fabricante en el planeta, puede estar seguro de que si la maneja a trav\u00e9s de Agrian, tiene garant\u00eda.[\/vc_column_text]<a href=\"https:\/\/home.agrian.com\/es\/label-lookup\/\" class=\"vcex-button theme-button inline\"><span class=\"theme-button-inner\">Obtenga m\u00e1s informaci\u00f3n<\/span><\/a> [\/vc_column_inner][\/vc_row_inner][\/vc_column][\/vc_row][vc_row full_width=\u00bbstretch_row\u00bb content_placement=\u00bbmiddle\u00bb css=\u00bb.vc_custom_1594055039720{padding-top: 60px !important;padding-bottom: 20px !important;background-color: #e8ecf4 !important;}\u00bb][vc_column width=\u00bb7\/12&#8243;]<div class=\"vcex-spacing wpex-w-100 wpex-clear hidden-phone\" style=\"height:30px\"><\/div>[vc_row_inner remove_bottom_col_margin=\u00bbtrue\u00bb columns_right=\u00bbyes\u00bb][vc_column_inner width=\u00bb3\/4&#8243;][vc_column_text el_class=\u00bbblue-header text-sm-center\u00bb]\n<h3>\u00bfEst\u00e1 interesado en hablar con alguien sobre c\u00f3mo podr\u00eda funcionar Agrian para usted?<\/h3>\n[\/vc_column_text][\/vc_column_inner][\/vc_row_inner]<div class=\"vcex-spacing wpex-w-100 wpex-clear hidden-phone\" style=\"height:30px\"><\/div>[\/vc_column][vc_column width=\u00bb1\/3&#8243; offset=\u00bbvc_col-sm-offset-1&#8243; el_class=\u00bbtext-sm-center\u00bb]<a href=\"\/es\/contact\/\" class=\"vcex-button theme-button inline\"><span class=\"theme-button-inner\">Solicite una demostraci\u00f3n<\/span><\/a> [\/vc_column][\/vc_row]\n","protected":false},"excerpt":{"rendered":"<p>[vc_row content_placement=\u00bbmiddle\u00bb column_spacing=\u00bb0px\u00bb css=\u00bb.vc_custom_1600965893059{margin-bottom: 10px !important;}\u00bb][vc_column width=\u00bb1\/2&#8243; offset=\u00bbvc_col-lg-offset-0 vc_col-md-offset-0 vc_col-sm-offset-0&#8243;][vc_raw_html el_class=\u00bbhomepage-video\u00bb]PHZpZGVvIGF1dG9wbGF5IGxvb3AgbXV0ZWQgcHJlbG9hZD0ibWV0YWRhdGEiIHBsYXlzaW5saW5lPgo8c291cmNlIHNyYz0iL3dwLWNvbnRlbnQvdXBsb2Fkcy8yMDIxLzAxL2Fncmlhbi1ob21lLXNwYW5pc2gubXA0IiB0eXBlPSJ2aWRlby9tcDQiPgo8L3ZpZGVvPg==[\/vc_raw_html][\/vc_column][vc_column width=\u00bb1\/2&#8243;][vc_column_text el_class=\u00bbgreen-header bigger1&#8243; css=\u00bb.vc_custom_1617241912800{margin-bottom: 10px !important;}\u00bb] El software para la agricultura que le ayuda a crecer de forma segura y rentable. [\/vc_column_text][vc_column_text css=\u00bb.vc_custom_1595011812813{margin-bottom: 20px !important;}\u00bb]Agrian es el socio tecnol\u00f3gico&hellip;<\/p>\n","protected":false},"author":7,"featured_media":0,"parent":0,"menu_order":0,"comment_status":"closed","ping_status":"closed","template":"","meta":{"footnotes":""},"yoast_head":"<!-- This site is optimized with the Yoast SEO plugin v15.6.2 - https:\/\/yoast.com\/wordpress\/plugins\/seo\/ -->\n<title>Home - TELUS Agronomy<\/title>\n<meta name=\"robots\" content=\"index, follow, max-snippet:-1, max-image-preview:large, max-video-preview:-1\" \/>\n<link rel=\"canonical\" href=\"https:\/\/home.agrian.com\/es\/\" \/>\n<meta property=\"og:locale\" content=\"es_ES\" \/>\n<meta property=\"og:type\" content=\"article\" \/>\n<meta property=\"og:title\" content=\"Home - TELUS Agronomy\" \/>\n<meta property=\"og:description\" content=\"[vc_row content_placement=\u00bbmiddle\u00bb column_spacing=\u00bb0px\u00bb css=\u00bb.vc_custom_1600965893059{margin-bottom: 10px !important;}\u00bb][vc_column width=\u00bb1\/2&#8243; offset=\u00bbvc_col-lg-offset-0 vc_col-md-offset-0 vc_col-sm-offset-0&#8243;][vc_raw_html el_class=\u00bbhomepage-video\u00bb]PHZpZGVvIGF1dG9wbGF5IGxvb3AgbXV0ZWQgcHJlbG9hZD0ibWV0YWRhdGEiIHBsYXlzaW5saW5lPgo8c291cmNlIHNyYz0iL3dwLWNvbnRlbnQvdXBsb2Fkcy8yMDIxLzAxL2Fncmlhbi1ob21lLXNwYW5pc2gubXA0IiB0eXBlPSJ2aWRlby9tcDQiPgo8L3ZpZGVvPg==[\/vc_raw_html][\/vc_column][vc_column width=\u00bb1\/2&#8243;][vc_column_text el_class=\u00bbgreen-header bigger1&#8243; css=\u00bb.vc_custom_1617241912800{margin-bottom: 10px !important;}\u00bb] El software para la agricultura que le ayuda a crecer de forma segura y rentable. [\/vc_column_text][vc_column_text css=\u00bb.vc_custom_1595011812813{margin-bottom: 20px !important;}\u00bb]Agrian es el socio tecnol\u00f3gico&hellip;\" \/>\n<meta property=\"og:url\" content=\"https:\/\/home.agrian.com\/es\/\" \/>\n<meta property=\"og:site_name\" content=\"TELUS Agronomy\" \/>\n<meta property=\"article:modified_time\" content=\"2021-04-01T02:05:03+00:00\" \/>\n<meta name=\"twitter:card\" content=\"summary\" \/>\n<meta name=\"twitter:label1\" content=\"Tiempo de lectura\">\n\t<meta name=\"twitter:data1\" content=\"2 minutos\">\n<script type=\"application\/ld+json\" class=\"yoast-schema-graph\">{\"@context\":\"https:\/\/schema.org\",\"@graph\":[{\"@type\":\"WebSite\",\"@id\":\"http:\/\/home.agrian.com\/#website\",\"url\":\"http:\/\/home.agrian.com\/\",\"name\":\"TELUS Agronomy\",\"description\":\"\",\"potentialAction\":[{\"@type\":\"SearchAction\",\"target\":\"http:\/\/home.agrian.com\/?s={search_term_string}\",\"query-input\":\"required name=search_term_string\"}],\"inLanguage\":\"es\"},{\"@type\":\"WebPage\",\"@id\":\"https:\/\/home.agrian.com\/es\/#webpage\",\"url\":\"https:\/\/home.agrian.com\/es\/\",\"name\":\"Home - TELUS Agronomy\",\"isPartOf\":{\"@id\":\"http:\/\/home.agrian.com\/#website\"},\"datePublished\":\"2021-02-17T17:58:56+00:00\",\"dateModified\":\"2021-04-01T02:05:03+00:00\",\"breadcrumb\":{\"@id\":\"https:\/\/home.agrian.com\/es\/#breadcrumb\"},\"inLanguage\":\"es\",\"potentialAction\":[{\"@type\":\"ReadAction\",\"target\":[\"https:\/\/home.agrian.com\/es\/\"]}]},{\"@type\":\"BreadcrumbList\",\"@id\":\"https:\/\/home.agrian.com\/es\/#breadcrumb\",\"itemListElement\":[{\"@type\":\"ListItem\",\"position\":1,\"item\":{\"@type\":\"WebPage\",\"@id\":\"https:\/\/home.agrian.com\/es\/\",\"url\":\"https:\/\/home.agrian.com\/es\/\",\"name\":\"Home\"}}]}]}<\/script>\n<!-- \/ Yoast SEO plugin. -->","_links":{"self":[{"href":"https:\/\/home.agrian.com\/es\/wp-json\/wp\/v2\/pages\/2681"}],"collection":[{"href":"https:\/\/home.agrian.com\/es\/wp-json\/wp\/v2\/pages"}],"about":[{"href":"https:\/\/home.agrian.com\/es\/wp-json\/wp\/v2\/types\/page"}],"author":[{"embeddable":true,"href":"https:\/\/home.agrian.com\/es\/wp-json\/wp\/v2\/users\/7"}],"replies":[{"embeddable":true,"href":"https:\/\/home.agrian.com\/es\/wp-json\/wp\/v2\/comments?post=2681"}],"version-history":[{"count":12,"href":"https:\/\/home.agrian.com\/es\/wp-json\/wp\/v2\/pages\/2681\/revisions"}],"predecessor-version":[{"id":6104,"href":"https:\/\/home.agrian.com\/es\/wp-json\/wp\/v2\/pages\/2681\/revisions\/6104"}],"wp:attachment":[{"href":"https:\/\/home.agrian.com\/es\/wp-json\/wp\/v2\/media?parent=2681"}],"curies":[{"name":"wp","href":"https:\/\/api.w.org\/{rel}","templated":true}]}}